{"id":6512,"date":"2016-11-13T18:08:25","date_gmt":"2017-10-04T20:21:01","guid":{"rendered":"http:\/\/peakart.co.uk\/product\/graue-grose-handgefertigte-kunstlerische-wanduhr\/"},"modified":"2023-03-25T10:27:20","modified_gmt":"2023-03-25T10:27:20","slug":"dekorative-uhr-fur-die-kuche","status":"publish","type":"product","link":"https:\/\/peakart.co.uk\/de\/produkt\/dekorative-uhr-fur-die-kuche\/","title":{"rendered":"\u00dcbergro\u00dfe dekorative Uhr f\u00fcr die K\u00fcche"},"content":{"rendered":"<h2>Gro\u00dfe graue handbemalte Wanduhr\u00a0<span lang=\"de\">f\u00fcr die K\u00fcche<\/span><\/h2>\n<p>Wie der Name schon sagt, fand diese au\u00dfergew\u00f6hnliche Wanduhr ihren Ursprung in der Faszination von W\u00f6lfen \u2013 den freim\u00fctigen Urbewohnern der Wildnis. Die verwendeten Farbt\u00f6ne und Texturen sind inspiriert von dem \u00fcppigen sch\u00e4bigen Fell dieser majest\u00e4tischen Raubtiere. Die weichen und abwechslungsreichen Pinselstriche in Grau und Braun, hervorgehoben durch die in scheinbar chaotischer Anordnung arrangierten Ockert\u00f6ne, vermitteln ein organisches Naturgef\u00fchl. Der \u00fcberdimensionierte hintere Rahmen bietet bei diesem beispiellosen Skelettuhrendesign optische Tiefe und sorgt f\u00fcr eine solide Konstruktion.<\/p>\n<p>Die &#8220;Winter Wolf&#8221; wurde aus zwei Paneelen aus nachwachsendem Kiefernholz handgefertigt sowie mit ungiftiger Kreide und Acrylfarben handbemalt. Das Polierwachs wurde verwendet, um einen weichen Glanz zu erzeugen und die Farbt\u00f6ne abschlie\u00dfend zu mischen. Der Mechanismus, der f\u00fcr den Betrieb der Uhr verwendet wird, ist ein Sweep-Uhrwerk mit Babybatterie \u2013 das derzeit leistungsst\u00e4rkste Quarzuhrwerk auf dem Markt. Die Spatenzeiger aus Metall harmonieren mit der massiven Holzkonstruktion der Uhr, die sonst nirgendwo anders zu finden ist.<\/p>\n<p>Diese charismatische handbemalte Wanduhr ist zweifellos einzigartig im Design. Nicht nur ein weiterer Zeitmesser, sondern ein echtes Kunstwerk voller nat\u00fcrlicher Lebendigkeit, das Sie mit der geheimnisvollen Sch\u00f6nheit der Wildnis verbindet.<\/p>\n","protected":false},"excerpt":{"rendered":"<p><strong>Design &amp; Handfertigung<\/strong> \u2013 Anna Siodelska, Vereinigtes K\u00f6nigreich<\/p>\n<p><strong>Farbe des Zifferblatts<\/strong> \u2013 Winter Wolf (Winterwolf)<\/p>\n<p><strong>Hintergrundfarbe<\/strong> \u2013 Wandfarbe\/ Transparent<\/p>\n<p>&nbsp;<\/p>\n","protected":false},"featured_media":32342,"comment_status":"closed","ping_status":"closed","template":"","meta":[],"product_brand":[],"product_cat":[80],"product_tag":[83,82,95],"class_list":{"0":"post-6512","1":"product","2":"type-product","3":"status-publish","4":"has-post-thumbnail","6":"product_cat-grosse-wanduhren-handgefertigt","7":"product_tag-grosse-dekorative-wanduhren","8":"product_tag-grosse-kuenstlerische-wanduhren","9":"product_tag-skelett-wanduhren","11":"first","12":"instock","13":"sale","14":"taxable","15":"shipping-taxable","16":"purchasable","17":"product-type-variable"},"yoast_head":"<!-- This site is optimized with the Yoast SEO Premium plugin v27.2 (Yoast SEO v27.2) - https:\/\/yoast.com\/product\/yoast-seo-premium-wordpress\/ -->\n<title>Gro\u00dfe Graue handbemalte Wanduhr f\u00fcr die K\u00fcche<\/title>\n<meta name=\"description\" content=\"Diese atemberaubende 75 cm gro\u00dfe graue handgefertigte Wanduhr ist aus zwei Holzpaneelen gefertigt. Sie ist inspiriert von der Sch\u00f6nheit des &quot;Winterwolfs&quot;.\" \/>\n<meta name=\"robots\" content=\"index, follow, max-snippet:-1, max-image-preview:large, max-video-preview:-1\" \/>\n<link rel=\"canonical\" href=\"https:\/\/peakart.co.uk\/de\/produkt\/dekorative-uhr-fur-die-kuche\/\" \/>\n<meta property=\"og:locale\" content=\"de_DE\" \/>\n<meta property=\"og:type\" content=\"article\" \/>\n<meta property=\"og:title\" content=\"\u00dcbergro\u00dfe dekorative Uhr f\u00fcr die K\u00fcche\" \/>\n<meta property=\"og:description\" content=\"Diese atemberaubende 75 cm gro\u00dfe graue handgefertigte Wanduhr ist aus zwei Holzpaneelen gefertigt. Sie ist inspiriert von der Sch\u00f6nheit des &quot;Winterwolfs&quot;.\" \/>\n<meta property=\"og:url\" content=\"https:\/\/peakart.co.uk\/de\/produkt\/dekorative-uhr-fur-die-kuche\/\" \/>\n<meta property=\"og:site_name\" content=\"Peak Art\" \/>\n<meta property=\"article:publisher\" content=\"https:\/\/www.facebook.com\/PeakArtClocks\/\" \/>\n<meta property=\"article:modified_time\" content=\"2023-03-25T10:27:20+00:00\" \/>\n<meta property=\"og:image\" content=\"https:\/\/peakart.co.uk\/wp-content\/uploads\/2016\/11\/Large-contemporary-hand-painted-artistic-wall-clock-75cm-winter-wolf-interiors-2-1.jpg\" \/>\n\t<meta property=\"og:image:width\" content=\"1073\" \/>\n\t<meta property=\"og:image:height\" content=\"1198\" \/>\n\t<meta property=\"og:image:type\" content=\"image\/jpeg\" \/>\n<meta name=\"twitter:card\" content=\"summary_large_image\" \/>\n<meta name=\"twitter:label1\" content=\"Verf\u00fcgbarkeit\" \/>\n\t<meta name=\"twitter:data1\" content=\"Auf Lager\" \/>\n<script type=\"application\/ld+json\" class=\"yoast-schema-graph\">{\"@context\":\"https:\/\/schema.org\",\"@graph\":[{\"@type\":\"WebPage\",\"@id\":\"https:\/\/peakart.co.uk\/de\/produkt\/dekorative-uhr-fur-die-kuche\/\",\"url\":\"https:\/\/peakart.co.uk\/de\/produkt\/dekorative-uhr-fur-die-kuche\/\",\"name\":\"Gro\u00dfe Graue handbemalte Wanduhr f\u00fcr die K\u00fcche\",\"isPartOf\":{\"@id\":\"https:\/\/peakart.co.uk\/de\/#website\"},\"primaryImageOfPage\":{\"@id\":\"https:\/\/peakart.co.uk\/de\/produkt\/dekorative-uhr-fur-die-kuche\/#primaryimage\"},\"image\":{\"@id\":\"https:\/\/peakart.co.uk\/de\/produkt\/dekorative-uhr-fur-die-kuche\/#primaryimage\"},\"thumbnailUrl\":\"https:\/\/peakart.co.uk\/wp-content\/uploads\/2016\/11\/Large-contemporary-hand-painted-artistic-wall-clock-75cm-winter-wolf-interiors-2-1.jpg\",\"datePublished\":\"2017-10-04T20:21:01+00:00\",\"dateModified\":\"2023-03-25T10:27:20+00:00\",\"description\":\"Diese atemberaubende 75 cm gro\u00dfe graue handgefertigte Wanduhr ist aus zwei Holzpaneelen gefertigt. Sie ist inspiriert von der Sch\u00f6nheit des \\\"Winterwolfs\\\".\",\"breadcrumb\":{\"@id\":\"https:\/\/peakart.co.uk\/de\/produkt\/dekorative-uhr-fur-die-kuche\/#breadcrumb\"},\"inLanguage\":\"de\",\"potentialAction\":[{\"@type\":\"ReadAction\",\"target\":[\"https:\/\/peakart.co.uk\/de\/produkt\/dekorative-uhr-fur-die-kuche\/\"]}]},{\"@type\":\"ImageObject\",\"inLanguage\":\"de\",\"@id\":\"https:\/\/peakart.co.uk\/de\/produkt\/dekorative-uhr-fur-die-kuche\/#primaryimage\",\"url\":\"https:\/\/peakart.co.uk\/wp-content\/uploads\/2016\/11\/Large-contemporary-hand-painted-artistic-wall-clock-75cm-winter-wolf-interiors-2-1.jpg\",\"contentUrl\":\"https:\/\/peakart.co.uk\/wp-content\/uploads\/2016\/11\/Large-contemporary-hand-painted-artistic-wall-clock-75cm-winter-wolf-interiors-2-1.jpg\",\"width\":1073,\"height\":1198},{\"@type\":\"BreadcrumbList\",\"@id\":\"https:\/\/peakart.co.uk\/de\/produkt\/dekorative-uhr-fur-die-kuche\/#breadcrumb\",\"itemListElement\":[{\"@type\":\"ListItem\",\"position\":1,\"name\":\"Home\",\"item\":\"https:\/\/peakart.co.uk\/de\/\"},{\"@type\":\"ListItem\",\"position\":2,\"name\":\"Shop\",\"item\":\"https:\/\/peakart.co.uk\/de\/shop\/\"},{\"@type\":\"ListItem\",\"position\":3,\"name\":\"\u00dcbergro\u00dfe dekorative Uhr f\u00fcr die K\u00fcche\"}]},{\"@type\":\"WebSite\",\"@id\":\"https:\/\/peakart.co.uk\/de\/#website\",\"url\":\"https:\/\/peakart.co.uk\/de\/\",\"name\":\"Peak Art\",\"description\":\"\",\"publisher\":{\"@id\":\"https:\/\/peakart.co.uk\/de\/#organization\"},\"potentialAction\":[{\"@type\":\"SearchAction\",\"target\":{\"@type\":\"EntryPoint\",\"urlTemplate\":\"https:\/\/peakart.co.uk\/de\/?s={search_term_string}\"},\"query-input\":{\"@type\":\"PropertyValueSpecification\",\"valueRequired\":true,\"valueName\":\"search_term_string\"}}],\"inLanguage\":\"de\"},{\"@type\":\"Organization\",\"@id\":\"https:\/\/peakart.co.uk\/de\/#organization\",\"name\":\"Peak Art\",\"url\":\"https:\/\/peakart.co.uk\/de\/\",\"logo\":{\"@type\":\"ImageObject\",\"inLanguage\":\"de\",\"@id\":\"https:\/\/peakart.co.uk\/de\/#\/schema\/logo\/image\/\",\"url\":\"https:\/\/peakart.co.uk\/wp-content\/uploads\/2023\/07\/logo-8.jpg\",\"contentUrl\":\"https:\/\/peakart.co.uk\/wp-content\/uploads\/2023\/07\/logo-8.jpg\",\"width\":666,\"height\":259,\"caption\":\"Peak Art\"},\"image\":{\"@id\":\"https:\/\/peakart.co.uk\/de\/#\/schema\/logo\/image\/\"},\"sameAs\":[\"https:\/\/www.facebook.com\/PeakArtClocks\/\"],\"hasMerchantReturnPolicy\":{\"@type\":\"MerchantReturnPolicy\",\"merchantReturnLink\":\"https:\/\/peakart.co.uk\/refund_returns\/\"}}]}<\/script>\n<meta property=\"og:availability\" content=\"instock\" \/>\n<meta property=\"product:availability\" content=\"instock\" \/>\n<meta property=\"product:retailer_item_id\" content=\"PEAKART-44849\" \/>\n<meta property=\"product:condition\" content=\"new\" \/>\n<!-- \/ Yoast SEO Premium plugin. -->","yoast_head_json":{"title":"Gro\u00dfe Graue handbemalte Wanduhr f\u00fcr die K\u00fcche","description":"Diese atemberaubende 75 cm gro\u00dfe graue handgefertigte Wanduhr ist aus zwei Holzpaneelen gefertigt. Sie ist inspiriert von der Sch\u00f6nheit des \"Winterwolfs\".","robots":{"index":"index","follow":"follow","max-snippet":"max-snippet:-1","max-image-preview":"max-image-preview:large","max-video-preview":"max-video-preview:-1"},"canonical":"https:\/\/peakart.co.uk\/de\/produkt\/dekorative-uhr-fur-die-kuche\/","og_locale":"de_DE","og_type":"article","og_title":"\u00dcbergro\u00dfe dekorative Uhr f\u00fcr die K\u00fcche","og_description":"Diese atemberaubende 75 cm gro\u00dfe graue handgefertigte Wanduhr ist aus zwei Holzpaneelen gefertigt. Sie ist inspiriert von der Sch\u00f6nheit des \"Winterwolfs\".","og_url":"https:\/\/peakart.co.uk\/de\/produkt\/dekorative-uhr-fur-die-kuche\/","og_site_name":"Peak Art","article_publisher":"https:\/\/www.facebook.com\/PeakArtClocks\/","article_modified_time":"2023-03-25T10:27:20+00:00","og_image":[{"width":1073,"height":1198,"url":"https:\/\/peakart.co.uk\/wp-content\/uploads\/2016\/11\/Large-contemporary-hand-painted-artistic-wall-clock-75cm-winter-wolf-interiors-2-1.jpg","type":"image\/jpeg"}],"twitter_card":"summary_large_image","twitter_misc":{"Verf\u00fcgbarkeit":"Auf Lager"},"schema":{"@context":"https:\/\/schema.org","@graph":[{"@type":"WebPage","@id":"https:\/\/peakart.co.uk\/de\/produkt\/dekorative-uhr-fur-die-kuche\/","url":"https:\/\/peakart.co.uk\/de\/produkt\/dekorative-uhr-fur-die-kuche\/","name":"Gro\u00dfe Graue handbemalte Wanduhr f\u00fcr die K\u00fcche","isPartOf":{"@id":"https:\/\/peakart.co.uk\/de\/#website"},"primaryImageOfPage":{"@id":"https:\/\/peakart.co.uk\/de\/produkt\/dekorative-uhr-fur-die-kuche\/#primaryimage"},"image":{"@id":"https:\/\/peakart.co.uk\/de\/produkt\/dekorative-uhr-fur-die-kuche\/#primaryimage"},"thumbnailUrl":"https:\/\/peakart.co.uk\/wp-content\/uploads\/2016\/11\/Large-contemporary-hand-painted-artistic-wall-clock-75cm-winter-wolf-interiors-2-1.jpg","datePublished":"2017-10-04T20:21:01+00:00","dateModified":"2023-03-25T10:27:20+00:00","description":"Diese atemberaubende 75 cm gro\u00dfe graue handgefertigte Wanduhr ist aus zwei Holzpaneelen gefertigt. Sie ist inspiriert von der Sch\u00f6nheit des \"Winterwolfs\".","breadcrumb":{"@id":"https:\/\/peakart.co.uk\/de\/produkt\/dekorative-uhr-fur-die-kuche\/#breadcrumb"},"inLanguage":"de","potentialAction":[{"@type":"ReadAction","target":["https:\/\/peakart.co.uk\/de\/produkt\/dekorative-uhr-fur-die-kuche\/"]}]},{"@type":"ImageObject","inLanguage":"de","@id":"https:\/\/peakart.co.uk\/de\/produkt\/dekorative-uhr-fur-die-kuche\/#primaryimage","url":"https:\/\/peakart.co.uk\/wp-content\/uploads\/2016\/11\/Large-contemporary-hand-painted-artistic-wall-clock-75cm-winter-wolf-interiors-2-1.jpg","contentUrl":"https:\/\/peakart.co.uk\/wp-content\/uploads\/2016\/11\/Large-contemporary-hand-painted-artistic-wall-clock-75cm-winter-wolf-interiors-2-1.jpg","width":1073,"height":1198},{"@type":"BreadcrumbList","@id":"https:\/\/peakart.co.uk\/de\/produkt\/dekorative-uhr-fur-die-kuche\/#breadcrumb","itemListElement":[{"@type":"ListItem","position":1,"name":"Home","item":"https:\/\/peakart.co.uk\/de\/"},{"@type":"ListItem","position":2,"name":"Shop","item":"https:\/\/peakart.co.uk\/de\/shop\/"},{"@type":"ListItem","position":3,"name":"\u00dcbergro\u00dfe dekorative Uhr f\u00fcr die K\u00fcche"}]},{"@type":"WebSite","@id":"https:\/\/peakart.co.uk\/de\/#website","url":"https:\/\/peakart.co.uk\/de\/","name":"Peak Art","description":"","publisher":{"@id":"https:\/\/peakart.co.uk\/de\/#organization"},"potentialAction":[{"@type":"SearchAction","target":{"@type":"EntryPoint","urlTemplate":"https:\/\/peakart.co.uk\/de\/?s={search_term_string}"},"query-input":{"@type":"PropertyValueSpecification","valueRequired":true,"valueName":"search_term_string"}}],"inLanguage":"de"},{"@type":"Organization","@id":"https:\/\/peakart.co.uk\/de\/#organization","name":"Peak Art","url":"https:\/\/peakart.co.uk\/de\/","logo":{"@type":"ImageObject","inLanguage":"de","@id":"https:\/\/peakart.co.uk\/de\/#\/schema\/logo\/image\/","url":"https:\/\/peakart.co.uk\/wp-content\/uploads\/2023\/07\/logo-8.jpg","contentUrl":"https:\/\/peakart.co.uk\/wp-content\/uploads\/2023\/07\/logo-8.jpg","width":666,"height":259,"caption":"Peak Art"},"image":{"@id":"https:\/\/peakart.co.uk\/de\/#\/schema\/logo\/image\/"},"sameAs":["https:\/\/www.facebook.com\/PeakArtClocks\/"],"hasMerchantReturnPolicy":{"@type":"MerchantReturnPolicy","merchantReturnLink":"https:\/\/peakart.co.uk\/refund_returns\/"}}]},"og_availability":"instock","product_availability":"instock","product_retailer_item_id":"PEAKART-44849","product_condition":"new"},"_links":{"self":[{"href":"https:\/\/peakart.co.uk\/de\/wp-json\/wp\/v2\/product\/6512","targetHints":{"allow":["GET"]}}],"collection":[{"href":"https:\/\/peakart.co.uk\/de\/wp-json\/wp\/v2\/product"}],"about":[{"href":"https:\/\/peakart.co.uk\/de\/wp-json\/wp\/v2\/types\/product"}],"replies":[{"embeddable":true,"href":"https:\/\/peakart.co.uk\/de\/wp-json\/wp\/v2\/comments?post=6512"}],"wp:featuredmedia":[{"embeddable":true,"href":"https:\/\/peakart.co.uk\/de\/wp-json\/wp\/v2\/media\/32342"}],"wp:attachment":[{"href":"https:\/\/peakart.co.uk\/de\/wp-json\/wp\/v2\/media?parent=6512"}],"wp:term":[{"taxonomy":"product_brand","embeddable":true,"href":"https:\/\/peakart.co.uk\/de\/wp-json\/wp\/v2\/product_brand?post=6512"},{"taxonomy":"product_cat","embeddable":true,"href":"https:\/\/peakart.co.uk\/de\/wp-json\/wp\/v2\/product_cat?post=6512"},{"taxonomy":"product_tag","embeddable":true,"href":"https:\/\/peakart.co.uk\/de\/wp-json\/wp\/v2\/product_tag?post=6512"}],"curies":[{"name":"wp","href":"https:\/\/api.w.org\/{rel}","templated":true}]}}