{"id":6499,"date":"2016-03-01T19:02:01","date_gmt":"2017-10-02T06:56:30","guid":{"rendered":"http:\/\/peakart.co.uk\/product\/sehr-grose-antike-wanduhr-mit-romischen-zahlzeichen\/"},"modified":"2025-01-23T17:32:51","modified_gmt":"2025-01-23T17:32:51","slug":"rustikale-wanduhr","status":"publish","type":"product","link":"https:\/\/peakart.co.uk\/de\/produkt\/rustikale-wanduhr\/","title":{"rendered":"Sehr gro\u00dfe handgemachte rustikale Wanduhr"},"content":{"rendered":"<h2>Handgefertigte rustikale Wanduhr &#8211; Dekorative Wandkunst mit Aussage<\/h2>\n<p>Die Uhr &#8220;Bier vom Fass&#8221; ist eine Uhr im antiken Look mit einem Design, das von den wunderbar tiefen und reichhaltigen Farben fassfrischen Bieres inspiriert ist. Wenn Sie diese faszinierende Uhr anschauen, k\u00f6nnen Sie beinahe die wunderbare Atmosph\u00e4re eines Landgasthauses sp\u00fcren und sich ein fassfrisches Bier vorstellen. Dieses au\u00dfergew\u00f6hnliche rustikale Kunstwerk wurde auf sch\u00f6ne Art daf\u00fcr gemacht, ein Statement in Ihrem Landhaus darzustellen. Es zeigt die traditionellen gro\u00dfen r\u00f6mischen Ziffern vor einem kr\u00e4ftigen, handbemalten Hintergrund.<\/p>\n<p>Dieses \u00e4u\u00dferst ungew\u00f6hnliche und beeindruckende Uhrendesign wurde durch Peak Art erstmals Anfang 2015 auf den Markt gebracht. Das Zifferblatt ist aus einer einzigen, 100 cm durchmessenden Fichtenholzplatte geschnitten und wird durch eine gro\u00dfe, handbemalte R\u00fcckseite erg\u00e4nzt. Beide Teile sind zusammengeschraubt, was einen unglaublich starken und faszinierenden Anblick ergibt.<\/p>\n<p>Den Antrieb bildet ein starkes, batteriebetriebenes Sweep-Quarzuhrwerk. Die Uhr wird mit abmontierten Zeigern geliefert, um jegliche Besch\u00e4digung auf dem Transport zu vermeiden. Wenn Sie sie empfangen, schauen Sie bitte dieses <a href=\"https:\/\/www.youtube.com\/watch?v=08Tq0lKFs30\">YouTube-Video an<\/a>, in dem ich die Anbringung der Uhrzeiger und die Einstellung der Zeit vorf\u00fchre.<\/p>\n<p>Die dekorativen Wanduhren mit Aussage von Peak Art sind luxuri\u00f6se Kunstwerke, die Ihnen wieder einfallen werden, wenn Sie damit beginnen, Ihren Wohnraum aufzum\u00f6beln. Die Art der Handfertigung bei jeder Uhr sorgt f\u00fcr ein bemerkenswert rustikales Aussehen und Anf\u00fchlen. Unabh\u00e4ngig davon, wo Sie sie anbringen m\u00f6chten, sollten Sie sie von direkten W\u00e4rmequellen und Feuchtigkeit fernhalten.<\/p>\n<p>Folgen Sie nicht den ausgetretenen Pfaden, sondern stellen Sie die g\u00e4ngigen Ideen zur Heimdekoration in Frage und machen diese staunenswerten Uhren zur neuen Mode. Solche wahrhaft einmaligen Kunstwerke finden Sie im Marktsegment nur bei Peak Art. Indem Sie etwas so Begeisterndes Ihr eigen nennen, k\u00f6nnen Sie sich von der Menge abheben.<\/p>\n","protected":false},"excerpt":{"rendered":"<p>Die antike Uhr &#8220;Bier vom Fass&#8221;\u00a0 wird, inspiriert von den reichhaltigen und tiefen Farben fassfrischen Bieres, rasch eine Hauptattraktion werden. Dieses beeindruckende Kunstwerk ist von Hand aus zwei gro\u00dfen Kiefernholzplatten aus nachhaltiger Holzwirtschaft gefertigt. Das Zifferblatt zeigt sorgf\u00e4ltig gearbeitete r\u00f6mische Zahlzeichen auf handbemaltem Hintergrund. Mit einem Gesamtdurchmesser von 100 cm und ihrem einzigartigen Charakter passt diese Uhr am besten in ein Landhaus oder ein rustikal ausgestattetes Wohnzimmer.<\/p>\n<p><strong>Video<\/strong> &#8211; <a href=\"https:\/\/www.youtube.com\/watch?v=9hfgPuvCXPA\">Bier vom Fass &#8211; Die beeindruckende antike Wanduhr auf YouTube<\/a><\/p>\n<p><strong>Gestaltet und von Hand gefertigt<\/strong> &#8211; Anna Siodelska, Vereinigtes K\u00f6nigreich<\/p>\n<p><strong>Farbe des Zifferblatts<\/strong> \u2013 rustikal<\/p>\n<p><strong>Hintergrundfarbe<\/strong> \u2013 Bier vom Fass<\/p>\n<p><strong>Anmerkung &#8211; <\/strong>Die Uhr mit 75 cm (30 Zoll) Durchmesser hat leicht abweichend gestaltete Ziffern, um sicherzustellen, dass sie nicht zu d\u00fcnn sind. Ein Beispielbild mit anderem Design finden Sie <a href=\"https:\/\/peakart.co.uk\/wp-content\/uploads\/2017\/09\/Unique-Large-Rustic-Grey-Wooden-Wall-Clock-Left.jpg\">hier<\/a><\/p>\n","protected":false},"featured_media":33853,"comment_status":"open","ping_status":"closed","template":"","meta":[],"product_brand":[],"product_cat":[80],"product_tag":[83,87,2139,82],"class_list":{"0":"post-6499","1":"product","2":"type-product","3":"status-publish","4":"has-post-thumbnail","6":"product_cat-grosse-wanduhren-handgefertigt","7":"product_tag-grosse-dekorative-wanduhren","8":"product_tag-wanduhren-mit-roemischen-zahlzeichen","9":"product_tag-grose-wanduhren","10":"product_tag-grosse-kuenstlerische-wanduhren","12":"first","13":"instock","14":"sale","15":"taxable","16":"shipping-taxable","17":"purchasable","18":"product-type-variable"},"yoast_head":"<!-- This site is optimized with the Yoast SEO Premium plugin v27.2 (Yoast SEO v27.2) - https:\/\/yoast.com\/product\/yoast-seo-premium-wordpress\/ -->\n<title>Gro\u00dfe dekorative, handgefertigte antike Uhr | R\u00f6mische Zahlzeichen<\/title>\n<meta name=\"description\" content=\"Die handgefertigte antike Uhr &quot;Bier vom Fass&quot; ist eine h\u00fcbsche Handwerksarbeit und eine Hauptattraktion in Ihrer au\u00dfergew\u00f6hnlichen Wohnumgebung. Ein kostspieliges Wandkunstwerk mit Aussage.\" \/>\n<meta name=\"robots\" content=\"index, follow, max-snippet:-1, max-image-preview:large, max-video-preview:-1\" \/>\n<link rel=\"canonical\" href=\"https:\/\/peakart.co.uk\/de\/produkt\/rustikale-wanduhr\/\" \/>\n<meta property=\"og:locale\" content=\"de_DE\" \/>\n<meta property=\"og:type\" content=\"article\" \/>\n<meta property=\"og:title\" content=\"Sehr gro\u00dfe handgemachte rustikale Wanduhr\" \/>\n<meta property=\"og:description\" content=\"Die handgefertigte antike Uhr &quot;Bier vom Fass&quot; ist eine h\u00fcbsche Handwerksarbeit und eine Hauptattraktion in Ihrer au\u00dfergew\u00f6hnlichen Wohnumgebung. Ein kostspieliges Wandkunstwerk mit Aussage.\" \/>\n<meta property=\"og:url\" content=\"https:\/\/peakart.co.uk\/de\/produkt\/rustikale-wanduhr\/\" \/>\n<meta property=\"og:site_name\" content=\"Peak Art\" \/>\n<meta property=\"article:publisher\" content=\"https:\/\/www.facebook.com\/PeakArtClocks\/\" \/>\n<meta property=\"article:modified_time\" content=\"2025-01-23T17:32:51+00:00\" \/>\n<meta property=\"og:image\" content=\"https:\/\/peakart.co.uk\/wp-content\/uploads\/2016\/03\/big-rustic-wall-clock-scaled-e1736451552391.jpg\" \/>\n\t<meta property=\"og:image:width\" content=\"2560\" \/>\n\t<meta property=\"og:image:height\" content=\"1920\" \/>\n\t<meta property=\"og:image:type\" content=\"image\/jpeg\" \/>\n<meta name=\"twitter:card\" content=\"summary_large_image\" \/>\n<meta name=\"twitter:label1\" content=\"Verf\u00fcgbarkeit\" \/>\n\t<meta name=\"twitter:data1\" content=\"Auf Lager\" \/>\n<script type=\"application\/ld+json\" class=\"yoast-schema-graph\">{\"@context\":\"https:\/\/schema.org\",\"@graph\":[{\"@type\":\"WebPage\",\"@id\":\"https:\/\/peakart.co.uk\/de\/produkt\/rustikale-wanduhr\/\",\"url\":\"https:\/\/peakart.co.uk\/de\/produkt\/rustikale-wanduhr\/\",\"name\":\"Gro\u00dfe dekorative, handgefertigte antike Uhr | R\u00f6mische Zahlzeichen\",\"isPartOf\":{\"@id\":\"https:\/\/peakart.co.uk\/de\/#website\"},\"primaryImageOfPage\":{\"@id\":\"https:\/\/peakart.co.uk\/de\/produkt\/rustikale-wanduhr\/#primaryimage\"},\"image\":{\"@id\":\"https:\/\/peakart.co.uk\/de\/produkt\/rustikale-wanduhr\/#primaryimage\"},\"thumbnailUrl\":\"https:\/\/peakart.co.uk\/wp-content\/uploads\/2016\/03\/extraordinary-rustic-wall-clock-from-wood-scaled.jpg\",\"datePublished\":\"2017-10-02T06:56:30+00:00\",\"dateModified\":\"2025-01-23T17:32:51+00:00\",\"description\":\"Die handgefertigte antike Uhr \\\"Bier vom Fass\\\" ist eine h\u00fcbsche Handwerksarbeit und eine Hauptattraktion in Ihrer au\u00dfergew\u00f6hnlichen Wohnumgebung. Ein kostspieliges Wandkunstwerk mit Aussage.\",\"breadcrumb\":{\"@id\":\"https:\/\/peakart.co.uk\/de\/produkt\/rustikale-wanduhr\/#breadcrumb\"},\"inLanguage\":\"de\",\"potentialAction\":[{\"@type\":\"ReadAction\",\"target\":[\"https:\/\/peakart.co.uk\/de\/produkt\/rustikale-wanduhr\/\"]}]},{\"@type\":\"ImageObject\",\"inLanguage\":\"de\",\"@id\":\"https:\/\/peakart.co.uk\/de\/produkt\/rustikale-wanduhr\/#primaryimage\",\"url\":\"https:\/\/peakart.co.uk\/wp-content\/uploads\/2016\/03\/extraordinary-rustic-wall-clock-from-wood-scaled.jpg\",\"contentUrl\":\"https:\/\/peakart.co.uk\/wp-content\/uploads\/2016\/03\/extraordinary-rustic-wall-clock-from-wood-scaled.jpg\",\"width\":2560,\"height\":1725,\"caption\":\"extraordinary rustic wall clock from wood\"},{\"@type\":\"BreadcrumbList\",\"@id\":\"https:\/\/peakart.co.uk\/de\/produkt\/rustikale-wanduhr\/#breadcrumb\",\"itemListElement\":[{\"@type\":\"ListItem\",\"position\":1,\"name\":\"Home\",\"item\":\"https:\/\/peakart.co.uk\/de\/\"},{\"@type\":\"ListItem\",\"position\":2,\"name\":\"Shop\",\"item\":\"https:\/\/peakart.co.uk\/de\/shop\/\"},{\"@type\":\"ListItem\",\"position\":3,\"name\":\"Sehr gro\u00dfe handgemachte rustikale Wanduhr\"}]},{\"@type\":\"WebSite\",\"@id\":\"https:\/\/peakart.co.uk\/de\/#website\",\"url\":\"https:\/\/peakart.co.uk\/de\/\",\"name\":\"Peak Art\",\"description\":\"\",\"publisher\":{\"@id\":\"https:\/\/peakart.co.uk\/de\/#organization\"},\"potentialAction\":[{\"@type\":\"SearchAction\",\"target\":{\"@type\":\"EntryPoint\",\"urlTemplate\":\"https:\/\/peakart.co.uk\/de\/?s={search_term_string}\"},\"query-input\":{\"@type\":\"PropertyValueSpecification\",\"valueRequired\":true,\"valueName\":\"search_term_string\"}}],\"inLanguage\":\"de\"},{\"@type\":\"Organization\",\"@id\":\"https:\/\/peakart.co.uk\/de\/#organization\",\"name\":\"Peak Art\",\"url\":\"https:\/\/peakart.co.uk\/de\/\",\"logo\":{\"@type\":\"ImageObject\",\"inLanguage\":\"de\",\"@id\":\"https:\/\/peakart.co.uk\/de\/#\/schema\/logo\/image\/\",\"url\":\"https:\/\/peakart.co.uk\/wp-content\/uploads\/2023\/07\/logo-8.jpg\",\"contentUrl\":\"https:\/\/peakart.co.uk\/wp-content\/uploads\/2023\/07\/logo-8.jpg\",\"width\":666,\"height\":259,\"caption\":\"Peak Art\"},\"image\":{\"@id\":\"https:\/\/peakart.co.uk\/de\/#\/schema\/logo\/image\/\"},\"sameAs\":[\"https:\/\/www.facebook.com\/PeakArtClocks\/\"],\"hasMerchantReturnPolicy\":{\"@type\":\"MerchantReturnPolicy\",\"merchantReturnLink\":\"https:\/\/peakart.co.uk\/refund_returns\/\"}}]}<\/script>\n<meta property=\"og:availability\" content=\"instock\" \/>\n<meta property=\"product:availability\" content=\"instock\" \/>\n<meta property=\"product:retailer_item_id\" content=\"PEAKART-36759\" \/>\n<meta property=\"product:condition\" content=\"new\" \/>\n<!-- \/ Yoast SEO Premium plugin. -->","yoast_head_json":{"title":"Gro\u00dfe dekorative, handgefertigte antike Uhr | R\u00f6mische Zahlzeichen","description":"Die handgefertigte antike Uhr \"Bier vom Fass\" ist eine h\u00fcbsche Handwerksarbeit und eine Hauptattraktion in Ihrer au\u00dfergew\u00f6hnlichen Wohnumgebung. Ein kostspieliges Wandkunstwerk mit Aussage.","robots":{"index":"index","follow":"follow","max-snippet":"max-snippet:-1","max-image-preview":"max-image-preview:large","max-video-preview":"max-video-preview:-1"},"canonical":"https:\/\/peakart.co.uk\/de\/produkt\/rustikale-wanduhr\/","og_locale":"de_DE","og_type":"article","og_title":"Sehr gro\u00dfe handgemachte rustikale Wanduhr","og_description":"Die handgefertigte antike Uhr \"Bier vom Fass\" ist eine h\u00fcbsche Handwerksarbeit und eine Hauptattraktion in Ihrer au\u00dfergew\u00f6hnlichen Wohnumgebung. Ein kostspieliges Wandkunstwerk mit Aussage.","og_url":"https:\/\/peakart.co.uk\/de\/produkt\/rustikale-wanduhr\/","og_site_name":"Peak Art","article_publisher":"https:\/\/www.facebook.com\/PeakArtClocks\/","article_modified_time":"2025-01-23T17:32:51+00:00","og_image":[{"width":2560,"height":1920,"url":"https:\/\/peakart.co.uk\/wp-content\/uploads\/2016\/03\/big-rustic-wall-clock-scaled-e1736451552391.jpg","type":"image\/jpeg"}],"twitter_card":"summary_large_image","twitter_misc":{"Verf\u00fcgbarkeit":"Auf Lager"},"schema":{"@context":"https:\/\/schema.org","@graph":[{"@type":"WebPage","@id":"https:\/\/peakart.co.uk\/de\/produkt\/rustikale-wanduhr\/","url":"https:\/\/peakart.co.uk\/de\/produkt\/rustikale-wanduhr\/","name":"Gro\u00dfe dekorative, handgefertigte antike Uhr | R\u00f6mische Zahlzeichen","isPartOf":{"@id":"https:\/\/peakart.co.uk\/de\/#website"},"primaryImageOfPage":{"@id":"https:\/\/peakart.co.uk\/de\/produkt\/rustikale-wanduhr\/#primaryimage"},"image":{"@id":"https:\/\/peakart.co.uk\/de\/produkt\/rustikale-wanduhr\/#primaryimage"},"thumbnailUrl":"https:\/\/peakart.co.uk\/wp-content\/uploads\/2016\/03\/extraordinary-rustic-wall-clock-from-wood-scaled.jpg","datePublished":"2017-10-02T06:56:30+00:00","dateModified":"2025-01-23T17:32:51+00:00","description":"Die handgefertigte antike Uhr \"Bier vom Fass\" ist eine h\u00fcbsche Handwerksarbeit und eine Hauptattraktion in Ihrer au\u00dfergew\u00f6hnlichen Wohnumgebung. Ein kostspieliges Wandkunstwerk mit Aussage.","breadcrumb":{"@id":"https:\/\/peakart.co.uk\/de\/produkt\/rustikale-wanduhr\/#breadcrumb"},"inLanguage":"de","potentialAction":[{"@type":"ReadAction","target":["https:\/\/peakart.co.uk\/de\/produkt\/rustikale-wanduhr\/"]}]},{"@type":"ImageObject","inLanguage":"de","@id":"https:\/\/peakart.co.uk\/de\/produkt\/rustikale-wanduhr\/#primaryimage","url":"https:\/\/peakart.co.uk\/wp-content\/uploads\/2016\/03\/extraordinary-rustic-wall-clock-from-wood-scaled.jpg","contentUrl":"https:\/\/peakart.co.uk\/wp-content\/uploads\/2016\/03\/extraordinary-rustic-wall-clock-from-wood-scaled.jpg","width":2560,"height":1725,"caption":"extraordinary rustic wall clock from wood"},{"@type":"BreadcrumbList","@id":"https:\/\/peakart.co.uk\/de\/produkt\/rustikale-wanduhr\/#breadcrumb","itemListElement":[{"@type":"ListItem","position":1,"name":"Home","item":"https:\/\/peakart.co.uk\/de\/"},{"@type":"ListItem","position":2,"name":"Shop","item":"https:\/\/peakart.co.uk\/de\/shop\/"},{"@type":"ListItem","position":3,"name":"Sehr gro\u00dfe handgemachte rustikale Wanduhr"}]},{"@type":"WebSite","@id":"https:\/\/peakart.co.uk\/de\/#website","url":"https:\/\/peakart.co.uk\/de\/","name":"Peak Art","description":"","publisher":{"@id":"https:\/\/peakart.co.uk\/de\/#organization"},"potentialAction":[{"@type":"SearchAction","target":{"@type":"EntryPoint","urlTemplate":"https:\/\/peakart.co.uk\/de\/?s={search_term_string}"},"query-input":{"@type":"PropertyValueSpecification","valueRequired":true,"valueName":"search_term_string"}}],"inLanguage":"de"},{"@type":"Organization","@id":"https:\/\/peakart.co.uk\/de\/#organization","name":"Peak Art","url":"https:\/\/peakart.co.uk\/de\/","logo":{"@type":"ImageObject","inLanguage":"de","@id":"https:\/\/peakart.co.uk\/de\/#\/schema\/logo\/image\/","url":"https:\/\/peakart.co.uk\/wp-content\/uploads\/2023\/07\/logo-8.jpg","contentUrl":"https:\/\/peakart.co.uk\/wp-content\/uploads\/2023\/07\/logo-8.jpg","width":666,"height":259,"caption":"Peak Art"},"image":{"@id":"https:\/\/peakart.co.uk\/de\/#\/schema\/logo\/image\/"},"sameAs":["https:\/\/www.facebook.com\/PeakArtClocks\/"],"hasMerchantReturnPolicy":{"@type":"MerchantReturnPolicy","merchantReturnLink":"https:\/\/peakart.co.uk\/refund_returns\/"}}]},"og_availability":"instock","product_availability":"instock","product_retailer_item_id":"PEAKART-36759","product_condition":"new"},"_links":{"self":[{"href":"https:\/\/peakart.co.uk\/de\/wp-json\/wp\/v2\/product\/6499","targetHints":{"allow":["GET"]}}],"collection":[{"href":"https:\/\/peakart.co.uk\/de\/wp-json\/wp\/v2\/product"}],"about":[{"href":"https:\/\/peakart.co.uk\/de\/wp-json\/wp\/v2\/types\/product"}],"replies":[{"embeddable":true,"href":"https:\/\/peakart.co.uk\/de\/wp-json\/wp\/v2\/comments?post=6499"}],"wp:featuredmedia":[{"embeddable":true,"href":"https:\/\/peakart.co.uk\/de\/wp-json\/wp\/v2\/media\/33853"}],"wp:attachment":[{"href":"https:\/\/peakart.co.uk\/de\/wp-json\/wp\/v2\/media?parent=6499"}],"wp:term":[{"taxonomy":"product_brand","embeddable":true,"href":"https:\/\/peakart.co.uk\/de\/wp-json\/wp\/v2\/product_brand?post=6499"},{"taxonomy":"product_cat","embeddable":true,"href":"https:\/\/peakart.co.uk\/de\/wp-json\/wp\/v2\/product_cat?post=6499"},{"taxonomy":"product_tag","embeddable":true,"href":"https:\/\/peakart.co.uk\/de\/wp-json\/wp\/v2\/product_tag?post=6499"}],"curies":[{"name":"wp","href":"https:\/\/api.w.org\/{rel}","templated":true}]}}