{"id":6488,"date":"2016-05-06T18:41:22","date_gmt":"2017-10-01T18:51:00","guid":{"rendered":"http:\/\/peakart.co.uk\/product\/handgefertigte-schabig-schicke-rustikale-skelett-wanduhr\/"},"modified":"2023-03-24T17:27:41","modified_gmt":"2023-03-24T17:27:41","slug":"shabby-chic-skelett-uhr","status":"publish","type":"product","link":"https:\/\/peakart.co.uk\/de\/produkt\/shabby-chic-skelett-uhr\/","title":{"rendered":"Gro\u00dfe Shabby Chic Skelett Uhr Handgefertigt"},"content":{"rendered":"<h2>Graue Shabby Chic Skelett Uhr mit R\u00f6mische Ziffern<\/h2>\n<p>Diese rustikale Wanduhr ist ein extra gro\u00dfes St\u00fcck exzentrischer Statement-Kunst f\u00fcr Ihre einzigartige und ma\u00dfgefertigte Umgebung. Es w\u00fcrde absolut atemberaubend in jeder industriellen oder Shabby Chic Inneneinrichting aussehen. Die sch\u00f6ne Vorderseite zeigt gro\u00dfe handgeschnitzte r\u00f6mische Ziffern und das Skelett-Design bedeutet, dass Sie sich nicht darum sorgen m\u00fcssen, ob die Uhr zur Hintergrundfarbe passt, da sie transparent ist. Das Ziffernblatt ist einzigartig, mit deutlichen Eigenarten um der Uhr mehr Charakter zu verleihen. Bitte schauen Sie sich doch das Video unten an und h\u00f6ren Sie mich \u00fcber dieses fabelhafte Kunstwerk sprechen.<\/p>\n<p>&nbsp;<\/p>\n<p><span style=\"line-height: 1.5;\"> Shabby Chic Grau ist nicht nur eine Uhr, sondern ein bemerkenswerter, dekorativer Kunstgegenstadt, der von einer leidenschaftlichen K\u00fcnstlerin von Hand gestaltet wurde. Das Ziffernblatt<\/span> ist aus einer einzigen gro\u00dfen Tafel aus Kiefernholz ausgeschnitten, was ihm eine einzigartige Sch\u00f6nheit und ein nat\u00fcrliches Aussehen verleiht. Der schmale kreisf\u00f6rmige Rand an der R\u00fcckseite bietet erstaunliche dreidimensionale Optik und hilft bei der Abdeckung des leistungsstarken Quarz-Mechanismus.<\/p>\n<p>Sie k\u00f6nnwn dieses <a href=\"https:\/\/www.youtube.com\/watch?v=08Tq0lKFs30\"> kurze YouTube-Video<\/a>\u00a0 anschauen, wo ich Ihnen zeige, wie man die Uhrzeiger anbringt und die Zeit einstellt. Wir liefern die Uhr mit abgenommenen Zeigern, um Transportsch\u00e4den zu vermeiden. Es gibt einige <a href=\"https:\/\/peakart.co.uk\/de\/blog-post\/skelett-wanduhren-aus-holz\/\">Geschichten \u00fcber Peak Art Skelett-Holzuhren<\/a> auf unserem Blog, also bitte lesen Sie nach, falls es Sie interessiert, wie wir zu diesem Design kamen.<\/p>\n<p>Die Uhren von Peak Art sind absolut sensationelle neue Einrichtungstrends, die in den kommenden Jahren zur Mode werden. Sind Sie auf der Suche nach einem kostbaren handgefertigten Geschenk f\u00fcr jemanden, den Sie lieben? Vielleicht versuchen Sie, einen leeren Platz auf Ihrer Wand mit etwas Unkonventionellen zu f\u00fcllen? Ihre Wahl ist nicht mehr nur auf gro\u00dfe Gem\u00e4lde oder Spiegel beschr\u00e4nkt, wenn es darum geht, gro\u00dfe leere Wandfl\u00e4che zu f\u00fcllen.<\/p>\n<p>Sie k\u00f6nnen sie in jedem Raum Ihres Hauses anbringen, aber achten Sie darauf, dass Sie sie von Feuchtigkeit oder W\u00e4rmequellen fernhalten. Ein weiterer perfekter Ort f\u00fcr unsere Statement-Uhren ist Ihr Arbeitsplatz, Ihre Hotelrezeption oder sogar Ihre Penthouse-Wohnung. Diese wundervollen, einzigartigen Uhren werden jeden beeindrucken, der sie sieht.<\/p>\n<p>Wir empfehlen Ihnen, auf Google nach Extra gro\u00dfen handgefertigte Wanduhren zu suchen , Sie werden sehen, dass Peak Art diesen Nischenmarkt sein Eigen nennen kann, ohne Konkurrenz in Sicht.<\/p>\n","protected":false},"excerpt":{"rendered":"<p>Die graue Shabby Chic Skelett-Uhr ist aus einer einzigen gro\u00dfen Tafel aus nachhaltig hergestelltem Kiefernholz handgefertigt. Sie ist ein Mitglied der neuen Familie der hohlen Uhren. Das Zifferblatt zeigt sorgf\u00e4ltig handgefertigte r\u00f6mische Ziffern auf einem Shabby Chic-Holzrahmen und man kann die Wand zwischen den Zahlen hindurchsehen. Mit einem Gesamtdurchmesser von 100 cm und ihrem einzigartigen Design wird die graue Shabby Chic wird in den stilvollsten Innenr\u00e4umen absolut unglaublich aussehen.<\/p>\n<p><strong>Video<\/strong> &#8211; <a href=\"https:\/\/www.youtube.com\/watch?v=4cfqVehxm2g\">Shabby Chic rustikale Uhr auf YouTube<\/a><\/p>\n<p><strong>Entworfen &amp; handgefertigt<\/strong> &#8211; Anna Siodelska, Gro\u00dfbritannien<\/p>\n<p><strong>Ziffernblatt Farbe<\/strong> \u2013 Grau Shabby Chic<\/p>\n<p><strong>Hintergrund Farbe<\/strong> \u2013 Durchsichtig \/ Wand<\/p>\n<p><strong>Hinweis- <\/strong>die 30 Zoll (75 cm) Uhr hat eine etwas andere Ziffernform, um sicherzustellen, dass diese nicht zu d\u00fcnn sind. Ein Beispielbild mit dem anderen Design ist <a href=\"https:\/\/peakart.co.uk\/wp-content\/uploads\/2017\/09\/Unique-Large-Rustic-Grey-Wooden-Wall-Clock-Left.jpg\">hier<\/a><\/p>\n<p>&nbsp;<\/p>\n","protected":false},"featured_media":32252,"comment_status":"closed","ping_status":"closed","template":"","meta":[],"product_brand":[],"product_cat":[80],"product_tag":[83,90,87,82,89,95],"class_list":{"0":"post-6488","1":"product","2":"type-product","3":"status-publish","4":"has-post-thumbnail","6":"product_cat-grosse-wanduhren-handgefertigt","7":"product_tag-grosse-dekorative-wanduhren","8":"product_tag-grosse-skelett-wanduhren-mit-roemischen-zahlzeichen","9":"product_tag-wanduhren-mit-roemischen-zahlzeichen","10":"product_tag-grosse-kuenstlerische-wanduhren","11":"product_tag-schabige-schicke-wanduhren","12":"product_tag-skelett-wanduhren","14":"first","15":"instock","16":"sale","17":"taxable","18":"shipping-taxable","19":"purchasable","20":"product-type-variable"},"yoast_head":"<!-- This site is optimized with the Yoast SEO Premium plugin v27.2 (Yoast SEO v27.2) - https:\/\/yoast.com\/product\/yoast-seo-premium-wordpress\/ -->\n<title>40 Zoll, extra gro\u00dfe, handgefertigte, sch\u00e4big-schicke Wanduhr in Grau<\/title>\n<meta name=\"description\" content=\"Diese kr\u00e4ftige, massive, sch\u00e4big-schicke Wanduhr in Grau passt sowohl zu rustikaler als auch industrieller Innenarchitektur. Kostbare und unkonventionelle Statement-Wandkunst.\" \/>\n<meta name=\"robots\" content=\"index, follow, max-snippet:-1, max-image-preview:large, max-video-preview:-1\" \/>\n<link rel=\"canonical\" href=\"https:\/\/peakart.co.uk\/de\/produkt\/shabby-chic-skelett-uhr\/\" \/>\n<meta property=\"og:locale\" content=\"de_DE\" \/>\n<meta property=\"og:type\" content=\"article\" \/>\n<meta property=\"og:title\" content=\"Gro\u00dfe Shabby Chic Skelett Uhr Handgefertigt\" \/>\n<meta property=\"og:description\" content=\"Diese kr\u00e4ftige, massive, sch\u00e4big-schicke Wanduhr in Grau passt sowohl zu rustikaler als auch industrieller Innenarchitektur. Kostbare und unkonventionelle Statement-Wandkunst.\" \/>\n<meta property=\"og:url\" content=\"https:\/\/peakart.co.uk\/de\/produkt\/shabby-chic-skelett-uhr\/\" \/>\n<meta property=\"og:site_name\" content=\"Peak Art\" \/>\n<meta property=\"article:publisher\" content=\"https:\/\/www.facebook.com\/PeakArtClocks\/\" \/>\n<meta property=\"article:modified_time\" content=\"2023-03-24T17:27:41+00:00\" \/>\n<meta property=\"og:image\" content=\"https:\/\/peakart.co.uk\/wp-content\/uploads\/2016\/05\/Large-Shabby-Chic-French-Skeleton-Wall-Clock-1.jpg\" \/>\n\t<meta property=\"og:image:width\" content=\"900\" \/>\n\t<meta property=\"og:image:height\" content=\"610\" \/>\n\t<meta property=\"og:image:type\" content=\"image\/jpeg\" \/>\n<meta name=\"twitter:card\" content=\"summary_large_image\" \/>\n<meta name=\"twitter:label1\" content=\"Verf\u00fcgbarkeit\" \/>\n\t<meta name=\"twitter:data1\" content=\"Auf Lager\" \/>\n<script type=\"application\/ld+json\" class=\"yoast-schema-graph\">{\"@context\":\"https:\/\/schema.org\",\"@graph\":[{\"@type\":\"WebPage\",\"@id\":\"https:\/\/peakart.co.uk\/de\/produkt\/shabby-chic-skelett-uhr\/\",\"url\":\"https:\/\/peakart.co.uk\/de\/produkt\/shabby-chic-skelett-uhr\/\",\"name\":\"40 Zoll, extra gro\u00dfe, handgefertigte, sch\u00e4big-schicke Wanduhr in Grau\",\"isPartOf\":{\"@id\":\"https:\/\/peakart.co.uk\/de\/#website\"},\"primaryImageOfPage\":{\"@id\":\"https:\/\/peakart.co.uk\/de\/produkt\/shabby-chic-skelett-uhr\/#primaryimage\"},\"image\":{\"@id\":\"https:\/\/peakart.co.uk\/de\/produkt\/shabby-chic-skelett-uhr\/#primaryimage\"},\"thumbnailUrl\":\"https:\/\/peakart.co.uk\/wp-content\/uploads\/2016\/05\/Large-Shabby-Chic-French-Skeleton-Wall-Clock-1.jpg\",\"datePublished\":\"2017-10-01T18:51:00+00:00\",\"dateModified\":\"2023-03-24T17:27:41+00:00\",\"description\":\"Diese kr\u00e4ftige, massive, sch\u00e4big-schicke Wanduhr in Grau passt sowohl zu rustikaler als auch industrieller Innenarchitektur. Kostbare und unkonventionelle Statement-Wandkunst.\",\"breadcrumb\":{\"@id\":\"https:\/\/peakart.co.uk\/de\/produkt\/shabby-chic-skelett-uhr\/#breadcrumb\"},\"inLanguage\":\"de\",\"potentialAction\":[{\"@type\":\"ReadAction\",\"target\":[\"https:\/\/peakart.co.uk\/de\/produkt\/shabby-chic-skelett-uhr\/\"]}]},{\"@type\":\"ImageObject\",\"inLanguage\":\"de\",\"@id\":\"https:\/\/peakart.co.uk\/de\/produkt\/shabby-chic-skelett-uhr\/#primaryimage\",\"url\":\"https:\/\/peakart.co.uk\/wp-content\/uploads\/2016\/05\/Large-Shabby-Chic-French-Skeleton-Wall-Clock-1.jpg\",\"contentUrl\":\"https:\/\/peakart.co.uk\/wp-content\/uploads\/2016\/05\/Large-Shabby-Chic-French-Skeleton-Wall-Clock-1.jpg\",\"width\":900,\"height\":610},{\"@type\":\"BreadcrumbList\",\"@id\":\"https:\/\/peakart.co.uk\/de\/produkt\/shabby-chic-skelett-uhr\/#breadcrumb\",\"itemListElement\":[{\"@type\":\"ListItem\",\"position\":1,\"name\":\"Home\",\"item\":\"https:\/\/peakart.co.uk\/de\/\"},{\"@type\":\"ListItem\",\"position\":2,\"name\":\"Shop\",\"item\":\"https:\/\/peakart.co.uk\/de\/shop\/\"},{\"@type\":\"ListItem\",\"position\":3,\"name\":\"Gro\u00dfe Shabby Chic Skelett Uhr Handgefertigt\"}]},{\"@type\":\"WebSite\",\"@id\":\"https:\/\/peakart.co.uk\/de\/#website\",\"url\":\"https:\/\/peakart.co.uk\/de\/\",\"name\":\"Peak Art\",\"description\":\"\",\"publisher\":{\"@id\":\"https:\/\/peakart.co.uk\/de\/#organization\"},\"potentialAction\":[{\"@type\":\"SearchAction\",\"target\":{\"@type\":\"EntryPoint\",\"urlTemplate\":\"https:\/\/peakart.co.uk\/de\/?s={search_term_string}\"},\"query-input\":{\"@type\":\"PropertyValueSpecification\",\"valueRequired\":true,\"valueName\":\"search_term_string\"}}],\"inLanguage\":\"de\"},{\"@type\":\"Organization\",\"@id\":\"https:\/\/peakart.co.uk\/de\/#organization\",\"name\":\"Peak Art\",\"url\":\"https:\/\/peakart.co.uk\/de\/\",\"logo\":{\"@type\":\"ImageObject\",\"inLanguage\":\"de\",\"@id\":\"https:\/\/peakart.co.uk\/de\/#\/schema\/logo\/image\/\",\"url\":\"https:\/\/peakart.co.uk\/wp-content\/uploads\/2023\/07\/logo-8.jpg\",\"contentUrl\":\"https:\/\/peakart.co.uk\/wp-content\/uploads\/2023\/07\/logo-8.jpg\",\"width\":666,\"height\":259,\"caption\":\"Peak Art\"},\"image\":{\"@id\":\"https:\/\/peakart.co.uk\/de\/#\/schema\/logo\/image\/\"},\"sameAs\":[\"https:\/\/www.facebook.com\/PeakArtClocks\/\"],\"hasMerchantReturnPolicy\":{\"@type\":\"MerchantReturnPolicy\",\"merchantReturnLink\":\"https:\/\/peakart.co.uk\/refund_returns\/\"}}]}<\/script>\n<meta property=\"og:availability\" content=\"instock\" \/>\n<meta property=\"product:availability\" content=\"instock\" \/>\n<meta property=\"product:retailer_item_id\" content=\"PEAKART-51398\" \/>\n<meta property=\"product:condition\" content=\"new\" \/>\n<!-- \/ Yoast SEO Premium plugin. -->","yoast_head_json":{"title":"40 Zoll, extra gro\u00dfe, handgefertigte, sch\u00e4big-schicke Wanduhr in Grau","description":"Diese kr\u00e4ftige, massive, sch\u00e4big-schicke Wanduhr in Grau passt sowohl zu rustikaler als auch industrieller Innenarchitektur. Kostbare und unkonventionelle Statement-Wandkunst.","robots":{"index":"index","follow":"follow","max-snippet":"max-snippet:-1","max-image-preview":"max-image-preview:large","max-video-preview":"max-video-preview:-1"},"canonical":"https:\/\/peakart.co.uk\/de\/produkt\/shabby-chic-skelett-uhr\/","og_locale":"de_DE","og_type":"article","og_title":"Gro\u00dfe Shabby Chic Skelett Uhr Handgefertigt","og_description":"Diese kr\u00e4ftige, massive, sch\u00e4big-schicke Wanduhr in Grau passt sowohl zu rustikaler als auch industrieller Innenarchitektur. Kostbare und unkonventionelle Statement-Wandkunst.","og_url":"https:\/\/peakart.co.uk\/de\/produkt\/shabby-chic-skelett-uhr\/","og_site_name":"Peak Art","article_publisher":"https:\/\/www.facebook.com\/PeakArtClocks\/","article_modified_time":"2023-03-24T17:27:41+00:00","og_image":[{"width":900,"height":610,"url":"https:\/\/peakart.co.uk\/wp-content\/uploads\/2016\/05\/Large-Shabby-Chic-French-Skeleton-Wall-Clock-1.jpg","type":"image\/jpeg"}],"twitter_card":"summary_large_image","twitter_misc":{"Verf\u00fcgbarkeit":"Auf Lager"},"schema":{"@context":"https:\/\/schema.org","@graph":[{"@type":"WebPage","@id":"https:\/\/peakart.co.uk\/de\/produkt\/shabby-chic-skelett-uhr\/","url":"https:\/\/peakart.co.uk\/de\/produkt\/shabby-chic-skelett-uhr\/","name":"40 Zoll, extra gro\u00dfe, handgefertigte, sch\u00e4big-schicke Wanduhr in Grau","isPartOf":{"@id":"https:\/\/peakart.co.uk\/de\/#website"},"primaryImageOfPage":{"@id":"https:\/\/peakart.co.uk\/de\/produkt\/shabby-chic-skelett-uhr\/#primaryimage"},"image":{"@id":"https:\/\/peakart.co.uk\/de\/produkt\/shabby-chic-skelett-uhr\/#primaryimage"},"thumbnailUrl":"https:\/\/peakart.co.uk\/wp-content\/uploads\/2016\/05\/Large-Shabby-Chic-French-Skeleton-Wall-Clock-1.jpg","datePublished":"2017-10-01T18:51:00+00:00","dateModified":"2023-03-24T17:27:41+00:00","description":"Diese kr\u00e4ftige, massive, sch\u00e4big-schicke Wanduhr in Grau passt sowohl zu rustikaler als auch industrieller Innenarchitektur. Kostbare und unkonventionelle Statement-Wandkunst.","breadcrumb":{"@id":"https:\/\/peakart.co.uk\/de\/produkt\/shabby-chic-skelett-uhr\/#breadcrumb"},"inLanguage":"de","potentialAction":[{"@type":"ReadAction","target":["https:\/\/peakart.co.uk\/de\/produkt\/shabby-chic-skelett-uhr\/"]}]},{"@type":"ImageObject","inLanguage":"de","@id":"https:\/\/peakart.co.uk\/de\/produkt\/shabby-chic-skelett-uhr\/#primaryimage","url":"https:\/\/peakart.co.uk\/wp-content\/uploads\/2016\/05\/Large-Shabby-Chic-French-Skeleton-Wall-Clock-1.jpg","contentUrl":"https:\/\/peakart.co.uk\/wp-content\/uploads\/2016\/05\/Large-Shabby-Chic-French-Skeleton-Wall-Clock-1.jpg","width":900,"height":610},{"@type":"BreadcrumbList","@id":"https:\/\/peakart.co.uk\/de\/produkt\/shabby-chic-skelett-uhr\/#breadcrumb","itemListElement":[{"@type":"ListItem","position":1,"name":"Home","item":"https:\/\/peakart.co.uk\/de\/"},{"@type":"ListItem","position":2,"name":"Shop","item":"https:\/\/peakart.co.uk\/de\/shop\/"},{"@type":"ListItem","position":3,"name":"Gro\u00dfe Shabby Chic Skelett Uhr Handgefertigt"}]},{"@type":"WebSite","@id":"https:\/\/peakart.co.uk\/de\/#website","url":"https:\/\/peakart.co.uk\/de\/","name":"Peak Art","description":"","publisher":{"@id":"https:\/\/peakart.co.uk\/de\/#organization"},"potentialAction":[{"@type":"SearchAction","target":{"@type":"EntryPoint","urlTemplate":"https:\/\/peakart.co.uk\/de\/?s={search_term_string}"},"query-input":{"@type":"PropertyValueSpecification","valueRequired":true,"valueName":"search_term_string"}}],"inLanguage":"de"},{"@type":"Organization","@id":"https:\/\/peakart.co.uk\/de\/#organization","name":"Peak Art","url":"https:\/\/peakart.co.uk\/de\/","logo":{"@type":"ImageObject","inLanguage":"de","@id":"https:\/\/peakart.co.uk\/de\/#\/schema\/logo\/image\/","url":"https:\/\/peakart.co.uk\/wp-content\/uploads\/2023\/07\/logo-8.jpg","contentUrl":"https:\/\/peakart.co.uk\/wp-content\/uploads\/2023\/07\/logo-8.jpg","width":666,"height":259,"caption":"Peak Art"},"image":{"@id":"https:\/\/peakart.co.uk\/de\/#\/schema\/logo\/image\/"},"sameAs":["https:\/\/www.facebook.com\/PeakArtClocks\/"],"hasMerchantReturnPolicy":{"@type":"MerchantReturnPolicy","merchantReturnLink":"https:\/\/peakart.co.uk\/refund_returns\/"}}]},"og_availability":"instock","product_availability":"instock","product_retailer_item_id":"PEAKART-51398","product_condition":"new"},"_links":{"self":[{"href":"https:\/\/peakart.co.uk\/de\/wp-json\/wp\/v2\/product\/6488","targetHints":{"allow":["GET"]}}],"collection":[{"href":"https:\/\/peakart.co.uk\/de\/wp-json\/wp\/v2\/product"}],"about":[{"href":"https:\/\/peakart.co.uk\/de\/wp-json\/wp\/v2\/types\/product"}],"replies":[{"embeddable":true,"href":"https:\/\/peakart.co.uk\/de\/wp-json\/wp\/v2\/comments?post=6488"}],"wp:featuredmedia":[{"embeddable":true,"href":"https:\/\/peakart.co.uk\/de\/wp-json\/wp\/v2\/media\/32252"}],"wp:attachment":[{"href":"https:\/\/peakart.co.uk\/de\/wp-json\/wp\/v2\/media?parent=6488"}],"wp:term":[{"taxonomy":"product_brand","embeddable":true,"href":"https:\/\/peakart.co.uk\/de\/wp-json\/wp\/v2\/product_brand?post=6488"},{"taxonomy":"product_cat","embeddable":true,"href":"https:\/\/peakart.co.uk\/de\/wp-json\/wp\/v2\/product_cat?post=6488"},{"taxonomy":"product_tag","embeddable":true,"href":"https:\/\/peakart.co.uk\/de\/wp-json\/wp\/v2\/product_tag?post=6488"}],"curies":[{"name":"wp","href":"https:\/\/api.w.org\/{rel}","templated":true}]}}