{"id":6469,"date":"2017-03-10T12:10:40","date_gmt":"2017-10-01T18:00:42","guid":{"rendered":"http:\/\/peakart.co.uk\/product\/grose-handgefertigte-skelett-wanduhr-in-rustikal-grau\/"},"modified":"2023-03-23T22:45:22","modified_gmt":"2023-03-23T22:45:22","slug":"extra-grosse-wanduhr","status":"publish","type":"product","link":"https:\/\/peakart.co.uk\/de\/produkt\/extra-grosse-wanduhr\/","title":{"rendered":"Extra gro\u00dfe Wanduhr mit r\u00f6mischen Ziffern"},"content":{"rendered":"<h2>Extra gro\u00dfe Wanduhr &#8211; Rustikal | Skelett | R\u00f6mische Zahlzeichen<\/h2>\n<p>Bei der Erschaffung dieser beeindruckenden, dreidimensionalen Skelett-Wanduhren mit r\u00f6mischen Ziffern wird mir niemals langweilig. Sie haben so viel Charakter und hinterlassen einen solch starken Eindruck, dass es mir die reinste Freude ist, zu sehen, wie jede von ihnen erbl\u00fcht, w\u00e4hrend ich sie entwerfe, schneide und anmale.<\/p>\n<p>Diese besondere Uhr, die ich &#8220;rustikal grau&#8221; genannt habe, war von Anfang an eine Art Experiment. Zwar funktioniert es nicht immer genau so, wie ich es plane, doch das ist eben das Wesen der Kunst, oder? Jede einzelne Uhr von Peak Art hat ihre einzigartigen Eigenschaften und ihr distinguiertes Wesen, und das ist es, was diese von Hand gefertigten Kunstwertke von den billigen Alternativen aus der Massenproduktion unterscheidet. Die Leute suchen das Besondere, um ihre K\u00fcchen, Schlafzimmer oder Hausflure stilvoll zu dekorieren, das einen leichten &#8220;Wow&#8221;-Effekt besitzt.<\/p>\n<p>Bitte teilen Sie mir mit, was Sie \u00fcber die \u00fcbergro\u00dfen Skelettuhren als eine moderne Alternative zu gro\u00dfen Gem\u00e4lden oder Spiegeln halten. M\u00f6chten Sie bei der Inneneinrichtung lieber den \u00fcberkommenen Trends folgen oder etwas ganz Neues machen? W\u00fcrde es Ihnen gefallen, mit mir zusammenzuarbeiten, um Ihr eigenes Farbschema und einen wirklich ma\u00dfgeschneiderten Entwurf f\u00fcr eine Wanduhr zu gestalten? Es gibt Tausende Leute in unserer <a href=\"https:\/\/www.facebook.com\/PeakArtClocks\/\">Facebook-Community<\/a>; treten Sie also bei, um Ihre Ansichten und Kommentare auszutauschen.<\/p>\n<p>&nbsp;<\/p>\n","protected":false},"excerpt":{"rendered":"<p><strong>Gestaltet und von Hand gefertigt<\/strong> &#8211; Anna Siodelska, Vereinigtes K\u00f6nigreich<\/p>\n<p><strong>Farbe des Zifferblattts<\/strong> \u2013 rustikal grau<\/p>\n<p><strong>Hintergrundfarbe<\/strong> \u2013 Transparent \/ Farbe der Wand<\/p>\n<p><strong>Anmerkung \u2013 <\/strong> Bei den Uhren vom Durchmesser 75 cm (30 Zoll) haben die Zahlzeichen eine leicht andere Form, um sicherzustellen, dass sie nicht zu d\u00fcnn sind. Ein Beispielbild mit unterschiedlichem Design finden Sie <a href=\"https:\/\/peakart.co.uk\/wp-content\/uploads\/2017\/09\/Unique-Large-Rustic-Grey-Wooden-Wall-Clock-Left.jpg\">hier<\/a><\/p>\n","protected":false},"featured_media":32669,"comment_status":"closed","ping_status":"closed","template":"","meta":[],"product_brand":[],"product_cat":[80],"product_tag":[83,90,87,82,89,95],"class_list":{"0":"post-6469","1":"product","2":"type-product","3":"status-publish","4":"has-post-thumbnail","6":"product_cat-grosse-wanduhren-handgefertigt","7":"product_tag-grosse-dekorative-wanduhren","8":"product_tag-grosse-skelett-wanduhren-mit-roemischen-zahlzeichen","9":"product_tag-wanduhren-mit-roemischen-zahlzeichen","10":"product_tag-grosse-kuenstlerische-wanduhren","11":"product_tag-schabige-schicke-wanduhren","12":"product_tag-skelett-wanduhren","14":"first","15":"instock","16":"sale","17":"featured","18":"taxable","19":"shipping-taxable","20":"purchasable","21":"product-type-variable"},"yoast_head":"<!-- This site is optimized with the Yoast SEO Premium plugin v27.2 (Yoast SEO v27.2) - https:\/\/yoast.com\/product\/yoast-seo-premium-wordpress\/ -->\n<title>Rustikal-graue Wanduhr, 100 cm, mit r\u00f6mischen Zahlzeichen<\/title>\n<meta name=\"description\" content=\"Diese beachtliche Wanduhr im rustikal-grauen Look w\u00fcrde sowohl zu betont einfachen als auch zu Inneneinrichtungen im Industrial-Stil passen. Ein kostspieliges und ungew\u00f6hnliches Kunstwerk f\u00fcr die Wand mit klarem Statement.\" \/>\n<meta name=\"robots\" content=\"index, follow, max-snippet:-1, max-image-preview:large, max-video-preview:-1\" \/>\n<link rel=\"canonical\" href=\"https:\/\/peakart.co.uk\/de\/produkt\/extra-grosse-wanduhr\/\" \/>\n<meta property=\"og:locale\" content=\"de_DE\" \/>\n<meta property=\"og:type\" content=\"article\" \/>\n<meta property=\"og:title\" content=\"Extra gro\u00dfe Wanduhr mit r\u00f6mischen Ziffern\" \/>\n<meta property=\"og:description\" content=\"Diese beachtliche Wanduhr im rustikal-grauen Look w\u00fcrde sowohl zu betont einfachen als auch zu Inneneinrichtungen im Industrial-Stil passen. Ein kostspieliges und ungew\u00f6hnliches Kunstwerk f\u00fcr die Wand mit klarem Statement.\" \/>\n<meta property=\"og:url\" content=\"https:\/\/peakart.co.uk\/de\/produkt\/extra-grosse-wanduhr\/\" \/>\n<meta property=\"og:site_name\" content=\"Peak Art\" \/>\n<meta property=\"article:publisher\" content=\"https:\/\/www.facebook.com\/PeakArtClocks\/\" \/>\n<meta property=\"article:modified_time\" content=\"2023-03-23T22:45:22+00:00\" \/>\n<meta property=\"og:image\" content=\"https:\/\/peakart.co.uk\/wp-content\/uploads\/2017\/03\/Extra-Large-Rustic-Skeleton-Roman-Numeral-Wall-Clock-Left-1.jpg\" \/>\n\t<meta property=\"og:image:width\" content=\"500\" \/>\n\t<meta property=\"og:image:height\" content=\"437\" \/>\n\t<meta property=\"og:image:type\" content=\"image\/jpeg\" \/>\n<meta name=\"twitter:card\" content=\"summary_large_image\" \/>\n<meta name=\"twitter:label1\" content=\"Verf\u00fcgbarkeit\" \/>\n\t<meta name=\"twitter:data1\" content=\"Auf Lager\" \/>\n<script type=\"application\/ld+json\" class=\"yoast-schema-graph\">{\"@context\":\"https:\/\/schema.org\",\"@graph\":[{\"@type\":\"WebPage\",\"@id\":\"https:\/\/peakart.co.uk\/de\/produkt\/extra-grosse-wanduhr\/\",\"url\":\"https:\/\/peakart.co.uk\/de\/produkt\/extra-grosse-wanduhr\/\",\"name\":\"Rustikal-graue Wanduhr, 100 cm, mit r\u00f6mischen Zahlzeichen\",\"isPartOf\":{\"@id\":\"https:\/\/peakart.co.uk\/de\/#website\"},\"primaryImageOfPage\":{\"@id\":\"https:\/\/peakart.co.uk\/de\/produkt\/extra-grosse-wanduhr\/#primaryimage\"},\"image\":{\"@id\":\"https:\/\/peakart.co.uk\/de\/produkt\/extra-grosse-wanduhr\/#primaryimage\"},\"thumbnailUrl\":\"https:\/\/peakart.co.uk\/wp-content\/uploads\/2017\/03\/Extra-Large-Rustic-Skeleton-Roman-Numeral-Wall-Clock-Left-1.jpg\",\"datePublished\":\"2017-10-01T18:00:42+00:00\",\"dateModified\":\"2023-03-23T22:45:22+00:00\",\"description\":\"Diese beachtliche Wanduhr im rustikal-grauen Look w\u00fcrde sowohl zu betont einfachen als auch zu Inneneinrichtungen im Industrial-Stil passen. Ein kostspieliges und ungew\u00f6hnliches Kunstwerk f\u00fcr die Wand mit klarem Statement.\",\"breadcrumb\":{\"@id\":\"https:\/\/peakart.co.uk\/de\/produkt\/extra-grosse-wanduhr\/#breadcrumb\"},\"inLanguage\":\"de\",\"potentialAction\":[{\"@type\":\"ReadAction\",\"target\":[\"https:\/\/peakart.co.uk\/de\/produkt\/extra-grosse-wanduhr\/\"]}]},{\"@type\":\"ImageObject\",\"inLanguage\":\"de\",\"@id\":\"https:\/\/peakart.co.uk\/de\/produkt\/extra-grosse-wanduhr\/#primaryimage\",\"url\":\"https:\/\/peakart.co.uk\/wp-content\/uploads\/2017\/03\/Extra-Large-Rustic-Skeleton-Roman-Numeral-Wall-Clock-Left-1.jpg\",\"contentUrl\":\"https:\/\/peakart.co.uk\/wp-content\/uploads\/2017\/03\/Extra-Large-Rustic-Skeleton-Roman-Numeral-Wall-Clock-Left-1.jpg\",\"width\":500,\"height\":437},{\"@type\":\"BreadcrumbList\",\"@id\":\"https:\/\/peakart.co.uk\/de\/produkt\/extra-grosse-wanduhr\/#breadcrumb\",\"itemListElement\":[{\"@type\":\"ListItem\",\"position\":1,\"name\":\"Home\",\"item\":\"https:\/\/peakart.co.uk\/de\/\"},{\"@type\":\"ListItem\",\"position\":2,\"name\":\"Shop\",\"item\":\"https:\/\/peakart.co.uk\/de\/shop\/\"},{\"@type\":\"ListItem\",\"position\":3,\"name\":\"Extra gro\u00dfe Wanduhr mit r\u00f6mischen Ziffern\"}]},{\"@type\":\"WebSite\",\"@id\":\"https:\/\/peakart.co.uk\/de\/#website\",\"url\":\"https:\/\/peakart.co.uk\/de\/\",\"name\":\"Peak Art\",\"description\":\"\",\"publisher\":{\"@id\":\"https:\/\/peakart.co.uk\/de\/#organization\"},\"potentialAction\":[{\"@type\":\"SearchAction\",\"target\":{\"@type\":\"EntryPoint\",\"urlTemplate\":\"https:\/\/peakart.co.uk\/de\/?s={search_term_string}\"},\"query-input\":{\"@type\":\"PropertyValueSpecification\",\"valueRequired\":true,\"valueName\":\"search_term_string\"}}],\"inLanguage\":\"de\"},{\"@type\":\"Organization\",\"@id\":\"https:\/\/peakart.co.uk\/de\/#organization\",\"name\":\"Peak Art\",\"url\":\"https:\/\/peakart.co.uk\/de\/\",\"logo\":{\"@type\":\"ImageObject\",\"inLanguage\":\"de\",\"@id\":\"https:\/\/peakart.co.uk\/de\/#\/schema\/logo\/image\/\",\"url\":\"https:\/\/peakart.co.uk\/wp-content\/uploads\/2023\/07\/logo-8.jpg\",\"contentUrl\":\"https:\/\/peakart.co.uk\/wp-content\/uploads\/2023\/07\/logo-8.jpg\",\"width\":666,\"height\":259,\"caption\":\"Peak Art\"},\"image\":{\"@id\":\"https:\/\/peakart.co.uk\/de\/#\/schema\/logo\/image\/\"},\"sameAs\":[\"https:\/\/www.facebook.com\/PeakArtClocks\/\"],\"hasMerchantReturnPolicy\":{\"@type\":\"MerchantReturnPolicy\",\"merchantReturnLink\":\"https:\/\/peakart.co.uk\/refund_returns\/\"}}]}<\/script>\n<meta property=\"og:availability\" content=\"instock\" \/>\n<meta property=\"product:availability\" content=\"instock\" \/>\n<meta property=\"product:retailer_item_id\" content=\"PEAKART-78149\" \/>\n<meta property=\"product:condition\" content=\"new\" \/>\n<!-- \/ Yoast SEO Premium plugin. -->","yoast_head_json":{"title":"Rustikal-graue Wanduhr, 100 cm, mit r\u00f6mischen Zahlzeichen","description":"Diese beachtliche Wanduhr im rustikal-grauen Look w\u00fcrde sowohl zu betont einfachen als auch zu Inneneinrichtungen im Industrial-Stil passen. Ein kostspieliges und ungew\u00f6hnliches Kunstwerk f\u00fcr die Wand mit klarem Statement.","robots":{"index":"index","follow":"follow","max-snippet":"max-snippet:-1","max-image-preview":"max-image-preview:large","max-video-preview":"max-video-preview:-1"},"canonical":"https:\/\/peakart.co.uk\/de\/produkt\/extra-grosse-wanduhr\/","og_locale":"de_DE","og_type":"article","og_title":"Extra gro\u00dfe Wanduhr mit r\u00f6mischen Ziffern","og_description":"Diese beachtliche Wanduhr im rustikal-grauen Look w\u00fcrde sowohl zu betont einfachen als auch zu Inneneinrichtungen im Industrial-Stil passen. Ein kostspieliges und ungew\u00f6hnliches Kunstwerk f\u00fcr die Wand mit klarem Statement.","og_url":"https:\/\/peakart.co.uk\/de\/produkt\/extra-grosse-wanduhr\/","og_site_name":"Peak Art","article_publisher":"https:\/\/www.facebook.com\/PeakArtClocks\/","article_modified_time":"2023-03-23T22:45:22+00:00","og_image":[{"width":500,"height":437,"url":"https:\/\/peakart.co.uk\/wp-content\/uploads\/2017\/03\/Extra-Large-Rustic-Skeleton-Roman-Numeral-Wall-Clock-Left-1.jpg","type":"image\/jpeg"}],"twitter_card":"summary_large_image","twitter_misc":{"Verf\u00fcgbarkeit":"Auf Lager"},"schema":{"@context":"https:\/\/schema.org","@graph":[{"@type":"WebPage","@id":"https:\/\/peakart.co.uk\/de\/produkt\/extra-grosse-wanduhr\/","url":"https:\/\/peakart.co.uk\/de\/produkt\/extra-grosse-wanduhr\/","name":"Rustikal-graue Wanduhr, 100 cm, mit r\u00f6mischen Zahlzeichen","isPartOf":{"@id":"https:\/\/peakart.co.uk\/de\/#website"},"primaryImageOfPage":{"@id":"https:\/\/peakart.co.uk\/de\/produkt\/extra-grosse-wanduhr\/#primaryimage"},"image":{"@id":"https:\/\/peakart.co.uk\/de\/produkt\/extra-grosse-wanduhr\/#primaryimage"},"thumbnailUrl":"https:\/\/peakart.co.uk\/wp-content\/uploads\/2017\/03\/Extra-Large-Rustic-Skeleton-Roman-Numeral-Wall-Clock-Left-1.jpg","datePublished":"2017-10-01T18:00:42+00:00","dateModified":"2023-03-23T22:45:22+00:00","description":"Diese beachtliche Wanduhr im rustikal-grauen Look w\u00fcrde sowohl zu betont einfachen als auch zu Inneneinrichtungen im Industrial-Stil passen. Ein kostspieliges und ungew\u00f6hnliches Kunstwerk f\u00fcr die Wand mit klarem Statement.","breadcrumb":{"@id":"https:\/\/peakart.co.uk\/de\/produkt\/extra-grosse-wanduhr\/#breadcrumb"},"inLanguage":"de","potentialAction":[{"@type":"ReadAction","target":["https:\/\/peakart.co.uk\/de\/produkt\/extra-grosse-wanduhr\/"]}]},{"@type":"ImageObject","inLanguage":"de","@id":"https:\/\/peakart.co.uk\/de\/produkt\/extra-grosse-wanduhr\/#primaryimage","url":"https:\/\/peakart.co.uk\/wp-content\/uploads\/2017\/03\/Extra-Large-Rustic-Skeleton-Roman-Numeral-Wall-Clock-Left-1.jpg","contentUrl":"https:\/\/peakart.co.uk\/wp-content\/uploads\/2017\/03\/Extra-Large-Rustic-Skeleton-Roman-Numeral-Wall-Clock-Left-1.jpg","width":500,"height":437},{"@type":"BreadcrumbList","@id":"https:\/\/peakart.co.uk\/de\/produkt\/extra-grosse-wanduhr\/#breadcrumb","itemListElement":[{"@type":"ListItem","position":1,"name":"Home","item":"https:\/\/peakart.co.uk\/de\/"},{"@type":"ListItem","position":2,"name":"Shop","item":"https:\/\/peakart.co.uk\/de\/shop\/"},{"@type":"ListItem","position":3,"name":"Extra gro\u00dfe Wanduhr mit r\u00f6mischen Ziffern"}]},{"@type":"WebSite","@id":"https:\/\/peakart.co.uk\/de\/#website","url":"https:\/\/peakart.co.uk\/de\/","name":"Peak Art","description":"","publisher":{"@id":"https:\/\/peakart.co.uk\/de\/#organization"},"potentialAction":[{"@type":"SearchAction","target":{"@type":"EntryPoint","urlTemplate":"https:\/\/peakart.co.uk\/de\/?s={search_term_string}"},"query-input":{"@type":"PropertyValueSpecification","valueRequired":true,"valueName":"search_term_string"}}],"inLanguage":"de"},{"@type":"Organization","@id":"https:\/\/peakart.co.uk\/de\/#organization","name":"Peak Art","url":"https:\/\/peakart.co.uk\/de\/","logo":{"@type":"ImageObject","inLanguage":"de","@id":"https:\/\/peakart.co.uk\/de\/#\/schema\/logo\/image\/","url":"https:\/\/peakart.co.uk\/wp-content\/uploads\/2023\/07\/logo-8.jpg","contentUrl":"https:\/\/peakart.co.uk\/wp-content\/uploads\/2023\/07\/logo-8.jpg","width":666,"height":259,"caption":"Peak Art"},"image":{"@id":"https:\/\/peakart.co.uk\/de\/#\/schema\/logo\/image\/"},"sameAs":["https:\/\/www.facebook.com\/PeakArtClocks\/"],"hasMerchantReturnPolicy":{"@type":"MerchantReturnPolicy","merchantReturnLink":"https:\/\/peakart.co.uk\/refund_returns\/"}}]},"og_availability":"instock","product_availability":"instock","product_retailer_item_id":"PEAKART-78149","product_condition":"new"},"_links":{"self":[{"href":"https:\/\/peakart.co.uk\/de\/wp-json\/wp\/v2\/product\/6469","targetHints":{"allow":["GET"]}}],"collection":[{"href":"https:\/\/peakart.co.uk\/de\/wp-json\/wp\/v2\/product"}],"about":[{"href":"https:\/\/peakart.co.uk\/de\/wp-json\/wp\/v2\/types\/product"}],"replies":[{"embeddable":true,"href":"https:\/\/peakart.co.uk\/de\/wp-json\/wp\/v2\/comments?post=6469"}],"wp:featuredmedia":[{"embeddable":true,"href":"https:\/\/peakart.co.uk\/de\/wp-json\/wp\/v2\/media\/32669"}],"wp:attachment":[{"href":"https:\/\/peakart.co.uk\/de\/wp-json\/wp\/v2\/media?parent=6469"}],"wp:term":[{"taxonomy":"product_brand","embeddable":true,"href":"https:\/\/peakart.co.uk\/de\/wp-json\/wp\/v2\/product_brand?post=6469"},{"taxonomy":"product_cat","embeddable":true,"href":"https:\/\/peakart.co.uk\/de\/wp-json\/wp\/v2\/product_cat?post=6469"},{"taxonomy":"product_tag","embeddable":true,"href":"https:\/\/peakart.co.uk\/de\/wp-json\/wp\/v2\/product_tag?post=6469"}],"curies":[{"name":"wp","href":"https:\/\/api.w.org\/{rel}","templated":true}]}}