{"id":6438,"date":"2015-11-26T14:40:32","date_gmt":"2017-10-01T14:57:07","guid":{"rendered":"http:\/\/peakart.co.uk\/product\/riesige-exzentrische-einzigartige-designer-wanduhr\/"},"modified":"2023-03-25T20:02:09","modified_gmt":"2023-03-25T20:02:09","slug":"riesigen-wanduhr","status":"publish","type":"product","link":"https:\/\/peakart.co.uk\/de\/produkt\/riesigen-wanduhr\/","title":{"rendered":"Riesigen Wanduhr aus Holz"},"content":{"rendered":"<h2>Riesigen Wanduhr aus holz &#8211; Handgemachte Wandkunst<\/h2>\n<p>Die &#8220;Alte Klipper XL&#8221; ist nicht nur eine Massive, handgefertigte Uhr, sondern auch das exzentrischste und sch\u00f6nste St\u00fcck Wandkunst, das all Ihre G\u00e4ste, die zu Besuch kommen, beeindrucken wird. Wie die meisten unserer Produkte hat diese atemberaubende riesige Wanduhr eine Geschichte. Urspr\u00fcnglich waren \u00e4hnliche Ziffernbl\u00e4tter nur in 100 cm Gr\u00f6\u00dfe verf\u00fcgbar aber einer unserer Kunden, hat nach einer gr\u00f6\u00dferen Gr\u00f6\u00dfe gefragt. Sie k\u00f6nnen mehr dar\u00fcber lesen und Ihre Kommentare in diesem <a href=\"https:\/\/peakart.co.uk\/de\/blog-post\/designer-wanduhren\/\"> Blogeintrag<\/a> teilen.<\/p>\n<p>Sind Sie auf der Suche nach etwas ganz anderem, um einen gro\u00dfen leeren Platz an Ihrer Wand zu f\u00fcllen? Vielleicht haben Sie es satt, nur fadenscheinige Fabrikartikelzu finden, wenn Sie auf der Suche nach gro\u00dfen Uhren sind? Versuchen Sie stattdessen nach <a href=\"https:\/\/www.google.de\/search?source=hp&amp;q=extragro\u00dfen+handgefertigten+Wanduhren\">Extra gro\u00dfen, handgefertigten Wanduhren zu suchen<\/a> und Sie werden sehen, dass wir die Google-Suche dominieren.<\/p>\n<p>Die handgefertigten Produkte von Peak Art sind viel teurer, als das, was man auf dem Massenmarkt bekommt, aber die Einzigartigkeit und der Charakter, den man bekommt, wird Ihre Erwartungen \u00fcbertreffen. Unsere <a href=\"https:\/\/www.facebook.com\/PeakArtClocks\/\"> Facebook Community <\/a> hat Tausende von Mitgliedern, also schlie\u00dfen Sie sich bitte an und lassen Sie uns die einzigartige Wanduhr entwerfen, die zu Ihren Bed\u00fcrfnissen passt.<\/p>\n<p>Alle Peak Art Uhren werden ausnahmslos mit abgenommenen Zeigern geliefert, um zu vermeiden, dass sie unterwegs besch\u00e4digt werden. Alle Uhren sind batteriebetrieben und mit leistungsstarken Quarz-Mechanismen ausgestattet. Dieses <a href=\"https:\/\/www.youtube.com\/watch?v=08Tq0lKFs30\"> kurze Video zeigt die beste art, die Uhrzeiger anzubringen und die Zeit einzustellen <\/a>.<\/p>\n<p>Denken Sie anders und anstatt billige Importe aus China zu kaufen, die den Markt in diesen Tagen \u00fcberfluten, g\u00f6nnen Sie sich eine au\u00dfergew\u00f6hnlich Designer-Wanduhr von Peak Art und sorgen Sie daf\u00fcr, dass Ihr Wohnzimmer sich von der Menge abhebt.<\/p>\n","protected":false},"excerpt":{"rendered":"<p>Die &#8220;Alte Klipper XL&#8221;\u00a0 riesige Designer-Uhr wird aus zwei gro\u00dfen Tafeln, aus nachhaltig hergestelltem Kiefernholz, handgefertigt. Das Ziffernblatt mit seinem ausgepr\u00e4gten Charakter und Eigenschaften sieht auf dem handbemalten und geschnitzten Hintergrund erstaunlich aus. Mit einem Gesamtdurchmesser von 120 cm ist die\u00a0&#8220;Alte Klipper XL&#8221;\u00a0 das Kernst\u00fcck der Aufmerksamkeit in Ihrer stilvollen Umgebung.<\/p>\n<p><strong> Entworfen &amp; handgefertigt <\/strong> &#8211; Anna Siodelska, Gro\u00dfbritannien<\/p>\n<p><strong> Ziffernblatt Farbe <\/strong> &#8211; jakobinische Eiche<\/p>\n<p><strong> Hintergrundfarbe <\/strong> &#8211; Eiche<\/p>\n","protected":false},"featured_media":32515,"comment_status":"open","ping_status":"closed","template":"","meta":[],"product_brand":[],"product_cat":[80],"product_tag":[83,2139,82],"class_list":{"0":"post-6438","1":"product","2":"type-product","3":"status-publish","4":"has-post-thumbnail","6":"product_cat-grosse-wanduhren-handgefertigt","7":"product_tag-grosse-dekorative-wanduhren","8":"product_tag-grose-wanduhren","9":"product_tag-grosse-kuenstlerische-wanduhren","11":"first","12":"instock","13":"sale","14":"taxable","15":"shipping-taxable","16":"purchasable","17":"product-type-variable"},"yoast_head":"<!-- This site is optimized with the Yoast SEO Premium plugin v27.2 (Yoast SEO v27.2) - https:\/\/yoast.com\/product\/yoast-seo-premium-wordpress\/ -->\n<title>Riesigen Wanduhr aus Holz - Peak Art<\/title>\n<meta name=\"description\" content=\"Diese riesige handgefertigte und handbemalte, einzigartige Designer-Wanduhr ist ein teures Kunstwerk, das an all Ihre G\u00e4sten ein mutiges Statment setzt.\" \/>\n<meta name=\"robots\" content=\"index, follow, max-snippet:-1, max-image-preview:large, max-video-preview:-1\" \/>\n<link rel=\"canonical\" href=\"https:\/\/peakart.co.uk\/de\/produkt\/riesigen-wanduhr\/\" \/>\n<meta property=\"og:locale\" content=\"de_DE\" \/>\n<meta property=\"og:type\" content=\"article\" \/>\n<meta property=\"og:title\" content=\"Riesigen Wanduhr aus Holz\" \/>\n<meta property=\"og:description\" content=\"Diese riesige handgefertigte und handbemalte, einzigartige Designer-Wanduhr ist ein teures Kunstwerk, das an all Ihre G\u00e4sten ein mutiges Statment setzt.\" \/>\n<meta property=\"og:url\" content=\"https:\/\/peakart.co.uk\/de\/produkt\/riesigen-wanduhr\/\" \/>\n<meta property=\"og:site_name\" content=\"Peak Art\" \/>\n<meta property=\"article:publisher\" content=\"https:\/\/www.facebook.com\/PeakArtClocks\/\" \/>\n<meta property=\"article:modified_time\" content=\"2023-03-25T20:02:09+00:00\" \/>\n<meta property=\"og:image\" content=\"https:\/\/peakart.co.uk\/wp-content\/uploads\/2015\/11\/IMG_2058-scaled-e1717229479186.jpg\" \/>\n\t<meta property=\"og:image:width\" content=\"2560\" \/>\n\t<meta property=\"og:image:height\" content=\"1707\" \/>\n\t<meta property=\"og:image:type\" content=\"image\/jpeg\" \/>\n<meta name=\"twitter:card\" content=\"summary_large_image\" \/>\n<meta name=\"twitter:label1\" content=\"Verf\u00fcgbarkeit\" \/>\n\t<meta name=\"twitter:data1\" content=\"Auf Lager\" \/>\n<script type=\"application\/ld+json\" class=\"yoast-schema-graph\">{\"@context\":\"https:\/\/schema.org\",\"@graph\":[{\"@type\":\"WebPage\",\"@id\":\"https:\/\/peakart.co.uk\/de\/produkt\/riesigen-wanduhr\/\",\"url\":\"https:\/\/peakart.co.uk\/de\/produkt\/riesigen-wanduhr\/\",\"name\":\"Riesigen Wanduhr aus Holz - Peak Art\",\"isPartOf\":{\"@id\":\"https:\/\/peakart.co.uk\/de\/#website\"},\"primaryImageOfPage\":{\"@id\":\"https:\/\/peakart.co.uk\/de\/produkt\/riesigen-wanduhr\/#primaryimage\"},\"image\":{\"@id\":\"https:\/\/peakart.co.uk\/de\/produkt\/riesigen-wanduhr\/#primaryimage\"},\"thumbnailUrl\":\"https:\/\/peakart.co.uk\/wp-content\/uploads\/2015\/11\/IMG_2058-scaled-e1717229479186.jpg\",\"datePublished\":\"2017-10-01T14:57:07+00:00\",\"dateModified\":\"2023-03-25T20:02:09+00:00\",\"description\":\"Diese riesige handgefertigte und handbemalte, einzigartige Designer-Wanduhr ist ein teures Kunstwerk, das an all Ihre G\u00e4sten ein mutiges Statment setzt.\",\"breadcrumb\":{\"@id\":\"https:\/\/peakart.co.uk\/de\/produkt\/riesigen-wanduhr\/#breadcrumb\"},\"inLanguage\":\"de\",\"potentialAction\":[{\"@type\":\"ReadAction\",\"target\":[\"https:\/\/peakart.co.uk\/de\/produkt\/riesigen-wanduhr\/\"]}]},{\"@type\":\"ImageObject\",\"inLanguage\":\"de\",\"@id\":\"https:\/\/peakart.co.uk\/de\/produkt\/riesigen-wanduhr\/#primaryimage\",\"url\":\"https:\/\/peakart.co.uk\/wp-content\/uploads\/2015\/11\/IMG_2058-scaled-e1717229479186.jpg\",\"contentUrl\":\"https:\/\/peakart.co.uk\/wp-content\/uploads\/2015\/11\/IMG_2058-scaled-e1717229479186.jpg\",\"width\":1706,\"height\":1706,\"caption\":\"big wall clock\"},{\"@type\":\"BreadcrumbList\",\"@id\":\"https:\/\/peakart.co.uk\/de\/produkt\/riesigen-wanduhr\/#breadcrumb\",\"itemListElement\":[{\"@type\":\"ListItem\",\"position\":1,\"name\":\"Home\",\"item\":\"https:\/\/peakart.co.uk\/de\/\"},{\"@type\":\"ListItem\",\"position\":2,\"name\":\"Shop\",\"item\":\"https:\/\/peakart.co.uk\/de\/shop\/\"},{\"@type\":\"ListItem\",\"position\":3,\"name\":\"Riesigen Wanduhr aus Holz\"}]},{\"@type\":\"WebSite\",\"@id\":\"https:\/\/peakart.co.uk\/de\/#website\",\"url\":\"https:\/\/peakart.co.uk\/de\/\",\"name\":\"Peak Art\",\"description\":\"\",\"publisher\":{\"@id\":\"https:\/\/peakart.co.uk\/de\/#organization\"},\"potentialAction\":[{\"@type\":\"SearchAction\",\"target\":{\"@type\":\"EntryPoint\",\"urlTemplate\":\"https:\/\/peakart.co.uk\/de\/?s={search_term_string}\"},\"query-input\":{\"@type\":\"PropertyValueSpecification\",\"valueRequired\":true,\"valueName\":\"search_term_string\"}}],\"inLanguage\":\"de\"},{\"@type\":\"Organization\",\"@id\":\"https:\/\/peakart.co.uk\/de\/#organization\",\"name\":\"Peak Art\",\"url\":\"https:\/\/peakart.co.uk\/de\/\",\"logo\":{\"@type\":\"ImageObject\",\"inLanguage\":\"de\",\"@id\":\"https:\/\/peakart.co.uk\/de\/#\/schema\/logo\/image\/\",\"url\":\"https:\/\/peakart.co.uk\/wp-content\/uploads\/2023\/07\/logo-8.jpg\",\"contentUrl\":\"https:\/\/peakart.co.uk\/wp-content\/uploads\/2023\/07\/logo-8.jpg\",\"width\":666,\"height\":259,\"caption\":\"Peak Art\"},\"image\":{\"@id\":\"https:\/\/peakart.co.uk\/de\/#\/schema\/logo\/image\/\"},\"sameAs\":[\"https:\/\/www.facebook.com\/PeakArtClocks\/\"],\"hasMerchantReturnPolicy\":{\"@type\":\"MerchantReturnPolicy\",\"merchantReturnLink\":\"https:\/\/peakart.co.uk\/refund_returns\/\"}}]}<\/script>\n<meta property=\"og:availability\" content=\"instock\" \/>\n<meta property=\"product:availability\" content=\"instock\" \/>\n<meta property=\"product:retailer_item_id\" content=\"PEAKART-89581\" \/>\n<meta property=\"product:condition\" content=\"new\" \/>\n<!-- \/ Yoast SEO Premium plugin. -->","yoast_head_json":{"title":"Riesigen Wanduhr aus Holz - Peak Art","description":"Diese riesige handgefertigte und handbemalte, einzigartige Designer-Wanduhr ist ein teures Kunstwerk, das an all Ihre G\u00e4sten ein mutiges Statment setzt.","robots":{"index":"index","follow":"follow","max-snippet":"max-snippet:-1","max-image-preview":"max-image-preview:large","max-video-preview":"max-video-preview:-1"},"canonical":"https:\/\/peakart.co.uk\/de\/produkt\/riesigen-wanduhr\/","og_locale":"de_DE","og_type":"article","og_title":"Riesigen Wanduhr aus Holz","og_description":"Diese riesige handgefertigte und handbemalte, einzigartige Designer-Wanduhr ist ein teures Kunstwerk, das an all Ihre G\u00e4sten ein mutiges Statment setzt.","og_url":"https:\/\/peakart.co.uk\/de\/produkt\/riesigen-wanduhr\/","og_site_name":"Peak Art","article_publisher":"https:\/\/www.facebook.com\/PeakArtClocks\/","article_modified_time":"2023-03-25T20:02:09+00:00","og_image":[{"width":2560,"height":1707,"url":"https:\/\/peakart.co.uk\/wp-content\/uploads\/2015\/11\/IMG_2058-scaled-e1717229479186.jpg","type":"image\/jpeg"}],"twitter_card":"summary_large_image","twitter_misc":{"Verf\u00fcgbarkeit":"Auf Lager"},"schema":{"@context":"https:\/\/schema.org","@graph":[{"@type":"WebPage","@id":"https:\/\/peakart.co.uk\/de\/produkt\/riesigen-wanduhr\/","url":"https:\/\/peakart.co.uk\/de\/produkt\/riesigen-wanduhr\/","name":"Riesigen Wanduhr aus Holz - Peak Art","isPartOf":{"@id":"https:\/\/peakart.co.uk\/de\/#website"},"primaryImageOfPage":{"@id":"https:\/\/peakart.co.uk\/de\/produkt\/riesigen-wanduhr\/#primaryimage"},"image":{"@id":"https:\/\/peakart.co.uk\/de\/produkt\/riesigen-wanduhr\/#primaryimage"},"thumbnailUrl":"https:\/\/peakart.co.uk\/wp-content\/uploads\/2015\/11\/IMG_2058-scaled-e1717229479186.jpg","datePublished":"2017-10-01T14:57:07+00:00","dateModified":"2023-03-25T20:02:09+00:00","description":"Diese riesige handgefertigte und handbemalte, einzigartige Designer-Wanduhr ist ein teures Kunstwerk, das an all Ihre G\u00e4sten ein mutiges Statment setzt.","breadcrumb":{"@id":"https:\/\/peakart.co.uk\/de\/produkt\/riesigen-wanduhr\/#breadcrumb"},"inLanguage":"de","potentialAction":[{"@type":"ReadAction","target":["https:\/\/peakart.co.uk\/de\/produkt\/riesigen-wanduhr\/"]}]},{"@type":"ImageObject","inLanguage":"de","@id":"https:\/\/peakart.co.uk\/de\/produkt\/riesigen-wanduhr\/#primaryimage","url":"https:\/\/peakart.co.uk\/wp-content\/uploads\/2015\/11\/IMG_2058-scaled-e1717229479186.jpg","contentUrl":"https:\/\/peakart.co.uk\/wp-content\/uploads\/2015\/11\/IMG_2058-scaled-e1717229479186.jpg","width":1706,"height":1706,"caption":"big wall clock"},{"@type":"BreadcrumbList","@id":"https:\/\/peakart.co.uk\/de\/produkt\/riesigen-wanduhr\/#breadcrumb","itemListElement":[{"@type":"ListItem","position":1,"name":"Home","item":"https:\/\/peakart.co.uk\/de\/"},{"@type":"ListItem","position":2,"name":"Shop","item":"https:\/\/peakart.co.uk\/de\/shop\/"},{"@type":"ListItem","position":3,"name":"Riesigen Wanduhr aus Holz"}]},{"@type":"WebSite","@id":"https:\/\/peakart.co.uk\/de\/#website","url":"https:\/\/peakart.co.uk\/de\/","name":"Peak Art","description":"","publisher":{"@id":"https:\/\/peakart.co.uk\/de\/#organization"},"potentialAction":[{"@type":"SearchAction","target":{"@type":"EntryPoint","urlTemplate":"https:\/\/peakart.co.uk\/de\/?s={search_term_string}"},"query-input":{"@type":"PropertyValueSpecification","valueRequired":true,"valueName":"search_term_string"}}],"inLanguage":"de"},{"@type":"Organization","@id":"https:\/\/peakart.co.uk\/de\/#organization","name":"Peak Art","url":"https:\/\/peakart.co.uk\/de\/","logo":{"@type":"ImageObject","inLanguage":"de","@id":"https:\/\/peakart.co.uk\/de\/#\/schema\/logo\/image\/","url":"https:\/\/peakart.co.uk\/wp-content\/uploads\/2023\/07\/logo-8.jpg","contentUrl":"https:\/\/peakart.co.uk\/wp-content\/uploads\/2023\/07\/logo-8.jpg","width":666,"height":259,"caption":"Peak Art"},"image":{"@id":"https:\/\/peakart.co.uk\/de\/#\/schema\/logo\/image\/"},"sameAs":["https:\/\/www.facebook.com\/PeakArtClocks\/"],"hasMerchantReturnPolicy":{"@type":"MerchantReturnPolicy","merchantReturnLink":"https:\/\/peakart.co.uk\/refund_returns\/"}}]},"og_availability":"instock","product_availability":"instock","product_retailer_item_id":"PEAKART-89581","product_condition":"new"},"_links":{"self":[{"href":"https:\/\/peakart.co.uk\/de\/wp-json\/wp\/v2\/product\/6438","targetHints":{"allow":["GET"]}}],"collection":[{"href":"https:\/\/peakart.co.uk\/de\/wp-json\/wp\/v2\/product"}],"about":[{"href":"https:\/\/peakart.co.uk\/de\/wp-json\/wp\/v2\/types\/product"}],"replies":[{"embeddable":true,"href":"https:\/\/peakart.co.uk\/de\/wp-json\/wp\/v2\/comments?post=6438"}],"wp:featuredmedia":[{"embeddable":true,"href":"https:\/\/peakart.co.uk\/de\/wp-json\/wp\/v2\/media\/32515"}],"wp:attachment":[{"href":"https:\/\/peakart.co.uk\/de\/wp-json\/wp\/v2\/media?parent=6438"}],"wp:term":[{"taxonomy":"product_brand","embeddable":true,"href":"https:\/\/peakart.co.uk\/de\/wp-json\/wp\/v2\/product_brand?post=6438"},{"taxonomy":"product_cat","embeddable":true,"href":"https:\/\/peakart.co.uk\/de\/wp-json\/wp\/v2\/product_cat?post=6438"},{"taxonomy":"product_tag","embeddable":true,"href":"https:\/\/peakart.co.uk\/de\/wp-json\/wp\/v2\/product_tag?post=6438"}],"curies":[{"name":"wp","href":"https:\/\/api.w.org\/{rel}","templated":true}]}}