{"id":6405,"date":"2017-08-05T17:57:47","date_gmt":"2017-10-01T07:09:18","guid":{"rendered":"http:\/\/peakart.co.uk\/product\/massive-handgefertigte-industrial-uhr-aus-holz\/"},"modified":"2023-03-24T20:09:19","modified_gmt":"2023-03-24T20:09:19","slug":"grose-industrieuhr","status":"publish","type":"product","link":"https:\/\/peakart.co.uk\/de\/produkt\/grose-industrieuhr\/","title":{"rendered":"Gro\u00dfe Industrieuhr aus Holz"},"content":{"rendered":"<h2>Extra gro\u00dfe Industrieuhr &#8211; Holz | Handgefertigt<\/h2>\n<p>Wenn Sie heutzutage aus der Masse hervorstechen wollen, reicht es nicht mehr, massenproduzierte Artikel zur Heimdekoration in gro\u00dfer Zahl anzuschaffen. Sie m\u00fcssen ein echtes Statement abgeben und Ihre Besucher mit etwas so Einmaligem und Besonderem beeindrucken, dass es ihnen den Atem nimmt. Wir von Peak Art haben seit Ende 2014 an den feinsten Designs f\u00fcr extra gro\u00dfe, handgefertigte Uhren gearbeitet. Viele unserer Kunden haben nicht nur nach Zeitgem\u00e4\u00dfem, sondern nach rostfarbenen Industrial-Uhren gefragt, und jene, die Sie hier sehen, ist die j\u00fcngste in unserer wachsenden Kollektion.<\/p>\n<p>Diese beeindruckende Wanduhr in \u00dcbergr\u00f6\u00dfe ist aus zwei gro\u00dfen, zusammengeschraubten Fichtenholzteilen gebaut. Sie k\u00f6nnen mehrere Farben und Muster erkennen, die f\u00fcr den besonders hervorragenden Look und Charakter sorgen. Ihr begeisternder Industrial-Stil macht sie besonders f\u00fcr Leute interessant, die einen edlen und manchmal kostspieligen Geschmack haben.<\/p>\n<p>Der Antrieb ist ein batteriebetriebenes Quarzuhrwerk, das eine einzelne Babyzelle ben\u00f6tigt. Gem\u00e4\u00df unserem Test m\u00fcssen Sie sich nicht vor Ablauf von 9 Monaten um den Batteriewechsel k\u00fcmmern. Sie wird mit abmontierten Zeigern geliefert, um Besch\u00e4digungen beim Transport zu vermeiden, es liegt aber eine vollst\u00e4ndige Anleitung zum Anbau der Zeiger und zum Einstellen der Zeit bei.<\/p>\n","protected":false},"excerpt":{"rendered":"<p><strong>Entworfen und handgefertigt<\/strong> &#8211; Anna Siodelska, Vereinigtes K\u00f6nigreich<\/p>\n<p><strong>Farbe des Zifferblattes<\/strong> &#8211; rostfarben, schwarz, creme, rauchfarben<\/p>\n<p><strong>Hintergrundfarbe<\/strong> &#8211; Transparent \/ Farbe der Wand<\/p>\n","protected":false},"featured_media":33431,"comment_status":"closed","ping_status":"closed","template":"","meta":[],"product_brand":[],"product_cat":[80],"product_tag":[83,86,2139,82,95],"class_list":{"0":"post-6405","1":"product","2":"type-product","3":"status-publish","4":"has-post-thumbnail","6":"product_cat-grosse-wanduhren-handgefertigt","7":"product_tag-grosse-dekorative-wanduhren","8":"product_tag-industrielle-wanduhren","9":"product_tag-grose-wanduhren","10":"product_tag-grosse-kuenstlerische-wanduhren","11":"product_tag-skelett-wanduhren","13":"first","14":"instock","15":"sale","16":"taxable","17":"shipping-taxable","18":"purchasable","19":"product-type-variable"},"yoast_head":"<!-- This site is optimized with the Yoast SEO Premium plugin v27.2 (Yoast SEO v27.2) - https:\/\/yoast.com\/product\/yoast-seo-premium-wordpress\/ -->\n<title>Sehr gro\u00dfe Industrial-Wanduhr, schwarz und rostfarben, 100 cm<\/title>\n<meta name=\"description\" content=\"Die einmalige Industrial-Wanduhr. Handgefertigt und von Hand bemalt in den farblichen Themen rosfarben, schwarz, creme und rauchfarben. 100 cm im Durchmesser und 8 kg schwer.\" \/>\n<meta name=\"robots\" content=\"index, follow, max-snippet:-1, max-image-preview:large, max-video-preview:-1\" \/>\n<link rel=\"canonical\" href=\"https:\/\/peakart.co.uk\/de\/produkt\/grose-industrieuhr\/\" \/>\n<meta property=\"og:locale\" content=\"de_DE\" \/>\n<meta property=\"og:type\" content=\"article\" \/>\n<meta property=\"og:title\" content=\"Gro\u00dfe Industrieuhr aus Holz\" \/>\n<meta property=\"og:description\" content=\"Die einmalige Industrial-Wanduhr. Handgefertigt und von Hand bemalt in den farblichen Themen rosfarben, schwarz, creme und rauchfarben. 100 cm im Durchmesser und 8 kg schwer.\" \/>\n<meta property=\"og:url\" content=\"https:\/\/peakart.co.uk\/de\/produkt\/grose-industrieuhr\/\" \/>\n<meta property=\"og:site_name\" content=\"Peak Art\" \/>\n<meta property=\"article:publisher\" content=\"https:\/\/www.facebook.com\/PeakArtClocks\/\" \/>\n<meta property=\"article:modified_time\" content=\"2023-03-24T20:09:19+00:00\" \/>\n<meta property=\"og:image\" content=\"https:\/\/peakart.co.uk\/wp-content\/uploads\/2017\/08\/Massive-Contemporary-Industrial-Wooden-Wall-Clock-Rusty-Industrial-Right-2-1-1024x1024.jpg\" \/>\n\t<meta property=\"og:image:width\" content=\"1024\" \/>\n\t<meta property=\"og:image:height\" content=\"1024\" \/>\n\t<meta property=\"og:image:type\" content=\"image\/jpeg\" \/>\n<meta name=\"twitter:card\" content=\"summary_large_image\" \/>\n<meta name=\"twitter:label1\" content=\"Verf\u00fcgbarkeit\" \/>\n\t<meta name=\"twitter:data1\" content=\"Auf Lager\" \/>\n<script type=\"application\/ld+json\" class=\"yoast-schema-graph\">{\"@context\":\"https:\/\/schema.org\",\"@graph\":[{\"@type\":\"WebPage\",\"@id\":\"https:\/\/peakart.co.uk\/de\/produkt\/grose-industrieuhr\/\",\"url\":\"https:\/\/peakart.co.uk\/de\/produkt\/grose-industrieuhr\/\",\"name\":\"Sehr gro\u00dfe Industrial-Wanduhr, schwarz und rostfarben, 100 cm\",\"isPartOf\":{\"@id\":\"https:\/\/peakart.co.uk\/de\/#website\"},\"primaryImageOfPage\":{\"@id\":\"https:\/\/peakart.co.uk\/de\/produkt\/grose-industrieuhr\/#primaryimage\"},\"image\":{\"@id\":\"https:\/\/peakart.co.uk\/de\/produkt\/grose-industrieuhr\/#primaryimage\"},\"thumbnailUrl\":\"https:\/\/peakart.co.uk\/wp-content\/uploads\/2017\/08\/Massive-Contemporary-Industrial-Wooden-Wall-Clock-Rusty-Industrial-Right-2-1.jpg\",\"datePublished\":\"2017-10-01T07:09:18+00:00\",\"dateModified\":\"2023-03-24T20:09:19+00:00\",\"description\":\"Die einmalige Industrial-Wanduhr. Handgefertigt und von Hand bemalt in den farblichen Themen rosfarben, schwarz, creme und rauchfarben. 100 cm im Durchmesser und 8 kg schwer.\",\"breadcrumb\":{\"@id\":\"https:\/\/peakart.co.uk\/de\/produkt\/grose-industrieuhr\/#breadcrumb\"},\"inLanguage\":\"de\",\"potentialAction\":[{\"@type\":\"ReadAction\",\"target\":[\"https:\/\/peakart.co.uk\/de\/produkt\/grose-industrieuhr\/\"]}]},{\"@type\":\"ImageObject\",\"inLanguage\":\"de\",\"@id\":\"https:\/\/peakart.co.uk\/de\/produkt\/grose-industrieuhr\/#primaryimage\",\"url\":\"https:\/\/peakart.co.uk\/wp-content\/uploads\/2017\/08\/Massive-Contemporary-Industrial-Wooden-Wall-Clock-Rusty-Industrial-Right-2-1.jpg\",\"contentUrl\":\"https:\/\/peakart.co.uk\/wp-content\/uploads\/2017\/08\/Massive-Contemporary-Industrial-Wooden-Wall-Clock-Rusty-Industrial-Right-2-1.jpg\",\"width\":2253,\"height\":2253},{\"@type\":\"BreadcrumbList\",\"@id\":\"https:\/\/peakart.co.uk\/de\/produkt\/grose-industrieuhr\/#breadcrumb\",\"itemListElement\":[{\"@type\":\"ListItem\",\"position\":1,\"name\":\"Home\",\"item\":\"https:\/\/peakart.co.uk\/de\/\"},{\"@type\":\"ListItem\",\"position\":2,\"name\":\"Shop\",\"item\":\"https:\/\/peakart.co.uk\/de\/shop\/\"},{\"@type\":\"ListItem\",\"position\":3,\"name\":\"Gro\u00dfe Industrieuhr aus Holz\"}]},{\"@type\":\"WebSite\",\"@id\":\"https:\/\/peakart.co.uk\/de\/#website\",\"url\":\"https:\/\/peakart.co.uk\/de\/\",\"name\":\"Peak Art\",\"description\":\"\",\"publisher\":{\"@id\":\"https:\/\/peakart.co.uk\/de\/#organization\"},\"potentialAction\":[{\"@type\":\"SearchAction\",\"target\":{\"@type\":\"EntryPoint\",\"urlTemplate\":\"https:\/\/peakart.co.uk\/de\/?s={search_term_string}\"},\"query-input\":{\"@type\":\"PropertyValueSpecification\",\"valueRequired\":true,\"valueName\":\"search_term_string\"}}],\"inLanguage\":\"de\"},{\"@type\":\"Organization\",\"@id\":\"https:\/\/peakart.co.uk\/de\/#organization\",\"name\":\"Peak Art\",\"url\":\"https:\/\/peakart.co.uk\/de\/\",\"logo\":{\"@type\":\"ImageObject\",\"inLanguage\":\"de\",\"@id\":\"https:\/\/peakart.co.uk\/de\/#\/schema\/logo\/image\/\",\"url\":\"https:\/\/peakart.co.uk\/wp-content\/uploads\/2023\/07\/logo-8.jpg\",\"contentUrl\":\"https:\/\/peakart.co.uk\/wp-content\/uploads\/2023\/07\/logo-8.jpg\",\"width\":666,\"height\":259,\"caption\":\"Peak Art\"},\"image\":{\"@id\":\"https:\/\/peakart.co.uk\/de\/#\/schema\/logo\/image\/\"},\"sameAs\":[\"https:\/\/www.facebook.com\/PeakArtClocks\/\"],\"hasMerchantReturnPolicy\":{\"@type\":\"MerchantReturnPolicy\",\"merchantReturnLink\":\"https:\/\/peakart.co.uk\/refund_returns\/\"}}]}<\/script>\n<meta property=\"og:availability\" content=\"instock\" \/>\n<meta property=\"product:availability\" content=\"instock\" \/>\n<meta property=\"product:retailer_item_id\" content=\"PEAKART-32938\" \/>\n<meta property=\"product:condition\" content=\"new\" \/>\n<!-- \/ Yoast SEO Premium plugin. -->","yoast_head_json":{"title":"Sehr gro\u00dfe Industrial-Wanduhr, schwarz und rostfarben, 100 cm","description":"Die einmalige Industrial-Wanduhr. Handgefertigt und von Hand bemalt in den farblichen Themen rosfarben, schwarz, creme und rauchfarben. 100 cm im Durchmesser und 8 kg schwer.","robots":{"index":"index","follow":"follow","max-snippet":"max-snippet:-1","max-image-preview":"max-image-preview:large","max-video-preview":"max-video-preview:-1"},"canonical":"https:\/\/peakart.co.uk\/de\/produkt\/grose-industrieuhr\/","og_locale":"de_DE","og_type":"article","og_title":"Gro\u00dfe Industrieuhr aus Holz","og_description":"Die einmalige Industrial-Wanduhr. Handgefertigt und von Hand bemalt in den farblichen Themen rosfarben, schwarz, creme und rauchfarben. 100 cm im Durchmesser und 8 kg schwer.","og_url":"https:\/\/peakart.co.uk\/de\/produkt\/grose-industrieuhr\/","og_site_name":"Peak Art","article_publisher":"https:\/\/www.facebook.com\/PeakArtClocks\/","article_modified_time":"2023-03-24T20:09:19+00:00","og_image":[{"width":1024,"height":1024,"url":"https:\/\/peakart.co.uk\/wp-content\/uploads\/2017\/08\/Massive-Contemporary-Industrial-Wooden-Wall-Clock-Rusty-Industrial-Right-2-1-1024x1024.jpg","type":"image\/jpeg"}],"twitter_card":"summary_large_image","twitter_misc":{"Verf\u00fcgbarkeit":"Auf Lager"},"schema":{"@context":"https:\/\/schema.org","@graph":[{"@type":"WebPage","@id":"https:\/\/peakart.co.uk\/de\/produkt\/grose-industrieuhr\/","url":"https:\/\/peakart.co.uk\/de\/produkt\/grose-industrieuhr\/","name":"Sehr gro\u00dfe Industrial-Wanduhr, schwarz und rostfarben, 100 cm","isPartOf":{"@id":"https:\/\/peakart.co.uk\/de\/#website"},"primaryImageOfPage":{"@id":"https:\/\/peakart.co.uk\/de\/produkt\/grose-industrieuhr\/#primaryimage"},"image":{"@id":"https:\/\/peakart.co.uk\/de\/produkt\/grose-industrieuhr\/#primaryimage"},"thumbnailUrl":"https:\/\/peakart.co.uk\/wp-content\/uploads\/2017\/08\/Massive-Contemporary-Industrial-Wooden-Wall-Clock-Rusty-Industrial-Right-2-1.jpg","datePublished":"2017-10-01T07:09:18+00:00","dateModified":"2023-03-24T20:09:19+00:00","description":"Die einmalige Industrial-Wanduhr. Handgefertigt und von Hand bemalt in den farblichen Themen rosfarben, schwarz, creme und rauchfarben. 100 cm im Durchmesser und 8 kg schwer.","breadcrumb":{"@id":"https:\/\/peakart.co.uk\/de\/produkt\/grose-industrieuhr\/#breadcrumb"},"inLanguage":"de","potentialAction":[{"@type":"ReadAction","target":["https:\/\/peakart.co.uk\/de\/produkt\/grose-industrieuhr\/"]}]},{"@type":"ImageObject","inLanguage":"de","@id":"https:\/\/peakart.co.uk\/de\/produkt\/grose-industrieuhr\/#primaryimage","url":"https:\/\/peakart.co.uk\/wp-content\/uploads\/2017\/08\/Massive-Contemporary-Industrial-Wooden-Wall-Clock-Rusty-Industrial-Right-2-1.jpg","contentUrl":"https:\/\/peakart.co.uk\/wp-content\/uploads\/2017\/08\/Massive-Contemporary-Industrial-Wooden-Wall-Clock-Rusty-Industrial-Right-2-1.jpg","width":2253,"height":2253},{"@type":"BreadcrumbList","@id":"https:\/\/peakart.co.uk\/de\/produkt\/grose-industrieuhr\/#breadcrumb","itemListElement":[{"@type":"ListItem","position":1,"name":"Home","item":"https:\/\/peakart.co.uk\/de\/"},{"@type":"ListItem","position":2,"name":"Shop","item":"https:\/\/peakart.co.uk\/de\/shop\/"},{"@type":"ListItem","position":3,"name":"Gro\u00dfe Industrieuhr aus Holz"}]},{"@type":"WebSite","@id":"https:\/\/peakart.co.uk\/de\/#website","url":"https:\/\/peakart.co.uk\/de\/","name":"Peak Art","description":"","publisher":{"@id":"https:\/\/peakart.co.uk\/de\/#organization"},"potentialAction":[{"@type":"SearchAction","target":{"@type":"EntryPoint","urlTemplate":"https:\/\/peakart.co.uk\/de\/?s={search_term_string}"},"query-input":{"@type":"PropertyValueSpecification","valueRequired":true,"valueName":"search_term_string"}}],"inLanguage":"de"},{"@type":"Organization","@id":"https:\/\/peakart.co.uk\/de\/#organization","name":"Peak Art","url":"https:\/\/peakart.co.uk\/de\/","logo":{"@type":"ImageObject","inLanguage":"de","@id":"https:\/\/peakart.co.uk\/de\/#\/schema\/logo\/image\/","url":"https:\/\/peakart.co.uk\/wp-content\/uploads\/2023\/07\/logo-8.jpg","contentUrl":"https:\/\/peakart.co.uk\/wp-content\/uploads\/2023\/07\/logo-8.jpg","width":666,"height":259,"caption":"Peak Art"},"image":{"@id":"https:\/\/peakart.co.uk\/de\/#\/schema\/logo\/image\/"},"sameAs":["https:\/\/www.facebook.com\/PeakArtClocks\/"],"hasMerchantReturnPolicy":{"@type":"MerchantReturnPolicy","merchantReturnLink":"https:\/\/peakart.co.uk\/refund_returns\/"}}]},"og_availability":"instock","product_availability":"instock","product_retailer_item_id":"PEAKART-32938","product_condition":"new"},"_links":{"self":[{"href":"https:\/\/peakart.co.uk\/de\/wp-json\/wp\/v2\/product\/6405","targetHints":{"allow":["GET"]}}],"collection":[{"href":"https:\/\/peakart.co.uk\/de\/wp-json\/wp\/v2\/product"}],"about":[{"href":"https:\/\/peakart.co.uk\/de\/wp-json\/wp\/v2\/types\/product"}],"replies":[{"embeddable":true,"href":"https:\/\/peakart.co.uk\/de\/wp-json\/wp\/v2\/comments?post=6405"}],"wp:featuredmedia":[{"embeddable":true,"href":"https:\/\/peakart.co.uk\/de\/wp-json\/wp\/v2\/media\/33431"}],"wp:attachment":[{"href":"https:\/\/peakart.co.uk\/de\/wp-json\/wp\/v2\/media?parent=6405"}],"wp:term":[{"taxonomy":"product_brand","embeddable":true,"href":"https:\/\/peakart.co.uk\/de\/wp-json\/wp\/v2\/product_brand?post=6405"},{"taxonomy":"product_cat","embeddable":true,"href":"https:\/\/peakart.co.uk\/de\/wp-json\/wp\/v2\/product_cat?post=6405"},{"taxonomy":"product_tag","embeddable":true,"href":"https:\/\/peakart.co.uk\/de\/wp-json\/wp\/v2\/product_tag?post=6405"}],"curies":[{"name":"wp","href":"https:\/\/api.w.org\/{rel}","templated":true}]}}