{"id":6379,"date":"2017-09-10T16:09:13","date_gmt":"2017-10-01T07:08:56","guid":{"rendered":"http:\/\/peakart.co.uk\/product\/beeindruckende-rustikal-weisse-skelett-wanduhr\/"},"modified":"2023-03-24T17:11:47","modified_gmt":"2023-03-24T17:11:47","slug":"weise-skelett-wanduhr","status":"publish","type":"product","link":"https:\/\/peakart.co.uk\/de\/produkt\/weise-skelett-wanduhr\/","title":{"rendered":"Beeindruckende rustikal-wei\u00dfe Skelett-Wanduhr"},"content":{"rendered":"<h2>Rustikal-wei\u00dfe Wanduhr | Skelett-Design |\u00a0R\u00f6mische Zahlzeichen<\/h2>\n<p>Diese sehr beeindruckende rustikale wei\u00dfe Wanduhr hat so viel Charakter, dass sie wirklich von absolut jedermann in ihrer N\u00e4he Aufmerksamkeit auf sich zieht. Sie ist eine der faszinierendsten Uhren in unserem Laden und k\u00f6nnte zu Leuten mit edlem, wenn auch kostspieligem Geschmack passen. Sie ist von Hand hergestellt und bemalt und zeigt gro\u00dfe r\u00f6mische Zahlzeichen. Dank ihres Skelett-Designs k\u00f6nnen Sie sie in vielen verschiedenen Inneneinrichtungen unabh\u00e4ngig von der Wandfarbe anbringen.<\/p>\n<p>Wie alle anderen Uhren von Peak Art ist auch die wei\u00dfe rustikale batteriebetrieben. Wir liefern sie mit abmontierten Zeigern, um jede Besch\u00e4digung beim Transport zu vermeiden. Wir geben eine vollst\u00e4ndige Anleitung f\u00fcr Sie zur Befestigung der Zeiger und zur Einstellung der Zeit. Wenn Sie mehr \u00fcber unsere Skelett-Designs aus Holz erfahren m\u00f6chten, so besuchen Sie bitte <a href=\"https:\/\/peakart.co.uk\/de\/blog\/\">unseren Blog<\/a> und sehen sich an, wie es zu dieser Idee gekommen ist. Wir sind weltweit die Ersten, die die Idee zu einer Uhr aus Massivholz hatten, deren Vorderseite aus einer einzelnen Holzplatte geschnitten ist. Werden Sie einer von Tausenden Leuten in unserer <a href=\"https:\/\/www.facebook.com\/PeakArtClocks\/\">Facebook-Community<\/a> und teilen Sie Ihre Gedanken und Meinungen.<\/p>\n","protected":false},"excerpt":{"rendered":"<p>Die <b>rustikal-wei\u00dfe<\/b> Skelettuhr ist handgefertigt und h\u00fcbsch von Hand bemalt. Sie k\u00f6nnte zu Leuten mit einem edlen, wenn auch kostspieligen Geschmack passen. Sie eignet sich ideal als zentraler Teil Ihres Flurs oder Ihrer K\u00fcche.<\/p>\n<p><strong>Gestaltet und handgefertigt<\/strong> &#8211; Anna Siodelska, Vereinigtes K\u00f6nigreich<\/p>\n<p><strong>Farbe des Zifferblatts<\/strong> \u2013 wei\u00df rustikal<\/p>\n<p><strong>Hintergrundfarbe<\/strong> \u2013 Transparent \/ Farbe der Wand<\/p>\n<p><strong>Anmerkung &#8211; <\/strong> die Uhr mit Durchmesser 75 cm (30 Zoll) hat leicht abweichende Ziffernformen, um sicherzustellen, dass diese nicht zu d\u00fcnn werden. Ein Beispielbild mit unterschiedlichen Designs finden Sie <a href=\"https:\/\/peakart.co.uk\/wp-content\/uploads\/2017\/09\/Unique-Large-Rustic-Grey-Wooden-Wall-Clock-Left.jpg\">hier<\/a><\/p>\n","protected":false},"featured_media":32594,"comment_status":"closed","ping_status":"closed","template":"","meta":[],"product_brand":[],"product_cat":[80],"product_tag":[83,90,87,82,89,95],"class_list":{"0":"post-6379","1":"product","2":"type-product","3":"status-publish","4":"has-post-thumbnail","6":"product_cat-grosse-wanduhren-handgefertigt","7":"product_tag-grosse-dekorative-wanduhren","8":"product_tag-grosse-skelett-wanduhren-mit-roemischen-zahlzeichen","9":"product_tag-wanduhren-mit-roemischen-zahlzeichen","10":"product_tag-grosse-kuenstlerische-wanduhren","11":"product_tag-schabige-schicke-wanduhren","12":"product_tag-skelett-wanduhren","14":"first","15":"instock","16":"sale","17":"taxable","18":"shipping-taxable","19":"purchasable","20":"product-type-variable"},"yoast_head":"<!-- This site is optimized with the Yoast SEO Premium plugin v27.2 (Yoast SEO v27.2) - https:\/\/yoast.com\/product\/yoast-seo-premium-wordpress\/ -->\n<title>Beeindruckende rustikal-wei\u00dfe Skelett-Wanduhr<\/title>\n<meta name=\"description\" content=\"Eine h\u00f6chst beeindruckende rustikale Skelett-Wanduhr aus Holz, von Hand bemalt. Passend f\u00fcr einen stilvollen Flur oder die K\u00fcche. Ideal f\u00fcr Menschen mit k\u00fcnstlerischem Geschmack.\" \/>\n<meta name=\"robots\" content=\"index, follow, max-snippet:-1, max-image-preview:large, max-video-preview:-1\" \/>\n<link rel=\"canonical\" href=\"https:\/\/peakart.co.uk\/de\/produkt\/weise-skelett-wanduhr\/\" \/>\n<meta property=\"og:locale\" content=\"de_DE\" \/>\n<meta property=\"og:type\" content=\"article\" \/>\n<meta property=\"og:title\" content=\"Beeindruckende rustikal-wei\u00dfe Skelett-Wanduhr\" \/>\n<meta property=\"og:description\" content=\"Eine h\u00f6chst beeindruckende rustikale Skelett-Wanduhr aus Holz, von Hand bemalt. Passend f\u00fcr einen stilvollen Flur oder die K\u00fcche. Ideal f\u00fcr Menschen mit k\u00fcnstlerischem Geschmack.\" \/>\n<meta property=\"og:url\" content=\"https:\/\/peakart.co.uk\/de\/produkt\/weise-skelett-wanduhr\/\" \/>\n<meta property=\"og:site_name\" content=\"Peak Art\" \/>\n<meta property=\"article:publisher\" content=\"https:\/\/www.facebook.com\/PeakArtClocks\/\" \/>\n<meta property=\"article:modified_time\" content=\"2023-03-24T17:11:47+00:00\" \/>\n<meta property=\"og:image\" content=\"https:\/\/peakart.co.uk\/wp-content\/uploads\/2017\/09\/Image-1.jpeg\" \/>\n\t<meta property=\"og:image:width\" content=\"1902\" \/>\n\t<meta property=\"og:image:height\" content=\"2000\" \/>\n\t<meta property=\"og:image:type\" content=\"image\/jpeg\" \/>\n<meta name=\"twitter:card\" content=\"summary_large_image\" \/>\n<meta name=\"twitter:label1\" content=\"Verf\u00fcgbarkeit\" \/>\n\t<meta name=\"twitter:data1\" content=\"Auf Lager\" \/>\n<script type=\"application\/ld+json\" class=\"yoast-schema-graph\">{\"@context\":\"https:\/\/schema.org\",\"@graph\":[{\"@type\":\"WebPage\",\"@id\":\"https:\/\/peakart.co.uk\/de\/produkt\/weise-skelett-wanduhr\/\",\"url\":\"https:\/\/peakart.co.uk\/de\/produkt\/weise-skelett-wanduhr\/\",\"name\":\"Beeindruckende rustikal-wei\u00dfe Skelett-Wanduhr\",\"isPartOf\":{\"@id\":\"https:\/\/peakart.co.uk\/de\/#website\"},\"primaryImageOfPage\":{\"@id\":\"https:\/\/peakart.co.uk\/de\/produkt\/weise-skelett-wanduhr\/#primaryimage\"},\"image\":{\"@id\":\"https:\/\/peakart.co.uk\/de\/produkt\/weise-skelett-wanduhr\/#primaryimage\"},\"thumbnailUrl\":\"https:\/\/peakart.co.uk\/wp-content\/uploads\/2017\/09\/Image-1.jpeg\",\"datePublished\":\"2017-10-01T07:08:56+00:00\",\"dateModified\":\"2023-03-24T17:11:47+00:00\",\"description\":\"Eine h\u00f6chst beeindruckende rustikale Skelett-Wanduhr aus Holz, von Hand bemalt. Passend f\u00fcr einen stilvollen Flur oder die K\u00fcche. Ideal f\u00fcr Menschen mit k\u00fcnstlerischem Geschmack.\",\"breadcrumb\":{\"@id\":\"https:\/\/peakart.co.uk\/de\/produkt\/weise-skelett-wanduhr\/#breadcrumb\"},\"inLanguage\":\"de\",\"potentialAction\":[{\"@type\":\"ReadAction\",\"target\":[\"https:\/\/peakart.co.uk\/de\/produkt\/weise-skelett-wanduhr\/\"]}]},{\"@type\":\"ImageObject\",\"inLanguage\":\"de\",\"@id\":\"https:\/\/peakart.co.uk\/de\/produkt\/weise-skelett-wanduhr\/#primaryimage\",\"url\":\"https:\/\/peakart.co.uk\/wp-content\/uploads\/2017\/09\/Image-1.jpeg\",\"contentUrl\":\"https:\/\/peakart.co.uk\/wp-content\/uploads\/2017\/09\/Image-1.jpeg\",\"width\":1902,\"height\":2000},{\"@type\":\"BreadcrumbList\",\"@id\":\"https:\/\/peakart.co.uk\/de\/produkt\/weise-skelett-wanduhr\/#breadcrumb\",\"itemListElement\":[{\"@type\":\"ListItem\",\"position\":1,\"name\":\"Home\",\"item\":\"https:\/\/peakart.co.uk\/de\/\"},{\"@type\":\"ListItem\",\"position\":2,\"name\":\"Shop\",\"item\":\"https:\/\/peakart.co.uk\/de\/shop\/\"},{\"@type\":\"ListItem\",\"position\":3,\"name\":\"Beeindruckende rustikal-wei\u00dfe Skelett-Wanduhr\"}]},{\"@type\":\"WebSite\",\"@id\":\"https:\/\/peakart.co.uk\/de\/#website\",\"url\":\"https:\/\/peakart.co.uk\/de\/\",\"name\":\"Peak Art\",\"description\":\"\",\"publisher\":{\"@id\":\"https:\/\/peakart.co.uk\/de\/#organization\"},\"potentialAction\":[{\"@type\":\"SearchAction\",\"target\":{\"@type\":\"EntryPoint\",\"urlTemplate\":\"https:\/\/peakart.co.uk\/de\/?s={search_term_string}\"},\"query-input\":{\"@type\":\"PropertyValueSpecification\",\"valueRequired\":true,\"valueName\":\"search_term_string\"}}],\"inLanguage\":\"de\"},{\"@type\":\"Organization\",\"@id\":\"https:\/\/peakart.co.uk\/de\/#organization\",\"name\":\"Peak Art\",\"url\":\"https:\/\/peakart.co.uk\/de\/\",\"logo\":{\"@type\":\"ImageObject\",\"inLanguage\":\"de\",\"@id\":\"https:\/\/peakart.co.uk\/de\/#\/schema\/logo\/image\/\",\"url\":\"https:\/\/peakart.co.uk\/wp-content\/uploads\/2023\/07\/logo-8.jpg\",\"contentUrl\":\"https:\/\/peakart.co.uk\/wp-content\/uploads\/2023\/07\/logo-8.jpg\",\"width\":666,\"height\":259,\"caption\":\"Peak Art\"},\"image\":{\"@id\":\"https:\/\/peakart.co.uk\/de\/#\/schema\/logo\/image\/\"},\"sameAs\":[\"https:\/\/www.facebook.com\/PeakArtClocks\/\"],\"hasMerchantReturnPolicy\":{\"@type\":\"MerchantReturnPolicy\",\"merchantReturnLink\":\"https:\/\/peakart.co.uk\/refund_returns\/\"}}]}<\/script>\n<meta property=\"og:availability\" content=\"instock\" \/>\n<meta property=\"product:availability\" content=\"instock\" \/>\n<meta property=\"product:retailer_item_id\" content=\"PEAKART-76663\" \/>\n<meta property=\"product:condition\" content=\"new\" \/>\n<!-- \/ Yoast SEO Premium plugin. -->","yoast_head_json":{"title":"Beeindruckende rustikal-wei\u00dfe Skelett-Wanduhr","description":"Eine h\u00f6chst beeindruckende rustikale Skelett-Wanduhr aus Holz, von Hand bemalt. Passend f\u00fcr einen stilvollen Flur oder die K\u00fcche. Ideal f\u00fcr Menschen mit k\u00fcnstlerischem Geschmack.","robots":{"index":"index","follow":"follow","max-snippet":"max-snippet:-1","max-image-preview":"max-image-preview:large","max-video-preview":"max-video-preview:-1"},"canonical":"https:\/\/peakart.co.uk\/de\/produkt\/weise-skelett-wanduhr\/","og_locale":"de_DE","og_type":"article","og_title":"Beeindruckende rustikal-wei\u00dfe Skelett-Wanduhr","og_description":"Eine h\u00f6chst beeindruckende rustikale Skelett-Wanduhr aus Holz, von Hand bemalt. Passend f\u00fcr einen stilvollen Flur oder die K\u00fcche. Ideal f\u00fcr Menschen mit k\u00fcnstlerischem Geschmack.","og_url":"https:\/\/peakart.co.uk\/de\/produkt\/weise-skelett-wanduhr\/","og_site_name":"Peak Art","article_publisher":"https:\/\/www.facebook.com\/PeakArtClocks\/","article_modified_time":"2023-03-24T17:11:47+00:00","og_image":[{"width":1902,"height":2000,"url":"https:\/\/peakart.co.uk\/wp-content\/uploads\/2017\/09\/Image-1.jpeg","type":"image\/jpeg"}],"twitter_card":"summary_large_image","twitter_misc":{"Verf\u00fcgbarkeit":"Auf Lager"},"schema":{"@context":"https:\/\/schema.org","@graph":[{"@type":"WebPage","@id":"https:\/\/peakart.co.uk\/de\/produkt\/weise-skelett-wanduhr\/","url":"https:\/\/peakart.co.uk\/de\/produkt\/weise-skelett-wanduhr\/","name":"Beeindruckende rustikal-wei\u00dfe Skelett-Wanduhr","isPartOf":{"@id":"https:\/\/peakart.co.uk\/de\/#website"},"primaryImageOfPage":{"@id":"https:\/\/peakart.co.uk\/de\/produkt\/weise-skelett-wanduhr\/#primaryimage"},"image":{"@id":"https:\/\/peakart.co.uk\/de\/produkt\/weise-skelett-wanduhr\/#primaryimage"},"thumbnailUrl":"https:\/\/peakart.co.uk\/wp-content\/uploads\/2017\/09\/Image-1.jpeg","datePublished":"2017-10-01T07:08:56+00:00","dateModified":"2023-03-24T17:11:47+00:00","description":"Eine h\u00f6chst beeindruckende rustikale Skelett-Wanduhr aus Holz, von Hand bemalt. Passend f\u00fcr einen stilvollen Flur oder die K\u00fcche. Ideal f\u00fcr Menschen mit k\u00fcnstlerischem Geschmack.","breadcrumb":{"@id":"https:\/\/peakart.co.uk\/de\/produkt\/weise-skelett-wanduhr\/#breadcrumb"},"inLanguage":"de","potentialAction":[{"@type":"ReadAction","target":["https:\/\/peakart.co.uk\/de\/produkt\/weise-skelett-wanduhr\/"]}]},{"@type":"ImageObject","inLanguage":"de","@id":"https:\/\/peakart.co.uk\/de\/produkt\/weise-skelett-wanduhr\/#primaryimage","url":"https:\/\/peakart.co.uk\/wp-content\/uploads\/2017\/09\/Image-1.jpeg","contentUrl":"https:\/\/peakart.co.uk\/wp-content\/uploads\/2017\/09\/Image-1.jpeg","width":1902,"height":2000},{"@type":"BreadcrumbList","@id":"https:\/\/peakart.co.uk\/de\/produkt\/weise-skelett-wanduhr\/#breadcrumb","itemListElement":[{"@type":"ListItem","position":1,"name":"Home","item":"https:\/\/peakart.co.uk\/de\/"},{"@type":"ListItem","position":2,"name":"Shop","item":"https:\/\/peakart.co.uk\/de\/shop\/"},{"@type":"ListItem","position":3,"name":"Beeindruckende rustikal-wei\u00dfe Skelett-Wanduhr"}]},{"@type":"WebSite","@id":"https:\/\/peakart.co.uk\/de\/#website","url":"https:\/\/peakart.co.uk\/de\/","name":"Peak Art","description":"","publisher":{"@id":"https:\/\/peakart.co.uk\/de\/#organization"},"potentialAction":[{"@type":"SearchAction","target":{"@type":"EntryPoint","urlTemplate":"https:\/\/peakart.co.uk\/de\/?s={search_term_string}"},"query-input":{"@type":"PropertyValueSpecification","valueRequired":true,"valueName":"search_term_string"}}],"inLanguage":"de"},{"@type":"Organization","@id":"https:\/\/peakart.co.uk\/de\/#organization","name":"Peak Art","url":"https:\/\/peakart.co.uk\/de\/","logo":{"@type":"ImageObject","inLanguage":"de","@id":"https:\/\/peakart.co.uk\/de\/#\/schema\/logo\/image\/","url":"https:\/\/peakart.co.uk\/wp-content\/uploads\/2023\/07\/logo-8.jpg","contentUrl":"https:\/\/peakart.co.uk\/wp-content\/uploads\/2023\/07\/logo-8.jpg","width":666,"height":259,"caption":"Peak Art"},"image":{"@id":"https:\/\/peakart.co.uk\/de\/#\/schema\/logo\/image\/"},"sameAs":["https:\/\/www.facebook.com\/PeakArtClocks\/"],"hasMerchantReturnPolicy":{"@type":"MerchantReturnPolicy","merchantReturnLink":"https:\/\/peakart.co.uk\/refund_returns\/"}}]},"og_availability":"instock","product_availability":"instock","product_retailer_item_id":"PEAKART-76663","product_condition":"new"},"_links":{"self":[{"href":"https:\/\/peakart.co.uk\/de\/wp-json\/wp\/v2\/product\/6379","targetHints":{"allow":["GET"]}}],"collection":[{"href":"https:\/\/peakart.co.uk\/de\/wp-json\/wp\/v2\/product"}],"about":[{"href":"https:\/\/peakart.co.uk\/de\/wp-json\/wp\/v2\/types\/product"}],"replies":[{"embeddable":true,"href":"https:\/\/peakart.co.uk\/de\/wp-json\/wp\/v2\/comments?post=6379"}],"wp:featuredmedia":[{"embeddable":true,"href":"https:\/\/peakart.co.uk\/de\/wp-json\/wp\/v2\/media\/32594"}],"wp:attachment":[{"href":"https:\/\/peakart.co.uk\/de\/wp-json\/wp\/v2\/media?parent=6379"}],"wp:term":[{"taxonomy":"product_brand","embeddable":true,"href":"https:\/\/peakart.co.uk\/de\/wp-json\/wp\/v2\/product_brand?post=6379"},{"taxonomy":"product_cat","embeddable":true,"href":"https:\/\/peakart.co.uk\/de\/wp-json\/wp\/v2\/product_cat?post=6379"},{"taxonomy":"product_tag","embeddable":true,"href":"https:\/\/peakart.co.uk\/de\/wp-json\/wp\/v2\/product_tag?post=6379"}],"curies":[{"name":"wp","href":"https:\/\/api.w.org\/{rel}","templated":true}]}}