{"id":6359,"date":"2017-09-12T07:26:33","date_gmt":"2017-10-01T07:08:18","guid":{"rendered":"http:\/\/peakart.co.uk\/product\/extragrosse-schicke-weisse-uhr-im-shabby-chic\/"},"modified":"2023-03-24T17:34:01","modified_gmt":"2023-03-24T17:34:01","slug":"einzigartige-shabby-chic-wanduhr","status":"publish","type":"product","link":"https:\/\/peakart.co.uk\/de\/produkt\/einzigartige-shabby-chic-wanduhr\/","title":{"rendered":"Einzigartige Shabby Chic-Wanduhr in Wei\u00df"},"content":{"rendered":"<h2>\u00dcbergro\u00dfe einzigartige Shabby Chic-Wanduhr mit gro\u00dfen r\u00f6mischen Ziffern<\/h2>\n<p>Manchmal ist es wirklich schwierig, eine tolle Idee zu finden, die in Ihrem Zuhause f\u00fcr einen &#8220;Wow&#8221; Effekt sorgt. Diese atemberaubende und einzigartige Shabby Chic-Wanduhr mit wundersch\u00f6n handgefertigten, gro\u00dfen r\u00f6mischen Ziffern ist m\u00f6glicherweise genau das Richtige f\u00fcr Sie. Sie w\u00fcrde zweifelsohne hervorragend zu vielen extravaganten Interieurs passen und einen starken Eindruck auf Ihre G\u00e4ste oder Besucher machen.<\/p>\n<p>Wie alle anderen individuell gefertigten Zeitmesser in unserem Shop zeichnet sie sich durch ein weltweit einzigartiges Design aus. Sind Sie auf der Suche nach etwas Au\u00dfergew\u00f6hnlichem, um die gro\u00dfe leere Fl\u00e4che an Ihrer Wand zu f\u00fcllen? Falls Sie es sind, dann ist diese faszinierende Uhr vielleicht etwas Interessantes. Im Gegensatz zu vielen anderen Unternehmen, die einfach nur identische Produkte herstellen, konzentrieren wir uns auf bemerkenswerte und ungew\u00f6hnliche St\u00fccke. Jede Wanduhr aus unserer Kollektion hat ihre einzigartigen Eigenschaften und kein Produkt ist wie das andere.<\/p>\n<p>In unserem Shop gibt es viele weitere <a href=\"https:\/\/peakart.co.uk\/de\/produkt-schlagwort\/schabige-schicke-wanduhren\/\">Shabby Chic-Wanduhren<\/a> und wir k\u00f6nnen jede von ihnen in drei verschiedenen Gr\u00f6\u00dfen anbieten. Die beliebteste Variante ist die Gr\u00f6\u00dfe mit einem Durchmesser von 100 cm (40 Zoll). Wir k\u00f6nnen Ihnen auf Wunsch auch 75 cm (30 Zoll) gro\u00dfe sowie 120 cm (48 Zoll) gro\u00dfe Modelle offerieren. Unabh\u00e4ngig von der Gr\u00f6\u00dfe oder dem Design, das Sie w\u00e4hlen, k\u00f6nnen Sie sich auf die beste Qualit\u00e4t und den besten Kundenservice verlassen.<\/p>\n<h2>Eine einzigartige Shabby Chic-Wanduhr von Peak Art k\u00f6nnte das Herzst\u00fcck Ihres Zuhauses sein.<\/h2>\n<p>Wanduhren der Marke Peak Art setzen mit Sicherheit ein starkes Zeichen in der Innenraumgestaltung. Wir haben vor kurzem <a href=\"http:\/\/www.prweb.com\/releases\/2017\/12\/prweb15043167.htm\">diesen Artikel<\/a>, in dem unsere handgefertigten Produkte vorgestellt werden, auf PRWeb ver\u00f6ffentlicht. Unsere Uhren werden immer beliebter, nicht nur im Vereinigten K\u00f6nigreich, wo wir angefangen haben, sondern auch in Europa, Australien und den Vereinigten Staaten. Folgen Sie nicht alten Trends und hinterfragen Sie akzeptiertes Denken. Sie m\u00fcssen nicht mehr zwischen gro\u00dfen Gem\u00e4lden oder Spiegeln w\u00e4hlen, wenn es um die Wandgestaltung geht. Die sch\u00f6nsten <a href=\"https:\/\/peakart.co.uk\/de\/gallerie\/\">Wanduhren<\/a> aus unserem Shop sind nicht nur Zeitmesser. Sie sind auch eindrucksvolle Dekorationselemente.<\/p>\n<p>&nbsp;<\/p>\n","protected":false},"excerpt":{"rendered":"<p>Extragro\u00dfe Shabby Chic-Wanduhr in Wei\u00df, die Ihrem Interieur eine unverwechselbare Ausstrahlung verleiht. Weltweit einzigartiges Design, das Sie in keinem Schaufenster und nirgendwo sonst im Internet finden werden.<\/p>\n<p><strong>Design &amp; Handfertigung<\/strong> \u2013 Anna Siodelska, Vereinigtes K\u00f6nigreich<\/p>\n<p><strong>Farbe des Zifferblatts<\/strong> \u2013 Shabby Chic Wei\u00df<\/p>\n<p><strong>Hintergrundfarbe<\/strong> \u2013 Shabby Chic Wei\u00df<\/p>\n<p><strong>Hinweis \u2013 <\/strong>Bei der 75cm (30 Zoll) gro\u00dfen Wanduhr haben die Ziffern eine leicht unterschiedliche Form, um sicherzustellen, dass sie nicht zu d\u00fcnn sind. Ein Beispielbild mit einem anderen Design finden Sie <a href=\"https:\/\/peakart.co.uk\/wp-content\/uploads\/2017\/09\/Unique-Large-Rustic-Grey-Wooden-Wall-Clock-Left.jpg\">hier<\/a>.<\/p>\n","protected":false},"featured_media":32369,"comment_status":"closed","ping_status":"closed","template":"","meta":[],"product_brand":[],"product_cat":[80],"product_tag":[83,87,82,89],"class_list":{"0":"post-6359","1":"product","2":"type-product","3":"status-publish","4":"has-post-thumbnail","6":"product_cat-grosse-wanduhren-handgefertigt","7":"product_tag-grosse-dekorative-wanduhren","8":"product_tag-wanduhren-mit-roemischen-zahlzeichen","9":"product_tag-grosse-kuenstlerische-wanduhren","10":"product_tag-schabige-schicke-wanduhren","12":"first","13":"instock","14":"sale","15":"taxable","16":"shipping-taxable","17":"purchasable","18":"product-type-variable"},"yoast_head":"<!-- This site is optimized with the Yoast SEO Premium plugin v27.2 (Yoast SEO v27.2) - https:\/\/yoast.com\/product\/yoast-seo-premium-wordpress\/ -->\n<title>Extragro\u00dfe, handgefertigte und einzigartige Shabby Chic-Wanduhr in Wei\u00df<\/title>\n<meta name=\"description\" content=\"Diese gro\u00dfformatige einzigartige Shabby Chic-Wanduhr kann das atemberaubendste Wanddekorationselement sein. Sie ist handgefertigt aus Holz und handbemalt in Wei\u00df.\" \/>\n<meta name=\"robots\" content=\"index, follow, max-snippet:-1, max-image-preview:large, max-video-preview:-1\" \/>\n<link rel=\"canonical\" href=\"https:\/\/peakart.co.uk\/de\/produkt\/einzigartige-shabby-chic-wanduhr\/\" \/>\n<meta property=\"og:locale\" content=\"de_DE\" \/>\n<meta property=\"og:type\" content=\"article\" \/>\n<meta property=\"og:title\" content=\"Einzigartige Shabby Chic-Wanduhr in Wei\u00df\" \/>\n<meta property=\"og:description\" content=\"Diese gro\u00dfformatige einzigartige Shabby Chic-Wanduhr kann das atemberaubendste Wanddekorationselement sein. Sie ist handgefertigt aus Holz und handbemalt in Wei\u00df.\" \/>\n<meta property=\"og:url\" content=\"https:\/\/peakart.co.uk\/de\/produkt\/einzigartige-shabby-chic-wanduhr\/\" \/>\n<meta property=\"og:site_name\" content=\"Peak Art\" \/>\n<meta property=\"article:publisher\" content=\"https:\/\/www.facebook.com\/PeakArtClocks\/\" \/>\n<meta property=\"article:modified_time\" content=\"2023-03-24T17:34:01+00:00\" \/>\n<meta property=\"og:image\" content=\"https:\/\/peakart.co.uk\/wp-content\/uploads\/2017\/09\/IMG_3122-scaled-e1714765830715.jpg\" \/>\n\t<meta property=\"og:image:width\" content=\"2560\" \/>\n\t<meta property=\"og:image:height\" content=\"1707\" \/>\n\t<meta property=\"og:image:type\" content=\"image\/jpeg\" \/>\n<meta name=\"twitter:card\" content=\"summary_large_image\" \/>\n<meta name=\"twitter:label1\" content=\"Verf\u00fcgbarkeit\" \/>\n\t<meta name=\"twitter:data1\" content=\"Auf Lager\" \/>\n<script type=\"application\/ld+json\" class=\"yoast-schema-graph\">{\"@context\":\"https:\/\/schema.org\",\"@graph\":[{\"@type\":\"WebPage\",\"@id\":\"https:\/\/peakart.co.uk\/de\/produkt\/einzigartige-shabby-chic-wanduhr\/\",\"url\":\"https:\/\/peakart.co.uk\/de\/produkt\/einzigartige-shabby-chic-wanduhr\/\",\"name\":\"Extragro\u00dfe, handgefertigte und einzigartige Shabby Chic-Wanduhr in Wei\u00df\",\"isPartOf\":{\"@id\":\"https:\/\/peakart.co.uk\/de\/#website\"},\"primaryImageOfPage\":{\"@id\":\"https:\/\/peakart.co.uk\/de\/produkt\/einzigartige-shabby-chic-wanduhr\/#primaryimage\"},\"image\":{\"@id\":\"https:\/\/peakart.co.uk\/de\/produkt\/einzigartige-shabby-chic-wanduhr\/#primaryimage\"},\"thumbnailUrl\":\"https:\/\/peakart.co.uk\/wp-content\/uploads\/2017\/09\/IMG_3122-scaled-e1714765830715.jpg\",\"datePublished\":\"2017-10-01T07:08:18+00:00\",\"dateModified\":\"2023-03-24T17:34:01+00:00\",\"description\":\"Diese gro\u00dfformatige einzigartige Shabby Chic-Wanduhr kann das atemberaubendste Wanddekorationselement sein. Sie ist handgefertigt aus Holz und handbemalt in Wei\u00df.\",\"breadcrumb\":{\"@id\":\"https:\/\/peakart.co.uk\/de\/produkt\/einzigartige-shabby-chic-wanduhr\/#breadcrumb\"},\"inLanguage\":\"de\",\"potentialAction\":[{\"@type\":\"ReadAction\",\"target\":[\"https:\/\/peakart.co.uk\/de\/produkt\/einzigartige-shabby-chic-wanduhr\/\"]}]},{\"@type\":\"ImageObject\",\"inLanguage\":\"de\",\"@id\":\"https:\/\/peakart.co.uk\/de\/produkt\/einzigartige-shabby-chic-wanduhr\/#primaryimage\",\"url\":\"https:\/\/peakart.co.uk\/wp-content\/uploads\/2017\/09\/IMG_3122-scaled-e1714765830715.jpg\",\"contentUrl\":\"https:\/\/peakart.co.uk\/wp-content\/uploads\/2017\/09\/IMG_3122-scaled-e1714765830715.jpg\",\"width\":1390,\"height\":1531},{\"@type\":\"BreadcrumbList\",\"@id\":\"https:\/\/peakart.co.uk\/de\/produkt\/einzigartige-shabby-chic-wanduhr\/#breadcrumb\",\"itemListElement\":[{\"@type\":\"ListItem\",\"position\":1,\"name\":\"Home\",\"item\":\"https:\/\/peakart.co.uk\/de\/\"},{\"@type\":\"ListItem\",\"position\":2,\"name\":\"Shop\",\"item\":\"https:\/\/peakart.co.uk\/de\/shop\/\"},{\"@type\":\"ListItem\",\"position\":3,\"name\":\"Einzigartige Shabby Chic-Wanduhr in Wei\u00df\"}]},{\"@type\":\"WebSite\",\"@id\":\"https:\/\/peakart.co.uk\/de\/#website\",\"url\":\"https:\/\/peakart.co.uk\/de\/\",\"name\":\"Peak Art\",\"description\":\"\",\"publisher\":{\"@id\":\"https:\/\/peakart.co.uk\/de\/#organization\"},\"potentialAction\":[{\"@type\":\"SearchAction\",\"target\":{\"@type\":\"EntryPoint\",\"urlTemplate\":\"https:\/\/peakart.co.uk\/de\/?s={search_term_string}\"},\"query-input\":{\"@type\":\"PropertyValueSpecification\",\"valueRequired\":true,\"valueName\":\"search_term_string\"}}],\"inLanguage\":\"de\"},{\"@type\":\"Organization\",\"@id\":\"https:\/\/peakart.co.uk\/de\/#organization\",\"name\":\"Peak Art\",\"url\":\"https:\/\/peakart.co.uk\/de\/\",\"logo\":{\"@type\":\"ImageObject\",\"inLanguage\":\"de\",\"@id\":\"https:\/\/peakart.co.uk\/de\/#\/schema\/logo\/image\/\",\"url\":\"https:\/\/peakart.co.uk\/wp-content\/uploads\/2023\/07\/logo-8.jpg\",\"contentUrl\":\"https:\/\/peakart.co.uk\/wp-content\/uploads\/2023\/07\/logo-8.jpg\",\"width\":666,\"height\":259,\"caption\":\"Peak Art\"},\"image\":{\"@id\":\"https:\/\/peakart.co.uk\/de\/#\/schema\/logo\/image\/\"},\"sameAs\":[\"https:\/\/www.facebook.com\/PeakArtClocks\/\"],\"hasMerchantReturnPolicy\":{\"@type\":\"MerchantReturnPolicy\",\"merchantReturnLink\":\"https:\/\/peakart.co.uk\/refund_returns\/\"}}]}<\/script>\n<meta property=\"og:availability\" content=\"instock\" \/>\n<meta property=\"product:availability\" content=\"instock\" \/>\n<meta property=\"product:retailer_item_id\" content=\"PEAKART-94316\" \/>\n<meta property=\"product:condition\" content=\"new\" \/>\n<!-- \/ Yoast SEO Premium plugin. -->","yoast_head_json":{"title":"Extragro\u00dfe, handgefertigte und einzigartige Shabby Chic-Wanduhr in Wei\u00df","description":"Diese gro\u00dfformatige einzigartige Shabby Chic-Wanduhr kann das atemberaubendste Wanddekorationselement sein. Sie ist handgefertigt aus Holz und handbemalt in Wei\u00df.","robots":{"index":"index","follow":"follow","max-snippet":"max-snippet:-1","max-image-preview":"max-image-preview:large","max-video-preview":"max-video-preview:-1"},"canonical":"https:\/\/peakart.co.uk\/de\/produkt\/einzigartige-shabby-chic-wanduhr\/","og_locale":"de_DE","og_type":"article","og_title":"Einzigartige Shabby Chic-Wanduhr in Wei\u00df","og_description":"Diese gro\u00dfformatige einzigartige Shabby Chic-Wanduhr kann das atemberaubendste Wanddekorationselement sein. Sie ist handgefertigt aus Holz und handbemalt in Wei\u00df.","og_url":"https:\/\/peakart.co.uk\/de\/produkt\/einzigartige-shabby-chic-wanduhr\/","og_site_name":"Peak Art","article_publisher":"https:\/\/www.facebook.com\/PeakArtClocks\/","article_modified_time":"2023-03-24T17:34:01+00:00","og_image":[{"width":2560,"height":1707,"url":"https:\/\/peakart.co.uk\/wp-content\/uploads\/2017\/09\/IMG_3122-scaled-e1714765830715.jpg","type":"image\/jpeg"}],"twitter_card":"summary_large_image","twitter_misc":{"Verf\u00fcgbarkeit":"Auf Lager"},"schema":{"@context":"https:\/\/schema.org","@graph":[{"@type":"WebPage","@id":"https:\/\/peakart.co.uk\/de\/produkt\/einzigartige-shabby-chic-wanduhr\/","url":"https:\/\/peakart.co.uk\/de\/produkt\/einzigartige-shabby-chic-wanduhr\/","name":"Extragro\u00dfe, handgefertigte und einzigartige Shabby Chic-Wanduhr in Wei\u00df","isPartOf":{"@id":"https:\/\/peakart.co.uk\/de\/#website"},"primaryImageOfPage":{"@id":"https:\/\/peakart.co.uk\/de\/produkt\/einzigartige-shabby-chic-wanduhr\/#primaryimage"},"image":{"@id":"https:\/\/peakart.co.uk\/de\/produkt\/einzigartige-shabby-chic-wanduhr\/#primaryimage"},"thumbnailUrl":"https:\/\/peakart.co.uk\/wp-content\/uploads\/2017\/09\/IMG_3122-scaled-e1714765830715.jpg","datePublished":"2017-10-01T07:08:18+00:00","dateModified":"2023-03-24T17:34:01+00:00","description":"Diese gro\u00dfformatige einzigartige Shabby Chic-Wanduhr kann das atemberaubendste Wanddekorationselement sein. Sie ist handgefertigt aus Holz und handbemalt in Wei\u00df.","breadcrumb":{"@id":"https:\/\/peakart.co.uk\/de\/produkt\/einzigartige-shabby-chic-wanduhr\/#breadcrumb"},"inLanguage":"de","potentialAction":[{"@type":"ReadAction","target":["https:\/\/peakart.co.uk\/de\/produkt\/einzigartige-shabby-chic-wanduhr\/"]}]},{"@type":"ImageObject","inLanguage":"de","@id":"https:\/\/peakart.co.uk\/de\/produkt\/einzigartige-shabby-chic-wanduhr\/#primaryimage","url":"https:\/\/peakart.co.uk\/wp-content\/uploads\/2017\/09\/IMG_3122-scaled-e1714765830715.jpg","contentUrl":"https:\/\/peakart.co.uk\/wp-content\/uploads\/2017\/09\/IMG_3122-scaled-e1714765830715.jpg","width":1390,"height":1531},{"@type":"BreadcrumbList","@id":"https:\/\/peakart.co.uk\/de\/produkt\/einzigartige-shabby-chic-wanduhr\/#breadcrumb","itemListElement":[{"@type":"ListItem","position":1,"name":"Home","item":"https:\/\/peakart.co.uk\/de\/"},{"@type":"ListItem","position":2,"name":"Shop","item":"https:\/\/peakart.co.uk\/de\/shop\/"},{"@type":"ListItem","position":3,"name":"Einzigartige Shabby Chic-Wanduhr in Wei\u00df"}]},{"@type":"WebSite","@id":"https:\/\/peakart.co.uk\/de\/#website","url":"https:\/\/peakart.co.uk\/de\/","name":"Peak Art","description":"","publisher":{"@id":"https:\/\/peakart.co.uk\/de\/#organization"},"potentialAction":[{"@type":"SearchAction","target":{"@type":"EntryPoint","urlTemplate":"https:\/\/peakart.co.uk\/de\/?s={search_term_string}"},"query-input":{"@type":"PropertyValueSpecification","valueRequired":true,"valueName":"search_term_string"}}],"inLanguage":"de"},{"@type":"Organization","@id":"https:\/\/peakart.co.uk\/de\/#organization","name":"Peak Art","url":"https:\/\/peakart.co.uk\/de\/","logo":{"@type":"ImageObject","inLanguage":"de","@id":"https:\/\/peakart.co.uk\/de\/#\/schema\/logo\/image\/","url":"https:\/\/peakart.co.uk\/wp-content\/uploads\/2023\/07\/logo-8.jpg","contentUrl":"https:\/\/peakart.co.uk\/wp-content\/uploads\/2023\/07\/logo-8.jpg","width":666,"height":259,"caption":"Peak Art"},"image":{"@id":"https:\/\/peakart.co.uk\/de\/#\/schema\/logo\/image\/"},"sameAs":["https:\/\/www.facebook.com\/PeakArtClocks\/"],"hasMerchantReturnPolicy":{"@type":"MerchantReturnPolicy","merchantReturnLink":"https:\/\/peakart.co.uk\/refund_returns\/"}}]},"og_availability":"instock","product_availability":"instock","product_retailer_item_id":"PEAKART-94316","product_condition":"new"},"_links":{"self":[{"href":"https:\/\/peakart.co.uk\/de\/wp-json\/wp\/v2\/product\/6359","targetHints":{"allow":["GET"]}}],"collection":[{"href":"https:\/\/peakart.co.uk\/de\/wp-json\/wp\/v2\/product"}],"about":[{"href":"https:\/\/peakart.co.uk\/de\/wp-json\/wp\/v2\/types\/product"}],"replies":[{"embeddable":true,"href":"https:\/\/peakart.co.uk\/de\/wp-json\/wp\/v2\/comments?post=6359"}],"wp:featuredmedia":[{"embeddable":true,"href":"https:\/\/peakart.co.uk\/de\/wp-json\/wp\/v2\/media\/32369"}],"wp:attachment":[{"href":"https:\/\/peakart.co.uk\/de\/wp-json\/wp\/v2\/media?parent=6359"}],"wp:term":[{"taxonomy":"product_brand","embeddable":true,"href":"https:\/\/peakart.co.uk\/de\/wp-json\/wp\/v2\/product_brand?post=6359"},{"taxonomy":"product_cat","embeddable":true,"href":"https:\/\/peakart.co.uk\/de\/wp-json\/wp\/v2\/product_cat?post=6359"},{"taxonomy":"product_tag","embeddable":true,"href":"https:\/\/peakart.co.uk\/de\/wp-json\/wp\/v2\/product_tag?post=6359"}],"curies":[{"name":"wp","href":"https:\/\/api.w.org\/{rel}","templated":true}]}}