{"id":6348,"date":"2017-04-04T12:31:45","date_gmt":"2017-10-01T07:07:52","guid":{"rendered":"http:\/\/peakart.co.uk\/product\/massive-wanduhr-aus-holz-in-rustikalgrau-und-gold\/"},"modified":"2023-03-23T22:33:32","modified_gmt":"2023-03-23T22:33:32","slug":"grosse-wanduhr-fur-wohnzimmer","status":"publish","type":"product","link":"https:\/\/peakart.co.uk\/de\/produkt\/grosse-wanduhr-fur-wohnzimmer\/","title":{"rendered":"Gro\u00dfe Wanduhr f\u00fcr Wohnzimmer"},"content":{"rendered":"<h2>Gro\u00dfe Wanduhr f\u00fcr Wohnzimmer \u2013 Rustikalgrau und Gold<\/h2>\n<p>Wenn man sich das besonders raffinierte Design dieser \u00fcberdimensionalen Wanduhr ansieht, kann man nicht umhin, als zu sagen:&#8221;Wow, was f\u00fcr ein erstaunliches Kunstwerk&#8221;. Bei Peak Art ist jede einzelne Uhr weltweit einzigartig, ohnegleichen. Dies ist der Hauptgrund, warum Menschen, die auf der Suche nach ungew\u00f6hnlichem Charme und Qualit\u00e4t sind, zu uns kommen. Suchen Sie etwas, das Sie in einem Schaufenster nicht finden k\u00f6nnen, etwas, das so sch\u00f6n und exzentrisch ist, dass es bei vielen Tischgespr\u00e4chen zum Thema werden kann?<\/p>\n<p>Die klassische Wanduhr Rustikalgrau ist ein\u00a0Dekorationskernst\u00fcck mit r\u00f6mischen Ziffern und einem grau-blau-goldenen Design. Das massive Zifferblatt ist aus Kiefernholz geschnitzt und wundersch\u00f6n handbemalt. Der goldene Hintergrund sorgt f\u00fcr einen noch charismatischeren Look und vermittelt jedem, der diesem fabelhaften St\u00fcck begegnet, ein wirkungsvolles Statement.<\/p>\n<p>Schlie\u00dfen Sie sich Tausenden von Menschen in der <a href=\"https:\/\/www.facebook.com\/PeakArtClocks\/\">Facebook-Community von Peak Art<\/a> an und teilen Sie Ihre Ansichten und Kommentare mit uns, um uns zu helfen, mehr einzigartige Designs anzubieten, die auf Ihre Bed\u00fcrfnisse zugeschnitten sind.<\/p>\n<p>&nbsp;<\/p>\n","protected":false},"excerpt":{"rendered":"<p><strong>Design &amp; Handfertigung<\/strong> \u2013 Anna Siodelska, Vereinigtes K\u00f6nigreich<\/p>\n<p><strong>Farbe des Zifferblatts<\/strong> \u2013 Rustikalgrau<\/p>\n<p><strong>Hintergrundfarbe<\/strong> \u2013 Altgold<\/p>\n<p><strong>Hinweis \u2013 <\/strong>Die 75cm (30&#8243;) gro\u00dfe Uhr hat leicht unterschiedlich geformte Ziffern, um sicherzustellen, dass sie nicht zu d\u00fcnn sind. Ein Beispielbild mit einem anderen Design finden Sie <a href=\"https:\/\/peakart.co.uk\/wp-content\/uploads\/2017\/09\/Unique-Large-Rustic-Grey-Wooden-Wall-Clock-Left.jpg\">hier<\/a><\/p>\n","protected":false},"featured_media":32231,"comment_status":"closed","ping_status":"closed","template":"","meta":[],"product_brand":[],"product_cat":[80],"product_tag":[83,87,2139,82,89],"class_list":{"0":"post-6348","1":"product","2":"type-product","3":"status-publish","4":"has-post-thumbnail","6":"product_cat-grosse-wanduhren-handgefertigt","7":"product_tag-grosse-dekorative-wanduhren","8":"product_tag-wanduhren-mit-roemischen-zahlzeichen","9":"product_tag-grose-wanduhren","10":"product_tag-grosse-kuenstlerische-wanduhren","11":"product_tag-schabige-schicke-wanduhren","13":"first","14":"instock","15":"sale","16":"featured","17":"taxable","18":"shipping-taxable","19":"purchasable","20":"product-type-variable"},"yoast_head":"<!-- This site is optimized with the Yoast SEO Premium plugin v27.2 (Yoast SEO v27.2) - https:\/\/yoast.com\/product\/yoast-seo-premium-wordpress\/ -->\n<title>Gro\u00dfe Wanduhr f\u00fcr Wohnzimmer. Handgefertigt aus Holz<\/title>\n<meta name=\"description\" content=\"Diese riesige 100 cm gro\u00dfe handgefertigte &amp; handbemalte Wanduhr ist die atemberaubendste dekorative Uhr in den Farben Rustikalgrau und Gold.\" \/>\n<meta name=\"robots\" content=\"index, follow, max-snippet:-1, max-image-preview:large, max-video-preview:-1\" \/>\n<link rel=\"canonical\" href=\"https:\/\/peakart.co.uk\/de\/produkt\/grosse-wanduhr-fur-wohnzimmer\/\" \/>\n<meta property=\"og:locale\" content=\"de_DE\" \/>\n<meta property=\"og:type\" content=\"article\" \/>\n<meta property=\"og:title\" content=\"Gro\u00dfe Wanduhr f\u00fcr Wohnzimmer\" \/>\n<meta property=\"og:description\" content=\"Diese riesige 100 cm gro\u00dfe handgefertigte &amp; handbemalte Wanduhr ist die atemberaubendste dekorative Uhr in den Farben Rustikalgrau und Gold.\" \/>\n<meta property=\"og:url\" content=\"https:\/\/peakart.co.uk\/de\/produkt\/grosse-wanduhr-fur-wohnzimmer\/\" \/>\n<meta property=\"og:site_name\" content=\"Peak Art\" \/>\n<meta property=\"article:publisher\" content=\"https:\/\/www.facebook.com\/PeakArtClocks\/\" \/>\n<meta property=\"article:modified_time\" content=\"2023-03-23T22:33:32+00:00\" \/>\n<meta property=\"og:image\" content=\"https:\/\/peakart.co.uk\/wp-content\/uploads\/2017\/04\/Social-Logo.jpg\" \/>\n\t<meta property=\"og:image:width\" content=\"718\" \/>\n\t<meta property=\"og:image:height\" content=\"718\" \/>\n\t<meta property=\"og:image:type\" content=\"image\/jpeg\" \/>\n<meta name=\"twitter:card\" content=\"summary_large_image\" \/>\n<meta name=\"twitter:label1\" content=\"Verf\u00fcgbarkeit\" \/>\n\t<meta name=\"twitter:data1\" content=\"Auf Lager\" \/>\n<script type=\"application\/ld+json\" class=\"yoast-schema-graph\">{\"@context\":\"https:\/\/schema.org\",\"@graph\":[{\"@type\":\"WebPage\",\"@id\":\"https:\/\/peakart.co.uk\/de\/produkt\/grosse-wanduhr-fur-wohnzimmer\/\",\"url\":\"https:\/\/peakart.co.uk\/de\/produkt\/grosse-wanduhr-fur-wohnzimmer\/\",\"name\":\"Gro\u00dfe Wanduhr f\u00fcr Wohnzimmer. Handgefertigt aus Holz\",\"isPartOf\":{\"@id\":\"https:\/\/peakart.co.uk\/de\/#website\"},\"primaryImageOfPage\":{\"@id\":\"https:\/\/peakart.co.uk\/de\/produkt\/grosse-wanduhr-fur-wohnzimmer\/#primaryimage\"},\"image\":{\"@id\":\"https:\/\/peakart.co.uk\/de\/produkt\/grosse-wanduhr-fur-wohnzimmer\/#primaryimage\"},\"thumbnailUrl\":\"https:\/\/peakart.co.uk\/wp-content\/uploads\/2017\/04\/Social-Logo.jpg\",\"datePublished\":\"2017-10-01T07:07:52+00:00\",\"dateModified\":\"2023-03-23T22:33:32+00:00\",\"description\":\"Diese riesige 100 cm gro\u00dfe handgefertigte & handbemalte Wanduhr ist die atemberaubendste dekorative Uhr in den Farben Rustikalgrau und Gold.\",\"breadcrumb\":{\"@id\":\"https:\/\/peakart.co.uk\/de\/produkt\/grosse-wanduhr-fur-wohnzimmer\/#breadcrumb\"},\"inLanguage\":\"de\",\"potentialAction\":[{\"@type\":\"ReadAction\",\"target\":[\"https:\/\/peakart.co.uk\/de\/produkt\/grosse-wanduhr-fur-wohnzimmer\/\"]}]},{\"@type\":\"ImageObject\",\"inLanguage\":\"de\",\"@id\":\"https:\/\/peakart.co.uk\/de\/produkt\/grosse-wanduhr-fur-wohnzimmer\/#primaryimage\",\"url\":\"https:\/\/peakart.co.uk\/wp-content\/uploads\/2017\/04\/Social-Logo.jpg\",\"contentUrl\":\"https:\/\/peakart.co.uk\/wp-content\/uploads\/2017\/04\/Social-Logo.jpg\",\"width\":718,\"height\":718},{\"@type\":\"BreadcrumbList\",\"@id\":\"https:\/\/peakart.co.uk\/de\/produkt\/grosse-wanduhr-fur-wohnzimmer\/#breadcrumb\",\"itemListElement\":[{\"@type\":\"ListItem\",\"position\":1,\"name\":\"Home\",\"item\":\"https:\/\/peakart.co.uk\/de\/\"},{\"@type\":\"ListItem\",\"position\":2,\"name\":\"Shop\",\"item\":\"https:\/\/peakart.co.uk\/de\/shop\/\"},{\"@type\":\"ListItem\",\"position\":3,\"name\":\"Gro\u00dfe Wanduhr f\u00fcr Wohnzimmer\"}]},{\"@type\":\"WebSite\",\"@id\":\"https:\/\/peakart.co.uk\/de\/#website\",\"url\":\"https:\/\/peakart.co.uk\/de\/\",\"name\":\"Peak Art\",\"description\":\"\",\"publisher\":{\"@id\":\"https:\/\/peakart.co.uk\/de\/#organization\"},\"potentialAction\":[{\"@type\":\"SearchAction\",\"target\":{\"@type\":\"EntryPoint\",\"urlTemplate\":\"https:\/\/peakart.co.uk\/de\/?s={search_term_string}\"},\"query-input\":{\"@type\":\"PropertyValueSpecification\",\"valueRequired\":true,\"valueName\":\"search_term_string\"}}],\"inLanguage\":\"de\"},{\"@type\":\"Organization\",\"@id\":\"https:\/\/peakart.co.uk\/de\/#organization\",\"name\":\"Peak Art\",\"url\":\"https:\/\/peakart.co.uk\/de\/\",\"logo\":{\"@type\":\"ImageObject\",\"inLanguage\":\"de\",\"@id\":\"https:\/\/peakart.co.uk\/de\/#\/schema\/logo\/image\/\",\"url\":\"https:\/\/peakart.co.uk\/wp-content\/uploads\/2023\/07\/logo-8.jpg\",\"contentUrl\":\"https:\/\/peakart.co.uk\/wp-content\/uploads\/2023\/07\/logo-8.jpg\",\"width\":666,\"height\":259,\"caption\":\"Peak Art\"},\"image\":{\"@id\":\"https:\/\/peakart.co.uk\/de\/#\/schema\/logo\/image\/\"},\"sameAs\":[\"https:\/\/www.facebook.com\/PeakArtClocks\/\"],\"hasMerchantReturnPolicy\":{\"@type\":\"MerchantReturnPolicy\",\"merchantReturnLink\":\"https:\/\/peakart.co.uk\/refund_returns\/\"}}]}<\/script>\n<meta property=\"og:availability\" content=\"instock\" \/>\n<meta property=\"product:availability\" content=\"instock\" \/>\n<meta property=\"product:retailer_item_id\" content=\"PEAKART-87272\" \/>\n<meta property=\"product:condition\" content=\"new\" \/>\n<!-- \/ Yoast SEO Premium plugin. -->","yoast_head_json":{"title":"Gro\u00dfe Wanduhr f\u00fcr Wohnzimmer. Handgefertigt aus Holz","description":"Diese riesige 100 cm gro\u00dfe handgefertigte & handbemalte Wanduhr ist die atemberaubendste dekorative Uhr in den Farben Rustikalgrau und Gold.","robots":{"index":"index","follow":"follow","max-snippet":"max-snippet:-1","max-image-preview":"max-image-preview:large","max-video-preview":"max-video-preview:-1"},"canonical":"https:\/\/peakart.co.uk\/de\/produkt\/grosse-wanduhr-fur-wohnzimmer\/","og_locale":"de_DE","og_type":"article","og_title":"Gro\u00dfe Wanduhr f\u00fcr Wohnzimmer","og_description":"Diese riesige 100 cm gro\u00dfe handgefertigte & handbemalte Wanduhr ist die atemberaubendste dekorative Uhr in den Farben Rustikalgrau und Gold.","og_url":"https:\/\/peakart.co.uk\/de\/produkt\/grosse-wanduhr-fur-wohnzimmer\/","og_site_name":"Peak Art","article_publisher":"https:\/\/www.facebook.com\/PeakArtClocks\/","article_modified_time":"2023-03-23T22:33:32+00:00","og_image":[{"width":718,"height":718,"url":"https:\/\/peakart.co.uk\/wp-content\/uploads\/2017\/04\/Social-Logo.jpg","type":"image\/jpeg"}],"twitter_card":"summary_large_image","twitter_misc":{"Verf\u00fcgbarkeit":"Auf Lager"},"schema":{"@context":"https:\/\/schema.org","@graph":[{"@type":"WebPage","@id":"https:\/\/peakart.co.uk\/de\/produkt\/grosse-wanduhr-fur-wohnzimmer\/","url":"https:\/\/peakart.co.uk\/de\/produkt\/grosse-wanduhr-fur-wohnzimmer\/","name":"Gro\u00dfe Wanduhr f\u00fcr Wohnzimmer. Handgefertigt aus Holz","isPartOf":{"@id":"https:\/\/peakart.co.uk\/de\/#website"},"primaryImageOfPage":{"@id":"https:\/\/peakart.co.uk\/de\/produkt\/grosse-wanduhr-fur-wohnzimmer\/#primaryimage"},"image":{"@id":"https:\/\/peakart.co.uk\/de\/produkt\/grosse-wanduhr-fur-wohnzimmer\/#primaryimage"},"thumbnailUrl":"https:\/\/peakart.co.uk\/wp-content\/uploads\/2017\/04\/Social-Logo.jpg","datePublished":"2017-10-01T07:07:52+00:00","dateModified":"2023-03-23T22:33:32+00:00","description":"Diese riesige 100 cm gro\u00dfe handgefertigte & handbemalte Wanduhr ist die atemberaubendste dekorative Uhr in den Farben Rustikalgrau und Gold.","breadcrumb":{"@id":"https:\/\/peakart.co.uk\/de\/produkt\/grosse-wanduhr-fur-wohnzimmer\/#breadcrumb"},"inLanguage":"de","potentialAction":[{"@type":"ReadAction","target":["https:\/\/peakart.co.uk\/de\/produkt\/grosse-wanduhr-fur-wohnzimmer\/"]}]},{"@type":"ImageObject","inLanguage":"de","@id":"https:\/\/peakart.co.uk\/de\/produkt\/grosse-wanduhr-fur-wohnzimmer\/#primaryimage","url":"https:\/\/peakart.co.uk\/wp-content\/uploads\/2017\/04\/Social-Logo.jpg","contentUrl":"https:\/\/peakart.co.uk\/wp-content\/uploads\/2017\/04\/Social-Logo.jpg","width":718,"height":718},{"@type":"BreadcrumbList","@id":"https:\/\/peakart.co.uk\/de\/produkt\/grosse-wanduhr-fur-wohnzimmer\/#breadcrumb","itemListElement":[{"@type":"ListItem","position":1,"name":"Home","item":"https:\/\/peakart.co.uk\/de\/"},{"@type":"ListItem","position":2,"name":"Shop","item":"https:\/\/peakart.co.uk\/de\/shop\/"},{"@type":"ListItem","position":3,"name":"Gro\u00dfe Wanduhr f\u00fcr Wohnzimmer"}]},{"@type":"WebSite","@id":"https:\/\/peakart.co.uk\/de\/#website","url":"https:\/\/peakart.co.uk\/de\/","name":"Peak Art","description":"","publisher":{"@id":"https:\/\/peakart.co.uk\/de\/#organization"},"potentialAction":[{"@type":"SearchAction","target":{"@type":"EntryPoint","urlTemplate":"https:\/\/peakart.co.uk\/de\/?s={search_term_string}"},"query-input":{"@type":"PropertyValueSpecification","valueRequired":true,"valueName":"search_term_string"}}],"inLanguage":"de"},{"@type":"Organization","@id":"https:\/\/peakart.co.uk\/de\/#organization","name":"Peak Art","url":"https:\/\/peakart.co.uk\/de\/","logo":{"@type":"ImageObject","inLanguage":"de","@id":"https:\/\/peakart.co.uk\/de\/#\/schema\/logo\/image\/","url":"https:\/\/peakart.co.uk\/wp-content\/uploads\/2023\/07\/logo-8.jpg","contentUrl":"https:\/\/peakart.co.uk\/wp-content\/uploads\/2023\/07\/logo-8.jpg","width":666,"height":259,"caption":"Peak Art"},"image":{"@id":"https:\/\/peakart.co.uk\/de\/#\/schema\/logo\/image\/"},"sameAs":["https:\/\/www.facebook.com\/PeakArtClocks\/"],"hasMerchantReturnPolicy":{"@type":"MerchantReturnPolicy","merchantReturnLink":"https:\/\/peakart.co.uk\/refund_returns\/"}}]},"og_availability":"instock","product_availability":"instock","product_retailer_item_id":"PEAKART-87272","product_condition":"new"},"_links":{"self":[{"href":"https:\/\/peakart.co.uk\/de\/wp-json\/wp\/v2\/product\/6348","targetHints":{"allow":["GET"]}}],"collection":[{"href":"https:\/\/peakart.co.uk\/de\/wp-json\/wp\/v2\/product"}],"about":[{"href":"https:\/\/peakart.co.uk\/de\/wp-json\/wp\/v2\/types\/product"}],"replies":[{"embeddable":true,"href":"https:\/\/peakart.co.uk\/de\/wp-json\/wp\/v2\/comments?post=6348"}],"wp:featuredmedia":[{"embeddable":true,"href":"https:\/\/peakart.co.uk\/de\/wp-json\/wp\/v2\/media\/32231"}],"wp:attachment":[{"href":"https:\/\/peakart.co.uk\/de\/wp-json\/wp\/v2\/media?parent=6348"}],"wp:term":[{"taxonomy":"product_brand","embeddable":true,"href":"https:\/\/peakart.co.uk\/de\/wp-json\/wp\/v2\/product_brand?post=6348"},{"taxonomy":"product_cat","embeddable":true,"href":"https:\/\/peakart.co.uk\/de\/wp-json\/wp\/v2\/product_cat?post=6348"},{"taxonomy":"product_tag","embeddable":true,"href":"https:\/\/peakart.co.uk\/de\/wp-json\/wp\/v2\/product_tag?post=6348"}],"curies":[{"name":"wp","href":"https:\/\/api.w.org\/{rel}","templated":true}]}}