{"id":6339,"date":"2017-05-22T16:17:19","date_gmt":"2017-10-01T07:07:43","guid":{"rendered":"http:\/\/peakart.co.uk\/product\/aeusserst-ungewoehnliche-ueberdimensionale-wanduhr-aus-holz\/"},"modified":"2023-03-25T10:16:38","modified_gmt":"2023-03-25T10:16:38","slug":"einzigartige-grosse-wanduhr-aus-holz","status":"publish","type":"product","link":"https:\/\/peakart.co.uk\/de\/produkt\/einzigartige-grosse-wanduhr-aus-holz\/","title":{"rendered":"Einzigartige gro\u00dfe Wanduhr aus Holz"},"content":{"rendered":"<h2>Einzigartige gro\u00dfe Wanduhr aus Holz \u2013 hangefertigt | Skelett<\/h2>\n<p>Diese atemberaubende \u00fcberdimensionale k\u00fcnstlerische Uhr ist eine der ungew\u00f6hnlichsten in der Peak Art Kollektion. Sie hat keine traditionellen Ziffern, was sie f\u00fcr exzentrische Kunstsammler so attraktiv macht. Wenn man sich dieses wundersch\u00f6n gestaltete Zifferblatt n\u00e4her ansieht, erkennt man den spirituell vereinigten t\u00e4nzerischen Stamm. Falls Sie etwas ganz anderes suchen als das, was der Massenmarkt zu bieten hat, werden Sie von einer der handgefertigten Wanduhren von Peak Art ganz bestimmt nicht entt\u00e4uscht werden.<\/p>\n<p>Heutzutage ist die \u00fcberwiegende Mehrheit der Dekorationsprodukte f\u00fcr den Heimgebrauch so konzipiert, dass sie billig sind und massenweise verkauft werden. In wenigen Minuten finden Sie Hunderte von Designs f\u00fcr gro\u00dfe Uhren, die alle genau gleich aussehen und leicht im Preis variieren. Fabriken auf der ganzen Welt produzieren Hunderttausende von Artikeln, denen es an Originalit\u00e4t und Charakter mangelt. Peak Art ist ein kleines globales Familienunternehmen, das in diesem Nischenmarkt ein starkes Zeichen setzt und unsere \u00fcberdimensionalen handgefertigten Uhren werden in vielen L\u00e4ndern der Welt gesch\u00e4tzt.<\/p>\n<p>Jedes Design hat seinen eigenen Charakter und Stil und keine Uhr gleicht der anderen. Wenn Sie eine dieser fantastischen Uhren kaufen, k\u00f6nnen Sie sich sicher sein, dass sie auf alle, die zu Ihnen nach Hause, in Ihr B\u00fcro oder in Ihr Penthouse-Apartment kommen, einen sehr starken &#8220;Wow&#8221;-Effekt haben wird. Z\u00f6gern Sie nicht und schlie\u00dfen Sie sich Tausenden von Menschen in unserer\u00a0<a href=\"https:\/\/www.facebook.com\/PeakArtClocks\/\">Facebook Community<\/a> an, um die neuesten Designs und Angebote zu sehen.<\/p>\n<p>&nbsp;<\/p>\n","protected":false},"excerpt":{"rendered":"<p><strong>Design &amp; Handfertigung<\/strong> \u2013 Anna Siodelska, Vereinigtes K\u00f6nigreich<\/p>\n<p><strong>Farbe des Zifferblatts<\/strong> \u2013 Erdt\u00f6ne<\/p>\n<p><strong>Hintergrundfarbe<\/strong> \u2013 Transparent\/ Wandfarbe<\/p>\n","protected":false},"featured_media":32296,"comment_status":"closed","ping_status":"closed","template":"","meta":[],"product_brand":[],"product_cat":[80],"product_tag":[83,82,95],"class_list":{"0":"post-6339","1":"product","2":"type-product","3":"status-publish","4":"has-post-thumbnail","6":"product_cat-grosse-wanduhren-handgefertigt","7":"product_tag-grosse-dekorative-wanduhren","8":"product_tag-grosse-kuenstlerische-wanduhren","9":"product_tag-skelett-wanduhren","11":"first","12":"instock","13":"sale","14":"featured","15":"taxable","16":"shipping-taxable","17":"purchasable","18":"product-type-variable"},"yoast_head":"<!-- This site is optimized with the Yoast SEO Premium plugin v27.2 (Yoast SEO v27.2) - https:\/\/yoast.com\/product\/yoast-seo-premium-wordpress\/ -->\n<title>100 cm gro\u00dfe einzigartige Skelett-Wanduhr aus Holz<\/title>\n<meta name=\"description\" content=\"Die exzentrischste und ungew\u00f6hnlichste handgefertigte Holzwanduhr. Sie wurde aus einem einzigen Kiefernholzst\u00fcck geschnitten und handbemalt. Die Fassung auf der R\u00fcckseite sorgt f\u00fcr einen 3D-Charakter.\" \/>\n<meta name=\"robots\" content=\"index, follow, max-snippet:-1, max-image-preview:large, max-video-preview:-1\" \/>\n<link rel=\"canonical\" href=\"https:\/\/peakart.co.uk\/de\/produkt\/einzigartige-grosse-wanduhr-aus-holz\/\" \/>\n<meta property=\"og:locale\" content=\"de_DE\" \/>\n<meta property=\"og:type\" content=\"article\" \/>\n<meta property=\"og:title\" content=\"Einzigartige gro\u00dfe Wanduhr aus Holz\" \/>\n<meta property=\"og:description\" content=\"Die exzentrischste und ungew\u00f6hnlichste handgefertigte Holzwanduhr. Sie wurde aus einem einzigen Kiefernholzst\u00fcck geschnitten und handbemalt. Die Fassung auf der R\u00fcckseite sorgt f\u00fcr einen 3D-Charakter.\" \/>\n<meta property=\"og:url\" content=\"https:\/\/peakart.co.uk\/de\/produkt\/einzigartige-grosse-wanduhr-aus-holz\/\" \/>\n<meta property=\"og:site_name\" content=\"Peak Art\" \/>\n<meta property=\"article:publisher\" content=\"https:\/\/www.facebook.com\/PeakArtClocks\/\" \/>\n<meta property=\"article:modified_time\" content=\"2023-03-25T10:16:38+00:00\" \/>\n<meta property=\"og:image\" content=\"https:\/\/peakart.co.uk\/wp-content\/uploads\/2017\/05\/IMG_3001-scaled-e1714763750383.jpg\" \/>\n\t<meta property=\"og:image:width\" content=\"2560\" \/>\n\t<meta property=\"og:image:height\" content=\"1707\" \/>\n\t<meta property=\"og:image:type\" content=\"image\/jpeg\" \/>\n<meta name=\"twitter:card\" content=\"summary_large_image\" \/>\n<meta name=\"twitter:label1\" content=\"Verf\u00fcgbarkeit\" \/>\n\t<meta name=\"twitter:data1\" content=\"Auf Lager\" \/>\n<script type=\"application\/ld+json\" class=\"yoast-schema-graph\">{\"@context\":\"https:\/\/schema.org\",\"@graph\":[{\"@type\":\"WebPage\",\"@id\":\"https:\/\/peakart.co.uk\/de\/produkt\/einzigartige-grosse-wanduhr-aus-holz\/\",\"url\":\"https:\/\/peakart.co.uk\/de\/produkt\/einzigartige-grosse-wanduhr-aus-holz\/\",\"name\":\"100 cm gro\u00dfe einzigartige Skelett-Wanduhr aus Holz\",\"isPartOf\":{\"@id\":\"https:\/\/peakart.co.uk\/de\/#website\"},\"primaryImageOfPage\":{\"@id\":\"https:\/\/peakart.co.uk\/de\/produkt\/einzigartige-grosse-wanduhr-aus-holz\/#primaryimage\"},\"image\":{\"@id\":\"https:\/\/peakart.co.uk\/de\/produkt\/einzigartige-grosse-wanduhr-aus-holz\/#primaryimage\"},\"thumbnailUrl\":\"https:\/\/peakart.co.uk\/wp-content\/uploads\/2017\/05\/IMG_3001-scaled-e1714763750383.jpg\",\"datePublished\":\"2017-10-01T07:07:43+00:00\",\"dateModified\":\"2023-03-25T10:16:38+00:00\",\"description\":\"Die exzentrischste und ungew\u00f6hnlichste handgefertigte Holzwanduhr. Sie wurde aus einem einzigen Kiefernholzst\u00fcck geschnitten und handbemalt. Die Fassung auf der R\u00fcckseite sorgt f\u00fcr einen 3D-Charakter.\",\"breadcrumb\":{\"@id\":\"https:\/\/peakart.co.uk\/de\/produkt\/einzigartige-grosse-wanduhr-aus-holz\/#breadcrumb\"},\"inLanguage\":\"de\",\"potentialAction\":[{\"@type\":\"ReadAction\",\"target\":[\"https:\/\/peakart.co.uk\/de\/produkt\/einzigartige-grosse-wanduhr-aus-holz\/\"]}]},{\"@type\":\"ImageObject\",\"inLanguage\":\"de\",\"@id\":\"https:\/\/peakart.co.uk\/de\/produkt\/einzigartige-grosse-wanduhr-aus-holz\/#primaryimage\",\"url\":\"https:\/\/peakart.co.uk\/wp-content\/uploads\/2017\/05\/IMG_3001-scaled-e1714763750383.jpg\",\"contentUrl\":\"https:\/\/peakart.co.uk\/wp-content\/uploads\/2017\/05\/IMG_3001-scaled-e1714763750383.jpg\",\"width\":2201,\"height\":1706},{\"@type\":\"BreadcrumbList\",\"@id\":\"https:\/\/peakart.co.uk\/de\/produkt\/einzigartige-grosse-wanduhr-aus-holz\/#breadcrumb\",\"itemListElement\":[{\"@type\":\"ListItem\",\"position\":1,\"name\":\"Home\",\"item\":\"https:\/\/peakart.co.uk\/de\/\"},{\"@type\":\"ListItem\",\"position\":2,\"name\":\"Shop\",\"item\":\"https:\/\/peakart.co.uk\/de\/shop\/\"},{\"@type\":\"ListItem\",\"position\":3,\"name\":\"Einzigartige gro\u00dfe Wanduhr aus Holz\"}]},{\"@type\":\"WebSite\",\"@id\":\"https:\/\/peakart.co.uk\/de\/#website\",\"url\":\"https:\/\/peakart.co.uk\/de\/\",\"name\":\"Peak Art\",\"description\":\"\",\"publisher\":{\"@id\":\"https:\/\/peakart.co.uk\/de\/#organization\"},\"potentialAction\":[{\"@type\":\"SearchAction\",\"target\":{\"@type\":\"EntryPoint\",\"urlTemplate\":\"https:\/\/peakart.co.uk\/de\/?s={search_term_string}\"},\"query-input\":{\"@type\":\"PropertyValueSpecification\",\"valueRequired\":true,\"valueName\":\"search_term_string\"}}],\"inLanguage\":\"de\"},{\"@type\":\"Organization\",\"@id\":\"https:\/\/peakart.co.uk\/de\/#organization\",\"name\":\"Peak Art\",\"url\":\"https:\/\/peakart.co.uk\/de\/\",\"logo\":{\"@type\":\"ImageObject\",\"inLanguage\":\"de\",\"@id\":\"https:\/\/peakart.co.uk\/de\/#\/schema\/logo\/image\/\",\"url\":\"https:\/\/peakart.co.uk\/wp-content\/uploads\/2023\/07\/logo-8.jpg\",\"contentUrl\":\"https:\/\/peakart.co.uk\/wp-content\/uploads\/2023\/07\/logo-8.jpg\",\"width\":666,\"height\":259,\"caption\":\"Peak Art\"},\"image\":{\"@id\":\"https:\/\/peakart.co.uk\/de\/#\/schema\/logo\/image\/\"},\"sameAs\":[\"https:\/\/www.facebook.com\/PeakArtClocks\/\"],\"hasMerchantReturnPolicy\":{\"@type\":\"MerchantReturnPolicy\",\"merchantReturnLink\":\"https:\/\/peakart.co.uk\/refund_returns\/\"}}]}<\/script>\n<meta property=\"og:availability\" content=\"instock\" \/>\n<meta property=\"product:availability\" content=\"instock\" \/>\n<meta property=\"product:retailer_item_id\" content=\"PEAKART-98938\" \/>\n<meta property=\"product:condition\" content=\"new\" \/>\n<!-- \/ Yoast SEO Premium plugin. -->","yoast_head_json":{"title":"100 cm gro\u00dfe einzigartige Skelett-Wanduhr aus Holz","description":"Die exzentrischste und ungew\u00f6hnlichste handgefertigte Holzwanduhr. Sie wurde aus einem einzigen Kiefernholzst\u00fcck geschnitten und handbemalt. Die Fassung auf der R\u00fcckseite sorgt f\u00fcr einen 3D-Charakter.","robots":{"index":"index","follow":"follow","max-snippet":"max-snippet:-1","max-image-preview":"max-image-preview:large","max-video-preview":"max-video-preview:-1"},"canonical":"https:\/\/peakart.co.uk\/de\/produkt\/einzigartige-grosse-wanduhr-aus-holz\/","og_locale":"de_DE","og_type":"article","og_title":"Einzigartige gro\u00dfe Wanduhr aus Holz","og_description":"Die exzentrischste und ungew\u00f6hnlichste handgefertigte Holzwanduhr. Sie wurde aus einem einzigen Kiefernholzst\u00fcck geschnitten und handbemalt. Die Fassung auf der R\u00fcckseite sorgt f\u00fcr einen 3D-Charakter.","og_url":"https:\/\/peakart.co.uk\/de\/produkt\/einzigartige-grosse-wanduhr-aus-holz\/","og_site_name":"Peak Art","article_publisher":"https:\/\/www.facebook.com\/PeakArtClocks\/","article_modified_time":"2023-03-25T10:16:38+00:00","og_image":[{"width":2560,"height":1707,"url":"https:\/\/peakart.co.uk\/wp-content\/uploads\/2017\/05\/IMG_3001-scaled-e1714763750383.jpg","type":"image\/jpeg"}],"twitter_card":"summary_large_image","twitter_misc":{"Verf\u00fcgbarkeit":"Auf Lager"},"schema":{"@context":"https:\/\/schema.org","@graph":[{"@type":"WebPage","@id":"https:\/\/peakart.co.uk\/de\/produkt\/einzigartige-grosse-wanduhr-aus-holz\/","url":"https:\/\/peakart.co.uk\/de\/produkt\/einzigartige-grosse-wanduhr-aus-holz\/","name":"100 cm gro\u00dfe einzigartige Skelett-Wanduhr aus Holz","isPartOf":{"@id":"https:\/\/peakart.co.uk\/de\/#website"},"primaryImageOfPage":{"@id":"https:\/\/peakart.co.uk\/de\/produkt\/einzigartige-grosse-wanduhr-aus-holz\/#primaryimage"},"image":{"@id":"https:\/\/peakart.co.uk\/de\/produkt\/einzigartige-grosse-wanduhr-aus-holz\/#primaryimage"},"thumbnailUrl":"https:\/\/peakart.co.uk\/wp-content\/uploads\/2017\/05\/IMG_3001-scaled-e1714763750383.jpg","datePublished":"2017-10-01T07:07:43+00:00","dateModified":"2023-03-25T10:16:38+00:00","description":"Die exzentrischste und ungew\u00f6hnlichste handgefertigte Holzwanduhr. Sie wurde aus einem einzigen Kiefernholzst\u00fcck geschnitten und handbemalt. Die Fassung auf der R\u00fcckseite sorgt f\u00fcr einen 3D-Charakter.","breadcrumb":{"@id":"https:\/\/peakart.co.uk\/de\/produkt\/einzigartige-grosse-wanduhr-aus-holz\/#breadcrumb"},"inLanguage":"de","potentialAction":[{"@type":"ReadAction","target":["https:\/\/peakart.co.uk\/de\/produkt\/einzigartige-grosse-wanduhr-aus-holz\/"]}]},{"@type":"ImageObject","inLanguage":"de","@id":"https:\/\/peakart.co.uk\/de\/produkt\/einzigartige-grosse-wanduhr-aus-holz\/#primaryimage","url":"https:\/\/peakart.co.uk\/wp-content\/uploads\/2017\/05\/IMG_3001-scaled-e1714763750383.jpg","contentUrl":"https:\/\/peakart.co.uk\/wp-content\/uploads\/2017\/05\/IMG_3001-scaled-e1714763750383.jpg","width":2201,"height":1706},{"@type":"BreadcrumbList","@id":"https:\/\/peakart.co.uk\/de\/produkt\/einzigartige-grosse-wanduhr-aus-holz\/#breadcrumb","itemListElement":[{"@type":"ListItem","position":1,"name":"Home","item":"https:\/\/peakart.co.uk\/de\/"},{"@type":"ListItem","position":2,"name":"Shop","item":"https:\/\/peakart.co.uk\/de\/shop\/"},{"@type":"ListItem","position":3,"name":"Einzigartige gro\u00dfe Wanduhr aus Holz"}]},{"@type":"WebSite","@id":"https:\/\/peakart.co.uk\/de\/#website","url":"https:\/\/peakart.co.uk\/de\/","name":"Peak Art","description":"","publisher":{"@id":"https:\/\/peakart.co.uk\/de\/#organization"},"potentialAction":[{"@type":"SearchAction","target":{"@type":"EntryPoint","urlTemplate":"https:\/\/peakart.co.uk\/de\/?s={search_term_string}"},"query-input":{"@type":"PropertyValueSpecification","valueRequired":true,"valueName":"search_term_string"}}],"inLanguage":"de"},{"@type":"Organization","@id":"https:\/\/peakart.co.uk\/de\/#organization","name":"Peak Art","url":"https:\/\/peakart.co.uk\/de\/","logo":{"@type":"ImageObject","inLanguage":"de","@id":"https:\/\/peakart.co.uk\/de\/#\/schema\/logo\/image\/","url":"https:\/\/peakart.co.uk\/wp-content\/uploads\/2023\/07\/logo-8.jpg","contentUrl":"https:\/\/peakart.co.uk\/wp-content\/uploads\/2023\/07\/logo-8.jpg","width":666,"height":259,"caption":"Peak Art"},"image":{"@id":"https:\/\/peakart.co.uk\/de\/#\/schema\/logo\/image\/"},"sameAs":["https:\/\/www.facebook.com\/PeakArtClocks\/"],"hasMerchantReturnPolicy":{"@type":"MerchantReturnPolicy","merchantReturnLink":"https:\/\/peakart.co.uk\/refund_returns\/"}}]},"og_availability":"instock","product_availability":"instock","product_retailer_item_id":"PEAKART-98938","product_condition":"new"},"_links":{"self":[{"href":"https:\/\/peakart.co.uk\/de\/wp-json\/wp\/v2\/product\/6339","targetHints":{"allow":["GET"]}}],"collection":[{"href":"https:\/\/peakart.co.uk\/de\/wp-json\/wp\/v2\/product"}],"about":[{"href":"https:\/\/peakart.co.uk\/de\/wp-json\/wp\/v2\/types\/product"}],"replies":[{"embeddable":true,"href":"https:\/\/peakart.co.uk\/de\/wp-json\/wp\/v2\/comments?post=6339"}],"wp:featuredmedia":[{"embeddable":true,"href":"https:\/\/peakart.co.uk\/de\/wp-json\/wp\/v2\/media\/32296"}],"wp:attachment":[{"href":"https:\/\/peakart.co.uk\/de\/wp-json\/wp\/v2\/media?parent=6339"}],"wp:term":[{"taxonomy":"product_brand","embeddable":true,"href":"https:\/\/peakart.co.uk\/de\/wp-json\/wp\/v2\/product_brand?post=6339"},{"taxonomy":"product_cat","embeddable":true,"href":"https:\/\/peakart.co.uk\/de\/wp-json\/wp\/v2\/product_cat?post=6339"},{"taxonomy":"product_tag","embeddable":true,"href":"https:\/\/peakart.co.uk\/de\/wp-json\/wp\/v2\/product_tag?post=6339"}],"curies":[{"name":"wp","href":"https:\/\/api.w.org\/{rel}","templated":true}]}}