{"id":6329,"date":"2017-06-07T20:35:33","date_gmt":"2017-06-07T19:35:33","guid":{"rendered":"http:\/\/peakart.co.uk\/product\/extravagante-handgefertigte-statementuhr-aus-holz\/"},"modified":"2023-03-24T19:56:42","modified_gmt":"2023-03-24T19:56:42","slug":"extravagante-dekorative-wanduhr","status":"publish","type":"product","link":"https:\/\/peakart.co.uk\/de\/produkt\/extravagante-dekorative-wanduhr\/","title":{"rendered":"Extravagante dekorative\u00a0Wanduhr aus Holz"},"content":{"rendered":"<h2>Extravagante dekorative\u00a0Wanduhr &#8211; Handgefertigt<\/h2>\n<p>Wenn Sie im Internet nach\u00a0<a href=\"https:\/\/www.google.de\/search?source=hp&amp;q=extragro\u00dfen+handgefertigten+Wanduhren\">extragro\u00dfen handgefertigten Wanduhren<\/a>\u00a0suchen, dann wird schnell offensichtlich, dass Uhren von Peak Art nicht nur die Nummer 1 in der Google-Suche einnehmen, sondern dass sich unsere Produkte auch von der Konkurrenz in Sachen einzigartiger Sch\u00f6nheit und charismatischem Charme abheben. Niemand anders hat sich je eine Uhr ausgedacht, die in dieser Gr\u00f6\u00dfe aus Holz geschnitten, mit den einzigartigsten Mustern bemalt und als solch starkes Statement bereitgestellt werden kann, dass es einem den Atem raubt.<\/p>\n<p>Alle anderen Unternehmen &#8211; oder sollten wir sagen: Uhrenmanufakturen &#8211; folgen demselben Pfad der Massenproduktion ein und desselben Produktes. Wenn Sie auf der Suche nach einer \u00fcbergro\u00dfen dekorativen Wanduhr sind, die die Hauptattraktion Ihres Wohnzimmers werden soll, dann h\u00f6ren Sie auf zu suchen und w\u00e4hlen Sie eines der zahlreichen einzigartigen und extravaganten Uhrendesigns aus unserem Onlineshop aus.<\/p>\n<p>Maori Moana ist eines unserer k\u00fcnstlerischsten Uhrendesigns und wurde durch die Ureinwohner von Neuseeland inspiriert. Es besteht aus einem wundersch\u00f6nen Muster, deren Farben in der atemberaubendsten Form und wundersch\u00f6n geschnitzten Mustern ineinanderflie\u00dfen. Wenn Sie auf der Suche nach einer unverkennbaren dreidimensionalen Form funktionaler Wandkunst sind, dann sollten Sie unserer <a href=\"https:\/\/www.facebook.com\/PeakArtClocks\/\">wachsenden Facebook-Gemeinde<\/a>\u00a0beitreten und Ihren Ansichten und Kommentaren Ausdruck verleihen.<\/p>\n","protected":false},"excerpt":{"rendered":"<p><strong>Entworfen &amp; von Hand gefertigt<\/strong>\u00a0&#8211;\u00a0Anna Siodelska, Gro\u00dfbritannien<\/p>\n<p><strong>Zifferblattfarbe<\/strong> \u2013\u00a0Maori<\/p>\n<p><strong>Hintergrundfarbe<\/strong> \u2013\u00a0Transparent \/ Wand<\/p>\n<p>&nbsp;<\/p>\n","protected":false},"featured_media":32327,"comment_status":"closed","ping_status":"closed","template":"","meta":[],"product_brand":[],"product_cat":[80],"product_tag":[83,82,95],"class_list":{"0":"post-6329","1":"product","2":"type-product","3":"status-publish","4":"has-post-thumbnail","6":"product_cat-grosse-wanduhren-handgefertigt","7":"product_tag-grosse-dekorative-wanduhren","8":"product_tag-grosse-kuenstlerische-wanduhren","9":"product_tag-skelett-wanduhren","11":"first","12":"instock","13":"sale","14":"taxable","15":"shipping-taxable","16":"purchasable","17":"product-type-variable"},"yoast_head":"<!-- This site is optimized with the Yoast SEO Premium plugin v27.2 (Yoast SEO v27.2) - https:\/\/yoast.com\/product\/yoast-seo-premium-wordpress\/ -->\n<title>40 Zoll - Sehr gro\u00dfe dekorative Wanduhr aus Holz<\/title>\n<meta name=\"description\" content=\"Die extravaganteste dekorative Wanduhr, die Freunde und G\u00e4ste in Ihrem Zuhause beeindrucken wird.\" \/>\n<meta name=\"robots\" content=\"index, follow, max-snippet:-1, max-image-preview:large, max-video-preview:-1\" \/>\n<link rel=\"canonical\" href=\"https:\/\/peakart.co.uk\/de\/produkt\/extravagante-dekorative-wanduhr\/\" \/>\n<meta property=\"og:locale\" content=\"de_DE\" \/>\n<meta property=\"og:type\" content=\"article\" \/>\n<meta property=\"og:title\" content=\"Extravagante dekorative\u00a0Wanduhr aus Holz\" \/>\n<meta property=\"og:description\" content=\"Die extravaganteste dekorative Wanduhr, die Freunde und G\u00e4ste in Ihrem Zuhause beeindrucken wird.\" \/>\n<meta property=\"og:url\" content=\"https:\/\/peakart.co.uk\/de\/produkt\/extravagante-dekorative-wanduhr\/\" \/>\n<meta property=\"og:site_name\" content=\"Peak Art\" \/>\n<meta property=\"article:publisher\" content=\"https:\/\/www.facebook.com\/PeakArtClocks\/\" \/>\n<meta property=\"article:modified_time\" content=\"2023-03-24T19:56:42+00:00\" \/>\n<meta property=\"og:image\" content=\"https:\/\/peakart.co.uk\/wp-content\/uploads\/2017\/06\/Very-extravagant-decorative-large-wooden-wall-clock-100cm-Maori-Moana-Left-1.jpg\" \/>\n\t<meta property=\"og:image:width\" content=\"2285\" \/>\n\t<meta property=\"og:image:height\" content=\"2285\" \/>\n\t<meta property=\"og:image:type\" content=\"image\/jpeg\" \/>\n<meta name=\"twitter:card\" content=\"summary_large_image\" \/>\n<meta name=\"twitter:label1\" content=\"Verf\u00fcgbarkeit\" \/>\n\t<meta name=\"twitter:data1\" content=\"Auf Lager\" \/>\n<script type=\"application\/ld+json\" class=\"yoast-schema-graph\">{\"@context\":\"https:\/\/schema.org\",\"@graph\":[{\"@type\":\"WebPage\",\"@id\":\"https:\/\/peakart.co.uk\/de\/produkt\/extravagante-dekorative-wanduhr\/\",\"url\":\"https:\/\/peakart.co.uk\/de\/produkt\/extravagante-dekorative-wanduhr\/\",\"name\":\"40 Zoll - Sehr gro\u00dfe dekorative Wanduhr aus Holz\",\"isPartOf\":{\"@id\":\"https:\/\/peakart.co.uk\/de\/#website\"},\"primaryImageOfPage\":{\"@id\":\"https:\/\/peakart.co.uk\/de\/produkt\/extravagante-dekorative-wanduhr\/#primaryimage\"},\"image\":{\"@id\":\"https:\/\/peakart.co.uk\/de\/produkt\/extravagante-dekorative-wanduhr\/#primaryimage\"},\"thumbnailUrl\":\"https:\/\/peakart.co.uk\/wp-content\/uploads\/2017\/06\/Very-extravagant-decorative-large-wooden-wall-clock-100cm-Maori-Moana-Left-1.jpg\",\"datePublished\":\"2017-06-07T19:35:33+00:00\",\"dateModified\":\"2023-03-24T19:56:42+00:00\",\"description\":\"Die extravaganteste dekorative Wanduhr, die Freunde und G\u00e4ste in Ihrem Zuhause beeindrucken wird.\",\"breadcrumb\":{\"@id\":\"https:\/\/peakart.co.uk\/de\/produkt\/extravagante-dekorative-wanduhr\/#breadcrumb\"},\"inLanguage\":\"de\",\"potentialAction\":[{\"@type\":\"ReadAction\",\"target\":[\"https:\/\/peakart.co.uk\/de\/produkt\/extravagante-dekorative-wanduhr\/\"]}]},{\"@type\":\"ImageObject\",\"inLanguage\":\"de\",\"@id\":\"https:\/\/peakart.co.uk\/de\/produkt\/extravagante-dekorative-wanduhr\/#primaryimage\",\"url\":\"https:\/\/peakart.co.uk\/wp-content\/uploads\/2017\/06\/Very-extravagant-decorative-large-wooden-wall-clock-100cm-Maori-Moana-Left-1.jpg\",\"contentUrl\":\"https:\/\/peakart.co.uk\/wp-content\/uploads\/2017\/06\/Very-extravagant-decorative-large-wooden-wall-clock-100cm-Maori-Moana-Left-1.jpg\",\"width\":2285,\"height\":2285},{\"@type\":\"BreadcrumbList\",\"@id\":\"https:\/\/peakart.co.uk\/de\/produkt\/extravagante-dekorative-wanduhr\/#breadcrumb\",\"itemListElement\":[{\"@type\":\"ListItem\",\"position\":1,\"name\":\"Home\",\"item\":\"https:\/\/peakart.co.uk\/de\/\"},{\"@type\":\"ListItem\",\"position\":2,\"name\":\"Shop\",\"item\":\"https:\/\/peakart.co.uk\/de\/shop\/\"},{\"@type\":\"ListItem\",\"position\":3,\"name\":\"Extravagante dekorative\u00a0Wanduhr aus Holz\"}]},{\"@type\":\"WebSite\",\"@id\":\"https:\/\/peakart.co.uk\/de\/#website\",\"url\":\"https:\/\/peakart.co.uk\/de\/\",\"name\":\"Peak Art\",\"description\":\"\",\"publisher\":{\"@id\":\"https:\/\/peakart.co.uk\/de\/#organization\"},\"potentialAction\":[{\"@type\":\"SearchAction\",\"target\":{\"@type\":\"EntryPoint\",\"urlTemplate\":\"https:\/\/peakart.co.uk\/de\/?s={search_term_string}\"},\"query-input\":{\"@type\":\"PropertyValueSpecification\",\"valueRequired\":true,\"valueName\":\"search_term_string\"}}],\"inLanguage\":\"de\"},{\"@type\":\"Organization\",\"@id\":\"https:\/\/peakart.co.uk\/de\/#organization\",\"name\":\"Peak Art\",\"url\":\"https:\/\/peakart.co.uk\/de\/\",\"logo\":{\"@type\":\"ImageObject\",\"inLanguage\":\"de\",\"@id\":\"https:\/\/peakart.co.uk\/de\/#\/schema\/logo\/image\/\",\"url\":\"https:\/\/peakart.co.uk\/wp-content\/uploads\/2023\/07\/logo-8.jpg\",\"contentUrl\":\"https:\/\/peakart.co.uk\/wp-content\/uploads\/2023\/07\/logo-8.jpg\",\"width\":666,\"height\":259,\"caption\":\"Peak Art\"},\"image\":{\"@id\":\"https:\/\/peakart.co.uk\/de\/#\/schema\/logo\/image\/\"},\"sameAs\":[\"https:\/\/www.facebook.com\/PeakArtClocks\/\"],\"hasMerchantReturnPolicy\":{\"@type\":\"MerchantReturnPolicy\",\"merchantReturnLink\":\"https:\/\/peakart.co.uk\/refund_returns\/\"}}]}<\/script>\n<meta property=\"og:availability\" content=\"instock\" \/>\n<meta property=\"product:availability\" content=\"instock\" \/>\n<meta property=\"product:retailer_item_id\" content=\"PEAKART-14948\" \/>\n<meta property=\"product:condition\" content=\"new\" \/>\n<!-- \/ Yoast SEO Premium plugin. -->","yoast_head_json":{"title":"40 Zoll - Sehr gro\u00dfe dekorative Wanduhr aus Holz","description":"Die extravaganteste dekorative Wanduhr, die Freunde und G\u00e4ste in Ihrem Zuhause beeindrucken wird.","robots":{"index":"index","follow":"follow","max-snippet":"max-snippet:-1","max-image-preview":"max-image-preview:large","max-video-preview":"max-video-preview:-1"},"canonical":"https:\/\/peakart.co.uk\/de\/produkt\/extravagante-dekorative-wanduhr\/","og_locale":"de_DE","og_type":"article","og_title":"Extravagante dekorative\u00a0Wanduhr aus Holz","og_description":"Die extravaganteste dekorative Wanduhr, die Freunde und G\u00e4ste in Ihrem Zuhause beeindrucken wird.","og_url":"https:\/\/peakart.co.uk\/de\/produkt\/extravagante-dekorative-wanduhr\/","og_site_name":"Peak Art","article_publisher":"https:\/\/www.facebook.com\/PeakArtClocks\/","article_modified_time":"2023-03-24T19:56:42+00:00","og_image":[{"width":2285,"height":2285,"url":"https:\/\/peakart.co.uk\/wp-content\/uploads\/2017\/06\/Very-extravagant-decorative-large-wooden-wall-clock-100cm-Maori-Moana-Left-1.jpg","type":"image\/jpeg"}],"twitter_card":"summary_large_image","twitter_misc":{"Verf\u00fcgbarkeit":"Auf Lager"},"schema":{"@context":"https:\/\/schema.org","@graph":[{"@type":"WebPage","@id":"https:\/\/peakart.co.uk\/de\/produkt\/extravagante-dekorative-wanduhr\/","url":"https:\/\/peakart.co.uk\/de\/produkt\/extravagante-dekorative-wanduhr\/","name":"40 Zoll - Sehr gro\u00dfe dekorative Wanduhr aus Holz","isPartOf":{"@id":"https:\/\/peakart.co.uk\/de\/#website"},"primaryImageOfPage":{"@id":"https:\/\/peakart.co.uk\/de\/produkt\/extravagante-dekorative-wanduhr\/#primaryimage"},"image":{"@id":"https:\/\/peakart.co.uk\/de\/produkt\/extravagante-dekorative-wanduhr\/#primaryimage"},"thumbnailUrl":"https:\/\/peakart.co.uk\/wp-content\/uploads\/2017\/06\/Very-extravagant-decorative-large-wooden-wall-clock-100cm-Maori-Moana-Left-1.jpg","datePublished":"2017-06-07T19:35:33+00:00","dateModified":"2023-03-24T19:56:42+00:00","description":"Die extravaganteste dekorative Wanduhr, die Freunde und G\u00e4ste in Ihrem Zuhause beeindrucken wird.","breadcrumb":{"@id":"https:\/\/peakart.co.uk\/de\/produkt\/extravagante-dekorative-wanduhr\/#breadcrumb"},"inLanguage":"de","potentialAction":[{"@type":"ReadAction","target":["https:\/\/peakart.co.uk\/de\/produkt\/extravagante-dekorative-wanduhr\/"]}]},{"@type":"ImageObject","inLanguage":"de","@id":"https:\/\/peakart.co.uk\/de\/produkt\/extravagante-dekorative-wanduhr\/#primaryimage","url":"https:\/\/peakart.co.uk\/wp-content\/uploads\/2017\/06\/Very-extravagant-decorative-large-wooden-wall-clock-100cm-Maori-Moana-Left-1.jpg","contentUrl":"https:\/\/peakart.co.uk\/wp-content\/uploads\/2017\/06\/Very-extravagant-decorative-large-wooden-wall-clock-100cm-Maori-Moana-Left-1.jpg","width":2285,"height":2285},{"@type":"BreadcrumbList","@id":"https:\/\/peakart.co.uk\/de\/produkt\/extravagante-dekorative-wanduhr\/#breadcrumb","itemListElement":[{"@type":"ListItem","position":1,"name":"Home","item":"https:\/\/peakart.co.uk\/de\/"},{"@type":"ListItem","position":2,"name":"Shop","item":"https:\/\/peakart.co.uk\/de\/shop\/"},{"@type":"ListItem","position":3,"name":"Extravagante dekorative\u00a0Wanduhr aus Holz"}]},{"@type":"WebSite","@id":"https:\/\/peakart.co.uk\/de\/#website","url":"https:\/\/peakart.co.uk\/de\/","name":"Peak Art","description":"","publisher":{"@id":"https:\/\/peakart.co.uk\/de\/#organization"},"potentialAction":[{"@type":"SearchAction","target":{"@type":"EntryPoint","urlTemplate":"https:\/\/peakart.co.uk\/de\/?s={search_term_string}"},"query-input":{"@type":"PropertyValueSpecification","valueRequired":true,"valueName":"search_term_string"}}],"inLanguage":"de"},{"@type":"Organization","@id":"https:\/\/peakart.co.uk\/de\/#organization","name":"Peak Art","url":"https:\/\/peakart.co.uk\/de\/","logo":{"@type":"ImageObject","inLanguage":"de","@id":"https:\/\/peakart.co.uk\/de\/#\/schema\/logo\/image\/","url":"https:\/\/peakart.co.uk\/wp-content\/uploads\/2023\/07\/logo-8.jpg","contentUrl":"https:\/\/peakart.co.uk\/wp-content\/uploads\/2023\/07\/logo-8.jpg","width":666,"height":259,"caption":"Peak Art"},"image":{"@id":"https:\/\/peakart.co.uk\/de\/#\/schema\/logo\/image\/"},"sameAs":["https:\/\/www.facebook.com\/PeakArtClocks\/"],"hasMerchantReturnPolicy":{"@type":"MerchantReturnPolicy","merchantReturnLink":"https:\/\/peakart.co.uk\/refund_returns\/"}}]},"og_availability":"instock","product_availability":"instock","product_retailer_item_id":"PEAKART-14948","product_condition":"new"},"_links":{"self":[{"href":"https:\/\/peakart.co.uk\/de\/wp-json\/wp\/v2\/product\/6329","targetHints":{"allow":["GET"]}}],"collection":[{"href":"https:\/\/peakart.co.uk\/de\/wp-json\/wp\/v2\/product"}],"about":[{"href":"https:\/\/peakart.co.uk\/de\/wp-json\/wp\/v2\/types\/product"}],"replies":[{"embeddable":true,"href":"https:\/\/peakart.co.uk\/de\/wp-json\/wp\/v2\/comments?post=6329"}],"wp:featuredmedia":[{"embeddable":true,"href":"https:\/\/peakart.co.uk\/de\/wp-json\/wp\/v2\/media\/32327"}],"wp:attachment":[{"href":"https:\/\/peakart.co.uk\/de\/wp-json\/wp\/v2\/media?parent=6329"}],"wp:term":[{"taxonomy":"product_brand","embeddable":true,"href":"https:\/\/peakart.co.uk\/de\/wp-json\/wp\/v2\/product_brand?post=6329"},{"taxonomy":"product_cat","embeddable":true,"href":"https:\/\/peakart.co.uk\/de\/wp-json\/wp\/v2\/product_cat?post=6329"},{"taxonomy":"product_tag","embeddable":true,"href":"https:\/\/peakart.co.uk\/de\/wp-json\/wp\/v2\/product_tag?post=6329"}],"curies":[{"name":"wp","href":"https:\/\/api.w.org\/{rel}","templated":true}]}}