{"id":34238,"date":"2024-11-03T18:37:32","date_gmt":"2024-11-03T18:37:32","guid":{"rendered":"https:\/\/peakart.co.uk\/product\/gigantische-wanduhr\/"},"modified":"2025-05-03T20:38:12","modified_gmt":"2025-05-03T19:38:12","slug":"gigantische-wanduhr","status":"publish","type":"product","link":"https:\/\/peakart.co.uk\/de\/produkt\/gigantische-wanduhr\/","title":{"rendered":"Gigantische Wanduhr"},"content":{"rendered":"<p class=\"\" data-start=\"0\" data-end=\"418\">Eine gigantische Wanduhr aus Holz ist ein beeindruckendes Dekorationselement, das Eleganz und Nat\u00fcrlichkeit in einem Raum vereint. Durch ihre Gr\u00f6\u00dfe \u2013 oft \u00fcber einem Meter im Durchmesser \u2013 wird sie sofort zum Blickfang und verleiht jeder Wand eine besondere Pr\u00e4senz. Holz als Material bringt W\u00e4rme und ein Gef\u00fchl von Gem\u00fctlichkeit mit sich, was besonders in Wohnr\u00e4umen wie dem Wohnzimmer oder Essbereich gesch\u00e4tzt wird.<\/p>\n<p class=\"\" data-start=\"420\" data-end=\"882\">Der nat\u00fcrliche Charakter des Holzes \u2013 ob rustikal, geb\u00fcrstet, ge\u00f6lt oder lackiert \u2013 macht jede Uhr zu einem Unikat. Astl\u00f6cher, Maserungen und Farbnuancen unterstreichen die Authentizit\u00e4t und den Charme des Werkstoffs. Besonders beliebt sind Designs im Landhausstil oder skandinavischen Stil, bei denen klare Linien und dezente Farben dominieren. Auch Modelle im Vintage- oder Industrie-Look mit metallischen Elementen und r\u00f6mischen Ziffern finden gro\u00dfen Anklang.<\/p>\n<p class=\"\" data-start=\"884\" data-end=\"1220\">Neben dem \u00e4sthetischen Wert bietet eine gro\u00dfe Holzuhr auch praktische Vorteile: Dank der Gr\u00f6\u00dfe lassen sich Uhrzeit und Ziffern auch aus gro\u00dfer Entfernung gut ablesen. Ob als funktionales Kunstwerk oder als stilvolle Erg\u00e4nzung zur Einrichtung \u2013 eine gigantische Wanduhr aus Holz verbindet Zeitmessung mit Design auf eindrucksvolle Weise.<\/p>\n","protected":false},"excerpt":{"rendered":"<div id=\"tw-container\" class=\"nev7se\" data-cp=\"1\" data-nnttsvi=\"1\" data-ntl-fpwrite=\"true\" data-ntl-tooltip=\"true\" data-sletp=\"false\" data-sm=\"1\" data-ssbp=\"true\" data-sugg-time=\"500\" data-sugg-url=\"https:\/\/clients1.google.com\/complete\/search\" data-uilc=\"en\" data-vil=\",af,af-ZA,am,am-ET,ar-EG,ar-AE,ar-KW,ar-QA,ar,ar-IL,ar-JO,ar-LB,ar-PS,az,az-AZ,bg,bg-BG,bn,bn-BD,bn-IN,ca,ca-es,cs,cs-CZ,de,de-DE,de-CH,de-AT,de-LI,en,en-US,en-CA,en-AU,en-NZ,en-GB,en-IN,en-KE,en-TZ,en-NG,en-GH,en-PH,en-ZA,es,es-ES,es-AR,es-UY,es-419,es-BO,es-CL,es-CR,es-CO,es-DO,es-EC,es-GT,es-HN,es-NI,es-PA,es-PE,es-PR,es-PY,es-SV,es-VE,es-MX,es-US,eu,eu-ES,fi,fi-FI,fr,fr-FR,fr-CH,fr-BE,gl,gl-ES,gu,gu-IN,he,he-IL,iw,iw-IL,hu,hu-HU,hy,hy-AM,id,id-ID,is,is-IS,it,it-IT,it-CH,ja,ja-JP,jv,jv-ID,ka,ka-GE,km,km-KH,kn,kn-IN,ko,ko-KR,la,lo,lo-LA,lv,lv-LV,ml,ml-IN,mr,mr-IN,ms,ms-MY,nl,nl-NL,nb,nb-NO,ne,ne-NP,pl,pl-PL,pt,pt-BR,pt-PT,ro,ro-RO,ru,ru-RU,si-LK,sk,sk-SK,sr,sr-RS,su,su-ID,sv,sv-SE,sw,sw-TZ,sw-KE,ta,ta-IN,ta-SG,ta-LK,ta-MY,te,te-IN,tr,tr-TR,ur,ur-PK,ur-IN,yue,yue-HK,yue-Hant-HK,zh-HK,zh,zh-CN,zh-cmn,zh-cmn-CN,zh-Hans,zh-Hans-CN,zh-cmn-Hans,zh-cmn-Hans-CN,cmn-CN,cmn-Hans,cmn-Hans-CN,zh-TW,zh-Hant-TW,cmn-TW,cmn-Hant-TW,zh-cmn-TW,zh-cmn-Hant-TW,zu,zu-ZA,hi,hi-IN,tl,tl-PH,pa,pa-IN\">\n<div>\n<div>\n<div id=\"tw-ob\" class=\"tw-src-ltr\">\n<div class=\"oSioSc\">\n<div id=\"tw-target\">\n<div id=\"kAz1tf\" class=\"g9WsWb PZPZlf\" data-attrid=\"tw-targetArea\" data-entityname=\"Google Translate\">\n<div id=\"tw-target-text-container\" class=\"tw-ta-container tw-nfl\" tabindex=\"0\" role=\"text\">\n<p id=\"tw-target-text\" class=\"tw-data-text tw-text-large tw-ta\" dir=\"ltr\" data-placeholder=\"Translation\" data-ved=\"2ahUKEwiW6uvp_YeNAxXBTEEAHXyGEV0Q3ewLegQICRAW\" aria-label=\"Translated text: Unsere neueste gro\u00dfe Wanduhr verleiht jedem Raum eine rustikale und zugleich elegante Note und verbindet Funktionalit\u00e4t mit nat\u00fcrlichem Charme. Der Durchmesser betr\u00e4gt 120 cm, weitere Optionen sind in der Dropdown-Liste verf\u00fcgbar. Design &amp; Handarbeit \u2013 Anna Siodelska, Vereinigtes K\u00f6nigreich Farbe des Zifferblatts: Gealterte Eiche Hintergrundfarbe: Transparent \/ Wand\"><span class=\"Y2IQFc\" lang=\"de\">Unsere neueste gro\u00dfe Wanduhr verleiht jedem Raum eine rustikale und zugleich elegante Note und verbindet Funktionalit\u00e4t mit nat\u00fcrlichem Charme. Der Durchmesser betr\u00e4gt 120 cm, weitere Optionen sind in der Dropdown-Liste verf\u00fcgbar. <\/span><\/p>\n<p class=\"tw-data-text tw-text-large tw-ta\" dir=\"ltr\" data-placeholder=\"Translation\" data-ved=\"2ahUKEwiW6uvp_YeNAxXBTEEAHXyGEV0Q3ewLegQICRAW\" aria-label=\"Translated text: Unsere neueste gro\u00dfe Wanduhr verleiht jedem Raum eine rustikale und zugleich elegante Note und verbindet Funktionalit\u00e4t mit nat\u00fcrlichem Charme. Der Durchmesser betr\u00e4gt 120 cm, weitere Optionen sind in der Dropdown-Liste verf\u00fcgbar. Design &amp; Handarbeit \u2013 Anna Siodelska, Vereinigtes K\u00f6nigreich Farbe des Zifferblatts: Gealterte Eiche Hintergrundfarbe: Transparent \/ Wand\"><span class=\"Y2IQFc\" lang=\"de\"><strong>Design &amp; Handarbeit<\/strong> \u2013 Anna Siodelska, Vereinigtes K\u00f6nigreich<\/span><\/p>\n<p class=\"tw-data-text tw-text-large tw-ta\" dir=\"ltr\" data-placeholder=\"Translation\" data-ved=\"2ahUKEwiW6uvp_YeNAxXBTEEAHXyGEV0Q3ewLegQICRAW\" aria-label=\"Translated text: Unsere neueste gro\u00dfe Wanduhr verleiht jedem Raum eine rustikale und zugleich elegante Note und verbindet Funktionalit\u00e4t mit nat\u00fcrlichem Charme. Der Durchmesser betr\u00e4gt 120 cm, weitere Optionen sind in der Dropdown-Liste verf\u00fcgbar. Design &amp; Handarbeit \u2013 Anna Siodelska, Vereinigtes K\u00f6nigreich Farbe des Zifferblatts: Gealterte Eiche Hintergrundfarbe: Transparent \/ Wand\"><span class=\"Y2IQFc\" lang=\"de\"><strong>Farbe des Zifferblatts<\/strong>: Gealterte Eiche <\/span><\/p>\n<p class=\"tw-data-text tw-text-large tw-ta\" dir=\"ltr\" data-placeholder=\"Translation\" data-ved=\"2ahUKEwiW6uvp_YeNAxXBTEEAHXyGEV0Q3ewLegQICRAW\" aria-label=\"Translated text: Unsere neueste gro\u00dfe Wanduhr verleiht jedem Raum eine rustikale und zugleich elegante Note und verbindet Funktionalit\u00e4t mit nat\u00fcrlichem Charme. Der Durchmesser betr\u00e4gt 120 cm, weitere Optionen sind in der Dropdown-Liste verf\u00fcgbar. Design &amp; Handarbeit \u2013 Anna Siodelska, Vereinigtes K\u00f6nigreich Farbe des Zifferblatts: Gealterte Eiche Hintergrundfarbe: Transparent \/ Wand\"><span class=\"Y2IQFc\" lang=\"de\"><strong>Hintergrundfarbe<\/strong>: Transparent \/ Wand<\/span><\/p>\n<\/div>\n<div id=\"tw-target-rmn-container\" class=\"tw-target-rmn tw-ta-container tw-nfl\" tabindex=\"0\" role=\"text\">\n<pre id=\"tw-target-rmn\" class=\"tw-data-placeholder tw-text-small tw-ta\" dir=\"ltr\" data-placeholder=\"\"><\/pre>\n<\/div>\n<div class=\"iYB33c\">\n<div id=\"tw-tmenu\" class=\"tw-menu\"><\/div>\n<\/div>\n<\/div>\n<\/div>\n<\/div>\n<\/div>\n<div id=\"tw-images\"><\/div>\n<div class=\"dURPtb\"><\/div>\n<div>\n<div><\/div>\n<\/div>\n<\/div>\n<\/div>\n<\/div>\n<div class=\"KFFQ0c xKf9F\">\n<div class=\"akqY6\"><\/div>\n<div class=\"YfftMc\"><\/div>\n<\/div>\n","protected":false},"featured_media":33186,"comment_status":"closed","ping_status":"closed","template":"","meta":[],"product_brand":[],"product_cat":[80],"product_tag":[2673,82,95],"class_list":{"0":"post-34238","1":"product","2":"type-product","3":"status-publish","4":"has-post-thumbnail","6":"product_cat-grosse-wanduhren-handgefertigt","7":"product_tag-callback-der-datenloschungs-funktion-im-index-d-ist-ungultig","8":"product_tag-grosse-kuenstlerische-wanduhren","9":"product_tag-skelett-wanduhren","11":"first","12":"instock","13":"sale","14":"taxable","15":"shipping-taxable","16":"purchasable","17":"product-type-variable"},"yoast_head":"<!-- This site is optimized with the Yoast SEO Premium plugin v27.2 (Yoast SEO v27.2) - https:\/\/yoast.com\/product\/yoast-seo-premium-wordpress\/ -->\n<title>Gigantische Wanduhr aus Holz - Peak Art<\/title>\n<meta name=\"description\" content=\"Unsere gro\u00dfe Wanduhr misst 120 cm im Durchmesser und wird alle Ihre G\u00e4ste dank ihrer Handarbeit beeindrucken.\" \/>\n<meta name=\"robots\" content=\"index, follow, max-snippet:-1, max-image-preview:large, max-video-preview:-1\" \/>\n<link rel=\"canonical\" href=\"https:\/\/peakart.co.uk\/de\/produkt\/gigantische-wanduhr\/\" \/>\n<meta property=\"og:locale\" content=\"de_DE\" \/>\n<meta property=\"og:type\" content=\"article\" \/>\n<meta property=\"og:title\" content=\"Gigantische Wanduhr\" \/>\n<meta property=\"og:description\" content=\"Unsere gro\u00dfe Wanduhr misst 120 cm im Durchmesser und wird alle Ihre G\u00e4ste dank ihrer Handarbeit beeindrucken.\" \/>\n<meta property=\"og:url\" content=\"https:\/\/peakart.co.uk\/de\/produkt\/gigantische-wanduhr\/\" \/>\n<meta property=\"og:site_name\" content=\"Peak Art\" \/>\n<meta property=\"article:publisher\" content=\"https:\/\/www.facebook.com\/PeakArtClocks\/\" \/>\n<meta property=\"article:modified_time\" content=\"2025-05-03T19:38:12+00:00\" \/>\n<meta property=\"og:image\" content=\"https:\/\/peakart.co.uk\/wp-content\/uploads\/2024\/11\/Big-Wall-Clock-with-pillows-e1731768535135.jpg\" \/>\n\t<meta property=\"og:image:width\" content=\"900\" \/>\n\t<meta property=\"og:image:height\" content=\"1600\" \/>\n\t<meta property=\"og:image:type\" content=\"image\/jpeg\" \/>\n<meta name=\"twitter:card\" content=\"summary_large_image\" \/>\n<meta name=\"twitter:label1\" content=\"Verf\u00fcgbarkeit\" \/>\n\t<meta name=\"twitter:data1\" content=\"Auf Lager\" \/>\n<script type=\"application\/ld+json\" class=\"yoast-schema-graph\">{\"@context\":\"https:\/\/schema.org\",\"@graph\":[{\"@type\":\"WebPage\",\"@id\":\"https:\/\/peakart.co.uk\/de\/produkt\/gigantische-wanduhr\/\",\"url\":\"https:\/\/peakart.co.uk\/de\/produkt\/gigantische-wanduhr\/\",\"name\":\"Gigantische Wanduhr aus Holz - Peak Art\",\"isPartOf\":{\"@id\":\"https:\/\/peakart.co.uk\/de\/#website\"},\"primaryImageOfPage\":{\"@id\":\"https:\/\/peakart.co.uk\/de\/produkt\/gigantische-wanduhr\/#primaryimage\"},\"image\":{\"@id\":\"https:\/\/peakart.co.uk\/de\/produkt\/gigantische-wanduhr\/#primaryimage\"},\"thumbnailUrl\":\"https:\/\/peakart.co.uk\/wp-content\/uploads\/2024\/11\/Big-Wall-Clock-with-pillows-e1731768535135.jpg\",\"datePublished\":\"2024-11-03T18:37:32+00:00\",\"dateModified\":\"2025-05-03T19:38:12+00:00\",\"description\":\"Unsere gro\u00dfe Wanduhr misst 120 cm im Durchmesser und wird alle Ihre G\u00e4ste dank ihrer Handarbeit beeindrucken.\",\"breadcrumb\":{\"@id\":\"https:\/\/peakart.co.uk\/de\/produkt\/gigantische-wanduhr\/#breadcrumb\"},\"inLanguage\":\"de\",\"potentialAction\":[{\"@type\":\"ReadAction\",\"target\":[\"https:\/\/peakart.co.uk\/de\/produkt\/gigantische-wanduhr\/\"]}]},{\"@type\":\"ImageObject\",\"inLanguage\":\"de\",\"@id\":\"https:\/\/peakart.co.uk\/de\/produkt\/gigantische-wanduhr\/#primaryimage\",\"url\":\"https:\/\/peakart.co.uk\/wp-content\/uploads\/2024\/11\/Big-Wall-Clock-with-pillows-e1731768535135.jpg\",\"contentUrl\":\"https:\/\/peakart.co.uk\/wp-content\/uploads\/2024\/11\/Big-Wall-Clock-with-pillows-e1731768535135.jpg\",\"width\":871,\"height\":983,\"caption\":\"Gigantische Wanduhr\"},{\"@type\":\"BreadcrumbList\",\"@id\":\"https:\/\/peakart.co.uk\/de\/produkt\/gigantische-wanduhr\/#breadcrumb\",\"itemListElement\":[{\"@type\":\"ListItem\",\"position\":1,\"name\":\"Home\",\"item\":\"https:\/\/peakart.co.uk\/de\/\"},{\"@type\":\"ListItem\",\"position\":2,\"name\":\"Shop\",\"item\":\"https:\/\/peakart.co.uk\/de\/shop\/\"},{\"@type\":\"ListItem\",\"position\":3,\"name\":\"Gigantische Wanduhr\"}]},{\"@type\":\"WebSite\",\"@id\":\"https:\/\/peakart.co.uk\/de\/#website\",\"url\":\"https:\/\/peakart.co.uk\/de\/\",\"name\":\"Peak Art\",\"description\":\"\",\"publisher\":{\"@id\":\"https:\/\/peakart.co.uk\/de\/#organization\"},\"potentialAction\":[{\"@type\":\"SearchAction\",\"target\":{\"@type\":\"EntryPoint\",\"urlTemplate\":\"https:\/\/peakart.co.uk\/de\/?s={search_term_string}\"},\"query-input\":{\"@type\":\"PropertyValueSpecification\",\"valueRequired\":true,\"valueName\":\"search_term_string\"}}],\"inLanguage\":\"de\"},{\"@type\":\"Organization\",\"@id\":\"https:\/\/peakart.co.uk\/de\/#organization\",\"name\":\"Peak Art\",\"url\":\"https:\/\/peakart.co.uk\/de\/\",\"logo\":{\"@type\":\"ImageObject\",\"inLanguage\":\"de\",\"@id\":\"https:\/\/peakart.co.uk\/de\/#\/schema\/logo\/image\/\",\"url\":\"https:\/\/peakart.co.uk\/wp-content\/uploads\/2023\/07\/logo-8.jpg\",\"contentUrl\":\"https:\/\/peakart.co.uk\/wp-content\/uploads\/2023\/07\/logo-8.jpg\",\"width\":666,\"height\":259,\"caption\":\"Peak Art\"},\"image\":{\"@id\":\"https:\/\/peakart.co.uk\/de\/#\/schema\/logo\/image\/\"},\"sameAs\":[\"https:\/\/www.facebook.com\/PeakArtClocks\/\"],\"hasMerchantReturnPolicy\":{\"@type\":\"MerchantReturnPolicy\",\"merchantReturnLink\":\"https:\/\/peakart.co.uk\/refund_returns\/\"}}]}<\/script>\n<meta property=\"og:availability\" content=\"instock\" \/>\n<meta property=\"product:availability\" content=\"instock\" \/>\n<meta property=\"product:retailer_item_id\" content=\"PEAKART-88731\" \/>\n<meta property=\"product:condition\" content=\"new\" \/>\n<!-- \/ Yoast SEO Premium plugin. -->","yoast_head_json":{"title":"Gigantische Wanduhr aus Holz - Peak Art","description":"Unsere gro\u00dfe Wanduhr misst 120 cm im Durchmesser und wird alle Ihre G\u00e4ste dank ihrer Handarbeit beeindrucken.","robots":{"index":"index","follow":"follow","max-snippet":"max-snippet:-1","max-image-preview":"max-image-preview:large","max-video-preview":"max-video-preview:-1"},"canonical":"https:\/\/peakart.co.uk\/de\/produkt\/gigantische-wanduhr\/","og_locale":"de_DE","og_type":"article","og_title":"Gigantische Wanduhr","og_description":"Unsere gro\u00dfe Wanduhr misst 120 cm im Durchmesser und wird alle Ihre G\u00e4ste dank ihrer Handarbeit beeindrucken.","og_url":"https:\/\/peakart.co.uk\/de\/produkt\/gigantische-wanduhr\/","og_site_name":"Peak Art","article_publisher":"https:\/\/www.facebook.com\/PeakArtClocks\/","article_modified_time":"2025-05-03T19:38:12+00:00","og_image":[{"width":900,"height":1600,"url":"https:\/\/peakart.co.uk\/wp-content\/uploads\/2024\/11\/Big-Wall-Clock-with-pillows-e1731768535135.jpg","type":"image\/jpeg"}],"twitter_card":"summary_large_image","twitter_misc":{"Verf\u00fcgbarkeit":"Auf Lager"},"schema":{"@context":"https:\/\/schema.org","@graph":[{"@type":"WebPage","@id":"https:\/\/peakart.co.uk\/de\/produkt\/gigantische-wanduhr\/","url":"https:\/\/peakart.co.uk\/de\/produkt\/gigantische-wanduhr\/","name":"Gigantische Wanduhr aus Holz - Peak Art","isPartOf":{"@id":"https:\/\/peakart.co.uk\/de\/#website"},"primaryImageOfPage":{"@id":"https:\/\/peakart.co.uk\/de\/produkt\/gigantische-wanduhr\/#primaryimage"},"image":{"@id":"https:\/\/peakart.co.uk\/de\/produkt\/gigantische-wanduhr\/#primaryimage"},"thumbnailUrl":"https:\/\/peakart.co.uk\/wp-content\/uploads\/2024\/11\/Big-Wall-Clock-with-pillows-e1731768535135.jpg","datePublished":"2024-11-03T18:37:32+00:00","dateModified":"2025-05-03T19:38:12+00:00","description":"Unsere gro\u00dfe Wanduhr misst 120 cm im Durchmesser und wird alle Ihre G\u00e4ste dank ihrer Handarbeit beeindrucken.","breadcrumb":{"@id":"https:\/\/peakart.co.uk\/de\/produkt\/gigantische-wanduhr\/#breadcrumb"},"inLanguage":"de","potentialAction":[{"@type":"ReadAction","target":["https:\/\/peakart.co.uk\/de\/produkt\/gigantische-wanduhr\/"]}]},{"@type":"ImageObject","inLanguage":"de","@id":"https:\/\/peakart.co.uk\/de\/produkt\/gigantische-wanduhr\/#primaryimage","url":"https:\/\/peakart.co.uk\/wp-content\/uploads\/2024\/11\/Big-Wall-Clock-with-pillows-e1731768535135.jpg","contentUrl":"https:\/\/peakart.co.uk\/wp-content\/uploads\/2024\/11\/Big-Wall-Clock-with-pillows-e1731768535135.jpg","width":871,"height":983,"caption":"Gigantische Wanduhr"},{"@type":"BreadcrumbList","@id":"https:\/\/peakart.co.uk\/de\/produkt\/gigantische-wanduhr\/#breadcrumb","itemListElement":[{"@type":"ListItem","position":1,"name":"Home","item":"https:\/\/peakart.co.uk\/de\/"},{"@type":"ListItem","position":2,"name":"Shop","item":"https:\/\/peakart.co.uk\/de\/shop\/"},{"@type":"ListItem","position":3,"name":"Gigantische Wanduhr"}]},{"@type":"WebSite","@id":"https:\/\/peakart.co.uk\/de\/#website","url":"https:\/\/peakart.co.uk\/de\/","name":"Peak Art","description":"","publisher":{"@id":"https:\/\/peakart.co.uk\/de\/#organization"},"potentialAction":[{"@type":"SearchAction","target":{"@type":"EntryPoint","urlTemplate":"https:\/\/peakart.co.uk\/de\/?s={search_term_string}"},"query-input":{"@type":"PropertyValueSpecification","valueRequired":true,"valueName":"search_term_string"}}],"inLanguage":"de"},{"@type":"Organization","@id":"https:\/\/peakart.co.uk\/de\/#organization","name":"Peak Art","url":"https:\/\/peakart.co.uk\/de\/","logo":{"@type":"ImageObject","inLanguage":"de","@id":"https:\/\/peakart.co.uk\/de\/#\/schema\/logo\/image\/","url":"https:\/\/peakart.co.uk\/wp-content\/uploads\/2023\/07\/logo-8.jpg","contentUrl":"https:\/\/peakart.co.uk\/wp-content\/uploads\/2023\/07\/logo-8.jpg","width":666,"height":259,"caption":"Peak Art"},"image":{"@id":"https:\/\/peakart.co.uk\/de\/#\/schema\/logo\/image\/"},"sameAs":["https:\/\/www.facebook.com\/PeakArtClocks\/"],"hasMerchantReturnPolicy":{"@type":"MerchantReturnPolicy","merchantReturnLink":"https:\/\/peakart.co.uk\/refund_returns\/"}}]},"og_availability":"instock","product_availability":"instock","product_retailer_item_id":"PEAKART-88731","product_condition":"new"},"_links":{"self":[{"href":"https:\/\/peakart.co.uk\/de\/wp-json\/wp\/v2\/product\/34238","targetHints":{"allow":["GET"]}}],"collection":[{"href":"https:\/\/peakart.co.uk\/de\/wp-json\/wp\/v2\/product"}],"about":[{"href":"https:\/\/peakart.co.uk\/de\/wp-json\/wp\/v2\/types\/product"}],"replies":[{"embeddable":true,"href":"https:\/\/peakart.co.uk\/de\/wp-json\/wp\/v2\/comments?post=34238"}],"wp:featuredmedia":[{"embeddable":true,"href":"https:\/\/peakart.co.uk\/de\/wp-json\/wp\/v2\/media\/33186"}],"wp:attachment":[{"href":"https:\/\/peakart.co.uk\/de\/wp-json\/wp\/v2\/media?parent=34238"}],"wp:term":[{"taxonomy":"product_brand","embeddable":true,"href":"https:\/\/peakart.co.uk\/de\/wp-json\/wp\/v2\/product_brand?post=34238"},{"taxonomy":"product_cat","embeddable":true,"href":"https:\/\/peakart.co.uk\/de\/wp-json\/wp\/v2\/product_cat?post=34238"},{"taxonomy":"product_tag","embeddable":true,"href":"https:\/\/peakart.co.uk\/de\/wp-json\/wp\/v2\/product_tag?post=34238"}],"curies":[{"name":"wp","href":"https:\/\/api.w.org\/{rel}","templated":true}]}}