{"id":34232,"date":"2023-08-04T10:05:45","date_gmt":"2023-08-04T09:05:45","guid":{"rendered":"https:\/\/peakart.co.uk\/product\/grosse-uhr-fuer-die-wand\/"},"modified":"2025-05-03T19:00:24","modified_gmt":"2025-05-03T18:00:24","slug":"grosse-uhr-fuer-die-wand","status":"publish","type":"product","link":"https:\/\/peakart.co.uk\/de\/produkt\/grosse-uhr-fuer-die-wand\/","title":{"rendered":"Gro\u00dfe Uhr f\u00fcr die Wand"},"content":{"rendered":"<p class=\"\" data-start=\"0\" data-end=\"333\">Gro\u00dfe Wanduhren sind nicht nur praktische Zeitmesser, sondern auch beeindruckende Dekorationselemente f\u00fcr Wohnr\u00e4ume, B\u00fcros oder \u00f6ffentliche Einrichtungen. Durch ihre imposante Gr\u00f6\u00dfe \u2013 oft mit einem Durchmesser von 75 cm oder mehr \u2013 ziehen sie sofort alle Blicke auf sich und dienen h\u00e4ufig als zentrales Gestaltungselement einer Wand.<\/p>\n<p class=\"\" data-start=\"335\" data-end=\"801\">Besonders beliebt sind Modelle im Vintage-, Industrie- oder Landhausstil, oft gefertigt aus Metall, Holz oder einer Kombination beider Materialien. Sie verleihen dem Raum Charakter und k\u00f6nnen sowohl in moderne als auch klassische Einrichtungsstile integriert werden. Gro\u00dfe Wanduhren mit r\u00f6mischen Ziffern betonen ein traditionelles, elegantes Design, w\u00e4hrend minimalistische Varianten mit schlichten Linien und arabischen Zahlen ein modernes Ambiente unterstreichen.<\/p>\n<p class=\"\" data-start=\"803\" data-end=\"1131\">Neben dem dekorativen Aspekt bieten gro\u00dfe Wanduhren den Vorteil, dass sie auch aus gr\u00f6\u00dferer Entfernung gut ablesbar sind \u2013 ideal f\u00fcr gro\u00dfz\u00fcgige R\u00e4ume oder offene Wohnkonzepte. Einige Modelle verzichten auf ein Zifferblatt und bestehen nur aus Zahlen und Zeigern, was einen besonders luftigen und zeitgem\u00e4\u00dfen Eindruck vermittelt.<\/p>\n<p class=\"\" data-start=\"1133\" data-end=\"1393\">Insgesamt sind gro\u00dfe Wanduhren mehr als nur ein Mittel zur Zeitanzeige \u2013 sie sind Ausdruck von Stil und Pers\u00f6nlichkeit. Ob als Blickfang im Wohnzimmer oder funktionales Designobjekt im B\u00fcro: Sie verbinden \u00c4sthetik mit Alltagstauglichkeit auf gelungene Weise.<\/p>\n","protected":false},"excerpt":{"rendered":"<p><strong>Design &amp; Handfertigung<\/strong> \u2013 Anna Siodelska, Vereinigtes K\u00f6nigreich<br class=\"xliff-newline\" \/><br class=\"xliff-newline\" \/><strong>Farbe des Zifferblatts<\/strong> \u2013 Eiche mit Bronze Metallic, Gr\u00fcn- und Graut\u00f6nen<br class=\"xliff-newline\" \/><br class=\"xliff-newline\" \/><strong>Hintergrundfarbe<\/strong> \u2013 Transparent\/ Wandfarbe<\/p>\n","protected":false},"featured_media":33655,"comment_status":"closed","ping_status":"closed","template":"","meta":[],"product_brand":[],"product_cat":[80],"product_tag":[2673,83,90,87,2139,82,89,95],"class_list":{"0":"post-34232","1":"product","2":"type-product","3":"status-publish","4":"has-post-thumbnail","6":"product_cat-grosse-wanduhren-handgefertigt","7":"product_tag-callback-der-datenloschungs-funktion-im-index-d-ist-ungultig","8":"product_tag-grosse-dekorative-wanduhren","9":"product_tag-grosse-skelett-wanduhren-mit-roemischen-zahlzeichen","10":"product_tag-wanduhren-mit-roemischen-zahlzeichen","11":"product_tag-grose-wanduhren","12":"product_tag-grosse-kuenstlerische-wanduhren","13":"product_tag-schabige-schicke-wanduhren","14":"product_tag-skelett-wanduhren","16":"first","17":"instock","18":"sale","19":"taxable","20":"shipping-taxable","21":"purchasable","22":"product-type-variable"},"yoast_head":"<!-- This site is optimized with the Yoast SEO Premium plugin v27.2 (Yoast SEO v27.2) - https:\/\/yoast.com\/product\/yoast-seo-premium-wordpress\/ -->\n<title>Gro\u00dfe Uhr f\u00fcr die Wand: Stilvolles Akzentst\u00fcck f\u00fcr Ihr Zuhause<\/title>\n<meta name=\"description\" content=\"Werten Sie Ihren Raum mit unserer Gro\u00dfen Uhr f\u00fcr die Wand auf \u2013 einer perfekten Kombination aus Stil und Funktionalit\u00e4t.\" \/>\n<meta name=\"robots\" content=\"index, follow, max-snippet:-1, max-image-preview:large, max-video-preview:-1\" \/>\n<link rel=\"canonical\" href=\"https:\/\/peakart.co.uk\/de\/produkt\/grosse-uhr-fuer-die-wand\/\" \/>\n<meta property=\"og:locale\" content=\"de_DE\" \/>\n<meta property=\"og:type\" content=\"article\" \/>\n<meta property=\"og:title\" content=\"Gro\u00dfe Uhr f\u00fcr die Wand\" \/>\n<meta property=\"og:description\" content=\"Werten Sie Ihren Raum mit unserer Gro\u00dfen Uhr f\u00fcr die Wand auf \u2013 einer perfekten Kombination aus Stil und Funktionalit\u00e4t.\" \/>\n<meta property=\"og:url\" content=\"https:\/\/peakart.co.uk\/de\/produkt\/grosse-uhr-fuer-die-wand\/\" \/>\n<meta property=\"og:site_name\" content=\"Peak Art\" \/>\n<meta property=\"article:publisher\" content=\"https:\/\/www.facebook.com\/PeakArtClocks\/\" \/>\n<meta property=\"article:modified_time\" content=\"2025-05-03T18:00:24+00:00\" \/>\n<meta property=\"og:image\" content=\"https:\/\/peakart.co.uk\/wp-content\/uploads\/2023\/08\/Large-Clock-For-Wall-Zoom.jpg\" \/>\n\t<meta property=\"og:image:width\" content=\"1200\" \/>\n\t<meta property=\"og:image:height\" content=\"1061\" \/>\n\t<meta property=\"og:image:type\" content=\"image\/jpeg\" \/>\n<meta name=\"twitter:card\" content=\"summary_large_image\" \/>\n<meta name=\"twitter:label1\" content=\"Verf\u00fcgbarkeit\" \/>\n\t<meta name=\"twitter:data1\" content=\"Auf Lager\" \/>\n<script type=\"application\/ld+json\" class=\"yoast-schema-graph\">{\"@context\":\"https:\/\/schema.org\",\"@graph\":[{\"@type\":\"WebPage\",\"@id\":\"https:\/\/peakart.co.uk\/de\/produkt\/grosse-uhr-fuer-die-wand\/\",\"url\":\"https:\/\/peakart.co.uk\/de\/produkt\/grosse-uhr-fuer-die-wand\/\",\"name\":\"Gro\u00dfe Uhr f\u00fcr die Wand: Stilvolles Akzentst\u00fcck f\u00fcr Ihr Zuhause\",\"isPartOf\":{\"@id\":\"https:\/\/peakart.co.uk\/de\/#website\"},\"primaryImageOfPage\":{\"@id\":\"https:\/\/peakart.co.uk\/de\/produkt\/grosse-uhr-fuer-die-wand\/#primaryimage\"},\"image\":{\"@id\":\"https:\/\/peakart.co.uk\/de\/produkt\/grosse-uhr-fuer-die-wand\/#primaryimage\"},\"thumbnailUrl\":\"https:\/\/peakart.co.uk\/wp-content\/uploads\/2023\/08\/Large-Clock-For-Wall-Zoom.jpg\",\"datePublished\":\"2023-08-04T09:05:45+00:00\",\"dateModified\":\"2025-05-03T18:00:24+00:00\",\"description\":\"Werten Sie Ihren Raum mit unserer Gro\u00dfen Uhr f\u00fcr die Wand auf \u2013 einer perfekten Kombination aus Stil und Funktionalit\u00e4t.\",\"breadcrumb\":{\"@id\":\"https:\/\/peakart.co.uk\/de\/produkt\/grosse-uhr-fuer-die-wand\/#breadcrumb\"},\"inLanguage\":\"de\",\"potentialAction\":[{\"@type\":\"ReadAction\",\"target\":[\"https:\/\/peakart.co.uk\/de\/produkt\/grosse-uhr-fuer-die-wand\/\"]}]},{\"@type\":\"ImageObject\",\"inLanguage\":\"de\",\"@id\":\"https:\/\/peakart.co.uk\/de\/produkt\/grosse-uhr-fuer-die-wand\/#primaryimage\",\"url\":\"https:\/\/peakart.co.uk\/wp-content\/uploads\/2023\/08\/Large-Clock-For-Wall-Zoom.jpg\",\"contentUrl\":\"https:\/\/peakart.co.uk\/wp-content\/uploads\/2023\/08\/Large-Clock-For-Wall-Zoom.jpg\",\"width\":1200,\"height\":1061,\"caption\":\"Gro\u00dfe Uhr f\u00fcr die Wand\"},{\"@type\":\"BreadcrumbList\",\"@id\":\"https:\/\/peakart.co.uk\/de\/produkt\/grosse-uhr-fuer-die-wand\/#breadcrumb\",\"itemListElement\":[{\"@type\":\"ListItem\",\"position\":1,\"name\":\"Home\",\"item\":\"https:\/\/peakart.co.uk\/de\/\"},{\"@type\":\"ListItem\",\"position\":2,\"name\":\"Shop\",\"item\":\"https:\/\/peakart.co.uk\/de\/shop\/\"},{\"@type\":\"ListItem\",\"position\":3,\"name\":\"Gro\u00dfe Uhr f\u00fcr die Wand\"}]},{\"@type\":\"WebSite\",\"@id\":\"https:\/\/peakart.co.uk\/de\/#website\",\"url\":\"https:\/\/peakart.co.uk\/de\/\",\"name\":\"Peak Art\",\"description\":\"\",\"publisher\":{\"@id\":\"https:\/\/peakart.co.uk\/de\/#organization\"},\"potentialAction\":[{\"@type\":\"SearchAction\",\"target\":{\"@type\":\"EntryPoint\",\"urlTemplate\":\"https:\/\/peakart.co.uk\/de\/?s={search_term_string}\"},\"query-input\":{\"@type\":\"PropertyValueSpecification\",\"valueRequired\":true,\"valueName\":\"search_term_string\"}}],\"inLanguage\":\"de\"},{\"@type\":\"Organization\",\"@id\":\"https:\/\/peakart.co.uk\/de\/#organization\",\"name\":\"Peak Art\",\"url\":\"https:\/\/peakart.co.uk\/de\/\",\"logo\":{\"@type\":\"ImageObject\",\"inLanguage\":\"de\",\"@id\":\"https:\/\/peakart.co.uk\/de\/#\/schema\/logo\/image\/\",\"url\":\"https:\/\/peakart.co.uk\/wp-content\/uploads\/2023\/07\/logo-8.jpg\",\"contentUrl\":\"https:\/\/peakart.co.uk\/wp-content\/uploads\/2023\/07\/logo-8.jpg\",\"width\":666,\"height\":259,\"caption\":\"Peak Art\"},\"image\":{\"@id\":\"https:\/\/peakart.co.uk\/de\/#\/schema\/logo\/image\/\"},\"sameAs\":[\"https:\/\/www.facebook.com\/PeakArtClocks\/\"],\"hasMerchantReturnPolicy\":{\"@type\":\"MerchantReturnPolicy\",\"merchantReturnLink\":\"https:\/\/peakart.co.uk\/refund_returns\/\"}}]}<\/script>\n<meta property=\"og:availability\" content=\"instock\" \/>\n<meta property=\"product:availability\" content=\"instock\" \/>\n<meta property=\"product:retailer_item_id\" content=\"PEAKART-67555\" \/>\n<meta property=\"product:condition\" content=\"new\" \/>\n<!-- \/ Yoast SEO Premium plugin. -->","yoast_head_json":{"title":"Gro\u00dfe Uhr f\u00fcr die Wand: Stilvolles Akzentst\u00fcck f\u00fcr Ihr Zuhause","description":"Werten Sie Ihren Raum mit unserer Gro\u00dfen Uhr f\u00fcr die Wand auf \u2013 einer perfekten Kombination aus Stil und Funktionalit\u00e4t.","robots":{"index":"index","follow":"follow","max-snippet":"max-snippet:-1","max-image-preview":"max-image-preview:large","max-video-preview":"max-video-preview:-1"},"canonical":"https:\/\/peakart.co.uk\/de\/produkt\/grosse-uhr-fuer-die-wand\/","og_locale":"de_DE","og_type":"article","og_title":"Gro\u00dfe Uhr f\u00fcr die Wand","og_description":"Werten Sie Ihren Raum mit unserer Gro\u00dfen Uhr f\u00fcr die Wand auf \u2013 einer perfekten Kombination aus Stil und Funktionalit\u00e4t.","og_url":"https:\/\/peakart.co.uk\/de\/produkt\/grosse-uhr-fuer-die-wand\/","og_site_name":"Peak Art","article_publisher":"https:\/\/www.facebook.com\/PeakArtClocks\/","article_modified_time":"2025-05-03T18:00:24+00:00","og_image":[{"width":1200,"height":1061,"url":"https:\/\/peakart.co.uk\/wp-content\/uploads\/2023\/08\/Large-Clock-For-Wall-Zoom.jpg","type":"image\/jpeg"}],"twitter_card":"summary_large_image","twitter_misc":{"Verf\u00fcgbarkeit":"Auf Lager"},"schema":{"@context":"https:\/\/schema.org","@graph":[{"@type":"WebPage","@id":"https:\/\/peakart.co.uk\/de\/produkt\/grosse-uhr-fuer-die-wand\/","url":"https:\/\/peakart.co.uk\/de\/produkt\/grosse-uhr-fuer-die-wand\/","name":"Gro\u00dfe Uhr f\u00fcr die Wand: Stilvolles Akzentst\u00fcck f\u00fcr Ihr Zuhause","isPartOf":{"@id":"https:\/\/peakart.co.uk\/de\/#website"},"primaryImageOfPage":{"@id":"https:\/\/peakart.co.uk\/de\/produkt\/grosse-uhr-fuer-die-wand\/#primaryimage"},"image":{"@id":"https:\/\/peakart.co.uk\/de\/produkt\/grosse-uhr-fuer-die-wand\/#primaryimage"},"thumbnailUrl":"https:\/\/peakart.co.uk\/wp-content\/uploads\/2023\/08\/Large-Clock-For-Wall-Zoom.jpg","datePublished":"2023-08-04T09:05:45+00:00","dateModified":"2025-05-03T18:00:24+00:00","description":"Werten Sie Ihren Raum mit unserer Gro\u00dfen Uhr f\u00fcr die Wand auf \u2013 einer perfekten Kombination aus Stil und Funktionalit\u00e4t.","breadcrumb":{"@id":"https:\/\/peakart.co.uk\/de\/produkt\/grosse-uhr-fuer-die-wand\/#breadcrumb"},"inLanguage":"de","potentialAction":[{"@type":"ReadAction","target":["https:\/\/peakart.co.uk\/de\/produkt\/grosse-uhr-fuer-die-wand\/"]}]},{"@type":"ImageObject","inLanguage":"de","@id":"https:\/\/peakart.co.uk\/de\/produkt\/grosse-uhr-fuer-die-wand\/#primaryimage","url":"https:\/\/peakart.co.uk\/wp-content\/uploads\/2023\/08\/Large-Clock-For-Wall-Zoom.jpg","contentUrl":"https:\/\/peakart.co.uk\/wp-content\/uploads\/2023\/08\/Large-Clock-For-Wall-Zoom.jpg","width":1200,"height":1061,"caption":"Gro\u00dfe Uhr f\u00fcr die Wand"},{"@type":"BreadcrumbList","@id":"https:\/\/peakart.co.uk\/de\/produkt\/grosse-uhr-fuer-die-wand\/#breadcrumb","itemListElement":[{"@type":"ListItem","position":1,"name":"Home","item":"https:\/\/peakart.co.uk\/de\/"},{"@type":"ListItem","position":2,"name":"Shop","item":"https:\/\/peakart.co.uk\/de\/shop\/"},{"@type":"ListItem","position":3,"name":"Gro\u00dfe Uhr f\u00fcr die Wand"}]},{"@type":"WebSite","@id":"https:\/\/peakart.co.uk\/de\/#website","url":"https:\/\/peakart.co.uk\/de\/","name":"Peak Art","description":"","publisher":{"@id":"https:\/\/peakart.co.uk\/de\/#organization"},"potentialAction":[{"@type":"SearchAction","target":{"@type":"EntryPoint","urlTemplate":"https:\/\/peakart.co.uk\/de\/?s={search_term_string}"},"query-input":{"@type":"PropertyValueSpecification","valueRequired":true,"valueName":"search_term_string"}}],"inLanguage":"de"},{"@type":"Organization","@id":"https:\/\/peakart.co.uk\/de\/#organization","name":"Peak Art","url":"https:\/\/peakart.co.uk\/de\/","logo":{"@type":"ImageObject","inLanguage":"de","@id":"https:\/\/peakart.co.uk\/de\/#\/schema\/logo\/image\/","url":"https:\/\/peakart.co.uk\/wp-content\/uploads\/2023\/07\/logo-8.jpg","contentUrl":"https:\/\/peakart.co.uk\/wp-content\/uploads\/2023\/07\/logo-8.jpg","width":666,"height":259,"caption":"Peak Art"},"image":{"@id":"https:\/\/peakart.co.uk\/de\/#\/schema\/logo\/image\/"},"sameAs":["https:\/\/www.facebook.com\/PeakArtClocks\/"],"hasMerchantReturnPolicy":{"@type":"MerchantReturnPolicy","merchantReturnLink":"https:\/\/peakart.co.uk\/refund_returns\/"}}]},"og_availability":"instock","product_availability":"instock","product_retailer_item_id":"PEAKART-67555","product_condition":"new"},"_links":{"self":[{"href":"https:\/\/peakart.co.uk\/de\/wp-json\/wp\/v2\/product\/34232","targetHints":{"allow":["GET"]}}],"collection":[{"href":"https:\/\/peakart.co.uk\/de\/wp-json\/wp\/v2\/product"}],"about":[{"href":"https:\/\/peakart.co.uk\/de\/wp-json\/wp\/v2\/types\/product"}],"replies":[{"embeddable":true,"href":"https:\/\/peakart.co.uk\/de\/wp-json\/wp\/v2\/comments?post=34232"}],"wp:featuredmedia":[{"embeddable":true,"href":"https:\/\/peakart.co.uk\/de\/wp-json\/wp\/v2\/media\/33655"}],"wp:attachment":[{"href":"https:\/\/peakart.co.uk\/de\/wp-json\/wp\/v2\/media?parent=34232"}],"wp:term":[{"taxonomy":"product_brand","embeddable":true,"href":"https:\/\/peakart.co.uk\/de\/wp-json\/wp\/v2\/product_brand?post=34232"},{"taxonomy":"product_cat","embeddable":true,"href":"https:\/\/peakart.co.uk\/de\/wp-json\/wp\/v2\/product_cat?post=34232"},{"taxonomy":"product_tag","embeddable":true,"href":"https:\/\/peakart.co.uk\/de\/wp-json\/wp\/v2\/product_tag?post=34232"}],"curies":[{"name":"wp","href":"https:\/\/api.w.org\/{rel}","templated":true}]}}