{"id":29105,"date":"2021-08-19T19:49:39","date_gmt":"2021-08-19T18:49:40","guid":{"rendered":"https:\/\/peakart.co.uk\/?post_type=product&#038;p=29105"},"modified":"2023-03-22T17:28:04","modified_gmt":"2023-03-22T17:28:04","slug":"grose-spiegel-wanduhr","status":"publish","type":"product","link":"https:\/\/peakart.co.uk\/de\/produkt\/grose-spiegel-wanduhr\/","title":{"rendered":"Gro\u00dfe Spiegel-Wanduhr mit r\u00f6mischen Ziffern"},"content":{"rendered":"","protected":false},"excerpt":{"rendered":"<p>Einer unserer Kunden bat uns, ob er eine <a href=\"https:\/\/peakart.co.uk\/de\/produkt\/kuchen-wanduhr\/\">K\u00fcchenwanduhr<\/a>, die in Skelettbauart erh\u00e4ltlich war, mit einem Spiegel als Hintergrund bekommen k\u00f6nne. So kam unsere erste Spiegel-Wanduhr zur Welt. Sie k\u00f6nnen jede unserer <a href=\"https:\/\/peakart.co.uk\/de\/produkt-schlagwort\/skelett-wanduhren\/\">Skelett-Wanduhren<\/a> auch mit einem Spiegel als Hintergrund bestellen, indem Sie uns ansprechen und ein Angebot einholen, falls auf unserer Produktseite nichts Passendes verf\u00fcgbar ist.<\/p>\n<p><strong>Entworfen und handgefertigt von<\/strong>: Anna Siodelska, Vereinigtes K\u00f6nigreich<\/p>\n<p><strong>Farbe des Zifferblattes<\/strong>: shabby-graphit<\/p>\n<p><strong>Farbe des Hintergrunds<\/strong>: Spiegel<\/p>\n<p>&nbsp;<\/p>\n","protected":false},"featured_media":32264,"comment_status":"closed","ping_status":"closed","template":"","meta":[],"product_brand":[],"product_cat":[80],"product_tag":[83,90,87,82,95],"class_list":{"0":"post-29105","1":"product","2":"type-product","3":"status-publish","4":"has-post-thumbnail","6":"product_cat-grosse-wanduhren-handgefertigt","7":"product_tag-grosse-dekorative-wanduhren","8":"product_tag-grosse-skelett-wanduhren-mit-roemischen-zahlzeichen","9":"product_tag-wanduhren-mit-roemischen-zahlzeichen","10":"product_tag-grosse-kuenstlerische-wanduhren","11":"product_tag-skelett-wanduhren","13":"first","14":"instock","15":"sale","16":"taxable","17":"shipping-taxable","18":"purchasable","19":"product-type-variable"},"yoast_head":"<!-- This site is optimized with the Yoast SEO Premium plugin v27.2 (Yoast SEO v27.2) - https:\/\/yoast.com\/product\/yoast-seo-premium-wordpress\/ -->\n<title>Handgefertigte Spiegel-Wanduhr mit r\u00f6mischen Ziffern<\/title>\n<meta name=\"description\" content=\"Unsere sch\u00f6ne Spiegel-Wanduhr wird ein markantes Statement in Ihrer Wohnumgebung abgeben. Erh\u00e4ltlich in drei verschiedenen Gr\u00f6\u00dfen, um der Mehrzahl an Bed\u00fcrfnissen zu entsprechen.\" \/>\n<meta name=\"robots\" content=\"index, follow, max-snippet:-1, max-image-preview:large, max-video-preview:-1\" \/>\n<link rel=\"canonical\" href=\"https:\/\/peakart.co.uk\/de\/produkt\/grose-spiegel-wanduhr\/\" \/>\n<meta property=\"og:locale\" content=\"de_DE\" \/>\n<meta property=\"og:type\" content=\"article\" \/>\n<meta property=\"og:title\" content=\"Gro\u00dfe Spiegel-Wanduhr mit r\u00f6mischen Ziffern\" \/>\n<meta property=\"og:description\" content=\"Unsere sch\u00f6ne Spiegel-Wanduhr wird ein markantes Statement in Ihrer Wohnumgebung abgeben. Erh\u00e4ltlich in drei verschiedenen Gr\u00f6\u00dfen, um der Mehrzahl an Bed\u00fcrfnissen zu entsprechen.\" \/>\n<meta property=\"og:url\" content=\"https:\/\/peakart.co.uk\/de\/produkt\/grose-spiegel-wanduhr\/\" \/>\n<meta property=\"og:site_name\" content=\"Peak Art\" \/>\n<meta property=\"article:publisher\" content=\"https:\/\/www.facebook.com\/PeakArtClocks\/\" \/>\n<meta property=\"article:modified_time\" content=\"2023-03-22T17:28:04+00:00\" \/>\n<meta property=\"og:image\" content=\"https:\/\/peakart.co.uk\/wp-content\/uploads\/2021\/08\/IMG_5052-002-scaled.jpg\" \/>\n\t<meta property=\"og:image:width\" content=\"2560\" \/>\n\t<meta property=\"og:image:height\" content=\"2538\" \/>\n\t<meta property=\"og:image:type\" content=\"image\/jpeg\" \/>\n<meta name=\"twitter:card\" content=\"summary_large_image\" \/>\n<meta name=\"twitter:label1\" content=\"Verf\u00fcgbarkeit\" \/>\n\t<meta name=\"twitter:data1\" content=\"Auf Lager\" \/>\n<script type=\"application\/ld+json\" class=\"yoast-schema-graph\">{\"@context\":\"https:\/\/schema.org\",\"@graph\":[{\"@type\":\"WebPage\",\"@id\":\"https:\/\/peakart.co.uk\/de\/produkt\/grose-spiegel-wanduhr\/\",\"url\":\"https:\/\/peakart.co.uk\/de\/produkt\/grose-spiegel-wanduhr\/\",\"name\":\"Handgefertigte Spiegel-Wanduhr mit r\u00f6mischen Ziffern\",\"isPartOf\":{\"@id\":\"https:\/\/peakart.co.uk\/de\/#website\"},\"primaryImageOfPage\":{\"@id\":\"https:\/\/peakart.co.uk\/de\/produkt\/grose-spiegel-wanduhr\/#primaryimage\"},\"image\":{\"@id\":\"https:\/\/peakart.co.uk\/de\/produkt\/grose-spiegel-wanduhr\/#primaryimage\"},\"thumbnailUrl\":\"https:\/\/peakart.co.uk\/wp-content\/uploads\/2021\/08\/IMG_5052-002-scaled.jpg\",\"datePublished\":\"2021-08-19T18:49:40+00:00\",\"dateModified\":\"2023-03-22T17:28:04+00:00\",\"description\":\"Unsere sch\u00f6ne Spiegel-Wanduhr wird ein markantes Statement in Ihrer Wohnumgebung abgeben. Erh\u00e4ltlich in drei verschiedenen Gr\u00f6\u00dfen, um der Mehrzahl an Bed\u00fcrfnissen zu entsprechen.\",\"breadcrumb\":{\"@id\":\"https:\/\/peakart.co.uk\/de\/produkt\/grose-spiegel-wanduhr\/#breadcrumb\"},\"inLanguage\":\"de\",\"potentialAction\":[{\"@type\":\"ReadAction\",\"target\":[\"https:\/\/peakart.co.uk\/de\/produkt\/grose-spiegel-wanduhr\/\"]}]},{\"@type\":\"ImageObject\",\"inLanguage\":\"de\",\"@id\":\"https:\/\/peakart.co.uk\/de\/produkt\/grose-spiegel-wanduhr\/#primaryimage\",\"url\":\"https:\/\/peakart.co.uk\/wp-content\/uploads\/2021\/08\/IMG_5052-002-scaled.jpg\",\"contentUrl\":\"https:\/\/peakart.co.uk\/wp-content\/uploads\/2021\/08\/IMG_5052-002-scaled.jpg\",\"width\":2560,\"height\":2538},{\"@type\":\"BreadcrumbList\",\"@id\":\"https:\/\/peakart.co.uk\/de\/produkt\/grose-spiegel-wanduhr\/#breadcrumb\",\"itemListElement\":[{\"@type\":\"ListItem\",\"position\":1,\"name\":\"Home\",\"item\":\"https:\/\/peakart.co.uk\/de\/\"},{\"@type\":\"ListItem\",\"position\":2,\"name\":\"Shop\",\"item\":\"https:\/\/peakart.co.uk\/de\/shop\/\"},{\"@type\":\"ListItem\",\"position\":3,\"name\":\"Gro\u00dfe Spiegel-Wanduhr mit r\u00f6mischen Ziffern\"}]},{\"@type\":\"WebSite\",\"@id\":\"https:\/\/peakart.co.uk\/de\/#website\",\"url\":\"https:\/\/peakart.co.uk\/de\/\",\"name\":\"Peak Art\",\"description\":\"\",\"publisher\":{\"@id\":\"https:\/\/peakart.co.uk\/de\/#organization\"},\"potentialAction\":[{\"@type\":\"SearchAction\",\"target\":{\"@type\":\"EntryPoint\",\"urlTemplate\":\"https:\/\/peakart.co.uk\/de\/?s={search_term_string}\"},\"query-input\":{\"@type\":\"PropertyValueSpecification\",\"valueRequired\":true,\"valueName\":\"search_term_string\"}}],\"inLanguage\":\"de\"},{\"@type\":\"Organization\",\"@id\":\"https:\/\/peakart.co.uk\/de\/#organization\",\"name\":\"Peak Art\",\"url\":\"https:\/\/peakart.co.uk\/de\/\",\"logo\":{\"@type\":\"ImageObject\",\"inLanguage\":\"de\",\"@id\":\"https:\/\/peakart.co.uk\/de\/#\/schema\/logo\/image\/\",\"url\":\"https:\/\/peakart.co.uk\/wp-content\/uploads\/2023\/07\/logo-8.jpg\",\"contentUrl\":\"https:\/\/peakart.co.uk\/wp-content\/uploads\/2023\/07\/logo-8.jpg\",\"width\":666,\"height\":259,\"caption\":\"Peak Art\"},\"image\":{\"@id\":\"https:\/\/peakart.co.uk\/de\/#\/schema\/logo\/image\/\"},\"sameAs\":[\"https:\/\/www.facebook.com\/PeakArtClocks\/\"],\"hasMerchantReturnPolicy\":{\"@type\":\"MerchantReturnPolicy\",\"merchantReturnLink\":\"https:\/\/peakart.co.uk\/refund_returns\/\"}}]}<\/script>\n<meta property=\"og:availability\" content=\"instock\" \/>\n<meta property=\"product:availability\" content=\"instock\" \/>\n<meta property=\"product:retailer_item_id\" content=\"PEAKART-66955\" \/>\n<meta property=\"product:condition\" content=\"new\" \/>\n<!-- \/ Yoast SEO Premium plugin. -->","yoast_head_json":{"title":"Handgefertigte Spiegel-Wanduhr mit r\u00f6mischen Ziffern","description":"Unsere sch\u00f6ne Spiegel-Wanduhr wird ein markantes Statement in Ihrer Wohnumgebung abgeben. Erh\u00e4ltlich in drei verschiedenen Gr\u00f6\u00dfen, um der Mehrzahl an Bed\u00fcrfnissen zu entsprechen.","robots":{"index":"index","follow":"follow","max-snippet":"max-snippet:-1","max-image-preview":"max-image-preview:large","max-video-preview":"max-video-preview:-1"},"canonical":"https:\/\/peakart.co.uk\/de\/produkt\/grose-spiegel-wanduhr\/","og_locale":"de_DE","og_type":"article","og_title":"Gro\u00dfe Spiegel-Wanduhr mit r\u00f6mischen Ziffern","og_description":"Unsere sch\u00f6ne Spiegel-Wanduhr wird ein markantes Statement in Ihrer Wohnumgebung abgeben. Erh\u00e4ltlich in drei verschiedenen Gr\u00f6\u00dfen, um der Mehrzahl an Bed\u00fcrfnissen zu entsprechen.","og_url":"https:\/\/peakart.co.uk\/de\/produkt\/grose-spiegel-wanduhr\/","og_site_name":"Peak Art","article_publisher":"https:\/\/www.facebook.com\/PeakArtClocks\/","article_modified_time":"2023-03-22T17:28:04+00:00","og_image":[{"width":2560,"height":2538,"url":"https:\/\/peakart.co.uk\/wp-content\/uploads\/2021\/08\/IMG_5052-002-scaled.jpg","type":"image\/jpeg"}],"twitter_card":"summary_large_image","twitter_misc":{"Verf\u00fcgbarkeit":"Auf Lager"},"schema":{"@context":"https:\/\/schema.org","@graph":[{"@type":"WebPage","@id":"https:\/\/peakart.co.uk\/de\/produkt\/grose-spiegel-wanduhr\/","url":"https:\/\/peakart.co.uk\/de\/produkt\/grose-spiegel-wanduhr\/","name":"Handgefertigte Spiegel-Wanduhr mit r\u00f6mischen Ziffern","isPartOf":{"@id":"https:\/\/peakart.co.uk\/de\/#website"},"primaryImageOfPage":{"@id":"https:\/\/peakart.co.uk\/de\/produkt\/grose-spiegel-wanduhr\/#primaryimage"},"image":{"@id":"https:\/\/peakart.co.uk\/de\/produkt\/grose-spiegel-wanduhr\/#primaryimage"},"thumbnailUrl":"https:\/\/peakart.co.uk\/wp-content\/uploads\/2021\/08\/IMG_5052-002-scaled.jpg","datePublished":"2021-08-19T18:49:40+00:00","dateModified":"2023-03-22T17:28:04+00:00","description":"Unsere sch\u00f6ne Spiegel-Wanduhr wird ein markantes Statement in Ihrer Wohnumgebung abgeben. Erh\u00e4ltlich in drei verschiedenen Gr\u00f6\u00dfen, um der Mehrzahl an Bed\u00fcrfnissen zu entsprechen.","breadcrumb":{"@id":"https:\/\/peakart.co.uk\/de\/produkt\/grose-spiegel-wanduhr\/#breadcrumb"},"inLanguage":"de","potentialAction":[{"@type":"ReadAction","target":["https:\/\/peakart.co.uk\/de\/produkt\/grose-spiegel-wanduhr\/"]}]},{"@type":"ImageObject","inLanguage":"de","@id":"https:\/\/peakart.co.uk\/de\/produkt\/grose-spiegel-wanduhr\/#primaryimage","url":"https:\/\/peakart.co.uk\/wp-content\/uploads\/2021\/08\/IMG_5052-002-scaled.jpg","contentUrl":"https:\/\/peakart.co.uk\/wp-content\/uploads\/2021\/08\/IMG_5052-002-scaled.jpg","width":2560,"height":2538},{"@type":"BreadcrumbList","@id":"https:\/\/peakart.co.uk\/de\/produkt\/grose-spiegel-wanduhr\/#breadcrumb","itemListElement":[{"@type":"ListItem","position":1,"name":"Home","item":"https:\/\/peakart.co.uk\/de\/"},{"@type":"ListItem","position":2,"name":"Shop","item":"https:\/\/peakart.co.uk\/de\/shop\/"},{"@type":"ListItem","position":3,"name":"Gro\u00dfe Spiegel-Wanduhr mit r\u00f6mischen Ziffern"}]},{"@type":"WebSite","@id":"https:\/\/peakart.co.uk\/de\/#website","url":"https:\/\/peakart.co.uk\/de\/","name":"Peak Art","description":"","publisher":{"@id":"https:\/\/peakart.co.uk\/de\/#organization"},"potentialAction":[{"@type":"SearchAction","target":{"@type":"EntryPoint","urlTemplate":"https:\/\/peakart.co.uk\/de\/?s={search_term_string}"},"query-input":{"@type":"PropertyValueSpecification","valueRequired":true,"valueName":"search_term_string"}}],"inLanguage":"de"},{"@type":"Organization","@id":"https:\/\/peakart.co.uk\/de\/#organization","name":"Peak Art","url":"https:\/\/peakart.co.uk\/de\/","logo":{"@type":"ImageObject","inLanguage":"de","@id":"https:\/\/peakart.co.uk\/de\/#\/schema\/logo\/image\/","url":"https:\/\/peakart.co.uk\/wp-content\/uploads\/2023\/07\/logo-8.jpg","contentUrl":"https:\/\/peakart.co.uk\/wp-content\/uploads\/2023\/07\/logo-8.jpg","width":666,"height":259,"caption":"Peak Art"},"image":{"@id":"https:\/\/peakart.co.uk\/de\/#\/schema\/logo\/image\/"},"sameAs":["https:\/\/www.facebook.com\/PeakArtClocks\/"],"hasMerchantReturnPolicy":{"@type":"MerchantReturnPolicy","merchantReturnLink":"https:\/\/peakart.co.uk\/refund_returns\/"}}]},"og_availability":"instock","product_availability":"instock","product_retailer_item_id":"PEAKART-66955","product_condition":"new"},"_links":{"self":[{"href":"https:\/\/peakart.co.uk\/de\/wp-json\/wp\/v2\/product\/29105","targetHints":{"allow":["GET"]}}],"collection":[{"href":"https:\/\/peakart.co.uk\/de\/wp-json\/wp\/v2\/product"}],"about":[{"href":"https:\/\/peakart.co.uk\/de\/wp-json\/wp\/v2\/types\/product"}],"replies":[{"embeddable":true,"href":"https:\/\/peakart.co.uk\/de\/wp-json\/wp\/v2\/comments?post=29105"}],"wp:featuredmedia":[{"embeddable":true,"href":"https:\/\/peakart.co.uk\/de\/wp-json\/wp\/v2\/media\/32264"}],"wp:attachment":[{"href":"https:\/\/peakart.co.uk\/de\/wp-json\/wp\/v2\/media?parent=29105"}],"wp:term":[{"taxonomy":"product_brand","embeddable":true,"href":"https:\/\/peakart.co.uk\/de\/wp-json\/wp\/v2\/product_brand?post=29105"},{"taxonomy":"product_cat","embeddable":true,"href":"https:\/\/peakart.co.uk\/de\/wp-json\/wp\/v2\/product_cat?post=29105"},{"taxonomy":"product_tag","embeddable":true,"href":"https:\/\/peakart.co.uk\/de\/wp-json\/wp\/v2\/product_tag?post=29105"}],"curies":[{"name":"wp","href":"https:\/\/api.w.org\/{rel}","templated":true}]}}