{"id":28429,"date":"2020-08-28T22:17:43","date_gmt":"2020-08-28T21:17:44","guid":{"rendered":"https:\/\/peakart.co.uk\/?post_type=product&#038;p=28429"},"modified":"2023-03-22T17:18:09","modified_gmt":"2023-03-22T17:18:09","slug":"wanduhr-mit-romischen-ziffern","status":"publish","type":"product","link":"https:\/\/peakart.co.uk\/de\/produkt\/wanduhr-mit-romischen-ziffern\/","title":{"rendered":"Gro\u00dfe Wanduhr mit r\u00f6mischen Ziffern"},"content":{"rendered":"<h2>Geben Sie ein Statement ab mit einer massiven Wanduhr mit r\u00f6mischen Ziffern<\/h2>\n<p>Seitdem wir Peak Art Clocks im Jahre 2015 gegr\u00fcndet haben, war es unser haupts\u00e4chliches Ziel, die unvergleichlichsten gro\u00dfen Uhren der Welt herzustellen. Alle unsere Kunden suchen nach etwas, das mehr ist als ein Zeitanzeiger. Oft verbringen sie Monate im Internet, um ein St\u00fcck mit echtem &#8220;Wow&#8221;-Effekt zu finden. F\u00fcnf Jahre sp\u00e4ter k\u00f6nnen wir gut 50 verschiedene Muster anbieten. Obgleich unsere Kunden in unserem Laden verschiedene Formen und Gr\u00f6\u00dfen finden k\u00f6nnen, zeigen die meisten unserer Uhren traditionelle <a href=\"https:\/\/peakart.co.uk\/de\/produkt-schlagwort\/wanduhren-mit-roemischen-zahlzeichen\/\" data-mce-href=\"https:\/\/peakart.co.uk\/de\/produkt-schlagwort\/wanduhren-mit-roemischen-zahlzeichen\/\">r\u00f6mische Ziffern<\/a>.<\/p>\n<p>Jede Uhr hat ihre eigene Geschichte, und auch diese bildet keine Ausnahme. Urspr\u00fcnglich hatte einer unserer Kunden \u00fcberlegt, sich eine <a href=\"https:\/\/peakart.co.uk\/de\/produkt\/graue-uhr\/\" data-mce-href=\"https:\/\/peakart.co.uk\/de\/produkt\/graue-uhr\/\">graue Uhr<\/a> zuzulegen, doch auch der Einfall, ein paar orangefarbene Elemente zu erg\u00e4nzen, gefiel ihm. Sobald wir Aufnahmen von seinem Wohnzimmer erhielten, besa\u00dfen wir eine viel bessere Vorstellung, die zu diesem Entwurf gef\u00fchrt hat. Wir sind sehr stolz darauf, durchdacht vorzugehen und daf\u00fcr zu sorgen, jedes Mal die Bed\u00fcrfnisse des Kunden zu erf\u00fcllen.<\/p>\n<p>Wenn Sie bei Peak Art eine Uhr erwerben, k\u00f6nnen Sie sicher sein, dass niemand anders auf der Welt eine identische Uhr an der Wand h\u00e4ngen hat. Aufgrund unserer Handarbeit k\u00f6nnen keine zwei Uhren jemals v\u00f6llig gleich sein.<\/p>\n","protected":false},"excerpt":{"rendered":"<p>Diese h\u00fcbsche Uhr mit r\u00f6mischen Ziffern wurde zwar urspr\u00fcnglich f\u00fcr die Gr\u00f6\u00dfe von 120 cm (48 Zoll) Durchmesser entworfen, doch \u00fcber das Dropdown-Men\u00fc sind auch andere Gr\u00f6\u00dfen erh\u00e4ltlich.<\/p>\n<p><strong>Entworfen und hangefertigt von<\/strong>: Anna Siodelska, Vereinigtes K\u00f6nigreich<\/p>\n<p><strong>Farbe des Zifferblattes<\/strong>: dunkelgrau mit orangefarbenen T\u00f6nen<\/p>\n<p><strong>Farbe des Hintergrundes<\/strong>: durchsichtig \/ Farbe der Wand<\/p>\n","protected":false},"featured_media":29989,"comment_status":"closed","ping_status":"closed","template":"","meta":[],"product_brand":[],"product_cat":[80],"product_tag":[83,90,87,2139,82,89,95],"class_list":{"0":"post-28429","1":"product","2":"type-product","3":"status-publish","4":"has-post-thumbnail","6":"product_cat-grosse-wanduhren-handgefertigt","7":"product_tag-grosse-dekorative-wanduhren","8":"product_tag-grosse-skelett-wanduhren-mit-roemischen-zahlzeichen","9":"product_tag-wanduhren-mit-roemischen-zahlzeichen","10":"product_tag-grose-wanduhren","11":"product_tag-grosse-kuenstlerische-wanduhren","12":"product_tag-schabige-schicke-wanduhren","13":"product_tag-skelett-wanduhren","15":"first","16":"instock","17":"sale","18":"taxable","19":"shipping-taxable","20":"purchasable","21":"product-type-variable"},"yoast_head":"<!-- This site is optimized with the Yoast SEO Premium plugin v27.2 (Yoast SEO v27.2) - https:\/\/yoast.com\/product\/yoast-seo-premium-wordpress\/ -->\n<title>Gro\u00dfe, handgefertigte Wanduhr aus Holz mit r\u00f6mischen Ziffern<\/title>\n<meta name=\"description\" content=\"Unsere gro\u00dfe Wanduhr mit r\u00f6mischen Ziffern wird gegen\u00fcber Ihren G\u00e4sten und Besuchern ein starkes Statement abgeben. Erh\u00e4ltlich in drei verschiedenen Gr\u00f6\u00dfen.\" \/>\n<meta name=\"robots\" content=\"index, follow, max-snippet:-1, max-image-preview:large, max-video-preview:-1\" \/>\n<link rel=\"canonical\" href=\"https:\/\/peakart.co.uk\/de\/produkt\/wanduhr-mit-romischen-ziffern\/\" \/>\n<meta property=\"og:locale\" content=\"de_DE\" \/>\n<meta property=\"og:type\" content=\"article\" \/>\n<meta property=\"og:title\" content=\"Gro\u00dfe Wanduhr mit r\u00f6mischen Ziffern\" \/>\n<meta property=\"og:description\" content=\"Unsere gro\u00dfe Wanduhr mit r\u00f6mischen Ziffern wird gegen\u00fcber Ihren G\u00e4sten und Besuchern ein starkes Statement abgeben. Erh\u00e4ltlich in drei verschiedenen Gr\u00f6\u00dfen.\" \/>\n<meta property=\"og:url\" content=\"https:\/\/peakart.co.uk\/de\/produkt\/wanduhr-mit-romischen-ziffern\/\" \/>\n<meta property=\"og:site_name\" content=\"Peak Art\" \/>\n<meta property=\"article:publisher\" content=\"https:\/\/www.facebook.com\/PeakArtClocks\/\" \/>\n<meta property=\"article:modified_time\" content=\"2023-03-22T17:18:09+00:00\" \/>\n<meta property=\"og:image\" content=\"https:\/\/peakart.co.uk\/wp-content\/uploads\/2020\/08\/Roman-Numeral-Wall-Clock-Cloudy-Grey-Interiors.jpg\" \/>\n\t<meta property=\"og:image:width\" content=\"2000\" \/>\n\t<meta property=\"og:image:height\" content=\"1648\" \/>\n\t<meta property=\"og:image:type\" content=\"image\/jpeg\" \/>\n<meta name=\"twitter:card\" content=\"summary_large_image\" \/>\n<meta name=\"twitter:label1\" content=\"Verf\u00fcgbarkeit\" \/>\n\t<meta name=\"twitter:data1\" content=\"Auf Lager\" \/>\n<script type=\"application\/ld+json\" class=\"yoast-schema-graph\">{\"@context\":\"https:\/\/schema.org\",\"@graph\":[{\"@type\":\"WebPage\",\"@id\":\"https:\/\/peakart.co.uk\/de\/produkt\/wanduhr-mit-romischen-ziffern\/\",\"url\":\"https:\/\/peakart.co.uk\/de\/produkt\/wanduhr-mit-romischen-ziffern\/\",\"name\":\"Gro\u00dfe, handgefertigte Wanduhr aus Holz mit r\u00f6mischen Ziffern\",\"isPartOf\":{\"@id\":\"https:\/\/peakart.co.uk\/de\/#website\"},\"primaryImageOfPage\":{\"@id\":\"https:\/\/peakart.co.uk\/de\/produkt\/wanduhr-mit-romischen-ziffern\/#primaryimage\"},\"image\":{\"@id\":\"https:\/\/peakart.co.uk\/de\/produkt\/wanduhr-mit-romischen-ziffern\/#primaryimage\"},\"thumbnailUrl\":\"https:\/\/peakart.co.uk\/wp-content\/uploads\/2020\/08\/Roman-Numeral-Wall-Clock-Cloudy-Grey-Interiors.jpg\",\"datePublished\":\"2020-08-28T21:17:44+00:00\",\"dateModified\":\"2023-03-22T17:18:09+00:00\",\"description\":\"Unsere gro\u00dfe Wanduhr mit r\u00f6mischen Ziffern wird gegen\u00fcber Ihren G\u00e4sten und Besuchern ein starkes Statement abgeben. Erh\u00e4ltlich in drei verschiedenen Gr\u00f6\u00dfen.\",\"breadcrumb\":{\"@id\":\"https:\/\/peakart.co.uk\/de\/produkt\/wanduhr-mit-romischen-ziffern\/#breadcrumb\"},\"inLanguage\":\"de\",\"potentialAction\":[{\"@type\":\"ReadAction\",\"target\":[\"https:\/\/peakart.co.uk\/de\/produkt\/wanduhr-mit-romischen-ziffern\/\"]}]},{\"@type\":\"ImageObject\",\"inLanguage\":\"de\",\"@id\":\"https:\/\/peakart.co.uk\/de\/produkt\/wanduhr-mit-romischen-ziffern\/#primaryimage\",\"url\":\"https:\/\/peakart.co.uk\/wp-content\/uploads\/2020\/08\/Roman-Numeral-Wall-Clock-Cloudy-Grey-Interiors.jpg\",\"contentUrl\":\"https:\/\/peakart.co.uk\/wp-content\/uploads\/2020\/08\/Roman-Numeral-Wall-Clock-Cloudy-Grey-Interiors.jpg\",\"width\":2000,\"height\":1648,\"caption\":\"Cloudy Grey\"},{\"@type\":\"BreadcrumbList\",\"@id\":\"https:\/\/peakart.co.uk\/de\/produkt\/wanduhr-mit-romischen-ziffern\/#breadcrumb\",\"itemListElement\":[{\"@type\":\"ListItem\",\"position\":1,\"name\":\"Home\",\"item\":\"https:\/\/peakart.co.uk\/de\/\"},{\"@type\":\"ListItem\",\"position\":2,\"name\":\"Shop\",\"item\":\"https:\/\/peakart.co.uk\/de\/shop\/\"},{\"@type\":\"ListItem\",\"position\":3,\"name\":\"Gro\u00dfe Wanduhr mit r\u00f6mischen Ziffern\"}]},{\"@type\":\"WebSite\",\"@id\":\"https:\/\/peakart.co.uk\/de\/#website\",\"url\":\"https:\/\/peakart.co.uk\/de\/\",\"name\":\"Peak Art\",\"description\":\"\",\"publisher\":{\"@id\":\"https:\/\/peakart.co.uk\/de\/#organization\"},\"potentialAction\":[{\"@type\":\"SearchAction\",\"target\":{\"@type\":\"EntryPoint\",\"urlTemplate\":\"https:\/\/peakart.co.uk\/de\/?s={search_term_string}\"},\"query-input\":{\"@type\":\"PropertyValueSpecification\",\"valueRequired\":true,\"valueName\":\"search_term_string\"}}],\"inLanguage\":\"de\"},{\"@type\":\"Organization\",\"@id\":\"https:\/\/peakart.co.uk\/de\/#organization\",\"name\":\"Peak Art\",\"url\":\"https:\/\/peakart.co.uk\/de\/\",\"logo\":{\"@type\":\"ImageObject\",\"inLanguage\":\"de\",\"@id\":\"https:\/\/peakart.co.uk\/de\/#\/schema\/logo\/image\/\",\"url\":\"https:\/\/peakart.co.uk\/wp-content\/uploads\/2023\/07\/logo-8.jpg\",\"contentUrl\":\"https:\/\/peakart.co.uk\/wp-content\/uploads\/2023\/07\/logo-8.jpg\",\"width\":666,\"height\":259,\"caption\":\"Peak Art\"},\"image\":{\"@id\":\"https:\/\/peakart.co.uk\/de\/#\/schema\/logo\/image\/\"},\"sameAs\":[\"https:\/\/www.facebook.com\/PeakArtClocks\/\"],\"hasMerchantReturnPolicy\":{\"@type\":\"MerchantReturnPolicy\",\"merchantReturnLink\":\"https:\/\/peakart.co.uk\/refund_returns\/\"}}]}<\/script>\n<meta property=\"og:availability\" content=\"instock\" \/>\n<meta property=\"product:availability\" content=\"instock\" \/>\n<meta property=\"product:retailer_item_id\" content=\"PEAKART-38335\" \/>\n<meta property=\"product:condition\" content=\"new\" \/>\n<!-- \/ Yoast SEO Premium plugin. -->","yoast_head_json":{"title":"Gro\u00dfe, handgefertigte Wanduhr aus Holz mit r\u00f6mischen Ziffern","description":"Unsere gro\u00dfe Wanduhr mit r\u00f6mischen Ziffern wird gegen\u00fcber Ihren G\u00e4sten und Besuchern ein starkes Statement abgeben. Erh\u00e4ltlich in drei verschiedenen Gr\u00f6\u00dfen.","robots":{"index":"index","follow":"follow","max-snippet":"max-snippet:-1","max-image-preview":"max-image-preview:large","max-video-preview":"max-video-preview:-1"},"canonical":"https:\/\/peakart.co.uk\/de\/produkt\/wanduhr-mit-romischen-ziffern\/","og_locale":"de_DE","og_type":"article","og_title":"Gro\u00dfe Wanduhr mit r\u00f6mischen Ziffern","og_description":"Unsere gro\u00dfe Wanduhr mit r\u00f6mischen Ziffern wird gegen\u00fcber Ihren G\u00e4sten und Besuchern ein starkes Statement abgeben. Erh\u00e4ltlich in drei verschiedenen Gr\u00f6\u00dfen.","og_url":"https:\/\/peakart.co.uk\/de\/produkt\/wanduhr-mit-romischen-ziffern\/","og_site_name":"Peak Art","article_publisher":"https:\/\/www.facebook.com\/PeakArtClocks\/","article_modified_time":"2023-03-22T17:18:09+00:00","og_image":[{"width":2000,"height":1648,"url":"https:\/\/peakart.co.uk\/wp-content\/uploads\/2020\/08\/Roman-Numeral-Wall-Clock-Cloudy-Grey-Interiors.jpg","type":"image\/jpeg"}],"twitter_card":"summary_large_image","twitter_misc":{"Verf\u00fcgbarkeit":"Auf Lager"},"schema":{"@context":"https:\/\/schema.org","@graph":[{"@type":"WebPage","@id":"https:\/\/peakart.co.uk\/de\/produkt\/wanduhr-mit-romischen-ziffern\/","url":"https:\/\/peakart.co.uk\/de\/produkt\/wanduhr-mit-romischen-ziffern\/","name":"Gro\u00dfe, handgefertigte Wanduhr aus Holz mit r\u00f6mischen Ziffern","isPartOf":{"@id":"https:\/\/peakart.co.uk\/de\/#website"},"primaryImageOfPage":{"@id":"https:\/\/peakart.co.uk\/de\/produkt\/wanduhr-mit-romischen-ziffern\/#primaryimage"},"image":{"@id":"https:\/\/peakart.co.uk\/de\/produkt\/wanduhr-mit-romischen-ziffern\/#primaryimage"},"thumbnailUrl":"https:\/\/peakart.co.uk\/wp-content\/uploads\/2020\/08\/Roman-Numeral-Wall-Clock-Cloudy-Grey-Interiors.jpg","datePublished":"2020-08-28T21:17:44+00:00","dateModified":"2023-03-22T17:18:09+00:00","description":"Unsere gro\u00dfe Wanduhr mit r\u00f6mischen Ziffern wird gegen\u00fcber Ihren G\u00e4sten und Besuchern ein starkes Statement abgeben. Erh\u00e4ltlich in drei verschiedenen Gr\u00f6\u00dfen.","breadcrumb":{"@id":"https:\/\/peakart.co.uk\/de\/produkt\/wanduhr-mit-romischen-ziffern\/#breadcrumb"},"inLanguage":"de","potentialAction":[{"@type":"ReadAction","target":["https:\/\/peakart.co.uk\/de\/produkt\/wanduhr-mit-romischen-ziffern\/"]}]},{"@type":"ImageObject","inLanguage":"de","@id":"https:\/\/peakart.co.uk\/de\/produkt\/wanduhr-mit-romischen-ziffern\/#primaryimage","url":"https:\/\/peakart.co.uk\/wp-content\/uploads\/2020\/08\/Roman-Numeral-Wall-Clock-Cloudy-Grey-Interiors.jpg","contentUrl":"https:\/\/peakart.co.uk\/wp-content\/uploads\/2020\/08\/Roman-Numeral-Wall-Clock-Cloudy-Grey-Interiors.jpg","width":2000,"height":1648,"caption":"Cloudy Grey"},{"@type":"BreadcrumbList","@id":"https:\/\/peakart.co.uk\/de\/produkt\/wanduhr-mit-romischen-ziffern\/#breadcrumb","itemListElement":[{"@type":"ListItem","position":1,"name":"Home","item":"https:\/\/peakart.co.uk\/de\/"},{"@type":"ListItem","position":2,"name":"Shop","item":"https:\/\/peakart.co.uk\/de\/shop\/"},{"@type":"ListItem","position":3,"name":"Gro\u00dfe Wanduhr mit r\u00f6mischen Ziffern"}]},{"@type":"WebSite","@id":"https:\/\/peakart.co.uk\/de\/#website","url":"https:\/\/peakart.co.uk\/de\/","name":"Peak Art","description":"","publisher":{"@id":"https:\/\/peakart.co.uk\/de\/#organization"},"potentialAction":[{"@type":"SearchAction","target":{"@type":"EntryPoint","urlTemplate":"https:\/\/peakart.co.uk\/de\/?s={search_term_string}"},"query-input":{"@type":"PropertyValueSpecification","valueRequired":true,"valueName":"search_term_string"}}],"inLanguage":"de"},{"@type":"Organization","@id":"https:\/\/peakart.co.uk\/de\/#organization","name":"Peak Art","url":"https:\/\/peakart.co.uk\/de\/","logo":{"@type":"ImageObject","inLanguage":"de","@id":"https:\/\/peakart.co.uk\/de\/#\/schema\/logo\/image\/","url":"https:\/\/peakart.co.uk\/wp-content\/uploads\/2023\/07\/logo-8.jpg","contentUrl":"https:\/\/peakart.co.uk\/wp-content\/uploads\/2023\/07\/logo-8.jpg","width":666,"height":259,"caption":"Peak Art"},"image":{"@id":"https:\/\/peakart.co.uk\/de\/#\/schema\/logo\/image\/"},"sameAs":["https:\/\/www.facebook.com\/PeakArtClocks\/"],"hasMerchantReturnPolicy":{"@type":"MerchantReturnPolicy","merchantReturnLink":"https:\/\/peakart.co.uk\/refund_returns\/"}}]},"og_availability":"instock","product_availability":"instock","product_retailer_item_id":"PEAKART-38335","product_condition":"new"},"_links":{"self":[{"href":"https:\/\/peakart.co.uk\/de\/wp-json\/wp\/v2\/product\/28429","targetHints":{"allow":["GET"]}}],"collection":[{"href":"https:\/\/peakart.co.uk\/de\/wp-json\/wp\/v2\/product"}],"about":[{"href":"https:\/\/peakart.co.uk\/de\/wp-json\/wp\/v2\/types\/product"}],"replies":[{"embeddable":true,"href":"https:\/\/peakart.co.uk\/de\/wp-json\/wp\/v2\/comments?post=28429"}],"wp:featuredmedia":[{"embeddable":true,"href":"https:\/\/peakart.co.uk\/de\/wp-json\/wp\/v2\/media\/29989"}],"wp:attachment":[{"href":"https:\/\/peakart.co.uk\/de\/wp-json\/wp\/v2\/media?parent=28429"}],"wp:term":[{"taxonomy":"product_brand","embeddable":true,"href":"https:\/\/peakart.co.uk\/de\/wp-json\/wp\/v2\/product_brand?post=28429"},{"taxonomy":"product_cat","embeddable":true,"href":"https:\/\/peakart.co.uk\/de\/wp-json\/wp\/v2\/product_cat?post=28429"},{"taxonomy":"product_tag","embeddable":true,"href":"https:\/\/peakart.co.uk\/de\/wp-json\/wp\/v2\/product_tag?post=28429"}],"curies":[{"name":"wp","href":"https:\/\/api.w.org\/{rel}","templated":true}]}}