{"id":28314,"date":"2020-06-15T17:25:00","date_gmt":"2020-06-15T16:25:01","guid":{"rendered":"https:\/\/peakart.co.uk\/?post_type=product&#038;p=28314"},"modified":"2023-03-23T10:21:21","modified_gmt":"2023-03-23T10:21:21","slug":"industrieuhr-fur-wand","status":"publish","type":"product","link":"https:\/\/peakart.co.uk\/de\/produkt\/industrieuhr-fur-wand\/","title":{"rendered":"Eine Industrial-Uhr f\u00fcr die Wand"},"content":{"rendered":"<h2>Wandzierat im Industrial-Stil mit gro\u00dfer Uhr<\/h2>\n<p>Im Laufe der Jahre haben wir immer mehr Uhrenmodelle im Industrial-Stil erg\u00e4nzt. Dies liegt daran, dass unsere Kunden oft nach Alternativen zu unseren traditionellen <a href=\"https:\/\/peakart.co.uk\/de\/produkt-schlagwort\/wanduhren-mit-roemischen-zahlzeichen\/\">Wanduhren mit r\u00f6mischen Ziffern<\/a> suchten. Diese spezielle Industrial-Uhr f\u00fcr die Wand enth\u00e4lt zwar keinerlei Teile aus Metall, doch haben wir sie in einer Art bemalt, die ein distinguiertes und interessantes Aussehen garantiert. Das Ziffernblatt zeigt eine Mischung aus Gold-, Orange- und Blaut\u00f6nen mit Grauschattierungen. Die massive Grundplatte ist schwarz mit einem Hauch von Silber und Gold. Ihre Wand mit einer gro\u00dfen Uhr zu verzieren ist ein neuer Trend in der Inneneinrichtung \u2013 und mit Sicherheit einer, der der \u00dcberlegung w\u00fcrdig ist. Statt eines \u00fcbergro\u00dfen Gem\u00e4ldes oder Spiegels k\u00f6nnen Sie etwas erwerben, das sowohl funktionell ist als auch ein beeindruckendes Schmuckst\u00fcck darstellt.<\/p>\n<p>Wie viele andere Uhren, die auf unserer Website zu haben sind, ist diese Uhr aus zwei zusammengeschraubten Kiefernholzplatten gefertigt. Sowohl Vorder- als auch R\u00fcckseite sind handbemalt, so dass Sie ein weltweit einmaliges Kunstwerk erhalten. F\u00fcr das Uhrwerk ben\u00f6tigen Sie lediglich eine Babyzelle (Gr\u00f6\u00dfe C), die f\u00fcr 9-monatigen Betrieb ausreichen sollte. Bitte <a href=\"https:\/\/peakart.co.uk\/de\/kontakt\/\">sprechen Sie uns an<\/a>, wenn Sie Fragen zu dieser oder zu anderen Uhren haben.<\/p>\n","protected":false},"excerpt":{"rendered":"<p>Eine gro\u00dfe, farbige Uhr aus K\u00fcnstlerhand, betont durch einen schwarzen Hintergrund mit einem Hauch von Silber und Gold<\/p>\n<p><strong>Entworfen und handgefertigt von:<\/strong> Anna Siodelska, Vereinigtes K\u00f6nigreich<\/p>\n<p><strong>Farbe des Ziffernblattes:<\/strong> Teakholz, Erlenbl\u00e4ttrige Eiche, Kiefer, Gold, Chrom, provenceblau, schwarz<\/p>\n<p><strong>Farbe des Hintergrundes:<\/strong> Schwarz mit Silber- und Goldt\u00f6nen<\/p>\n<p>&nbsp;<\/p>\n","protected":false},"featured_media":32467,"comment_status":"closed","ping_status":"closed","template":"","meta":[],"product_brand":[],"product_cat":[80],"product_tag":[83,86,82],"class_list":{"0":"post-28314","1":"product","2":"type-product","3":"status-publish","4":"has-post-thumbnail","6":"product_cat-grosse-wanduhren-handgefertigt","7":"product_tag-grosse-dekorative-wanduhren","8":"product_tag-industrielle-wanduhren","9":"product_tag-grosse-kuenstlerische-wanduhren","11":"first","12":"instock","13":"sale","14":"taxable","15":"shipping-taxable","16":"purchasable","17":"product-type-variable"},"yoast_head":"<!-- This site is optimized with the Yoast SEO Premium plugin v27.2 (Yoast SEO v27.2) - https:\/\/yoast.com\/product\/yoast-seo-premium-wordpress\/ -->\n<title>Eine Uhr im Industrial-Stil f\u00fcr die Wand, erh\u00e4ltlich in verschiedenen Gr\u00f6\u00dfen.<\/title>\n<meta name=\"description\" content=\"Unsere gro\u00dfe, handgefertigte Industrial-Uhr bildet ein ideales Zierat f\u00fcr Ihre Wohnzimmerwand. Dieses originelle Muster ist auf Bestellung in verschiedenen Gr\u00f6\u00dfen zu haben.\" \/>\n<meta name=\"robots\" content=\"index, follow, max-snippet:-1, max-image-preview:large, max-video-preview:-1\" \/>\n<link rel=\"canonical\" href=\"https:\/\/peakart.co.uk\/de\/produkt\/industrieuhr-fur-wand\/\" \/>\n<meta property=\"og:locale\" content=\"de_DE\" \/>\n<meta property=\"og:type\" content=\"article\" \/>\n<meta property=\"og:title\" content=\"Eine Industrial-Uhr f\u00fcr die Wand\" \/>\n<meta property=\"og:description\" content=\"Unsere gro\u00dfe, handgefertigte Industrial-Uhr bildet ein ideales Zierat f\u00fcr Ihre Wohnzimmerwand. Dieses originelle Muster ist auf Bestellung in verschiedenen Gr\u00f6\u00dfen zu haben.\" \/>\n<meta property=\"og:url\" content=\"https:\/\/peakart.co.uk\/de\/produkt\/industrieuhr-fur-wand\/\" \/>\n<meta property=\"og:site_name\" content=\"Peak Art\" \/>\n<meta property=\"article:publisher\" content=\"https:\/\/www.facebook.com\/PeakArtClocks\/\" \/>\n<meta property=\"article:modified_time\" content=\"2023-03-23T10:21:21+00:00\" \/>\n<meta property=\"og:image\" content=\"https:\/\/peakart.co.uk\/wp-content\/uploads\/2020\/06\/Industrial-Clock-for-Wall-Cherokee-Zoom.jpg\" \/>\n\t<meta property=\"og:image:width\" content=\"1348\" \/>\n\t<meta property=\"og:image:height\" content=\"1200\" \/>\n\t<meta property=\"og:image:type\" content=\"image\/jpeg\" \/>\n<meta name=\"twitter:card\" content=\"summary_large_image\" \/>\n<meta name=\"twitter:label1\" content=\"Verf\u00fcgbarkeit\" \/>\n\t<meta name=\"twitter:data1\" content=\"Auf Lager\" \/>\n<script type=\"application\/ld+json\" class=\"yoast-schema-graph\">{\"@context\":\"https:\/\/schema.org\",\"@graph\":[{\"@type\":\"WebPage\",\"@id\":\"https:\/\/peakart.co.uk\/de\/produkt\/industrieuhr-fur-wand\/\",\"url\":\"https:\/\/peakart.co.uk\/de\/produkt\/industrieuhr-fur-wand\/\",\"name\":\"Eine Uhr im Industrial-Stil f\u00fcr die Wand, erh\u00e4ltlich in verschiedenen Gr\u00f6\u00dfen.\",\"isPartOf\":{\"@id\":\"https:\/\/peakart.co.uk\/de\/#website\"},\"primaryImageOfPage\":{\"@id\":\"https:\/\/peakart.co.uk\/de\/produkt\/industrieuhr-fur-wand\/#primaryimage\"},\"image\":{\"@id\":\"https:\/\/peakart.co.uk\/de\/produkt\/industrieuhr-fur-wand\/#primaryimage\"},\"thumbnailUrl\":\"https:\/\/peakart.co.uk\/wp-content\/uploads\/2020\/06\/Industrial-Clock-for-Wall-Cherokee-Zoom.jpg\",\"datePublished\":\"2020-06-15T16:25:01+00:00\",\"dateModified\":\"2023-03-23T10:21:21+00:00\",\"description\":\"Unsere gro\u00dfe, handgefertigte Industrial-Uhr bildet ein ideales Zierat f\u00fcr Ihre Wohnzimmerwand. Dieses originelle Muster ist auf Bestellung in verschiedenen Gr\u00f6\u00dfen zu haben.\",\"breadcrumb\":{\"@id\":\"https:\/\/peakart.co.uk\/de\/produkt\/industrieuhr-fur-wand\/#breadcrumb\"},\"inLanguage\":\"de\",\"potentialAction\":[{\"@type\":\"ReadAction\",\"target\":[\"https:\/\/peakart.co.uk\/de\/produkt\/industrieuhr-fur-wand\/\"]}]},{\"@type\":\"ImageObject\",\"inLanguage\":\"de\",\"@id\":\"https:\/\/peakart.co.uk\/de\/produkt\/industrieuhr-fur-wand\/#primaryimage\",\"url\":\"https:\/\/peakart.co.uk\/wp-content\/uploads\/2020\/06\/Industrial-Clock-for-Wall-Cherokee-Zoom.jpg\",\"contentUrl\":\"https:\/\/peakart.co.uk\/wp-content\/uploads\/2020\/06\/Industrial-Clock-for-Wall-Cherokee-Zoom.jpg\",\"width\":1348,\"height\":1200},{\"@type\":\"BreadcrumbList\",\"@id\":\"https:\/\/peakart.co.uk\/de\/produkt\/industrieuhr-fur-wand\/#breadcrumb\",\"itemListElement\":[{\"@type\":\"ListItem\",\"position\":1,\"name\":\"Home\",\"item\":\"https:\/\/peakart.co.uk\/de\/\"},{\"@type\":\"ListItem\",\"position\":2,\"name\":\"Shop\",\"item\":\"https:\/\/peakart.co.uk\/de\/shop\/\"},{\"@type\":\"ListItem\",\"position\":3,\"name\":\"Eine Industrial-Uhr f\u00fcr die Wand\"}]},{\"@type\":\"WebSite\",\"@id\":\"https:\/\/peakart.co.uk\/de\/#website\",\"url\":\"https:\/\/peakart.co.uk\/de\/\",\"name\":\"Peak Art\",\"description\":\"\",\"publisher\":{\"@id\":\"https:\/\/peakart.co.uk\/de\/#organization\"},\"potentialAction\":[{\"@type\":\"SearchAction\",\"target\":{\"@type\":\"EntryPoint\",\"urlTemplate\":\"https:\/\/peakart.co.uk\/de\/?s={search_term_string}\"},\"query-input\":{\"@type\":\"PropertyValueSpecification\",\"valueRequired\":true,\"valueName\":\"search_term_string\"}}],\"inLanguage\":\"de\"},{\"@type\":\"Organization\",\"@id\":\"https:\/\/peakart.co.uk\/de\/#organization\",\"name\":\"Peak Art\",\"url\":\"https:\/\/peakart.co.uk\/de\/\",\"logo\":{\"@type\":\"ImageObject\",\"inLanguage\":\"de\",\"@id\":\"https:\/\/peakart.co.uk\/de\/#\/schema\/logo\/image\/\",\"url\":\"https:\/\/peakart.co.uk\/wp-content\/uploads\/2023\/07\/logo-8.jpg\",\"contentUrl\":\"https:\/\/peakart.co.uk\/wp-content\/uploads\/2023\/07\/logo-8.jpg\",\"width\":666,\"height\":259,\"caption\":\"Peak Art\"},\"image\":{\"@id\":\"https:\/\/peakart.co.uk\/de\/#\/schema\/logo\/image\/\"},\"sameAs\":[\"https:\/\/www.facebook.com\/PeakArtClocks\/\"],\"hasMerchantReturnPolicy\":{\"@type\":\"MerchantReturnPolicy\",\"merchantReturnLink\":\"https:\/\/peakart.co.uk\/refund_returns\/\"}}]}<\/script>\n<meta property=\"og:availability\" content=\"instock\" \/>\n<meta property=\"product:availability\" content=\"instock\" \/>\n<meta property=\"product:retailer_item_id\" content=\"PEAKART-13563\" \/>\n<meta property=\"product:condition\" content=\"new\" \/>\n<!-- \/ Yoast SEO Premium plugin. -->","yoast_head_json":{"title":"Eine Uhr im Industrial-Stil f\u00fcr die Wand, erh\u00e4ltlich in verschiedenen Gr\u00f6\u00dfen.","description":"Unsere gro\u00dfe, handgefertigte Industrial-Uhr bildet ein ideales Zierat f\u00fcr Ihre Wohnzimmerwand. Dieses originelle Muster ist auf Bestellung in verschiedenen Gr\u00f6\u00dfen zu haben.","robots":{"index":"index","follow":"follow","max-snippet":"max-snippet:-1","max-image-preview":"max-image-preview:large","max-video-preview":"max-video-preview:-1"},"canonical":"https:\/\/peakart.co.uk\/de\/produkt\/industrieuhr-fur-wand\/","og_locale":"de_DE","og_type":"article","og_title":"Eine Industrial-Uhr f\u00fcr die Wand","og_description":"Unsere gro\u00dfe, handgefertigte Industrial-Uhr bildet ein ideales Zierat f\u00fcr Ihre Wohnzimmerwand. Dieses originelle Muster ist auf Bestellung in verschiedenen Gr\u00f6\u00dfen zu haben.","og_url":"https:\/\/peakart.co.uk\/de\/produkt\/industrieuhr-fur-wand\/","og_site_name":"Peak Art","article_publisher":"https:\/\/www.facebook.com\/PeakArtClocks\/","article_modified_time":"2023-03-23T10:21:21+00:00","og_image":[{"width":1348,"height":1200,"url":"https:\/\/peakart.co.uk\/wp-content\/uploads\/2020\/06\/Industrial-Clock-for-Wall-Cherokee-Zoom.jpg","type":"image\/jpeg"}],"twitter_card":"summary_large_image","twitter_misc":{"Verf\u00fcgbarkeit":"Auf Lager"},"schema":{"@context":"https:\/\/schema.org","@graph":[{"@type":"WebPage","@id":"https:\/\/peakart.co.uk\/de\/produkt\/industrieuhr-fur-wand\/","url":"https:\/\/peakart.co.uk\/de\/produkt\/industrieuhr-fur-wand\/","name":"Eine Uhr im Industrial-Stil f\u00fcr die Wand, erh\u00e4ltlich in verschiedenen Gr\u00f6\u00dfen.","isPartOf":{"@id":"https:\/\/peakart.co.uk\/de\/#website"},"primaryImageOfPage":{"@id":"https:\/\/peakart.co.uk\/de\/produkt\/industrieuhr-fur-wand\/#primaryimage"},"image":{"@id":"https:\/\/peakart.co.uk\/de\/produkt\/industrieuhr-fur-wand\/#primaryimage"},"thumbnailUrl":"https:\/\/peakart.co.uk\/wp-content\/uploads\/2020\/06\/Industrial-Clock-for-Wall-Cherokee-Zoom.jpg","datePublished":"2020-06-15T16:25:01+00:00","dateModified":"2023-03-23T10:21:21+00:00","description":"Unsere gro\u00dfe, handgefertigte Industrial-Uhr bildet ein ideales Zierat f\u00fcr Ihre Wohnzimmerwand. Dieses originelle Muster ist auf Bestellung in verschiedenen Gr\u00f6\u00dfen zu haben.","breadcrumb":{"@id":"https:\/\/peakart.co.uk\/de\/produkt\/industrieuhr-fur-wand\/#breadcrumb"},"inLanguage":"de","potentialAction":[{"@type":"ReadAction","target":["https:\/\/peakart.co.uk\/de\/produkt\/industrieuhr-fur-wand\/"]}]},{"@type":"ImageObject","inLanguage":"de","@id":"https:\/\/peakart.co.uk\/de\/produkt\/industrieuhr-fur-wand\/#primaryimage","url":"https:\/\/peakart.co.uk\/wp-content\/uploads\/2020\/06\/Industrial-Clock-for-Wall-Cherokee-Zoom.jpg","contentUrl":"https:\/\/peakart.co.uk\/wp-content\/uploads\/2020\/06\/Industrial-Clock-for-Wall-Cherokee-Zoom.jpg","width":1348,"height":1200},{"@type":"BreadcrumbList","@id":"https:\/\/peakart.co.uk\/de\/produkt\/industrieuhr-fur-wand\/#breadcrumb","itemListElement":[{"@type":"ListItem","position":1,"name":"Home","item":"https:\/\/peakart.co.uk\/de\/"},{"@type":"ListItem","position":2,"name":"Shop","item":"https:\/\/peakart.co.uk\/de\/shop\/"},{"@type":"ListItem","position":3,"name":"Eine Industrial-Uhr f\u00fcr die Wand"}]},{"@type":"WebSite","@id":"https:\/\/peakart.co.uk\/de\/#website","url":"https:\/\/peakart.co.uk\/de\/","name":"Peak Art","description":"","publisher":{"@id":"https:\/\/peakart.co.uk\/de\/#organization"},"potentialAction":[{"@type":"SearchAction","target":{"@type":"EntryPoint","urlTemplate":"https:\/\/peakart.co.uk\/de\/?s={search_term_string}"},"query-input":{"@type":"PropertyValueSpecification","valueRequired":true,"valueName":"search_term_string"}}],"inLanguage":"de"},{"@type":"Organization","@id":"https:\/\/peakart.co.uk\/de\/#organization","name":"Peak Art","url":"https:\/\/peakart.co.uk\/de\/","logo":{"@type":"ImageObject","inLanguage":"de","@id":"https:\/\/peakart.co.uk\/de\/#\/schema\/logo\/image\/","url":"https:\/\/peakart.co.uk\/wp-content\/uploads\/2023\/07\/logo-8.jpg","contentUrl":"https:\/\/peakart.co.uk\/wp-content\/uploads\/2023\/07\/logo-8.jpg","width":666,"height":259,"caption":"Peak Art"},"image":{"@id":"https:\/\/peakart.co.uk\/de\/#\/schema\/logo\/image\/"},"sameAs":["https:\/\/www.facebook.com\/PeakArtClocks\/"],"hasMerchantReturnPolicy":{"@type":"MerchantReturnPolicy","merchantReturnLink":"https:\/\/peakart.co.uk\/refund_returns\/"}}]},"og_availability":"instock","product_availability":"instock","product_retailer_item_id":"PEAKART-13563","product_condition":"new"},"_links":{"self":[{"href":"https:\/\/peakart.co.uk\/de\/wp-json\/wp\/v2\/product\/28314","targetHints":{"allow":["GET"]}}],"collection":[{"href":"https:\/\/peakart.co.uk\/de\/wp-json\/wp\/v2\/product"}],"about":[{"href":"https:\/\/peakart.co.uk\/de\/wp-json\/wp\/v2\/types\/product"}],"replies":[{"embeddable":true,"href":"https:\/\/peakart.co.uk\/de\/wp-json\/wp\/v2\/comments?post=28314"}],"wp:featuredmedia":[{"embeddable":true,"href":"https:\/\/peakart.co.uk\/de\/wp-json\/wp\/v2\/media\/32467"}],"wp:attachment":[{"href":"https:\/\/peakart.co.uk\/de\/wp-json\/wp\/v2\/media?parent=28314"}],"wp:term":[{"taxonomy":"product_brand","embeddable":true,"href":"https:\/\/peakart.co.uk\/de\/wp-json\/wp\/v2\/product_brand?post=28314"},{"taxonomy":"product_cat","embeddable":true,"href":"https:\/\/peakart.co.uk\/de\/wp-json\/wp\/v2\/product_cat?post=28314"},{"taxonomy":"product_tag","embeddable":true,"href":"https:\/\/peakart.co.uk\/de\/wp-json\/wp\/v2\/product_tag?post=28314"}],"curies":[{"name":"wp","href":"https:\/\/api.w.org\/{rel}","templated":true}]}}