{"id":26539,"date":"2020-05-10T14:42:12","date_gmt":"2020-05-10T13:42:13","guid":{"rendered":"https:\/\/peakart.co.uk\/?post_type=product&#038;p=26539"},"modified":"2023-03-18T12:46:03","modified_gmt":"2023-03-18T12:46:03","slug":"industrial-style-uhr","status":"publish","type":"product","link":"https:\/\/peakart.co.uk\/de\/produkt\/industrial-style-uhr\/","title":{"rendered":"Gro\u00dfe Uhr im Industrial Style"},"content":{"rendered":"<h2>Viele Leute suchen nach einer Uhr im Industrial Style, die zur Dekoration Ihres Zuhauses passt<\/h2>\n<p>Bei Peak Art versuchen wir immer, neue Ideen f\u00fcr stylische gro\u00dfe Wanduhren zu entwickeln. Viele unserer Kunden haben nach ma\u00dfgeschneiderten Zeitmessern mit Metallelementen gefragt, also haben wir unserer Kollektion diese Uhr im Industrial Style hinzugef\u00fcgt. Das Originaldesign hat gut 100 cm Durchmesser, aber falls ben\u00f6tigt, k\u00f6nnten wir andere Gr\u00f6\u00dfen anbieten.<\/p>\n<p>Die Uhr ist aus zwei miteinander verschraubten gro\u00dfen Kiefernplatten gefertigt. Sie ist von Hand bemalt und mit einigen zus\u00e4tzlichen Metallelementen dekoriert, um ihr zus\u00e4tzlichen Charakter zu verleihen. Wegen ihres hohen Gewichts empfehlen wir, sie mit zwei gro\u00dfen Schrauben an einer stabilen Mauer zu befestigen. Sie braucht keinen Stromanschluss, da sie einen batteriebetriebenen Mechanismus mit Sekundenzeiger-Bewegungen verwendet.<\/p>\n<p>Bitte <a href=\"https:\/\/peakart.co.uk\/de\/kontakt\/\">kontaktieren Sie uns<\/a>, falls Sie Fragen \u00fcber dieses Produkt haben oder ein alternatives Design besprechen m\u00f6chten. Wir k\u00f6nnen auf Bestellung hergestellte Uhren im Industrial Style auf Grundlage spezifischer Kundenanforderungen anbieten. Laut <a href=\"https:\/\/www.decoraid.com\/blog\/interior-design-styles-definition\/industrial-style\">Decor Aid<\/a> ist der Industrial-Trend in Inneneinrichtungen flexibel und besteht aus Naturfarben sowie Materialien, die sich auf einzigartige Texturen konzentrieren. Darum empfehlen wir unseren Kunden immer, ein paar Fotos zu schicken, die uns eine bessere Vorstellung von der Umgebung in ihrem Zuhause vermitteln.<\/p>\n<p>&nbsp;<\/p>\n","protected":false},"excerpt":{"rendered":"<p>Sehr einzigartiger gro\u00dfer Zeitmesser aus Kiefernholz mit Metallelementen.<\/p>\n<p><strong>Designt und handgefertigt<\/strong> \u2013 Anna Siodelska, Gro\u00dfbritannien<\/p>\n<p><strong>Zifferblatt-Farbe<\/strong> \u2013 Kiefer und Metall<\/p>\n<p><strong>Hintergrundfarbe<\/strong> \u2013 schwarz<\/p>\n<p>&nbsp;<\/p>\n","protected":false},"featured_media":32336,"comment_status":"closed","ping_status":"closed","template":"","meta":[],"product_brand":[],"product_cat":[80],"product_tag":[83,86,2139,82],"class_list":{"0":"post-26539","1":"product","2":"type-product","3":"status-publish","4":"has-post-thumbnail","6":"product_cat-grosse-wanduhren-handgefertigt","7":"product_tag-grosse-dekorative-wanduhren","8":"product_tag-industrielle-wanduhren","9":"product_tag-grose-wanduhren","10":"product_tag-grosse-kuenstlerische-wanduhren","12":"first","13":"instock","14":"sale","15":"taxable","16":"shipping-taxable","17":"purchasable","18":"product-type-variable"},"yoast_head":"<!-- This site is optimized with the Yoast SEO Premium plugin v27.2 (Yoast SEO v27.2) - https:\/\/yoast.com\/product\/yoast-seo-premium-wordpress\/ -->\n<title>Uhr im Industrial Style aus Kiefernholz mit Metallelementen<\/title>\n<meta name=\"description\" content=\"Gro\u00dfe handgefertigte Uhr im Industrial Style. Sie ist aus Kiefernholz mit einigen Metallelementen handgefertigt. Passt toll in jeden Raum im Industrial Style.\" \/>\n<meta name=\"robots\" content=\"index, follow, max-snippet:-1, max-image-preview:large, max-video-preview:-1\" \/>\n<link rel=\"canonical\" href=\"https:\/\/peakart.co.uk\/de\/produkt\/industrial-style-uhr\/\" \/>\n<meta property=\"og:locale\" content=\"de_DE\" \/>\n<meta property=\"og:type\" content=\"article\" \/>\n<meta property=\"og:title\" content=\"Gro\u00dfe Uhr im Industrial Style\" \/>\n<meta property=\"og:description\" content=\"Gro\u00dfe handgefertigte Uhr im Industrial Style. Sie ist aus Kiefernholz mit einigen Metallelementen handgefertigt. Passt toll in jeden Raum im Industrial Style.\" \/>\n<meta property=\"og:url\" content=\"https:\/\/peakart.co.uk\/de\/produkt\/industrial-style-uhr\/\" \/>\n<meta property=\"og:site_name\" content=\"Peak Art\" \/>\n<meta property=\"article:publisher\" content=\"https:\/\/www.facebook.com\/PeakArtClocks\/\" \/>\n<meta property=\"article:modified_time\" content=\"2023-03-18T12:46:03+00:00\" \/>\n<meta property=\"og:image\" content=\"https:\/\/peakart.co.uk\/wp-content\/uploads\/2020\/05\/IMG_3855-scaled.jpg\" \/>\n\t<meta property=\"og:image:width\" content=\"2560\" \/>\n\t<meta property=\"og:image:height\" content=\"1707\" \/>\n\t<meta property=\"og:image:type\" content=\"image\/jpeg\" \/>\n<meta name=\"twitter:card\" content=\"summary_large_image\" \/>\n<meta name=\"twitter:label1\" content=\"Verf\u00fcgbarkeit\" \/>\n\t<meta name=\"twitter:data1\" content=\"Auf Lager\" \/>\n<script type=\"application\/ld+json\" class=\"yoast-schema-graph\">{\"@context\":\"https:\/\/schema.org\",\"@graph\":[{\"@type\":\"WebPage\",\"@id\":\"https:\/\/peakart.co.uk\/de\/produkt\/industrial-style-uhr\/\",\"url\":\"https:\/\/peakart.co.uk\/de\/produkt\/industrial-style-uhr\/\",\"name\":\"Uhr im Industrial Style aus Kiefernholz mit Metallelementen\",\"isPartOf\":{\"@id\":\"https:\/\/peakart.co.uk\/de\/#website\"},\"primaryImageOfPage\":{\"@id\":\"https:\/\/peakart.co.uk\/de\/produkt\/industrial-style-uhr\/#primaryimage\"},\"image\":{\"@id\":\"https:\/\/peakart.co.uk\/de\/produkt\/industrial-style-uhr\/#primaryimage\"},\"thumbnailUrl\":\"https:\/\/peakart.co.uk\/wp-content\/uploads\/2020\/05\/IMG_3855-scaled.jpg\",\"datePublished\":\"2020-05-10T13:42:13+00:00\",\"dateModified\":\"2023-03-18T12:46:03+00:00\",\"description\":\"Gro\u00dfe handgefertigte Uhr im Industrial Style. Sie ist aus Kiefernholz mit einigen Metallelementen handgefertigt. Passt toll in jeden Raum im Industrial Style.\",\"breadcrumb\":{\"@id\":\"https:\/\/peakart.co.uk\/de\/produkt\/industrial-style-uhr\/#breadcrumb\"},\"inLanguage\":\"de\",\"potentialAction\":[{\"@type\":\"ReadAction\",\"target\":[\"https:\/\/peakart.co.uk\/de\/produkt\/industrial-style-uhr\/\"]}]},{\"@type\":\"ImageObject\",\"inLanguage\":\"de\",\"@id\":\"https:\/\/peakart.co.uk\/de\/produkt\/industrial-style-uhr\/#primaryimage\",\"url\":\"https:\/\/peakart.co.uk\/wp-content\/uploads\/2020\/05\/IMG_3855-scaled.jpg\",\"contentUrl\":\"https:\/\/peakart.co.uk\/wp-content\/uploads\/2020\/05\/IMG_3855-scaled.jpg\",\"width\":2560,\"height\":1707},{\"@type\":\"BreadcrumbList\",\"@id\":\"https:\/\/peakart.co.uk\/de\/produkt\/industrial-style-uhr\/#breadcrumb\",\"itemListElement\":[{\"@type\":\"ListItem\",\"position\":1,\"name\":\"Home\",\"item\":\"https:\/\/peakart.co.uk\/de\/\"},{\"@type\":\"ListItem\",\"position\":2,\"name\":\"Shop\",\"item\":\"https:\/\/peakart.co.uk\/de\/shop\/\"},{\"@type\":\"ListItem\",\"position\":3,\"name\":\"Gro\u00dfe Uhr im Industrial Style\"}]},{\"@type\":\"WebSite\",\"@id\":\"https:\/\/peakart.co.uk\/de\/#website\",\"url\":\"https:\/\/peakart.co.uk\/de\/\",\"name\":\"Peak Art\",\"description\":\"\",\"publisher\":{\"@id\":\"https:\/\/peakart.co.uk\/de\/#organization\"},\"potentialAction\":[{\"@type\":\"SearchAction\",\"target\":{\"@type\":\"EntryPoint\",\"urlTemplate\":\"https:\/\/peakart.co.uk\/de\/?s={search_term_string}\"},\"query-input\":{\"@type\":\"PropertyValueSpecification\",\"valueRequired\":true,\"valueName\":\"search_term_string\"}}],\"inLanguage\":\"de\"},{\"@type\":\"Organization\",\"@id\":\"https:\/\/peakart.co.uk\/de\/#organization\",\"name\":\"Peak Art\",\"url\":\"https:\/\/peakart.co.uk\/de\/\",\"logo\":{\"@type\":\"ImageObject\",\"inLanguage\":\"de\",\"@id\":\"https:\/\/peakart.co.uk\/de\/#\/schema\/logo\/image\/\",\"url\":\"https:\/\/peakart.co.uk\/wp-content\/uploads\/2023\/07\/logo-8.jpg\",\"contentUrl\":\"https:\/\/peakart.co.uk\/wp-content\/uploads\/2023\/07\/logo-8.jpg\",\"width\":666,\"height\":259,\"caption\":\"Peak Art\"},\"image\":{\"@id\":\"https:\/\/peakart.co.uk\/de\/#\/schema\/logo\/image\/\"},\"sameAs\":[\"https:\/\/www.facebook.com\/PeakArtClocks\/\"],\"hasMerchantReturnPolicy\":{\"@type\":\"MerchantReturnPolicy\",\"merchantReturnLink\":\"https:\/\/peakart.co.uk\/refund_returns\/\"}}]}<\/script>\n<meta property=\"og:availability\" content=\"instock\" \/>\n<meta property=\"product:availability\" content=\"instock\" \/>\n<meta property=\"product:retailer_item_id\" content=\"PEAKART-82412\" \/>\n<meta property=\"product:condition\" content=\"new\" \/>\n<!-- \/ Yoast SEO Premium plugin. -->","yoast_head_json":{"title":"Uhr im Industrial Style aus Kiefernholz mit Metallelementen","description":"Gro\u00dfe handgefertigte Uhr im Industrial Style. Sie ist aus Kiefernholz mit einigen Metallelementen handgefertigt. Passt toll in jeden Raum im Industrial Style.","robots":{"index":"index","follow":"follow","max-snippet":"max-snippet:-1","max-image-preview":"max-image-preview:large","max-video-preview":"max-video-preview:-1"},"canonical":"https:\/\/peakart.co.uk\/de\/produkt\/industrial-style-uhr\/","og_locale":"de_DE","og_type":"article","og_title":"Gro\u00dfe Uhr im Industrial Style","og_description":"Gro\u00dfe handgefertigte Uhr im Industrial Style. Sie ist aus Kiefernholz mit einigen Metallelementen handgefertigt. Passt toll in jeden Raum im Industrial Style.","og_url":"https:\/\/peakart.co.uk\/de\/produkt\/industrial-style-uhr\/","og_site_name":"Peak Art","article_publisher":"https:\/\/www.facebook.com\/PeakArtClocks\/","article_modified_time":"2023-03-18T12:46:03+00:00","og_image":[{"width":2560,"height":1707,"url":"https:\/\/peakart.co.uk\/wp-content\/uploads\/2020\/05\/IMG_3855-scaled.jpg","type":"image\/jpeg"}],"twitter_card":"summary_large_image","twitter_misc":{"Verf\u00fcgbarkeit":"Auf Lager"},"schema":{"@context":"https:\/\/schema.org","@graph":[{"@type":"WebPage","@id":"https:\/\/peakart.co.uk\/de\/produkt\/industrial-style-uhr\/","url":"https:\/\/peakart.co.uk\/de\/produkt\/industrial-style-uhr\/","name":"Uhr im Industrial Style aus Kiefernholz mit Metallelementen","isPartOf":{"@id":"https:\/\/peakart.co.uk\/de\/#website"},"primaryImageOfPage":{"@id":"https:\/\/peakart.co.uk\/de\/produkt\/industrial-style-uhr\/#primaryimage"},"image":{"@id":"https:\/\/peakart.co.uk\/de\/produkt\/industrial-style-uhr\/#primaryimage"},"thumbnailUrl":"https:\/\/peakart.co.uk\/wp-content\/uploads\/2020\/05\/IMG_3855-scaled.jpg","datePublished":"2020-05-10T13:42:13+00:00","dateModified":"2023-03-18T12:46:03+00:00","description":"Gro\u00dfe handgefertigte Uhr im Industrial Style. Sie ist aus Kiefernholz mit einigen Metallelementen handgefertigt. Passt toll in jeden Raum im Industrial Style.","breadcrumb":{"@id":"https:\/\/peakart.co.uk\/de\/produkt\/industrial-style-uhr\/#breadcrumb"},"inLanguage":"de","potentialAction":[{"@type":"ReadAction","target":["https:\/\/peakart.co.uk\/de\/produkt\/industrial-style-uhr\/"]}]},{"@type":"ImageObject","inLanguage":"de","@id":"https:\/\/peakart.co.uk\/de\/produkt\/industrial-style-uhr\/#primaryimage","url":"https:\/\/peakart.co.uk\/wp-content\/uploads\/2020\/05\/IMG_3855-scaled.jpg","contentUrl":"https:\/\/peakart.co.uk\/wp-content\/uploads\/2020\/05\/IMG_3855-scaled.jpg","width":2560,"height":1707},{"@type":"BreadcrumbList","@id":"https:\/\/peakart.co.uk\/de\/produkt\/industrial-style-uhr\/#breadcrumb","itemListElement":[{"@type":"ListItem","position":1,"name":"Home","item":"https:\/\/peakart.co.uk\/de\/"},{"@type":"ListItem","position":2,"name":"Shop","item":"https:\/\/peakart.co.uk\/de\/shop\/"},{"@type":"ListItem","position":3,"name":"Gro\u00dfe Uhr im Industrial Style"}]},{"@type":"WebSite","@id":"https:\/\/peakart.co.uk\/de\/#website","url":"https:\/\/peakart.co.uk\/de\/","name":"Peak Art","description":"","publisher":{"@id":"https:\/\/peakart.co.uk\/de\/#organization"},"potentialAction":[{"@type":"SearchAction","target":{"@type":"EntryPoint","urlTemplate":"https:\/\/peakart.co.uk\/de\/?s={search_term_string}"},"query-input":{"@type":"PropertyValueSpecification","valueRequired":true,"valueName":"search_term_string"}}],"inLanguage":"de"},{"@type":"Organization","@id":"https:\/\/peakart.co.uk\/de\/#organization","name":"Peak Art","url":"https:\/\/peakart.co.uk\/de\/","logo":{"@type":"ImageObject","inLanguage":"de","@id":"https:\/\/peakart.co.uk\/de\/#\/schema\/logo\/image\/","url":"https:\/\/peakart.co.uk\/wp-content\/uploads\/2023\/07\/logo-8.jpg","contentUrl":"https:\/\/peakart.co.uk\/wp-content\/uploads\/2023\/07\/logo-8.jpg","width":666,"height":259,"caption":"Peak Art"},"image":{"@id":"https:\/\/peakart.co.uk\/de\/#\/schema\/logo\/image\/"},"sameAs":["https:\/\/www.facebook.com\/PeakArtClocks\/"],"hasMerchantReturnPolicy":{"@type":"MerchantReturnPolicy","merchantReturnLink":"https:\/\/peakart.co.uk\/refund_returns\/"}}]},"og_availability":"instock","product_availability":"instock","product_retailer_item_id":"PEAKART-82412","product_condition":"new"},"_links":{"self":[{"href":"https:\/\/peakart.co.uk\/de\/wp-json\/wp\/v2\/product\/26539","targetHints":{"allow":["GET"]}}],"collection":[{"href":"https:\/\/peakart.co.uk\/de\/wp-json\/wp\/v2\/product"}],"about":[{"href":"https:\/\/peakart.co.uk\/de\/wp-json\/wp\/v2\/types\/product"}],"replies":[{"embeddable":true,"href":"https:\/\/peakart.co.uk\/de\/wp-json\/wp\/v2\/comments?post=26539"}],"wp:featuredmedia":[{"embeddable":true,"href":"https:\/\/peakart.co.uk\/de\/wp-json\/wp\/v2\/media\/32336"}],"wp:attachment":[{"href":"https:\/\/peakart.co.uk\/de\/wp-json\/wp\/v2\/media?parent=26539"}],"wp:term":[{"taxonomy":"product_brand","embeddable":true,"href":"https:\/\/peakart.co.uk\/de\/wp-json\/wp\/v2\/product_brand?post=26539"},{"taxonomy":"product_cat","embeddable":true,"href":"https:\/\/peakart.co.uk\/de\/wp-json\/wp\/v2\/product_cat?post=26539"},{"taxonomy":"product_tag","embeddable":true,"href":"https:\/\/peakart.co.uk\/de\/wp-json\/wp\/v2\/product_tag?post=26539"}],"curies":[{"name":"wp","href":"https:\/\/api.w.org\/{rel}","templated":true}]}}