{"id":10347,"date":"2019-06-23T10:23:18","date_gmt":"2019-06-24T07:41:37","guid":{"rendered":"https:\/\/peakart.co.uk\/product\/eine-eigenwillige-wanduhr-mit-romischen-zahlzeichen\/"},"modified":"2023-03-22T17:37:00","modified_gmt":"2023-03-22T17:37:00","slug":"eine-eigenwillige-wanduhr","status":"publish","type":"product","link":"https:\/\/peakart.co.uk\/de\/produkt\/eine-eigenwillige-wanduhr\/","title":{"rendered":"Eine eigenwillige Wanduhr mit r\u00f6mischen Zahlzeichen"},"content":{"rendered":"<h2>Wir k\u00f6nnen eigenwillige Wanduhren f\u00fcr Ihre K\u00fcche oder Ihr Wohnzimmer gestalten und herstellen<\/h2>\n<p><br class=\"xliff-newline\" \/>Wenn Sie sich auf unserer Webseite die <a href=\"https:\/\/peakart.co.uk\/de\/produkt-kategorie\/grosse-wanduhren-handgefertigt\/\">gro\u00dfe Auswahl an Wanduhren<\/a> anschauen, werden Sie zahlreiche Beispiele f\u00fcr ma\u00dfgeschneiderte Modelle finden. Unsere Kunden fragen uns h\u00e4ufig nach ungew\u00f6hnlichen Mustern oder Farben. Leuten, die nach einer eigenwilligen Wanduhr suchen, um einen leeren Fleck an der Wand zu f\u00fcllen, stehen online nicht viele M\u00f6glichkeiten offen. Letztendlich ist wirkliche Einzigartigkeit nur m\u00f6glich, wenn Sie etwas vollkommen Neues entwerfen.<br class=\"xliff-newline\" \/><br class=\"xliff-newline\" \/>Die Uhr, die Sie auf dieser Seite sehen, ist eine k\u00fcnstlerische Impression, die <a href=\"https:\/\/www.sufc.co.uk\/\">den Fu\u00dfballclub Sheffield United<\/a> repr\u00e4sentiert. Hauptbestandteile sind die Farben Rot, Wei\u00df und Schwarz, doch je nach Ihren pers\u00f6nlichen Vorlieben k\u00f6nnen wir die Anteile dieser Farben auch \u00e4ndern, um Ihren Anspr\u00fcchen gerecht zu werden. Der Originalentwurf dieser au\u00dfergew\u00f6hnlichen Uhr ma\u00df zwar 75 cm, doch bieten wir auf Wunsch auch andere Gr\u00f6\u00dfen an. Bitte w\u00e4hlen Sie den Durchmesser im Dropdown-Men\u00fc aus und treten mit uns in Kontakt, um den endg\u00fcltigen Entwurf zu besprechen.<\/p>\n<h2>Peak Art Clocks kennt keine Grenzen, wenn es um kreative Entw\u00fcrfe geht<\/h2>\n<p><br class=\"xliff-newline\" \/>Wir haben wiederholt bewiesen, dass wir anders als Mainstream-H\u00e4ndler imstande sind, jede Uhr nach Ihren W\u00fcnschen ma\u00dfzuschneidern. Unserer k\u00fcnstlerischen Vorstellungskraft sind keine Grenzen gesetzt, und wir haben stets den Ehrgeiz, uns an neue Projekte zu wagen. Egal ob Sie vorhaben, Ihre K\u00fcche neu zu dekorieren oder Ihr Wohnzimmer aufzum\u00f6beln: Eine unserer luxuri\u00f6sen Wanduhren k\u00f6nnte f\u00fcr Sie die ideale Wahl sein. Rufen Sie uns an, dann k\u00f6nnen wir Ihre Bed\u00fcrfnisse besprechen.<\/p>\n","protected":false},"excerpt":{"rendered":"<p>Diese eigenwillige Wanduhr wurde speziell f\u00fcr Fu\u00dfballfans des Clubs Sheffield United entworfen. Sie zeigt gro\u00dfe r\u00f6mische Ziffern, die in Rot, Wei\u00df und Schwarz bemalt sind; der Hintergrund ist transparent.<br class=\"xliff-newline\" \/><br class=\"xliff-newline\" \/><strong>Entworfen und handgefertigt von<\/strong>: Anna Siodelska, Vereinigtes K\u00f6nigreich<br class=\"xliff-newline\" \/><br class=\"xliff-newline\" \/><strong>Farbe des Zifferblattes<\/strong>: Vereinsfarben von Sheffield United<br class=\"xliff-newline\" \/><br class=\"xliff-newline\" \/><strong>Farbe des Hintergrundes<\/strong>: transparent \/ Farbe der Wand<br class=\"xliff-newline\" \/><br class=\"xliff-newline\" \/><\/p>\n","protected":false},"featured_media":32290,"comment_status":"closed","ping_status":"closed","template":"","meta":[],"product_brand":[],"product_cat":[80],"product_tag":[83,90,87,82,95],"class_list":{"0":"post-10347","1":"product","2":"type-product","3":"status-publish","4":"has-post-thumbnail","6":"product_cat-grosse-wanduhren-handgefertigt","7":"product_tag-grosse-dekorative-wanduhren","8":"product_tag-grosse-skelett-wanduhren-mit-roemischen-zahlzeichen","9":"product_tag-wanduhren-mit-roemischen-zahlzeichen","10":"product_tag-grosse-kuenstlerische-wanduhren","11":"product_tag-skelett-wanduhren","13":"first","14":"outofstock","15":"taxable","16":"shipping-taxable","17":"product-type-variable"},"yoast_head":"<!-- This site is optimized with the Yoast SEO Premium plugin v27.2 (Yoast SEO v27.2) - https:\/\/yoast.com\/product\/yoast-seo-premium-wordpress\/ -->\n<title>Eine eigenwillige Wanduhr f\u00fcr die Fu\u00dfballmannschaft von Sheffield United<\/title>\n<meta name=\"description\" content=\"Unsere eigenwillige Wanduhr mit r\u00f6mischen Zahlzeichen wurde f\u00fcr einen Fan des Fu\u00dfballteams von Sheffield United entworfen. Sie stellt eine h\u00fcbsche k\u00fcnstlerische Impression in den Farben Rot, Wei\u00df und Schwarz dar.\" \/>\n<meta name=\"robots\" content=\"index, follow, max-snippet:-1, max-image-preview:large, max-video-preview:-1\" \/>\n<link rel=\"canonical\" href=\"https:\/\/peakart.co.uk\/de\/produkt\/eine-eigenwillige-wanduhr\/\" \/>\n<meta property=\"og:locale\" content=\"de_DE\" \/>\n<meta property=\"og:type\" content=\"article\" \/>\n<meta property=\"og:title\" content=\"Eine eigenwillige Wanduhr mit r\u00f6mischen Zahlzeichen\" \/>\n<meta property=\"og:description\" content=\"Unsere eigenwillige Wanduhr mit r\u00f6mischen Zahlzeichen wurde f\u00fcr einen Fan des Fu\u00dfballteams von Sheffield United entworfen. Sie stellt eine h\u00fcbsche k\u00fcnstlerische Impression in den Farben Rot, Wei\u00df und Schwarz dar.\" \/>\n<meta property=\"og:url\" content=\"https:\/\/peakart.co.uk\/de\/produkt\/eine-eigenwillige-wanduhr\/\" \/>\n<meta property=\"og:site_name\" content=\"Peak Art\" \/>\n<meta property=\"article:publisher\" content=\"https:\/\/www.facebook.com\/PeakArtClocks\/\" \/>\n<meta property=\"article:modified_time\" content=\"2023-03-22T17:37:00+00:00\" \/>\n<meta property=\"og:image\" content=\"https:\/\/peakart.co.uk\/wp-content\/uploads\/2019\/06\/SUFC-left-1.jpg\" \/>\n\t<meta property=\"og:image:width\" content=\"1200\" \/>\n\t<meta property=\"og:image:height\" content=\"1209\" \/>\n\t<meta property=\"og:image:type\" content=\"image\/jpeg\" \/>\n<meta name=\"twitter:card\" content=\"summary_large_image\" \/>\n<meta name=\"twitter:label1\" content=\"Verf\u00fcgbarkeit\" \/>\n\t<meta name=\"twitter:data1\" content=\"ausverkauft\" \/>\n<script type=\"application\/ld+json\" class=\"yoast-schema-graph\">{\"@context\":\"https:\/\/schema.org\",\"@graph\":[{\"@type\":\"WebPage\",\"@id\":\"https:\/\/peakart.co.uk\/de\/produkt\/eine-eigenwillige-wanduhr\/\",\"url\":\"https:\/\/peakart.co.uk\/de\/produkt\/eine-eigenwillige-wanduhr\/\",\"name\":\"Eine eigenwillige Wanduhr f\u00fcr die Fu\u00dfballmannschaft von Sheffield United\",\"isPartOf\":{\"@id\":\"https:\/\/peakart.co.uk\/de\/#website\"},\"primaryImageOfPage\":{\"@id\":\"https:\/\/peakart.co.uk\/de\/produkt\/eine-eigenwillige-wanduhr\/#primaryimage\"},\"image\":{\"@id\":\"https:\/\/peakart.co.uk\/de\/produkt\/eine-eigenwillige-wanduhr\/#primaryimage\"},\"thumbnailUrl\":\"https:\/\/peakart.co.uk\/wp-content\/uploads\/2019\/06\/SUFC-left-1.jpg\",\"datePublished\":\"2019-06-24T07:41:37+00:00\",\"dateModified\":\"2023-03-22T17:37:00+00:00\",\"description\":\"Unsere eigenwillige Wanduhr mit r\u00f6mischen Zahlzeichen wurde f\u00fcr einen Fan des Fu\u00dfballteams von Sheffield United entworfen. Sie stellt eine h\u00fcbsche k\u00fcnstlerische Impression in den Farben Rot, Wei\u00df und Schwarz dar.\",\"breadcrumb\":{\"@id\":\"https:\/\/peakart.co.uk\/de\/produkt\/eine-eigenwillige-wanduhr\/#breadcrumb\"},\"inLanguage\":\"de\",\"potentialAction\":[{\"@type\":\"ReadAction\",\"target\":[\"https:\/\/peakart.co.uk\/de\/produkt\/eine-eigenwillige-wanduhr\/\"]}]},{\"@type\":\"ImageObject\",\"inLanguage\":\"de\",\"@id\":\"https:\/\/peakart.co.uk\/de\/produkt\/eine-eigenwillige-wanduhr\/#primaryimage\",\"url\":\"https:\/\/peakart.co.uk\/wp-content\/uploads\/2019\/06\/SUFC-left-1.jpg\",\"contentUrl\":\"https:\/\/peakart.co.uk\/wp-content\/uploads\/2019\/06\/SUFC-left-1.jpg\",\"width\":1200,\"height\":1209},{\"@type\":\"BreadcrumbList\",\"@id\":\"https:\/\/peakart.co.uk\/de\/produkt\/eine-eigenwillige-wanduhr\/#breadcrumb\",\"itemListElement\":[{\"@type\":\"ListItem\",\"position\":1,\"name\":\"Home\",\"item\":\"https:\/\/peakart.co.uk\/de\/\"},{\"@type\":\"ListItem\",\"position\":2,\"name\":\"Shop\",\"item\":\"https:\/\/peakart.co.uk\/de\/shop\/\"},{\"@type\":\"ListItem\",\"position\":3,\"name\":\"Eine eigenwillige Wanduhr mit r\u00f6mischen Zahlzeichen\"}]},{\"@type\":\"WebSite\",\"@id\":\"https:\/\/peakart.co.uk\/de\/#website\",\"url\":\"https:\/\/peakart.co.uk\/de\/\",\"name\":\"Peak Art\",\"description\":\"\",\"publisher\":{\"@id\":\"https:\/\/peakart.co.uk\/de\/#organization\"},\"potentialAction\":[{\"@type\":\"SearchAction\",\"target\":{\"@type\":\"EntryPoint\",\"urlTemplate\":\"https:\/\/peakart.co.uk\/de\/?s={search_term_string}\"},\"query-input\":{\"@type\":\"PropertyValueSpecification\",\"valueRequired\":true,\"valueName\":\"search_term_string\"}}],\"inLanguage\":\"de\"},{\"@type\":\"Organization\",\"@id\":\"https:\/\/peakart.co.uk\/de\/#organization\",\"name\":\"Peak Art\",\"url\":\"https:\/\/peakart.co.uk\/de\/\",\"logo\":{\"@type\":\"ImageObject\",\"inLanguage\":\"de\",\"@id\":\"https:\/\/peakart.co.uk\/de\/#\/schema\/logo\/image\/\",\"url\":\"https:\/\/peakart.co.uk\/wp-content\/uploads\/2023\/07\/logo-8.jpg\",\"contentUrl\":\"https:\/\/peakart.co.uk\/wp-content\/uploads\/2023\/07\/logo-8.jpg\",\"width\":666,\"height\":259,\"caption\":\"Peak Art\"},\"image\":{\"@id\":\"https:\/\/peakart.co.uk\/de\/#\/schema\/logo\/image\/\"},\"sameAs\":[\"https:\/\/www.facebook.com\/PeakArtClocks\/\"],\"hasMerchantReturnPolicy\":{\"@type\":\"MerchantReturnPolicy\",\"merchantReturnLink\":\"https:\/\/peakart.co.uk\/refund_returns\/\"}}]}<\/script>\n<meta property=\"og:availability\" content=\"out of stock\" \/>\n<meta property=\"product:availability\" content=\"out of stock\" \/>\n<meta property=\"product:retailer_item_id\" content=\"PEAKART-89171\" \/>\n<meta property=\"product:condition\" content=\"new\" \/>\n<!-- \/ Yoast SEO Premium plugin. -->","yoast_head_json":{"title":"Eine eigenwillige Wanduhr f\u00fcr die Fu\u00dfballmannschaft von Sheffield United","description":"Unsere eigenwillige Wanduhr mit r\u00f6mischen Zahlzeichen wurde f\u00fcr einen Fan des Fu\u00dfballteams von Sheffield United entworfen. Sie stellt eine h\u00fcbsche k\u00fcnstlerische Impression in den Farben Rot, Wei\u00df und Schwarz dar.","robots":{"index":"index","follow":"follow","max-snippet":"max-snippet:-1","max-image-preview":"max-image-preview:large","max-video-preview":"max-video-preview:-1"},"canonical":"https:\/\/peakart.co.uk\/de\/produkt\/eine-eigenwillige-wanduhr\/","og_locale":"de_DE","og_type":"article","og_title":"Eine eigenwillige Wanduhr mit r\u00f6mischen Zahlzeichen","og_description":"Unsere eigenwillige Wanduhr mit r\u00f6mischen Zahlzeichen wurde f\u00fcr einen Fan des Fu\u00dfballteams von Sheffield United entworfen. Sie stellt eine h\u00fcbsche k\u00fcnstlerische Impression in den Farben Rot, Wei\u00df und Schwarz dar.","og_url":"https:\/\/peakart.co.uk\/de\/produkt\/eine-eigenwillige-wanduhr\/","og_site_name":"Peak Art","article_publisher":"https:\/\/www.facebook.com\/PeakArtClocks\/","article_modified_time":"2023-03-22T17:37:00+00:00","og_image":[{"width":1200,"height":1209,"url":"https:\/\/peakart.co.uk\/wp-content\/uploads\/2019\/06\/SUFC-left-1.jpg","type":"image\/jpeg"}],"twitter_card":"summary_large_image","twitter_misc":{"Verf\u00fcgbarkeit":"ausverkauft"},"schema":{"@context":"https:\/\/schema.org","@graph":[{"@type":"WebPage","@id":"https:\/\/peakart.co.uk\/de\/produkt\/eine-eigenwillige-wanduhr\/","url":"https:\/\/peakart.co.uk\/de\/produkt\/eine-eigenwillige-wanduhr\/","name":"Eine eigenwillige Wanduhr f\u00fcr die Fu\u00dfballmannschaft von Sheffield United","isPartOf":{"@id":"https:\/\/peakart.co.uk\/de\/#website"},"primaryImageOfPage":{"@id":"https:\/\/peakart.co.uk\/de\/produkt\/eine-eigenwillige-wanduhr\/#primaryimage"},"image":{"@id":"https:\/\/peakart.co.uk\/de\/produkt\/eine-eigenwillige-wanduhr\/#primaryimage"},"thumbnailUrl":"https:\/\/peakart.co.uk\/wp-content\/uploads\/2019\/06\/SUFC-left-1.jpg","datePublished":"2019-06-24T07:41:37+00:00","dateModified":"2023-03-22T17:37:00+00:00","description":"Unsere eigenwillige Wanduhr mit r\u00f6mischen Zahlzeichen wurde f\u00fcr einen Fan des Fu\u00dfballteams von Sheffield United entworfen. Sie stellt eine h\u00fcbsche k\u00fcnstlerische Impression in den Farben Rot, Wei\u00df und Schwarz dar.","breadcrumb":{"@id":"https:\/\/peakart.co.uk\/de\/produkt\/eine-eigenwillige-wanduhr\/#breadcrumb"},"inLanguage":"de","potentialAction":[{"@type":"ReadAction","target":["https:\/\/peakart.co.uk\/de\/produkt\/eine-eigenwillige-wanduhr\/"]}]},{"@type":"ImageObject","inLanguage":"de","@id":"https:\/\/peakart.co.uk\/de\/produkt\/eine-eigenwillige-wanduhr\/#primaryimage","url":"https:\/\/peakart.co.uk\/wp-content\/uploads\/2019\/06\/SUFC-left-1.jpg","contentUrl":"https:\/\/peakart.co.uk\/wp-content\/uploads\/2019\/06\/SUFC-left-1.jpg","width":1200,"height":1209},{"@type":"BreadcrumbList","@id":"https:\/\/peakart.co.uk\/de\/produkt\/eine-eigenwillige-wanduhr\/#breadcrumb","itemListElement":[{"@type":"ListItem","position":1,"name":"Home","item":"https:\/\/peakart.co.uk\/de\/"},{"@type":"ListItem","position":2,"name":"Shop","item":"https:\/\/peakart.co.uk\/de\/shop\/"},{"@type":"ListItem","position":3,"name":"Eine eigenwillige Wanduhr mit r\u00f6mischen Zahlzeichen"}]},{"@type":"WebSite","@id":"https:\/\/peakart.co.uk\/de\/#website","url":"https:\/\/peakart.co.uk\/de\/","name":"Peak Art","description":"","publisher":{"@id":"https:\/\/peakart.co.uk\/de\/#organization"},"potentialAction":[{"@type":"SearchAction","target":{"@type":"EntryPoint","urlTemplate":"https:\/\/peakart.co.uk\/de\/?s={search_term_string}"},"query-input":{"@type":"PropertyValueSpecification","valueRequired":true,"valueName":"search_term_string"}}],"inLanguage":"de"},{"@type":"Organization","@id":"https:\/\/peakart.co.uk\/de\/#organization","name":"Peak Art","url":"https:\/\/peakart.co.uk\/de\/","logo":{"@type":"ImageObject","inLanguage":"de","@id":"https:\/\/peakart.co.uk\/de\/#\/schema\/logo\/image\/","url":"https:\/\/peakart.co.uk\/wp-content\/uploads\/2023\/07\/logo-8.jpg","contentUrl":"https:\/\/peakart.co.uk\/wp-content\/uploads\/2023\/07\/logo-8.jpg","width":666,"height":259,"caption":"Peak Art"},"image":{"@id":"https:\/\/peakart.co.uk\/de\/#\/schema\/logo\/image\/"},"sameAs":["https:\/\/www.facebook.com\/PeakArtClocks\/"],"hasMerchantReturnPolicy":{"@type":"MerchantReturnPolicy","merchantReturnLink":"https:\/\/peakart.co.uk\/refund_returns\/"}}]},"og_availability":"out of stock","product_availability":"out of stock","product_retailer_item_id":"PEAKART-89171","product_condition":"new"},"_links":{"self":[{"href":"https:\/\/peakart.co.uk\/de\/wp-json\/wp\/v2\/product\/10347","targetHints":{"allow":["GET"]}}],"collection":[{"href":"https:\/\/peakart.co.uk\/de\/wp-json\/wp\/v2\/product"}],"about":[{"href":"https:\/\/peakart.co.uk\/de\/wp-json\/wp\/v2\/types\/product"}],"replies":[{"embeddable":true,"href":"https:\/\/peakart.co.uk\/de\/wp-json\/wp\/v2\/comments?post=10347"}],"wp:featuredmedia":[{"embeddable":true,"href":"https:\/\/peakart.co.uk\/de\/wp-json\/wp\/v2\/media\/32290"}],"wp:attachment":[{"href":"https:\/\/peakart.co.uk\/de\/wp-json\/wp\/v2\/media?parent=10347"}],"wp:term":[{"taxonomy":"product_brand","embeddable":true,"href":"https:\/\/peakart.co.uk\/de\/wp-json\/wp\/v2\/product_brand?post=10347"},{"taxonomy":"product_cat","embeddable":true,"href":"https:\/\/peakart.co.uk\/de\/wp-json\/wp\/v2\/product_cat?post=10347"},{"taxonomy":"product_tag","embeddable":true,"href":"https:\/\/peakart.co.uk\/de\/wp-json\/wp\/v2\/product_tag?post=10347"}],"curies":[{"name":"wp","href":"https:\/\/api.w.org\/{rel}","templated":true}]}}