{"id":10138,"date":"2019-05-25T18:00:27","date_gmt":"2019-05-25T17:00:33","guid":{"rendered":"https:\/\/peakart.co.uk\/?post_type=product&#038;p=10138"},"modified":"2023-03-23T09:43:20","modified_gmt":"2023-03-23T09:43:20","slug":"uberdimensionale-wanduhr","status":"publish","type":"product","link":"https:\/\/peakart.co.uk\/de\/produkt\/uberdimensionale-wanduhr\/","title":{"rendered":"\u00dcberdimensionale Wanduhr f\u00fcr luxuri\u00f6se K\u00fcchen"},"content":{"rendered":"<h2>Suchen Sie einen gro\u00dfformatigen Zeitmesser f\u00fcr Ihre Luxusk\u00fcche?<\/h2>\n<p><br class=\"xliff-newline\" \/>Diese bemerkenswerte \u00fcberdimensionale Wanduhr ist keine, die Sie in einem Schaufenster finden k\u00f6nnen. Wir haben sie sorgf\u00e4ltig gem\u00e4\u00df den spezifischen Anforderungen<br \/>\neines Kunden lackiert, um sicherzustellen, dass sie zu seiner neuen Designerk\u00fcche passt. Das Zifferblatt zeigt eine Mischung aus Orange, Bronze und Grau. Wir haben versucht, einen Look einer abstrakten dreidimensionalen Malerei zu erreichen. Sie hat viel \u00c4hnlichkeit mit einer anderen <a href=\"https:\/\/peakart.co.uk\/de\/produkt\/masgefertigte-designeruhr\/\">Designer-Wanduhr<\/a>, doch statt eines Geh\u00e4uses mit geschlossenem R\u00fcckteil haben wir ein Skelett-Design gew\u00e4hlt.<br class=\"xliff-newline\" \/><br class=\"xliff-newline\" \/>W\u00e4hrend die meisten Wanduhrenhersteller Sie mit einer Vielzahl von Produkten beliefern k\u00f6nnen, bieten sie sehr selten eine Einzigartigkeit. Bei Peak Art hingegen konzentrieren wir uns auf die Entwicklung der au\u00dfergew\u00f6hnlichsten dekorativen Uhren. Wir m\u00f6chten sicherstellen, dass Sie ein Statement-St\u00fcck, das Sie gesucht haben, f\u00fcr Ihr Zuhause erhalten. Wenn Sie eine unserer Uhren bestellen, k\u00f6nnen Sie sicher sein, dass niemand sonst auf der Welt einen identischen Zeitmesser hat. Wir gehen oft einen Schritt weiter und anstatt eines der bestehenden Designs zu verkaufen, arbeiten wir mit unseren Kunden gemeinsam an neuen Projekten.<br class=\"xliff-newline\" \/><br class=\"xliff-newline\" \/>Bitte treten Sie unserer <a href=\"https:\/\/www.facebook.com\/PeakArtClocks\/\">Facebook<\/a>-Community bei und teilen Sie Ihre Kommentare mit Tausenden von Anh\u00e4ngern. F\u00fcr Fragen stehen wir Ihnen jederzeit gerne zur Verf\u00fcgung, <a href=\"https:\/\/peakart.co.uk\/de\/kontakt\/\">kontaktieren Sie uns<\/a>!<\/p>\n","protected":false},"excerpt":{"rendered":"<p>Unsere neueste \u00fcberdimensionale Wanduhr, die wir speziell f\u00fcr einen bestimmten K\u00fcchenstil entworfen haben. Die gr\u00f6\u00dfte Herausforderung bestand darin, eine Mischung aus passenden Farben und Schattierungen zu finden. Sie ist jetzt auf Bestellung in drei verschiedenen Gr\u00f6\u00dfen erh\u00e4ltlich.<br class=\"xliff-newline\" \/><br class=\"xliff-newline\" \/><strong>Design &amp; Handfertigung<\/strong> \u2013 Anna Siodelska, Vereinigtes K\u00f6nigreich<br class=\"xliff-newline\" \/><br class=\"xliff-newline\" \/><strong>Farbe des Zifferblatts<\/strong> \u2013 Grau, Orange, Bronze<br class=\"xliff-newline\" \/><br class=\"xliff-newline\" \/><strong>Hintergrundfarbe<\/strong> \u2013 Transparent\/ Wandfarbe<br class=\"xliff-newline\" \/><br class=\"xliff-newline\" \/><\/p>\n","protected":false},"featured_media":34202,"comment_status":"closed","ping_status":"closed","template":"","meta":[],"product_brand":[],"product_cat":[80],"product_tag":[83,90,87,2139,82,89,95],"class_list":{"0":"post-10138","1":"product","2":"type-product","3":"status-publish","4":"has-post-thumbnail","6":"product_cat-grosse-wanduhren-handgefertigt","7":"product_tag-grosse-dekorative-wanduhren","8":"product_tag-grosse-skelett-wanduhren-mit-roemischen-zahlzeichen","9":"product_tag-wanduhren-mit-roemischen-zahlzeichen","10":"product_tag-grose-wanduhren","11":"product_tag-grosse-kuenstlerische-wanduhren","12":"product_tag-schabige-schicke-wanduhren","13":"product_tag-skelett-wanduhren","15":"first","16":"instock","17":"sale","18":"taxable","19":"shipping-taxable","20":"purchasable","21":"product-type-variable"},"yoast_head":"<!-- This site is optimized with the Yoast SEO Premium plugin v27.2 (Yoast SEO v27.2) - https:\/\/yoast.com\/product\/yoast-seo-premium-wordpress\/ -->\n<title>Wundersch\u00f6ne \u00fcberdimensionale Wanduhr. Skelett-Design mit r\u00f6mischen Ziffern.<\/title>\n<meta name=\"description\" content=\"Diese atemberaubende \u00fcberdimensionale Wanduhr ist ein gro\u00dfartiges Musterbeispiel f\u00fcr die individuellen Zeitmesser-Designs, die bei Peak Art Clocks erh\u00e4ltlich sind. Wir bieten sie in drei Gr\u00f6\u00dfen an.\" \/>\n<meta name=\"robots\" content=\"index, follow, max-snippet:-1, max-image-preview:large, max-video-preview:-1\" \/>\n<link rel=\"canonical\" href=\"https:\/\/peakart.co.uk\/de\/produkt\/uberdimensionale-wanduhr\/\" \/>\n<meta property=\"og:locale\" content=\"de_DE\" \/>\n<meta property=\"og:type\" content=\"article\" \/>\n<meta property=\"og:title\" content=\"\u00dcberdimensionale Wanduhr f\u00fcr luxuri\u00f6se K\u00fcchen\" \/>\n<meta property=\"og:description\" content=\"Diese atemberaubende \u00fcberdimensionale Wanduhr ist ein gro\u00dfartiges Musterbeispiel f\u00fcr die individuellen Zeitmesser-Designs, die bei Peak Art Clocks erh\u00e4ltlich sind. Wir bieten sie in drei Gr\u00f6\u00dfen an.\" \/>\n<meta property=\"og:url\" content=\"https:\/\/peakart.co.uk\/de\/produkt\/uberdimensionale-wanduhr\/\" \/>\n<meta property=\"og:site_name\" content=\"Peak Art\" \/>\n<meta property=\"article:publisher\" content=\"https:\/\/www.facebook.com\/PeakArtClocks\/\" \/>\n<meta property=\"article:modified_time\" content=\"2023-03-23T09:43:20+00:00\" \/>\n<meta property=\"og:image\" content=\"https:\/\/peakart.co.uk\/wp-content\/uploads\/2019\/05\/Oversized-wall-clock-right-1.jpg\" \/>\n\t<meta property=\"og:image:width\" content=\"1500\" \/>\n\t<meta property=\"og:image:height\" content=\"1500\" \/>\n\t<meta property=\"og:image:type\" content=\"image\/jpeg\" \/>\n<meta name=\"twitter:card\" content=\"summary_large_image\" \/>\n<meta name=\"twitter:label1\" content=\"Verf\u00fcgbarkeit\" \/>\n\t<meta name=\"twitter:data1\" content=\"Auf Lager\" \/>\n<script type=\"application\/ld+json\" class=\"yoast-schema-graph\">{\"@context\":\"https:\/\/schema.org\",\"@graph\":[{\"@type\":\"WebPage\",\"@id\":\"https:\/\/peakart.co.uk\/de\/produkt\/uberdimensionale-wanduhr\/\",\"url\":\"https:\/\/peakart.co.uk\/de\/produkt\/uberdimensionale-wanduhr\/\",\"name\":\"Wundersch\u00f6ne \u00fcberdimensionale Wanduhr. Skelett-Design mit r\u00f6mischen Ziffern.\",\"isPartOf\":{\"@id\":\"https:\/\/peakart.co.uk\/de\/#website\"},\"primaryImageOfPage\":{\"@id\":\"https:\/\/peakart.co.uk\/de\/produkt\/uberdimensionale-wanduhr\/#primaryimage\"},\"image\":{\"@id\":\"https:\/\/peakart.co.uk\/de\/produkt\/uberdimensionale-wanduhr\/#primaryimage\"},\"thumbnailUrl\":\"https:\/\/peakart.co.uk\/wp-content\/uploads\/2019\/05\/oversized-wall-clock-skeleton-design.jpg\",\"datePublished\":\"2019-05-25T17:00:33+00:00\",\"dateModified\":\"2023-03-23T09:43:20+00:00\",\"description\":\"Diese atemberaubende \u00fcberdimensionale Wanduhr ist ein gro\u00dfartiges Musterbeispiel f\u00fcr die individuellen Zeitmesser-Designs, die bei Peak Art Clocks erh\u00e4ltlich sind. Wir bieten sie in drei Gr\u00f6\u00dfen an.\",\"breadcrumb\":{\"@id\":\"https:\/\/peakart.co.uk\/de\/produkt\/uberdimensionale-wanduhr\/#breadcrumb\"},\"inLanguage\":\"de\",\"potentialAction\":[{\"@type\":\"ReadAction\",\"target\":[\"https:\/\/peakart.co.uk\/de\/produkt\/uberdimensionale-wanduhr\/\"]}]},{\"@type\":\"ImageObject\",\"inLanguage\":\"de\",\"@id\":\"https:\/\/peakart.co.uk\/de\/produkt\/uberdimensionale-wanduhr\/#primaryimage\",\"url\":\"https:\/\/peakart.co.uk\/wp-content\/uploads\/2019\/05\/oversized-wall-clock-skeleton-design.jpg\",\"contentUrl\":\"https:\/\/peakart.co.uk\/wp-content\/uploads\/2019\/05\/oversized-wall-clock-skeleton-design.jpg\",\"width\":2498,\"height\":2390,\"caption\":\"oversized wall clock skeleton design\"},{\"@type\":\"BreadcrumbList\",\"@id\":\"https:\/\/peakart.co.uk\/de\/produkt\/uberdimensionale-wanduhr\/#breadcrumb\",\"itemListElement\":[{\"@type\":\"ListItem\",\"position\":1,\"name\":\"Home\",\"item\":\"https:\/\/peakart.co.uk\/de\/\"},{\"@type\":\"ListItem\",\"position\":2,\"name\":\"Shop\",\"item\":\"https:\/\/peakart.co.uk\/de\/shop\/\"},{\"@type\":\"ListItem\",\"position\":3,\"name\":\"\u00dcberdimensionale Wanduhr f\u00fcr luxuri\u00f6se K\u00fcchen\"}]},{\"@type\":\"WebSite\",\"@id\":\"https:\/\/peakart.co.uk\/de\/#website\",\"url\":\"https:\/\/peakart.co.uk\/de\/\",\"name\":\"Peak Art\",\"description\":\"\",\"publisher\":{\"@id\":\"https:\/\/peakart.co.uk\/de\/#organization\"},\"potentialAction\":[{\"@type\":\"SearchAction\",\"target\":{\"@type\":\"EntryPoint\",\"urlTemplate\":\"https:\/\/peakart.co.uk\/de\/?s={search_term_string}\"},\"query-input\":{\"@type\":\"PropertyValueSpecification\",\"valueRequired\":true,\"valueName\":\"search_term_string\"}}],\"inLanguage\":\"de\"},{\"@type\":\"Organization\",\"@id\":\"https:\/\/peakart.co.uk\/de\/#organization\",\"name\":\"Peak Art\",\"url\":\"https:\/\/peakart.co.uk\/de\/\",\"logo\":{\"@type\":\"ImageObject\",\"inLanguage\":\"de\",\"@id\":\"https:\/\/peakart.co.uk\/de\/#\/schema\/logo\/image\/\",\"url\":\"https:\/\/peakart.co.uk\/wp-content\/uploads\/2023\/07\/logo-8.jpg\",\"contentUrl\":\"https:\/\/peakart.co.uk\/wp-content\/uploads\/2023\/07\/logo-8.jpg\",\"width\":666,\"height\":259,\"caption\":\"Peak Art\"},\"image\":{\"@id\":\"https:\/\/peakart.co.uk\/de\/#\/schema\/logo\/image\/\"},\"sameAs\":[\"https:\/\/www.facebook.com\/PeakArtClocks\/\"],\"hasMerchantReturnPolicy\":{\"@type\":\"MerchantReturnPolicy\",\"merchantReturnLink\":\"https:\/\/peakart.co.uk\/refund_returns\/\"}}]}<\/script>\n<meta property=\"og:availability\" content=\"instock\" \/>\n<meta property=\"product:availability\" content=\"instock\" \/>\n<meta property=\"product:retailer_item_id\" content=\"PEAKART-16237\" \/>\n<meta property=\"product:condition\" content=\"new\" \/>\n<!-- \/ Yoast SEO Premium plugin. -->","yoast_head_json":{"title":"Wundersch\u00f6ne \u00fcberdimensionale Wanduhr. Skelett-Design mit r\u00f6mischen Ziffern.","description":"Diese atemberaubende \u00fcberdimensionale Wanduhr ist ein gro\u00dfartiges Musterbeispiel f\u00fcr die individuellen Zeitmesser-Designs, die bei Peak Art Clocks erh\u00e4ltlich sind. Wir bieten sie in drei Gr\u00f6\u00dfen an.","robots":{"index":"index","follow":"follow","max-snippet":"max-snippet:-1","max-image-preview":"max-image-preview:large","max-video-preview":"max-video-preview:-1"},"canonical":"https:\/\/peakart.co.uk\/de\/produkt\/uberdimensionale-wanduhr\/","og_locale":"de_DE","og_type":"article","og_title":"\u00dcberdimensionale Wanduhr f\u00fcr luxuri\u00f6se K\u00fcchen","og_description":"Diese atemberaubende \u00fcberdimensionale Wanduhr ist ein gro\u00dfartiges Musterbeispiel f\u00fcr die individuellen Zeitmesser-Designs, die bei Peak Art Clocks erh\u00e4ltlich sind. Wir bieten sie in drei Gr\u00f6\u00dfen an.","og_url":"https:\/\/peakart.co.uk\/de\/produkt\/uberdimensionale-wanduhr\/","og_site_name":"Peak Art","article_publisher":"https:\/\/www.facebook.com\/PeakArtClocks\/","article_modified_time":"2023-03-23T09:43:20+00:00","og_image":[{"width":1500,"height":1500,"url":"https:\/\/peakart.co.uk\/wp-content\/uploads\/2019\/05\/Oversized-wall-clock-right-1.jpg","type":"image\/jpeg"}],"twitter_card":"summary_large_image","twitter_misc":{"Verf\u00fcgbarkeit":"Auf Lager"},"schema":{"@context":"https:\/\/schema.org","@graph":[{"@type":"WebPage","@id":"https:\/\/peakart.co.uk\/de\/produkt\/uberdimensionale-wanduhr\/","url":"https:\/\/peakart.co.uk\/de\/produkt\/uberdimensionale-wanduhr\/","name":"Wundersch\u00f6ne \u00fcberdimensionale Wanduhr. Skelett-Design mit r\u00f6mischen Ziffern.","isPartOf":{"@id":"https:\/\/peakart.co.uk\/de\/#website"},"primaryImageOfPage":{"@id":"https:\/\/peakart.co.uk\/de\/produkt\/uberdimensionale-wanduhr\/#primaryimage"},"image":{"@id":"https:\/\/peakart.co.uk\/de\/produkt\/uberdimensionale-wanduhr\/#primaryimage"},"thumbnailUrl":"https:\/\/peakart.co.uk\/wp-content\/uploads\/2019\/05\/oversized-wall-clock-skeleton-design.jpg","datePublished":"2019-05-25T17:00:33+00:00","dateModified":"2023-03-23T09:43:20+00:00","description":"Diese atemberaubende \u00fcberdimensionale Wanduhr ist ein gro\u00dfartiges Musterbeispiel f\u00fcr die individuellen Zeitmesser-Designs, die bei Peak Art Clocks erh\u00e4ltlich sind. Wir bieten sie in drei Gr\u00f6\u00dfen an.","breadcrumb":{"@id":"https:\/\/peakart.co.uk\/de\/produkt\/uberdimensionale-wanduhr\/#breadcrumb"},"inLanguage":"de","potentialAction":[{"@type":"ReadAction","target":["https:\/\/peakart.co.uk\/de\/produkt\/uberdimensionale-wanduhr\/"]}]},{"@type":"ImageObject","inLanguage":"de","@id":"https:\/\/peakart.co.uk\/de\/produkt\/uberdimensionale-wanduhr\/#primaryimage","url":"https:\/\/peakart.co.uk\/wp-content\/uploads\/2019\/05\/oversized-wall-clock-skeleton-design.jpg","contentUrl":"https:\/\/peakart.co.uk\/wp-content\/uploads\/2019\/05\/oversized-wall-clock-skeleton-design.jpg","width":2498,"height":2390,"caption":"oversized wall clock skeleton design"},{"@type":"BreadcrumbList","@id":"https:\/\/peakart.co.uk\/de\/produkt\/uberdimensionale-wanduhr\/#breadcrumb","itemListElement":[{"@type":"ListItem","position":1,"name":"Home","item":"https:\/\/peakart.co.uk\/de\/"},{"@type":"ListItem","position":2,"name":"Shop","item":"https:\/\/peakart.co.uk\/de\/shop\/"},{"@type":"ListItem","position":3,"name":"\u00dcberdimensionale Wanduhr f\u00fcr luxuri\u00f6se K\u00fcchen"}]},{"@type":"WebSite","@id":"https:\/\/peakart.co.uk\/de\/#website","url":"https:\/\/peakart.co.uk\/de\/","name":"Peak Art","description":"","publisher":{"@id":"https:\/\/peakart.co.uk\/de\/#organization"},"potentialAction":[{"@type":"SearchAction","target":{"@type":"EntryPoint","urlTemplate":"https:\/\/peakart.co.uk\/de\/?s={search_term_string}"},"query-input":{"@type":"PropertyValueSpecification","valueRequired":true,"valueName":"search_term_string"}}],"inLanguage":"de"},{"@type":"Organization","@id":"https:\/\/peakart.co.uk\/de\/#organization","name":"Peak Art","url":"https:\/\/peakart.co.uk\/de\/","logo":{"@type":"ImageObject","inLanguage":"de","@id":"https:\/\/peakart.co.uk\/de\/#\/schema\/logo\/image\/","url":"https:\/\/peakart.co.uk\/wp-content\/uploads\/2023\/07\/logo-8.jpg","contentUrl":"https:\/\/peakart.co.uk\/wp-content\/uploads\/2023\/07\/logo-8.jpg","width":666,"height":259,"caption":"Peak Art"},"image":{"@id":"https:\/\/peakart.co.uk\/de\/#\/schema\/logo\/image\/"},"sameAs":["https:\/\/www.facebook.com\/PeakArtClocks\/"],"hasMerchantReturnPolicy":{"@type":"MerchantReturnPolicy","merchantReturnLink":"https:\/\/peakart.co.uk\/refund_returns\/"}}]},"og_availability":"instock","product_availability":"instock","product_retailer_item_id":"PEAKART-16237","product_condition":"new"},"_links":{"self":[{"href":"https:\/\/peakart.co.uk\/de\/wp-json\/wp\/v2\/product\/10138","targetHints":{"allow":["GET"]}}],"collection":[{"href":"https:\/\/peakart.co.uk\/de\/wp-json\/wp\/v2\/product"}],"about":[{"href":"https:\/\/peakart.co.uk\/de\/wp-json\/wp\/v2\/types\/product"}],"replies":[{"embeddable":true,"href":"https:\/\/peakart.co.uk\/de\/wp-json\/wp\/v2\/comments?post=10138"}],"wp:featuredmedia":[{"embeddable":true,"href":"https:\/\/peakart.co.uk\/de\/wp-json\/wp\/v2\/media\/34202"}],"wp:attachment":[{"href":"https:\/\/peakart.co.uk\/de\/wp-json\/wp\/v2\/media?parent=10138"}],"wp:term":[{"taxonomy":"product_brand","embeddable":true,"href":"https:\/\/peakart.co.uk\/de\/wp-json\/wp\/v2\/product_brand?post=10138"},{"taxonomy":"product_cat","embeddable":true,"href":"https:\/\/peakart.co.uk\/de\/wp-json\/wp\/v2\/product_cat?post=10138"},{"taxonomy":"product_tag","embeddable":true,"href":"https:\/\/peakart.co.uk\/de\/wp-json\/wp\/v2\/product_tag?post=10138"}],"curies":[{"name":"wp","href":"https:\/\/api.w.org\/{rel}","templated":true}]}}