{"id":10005,"date":"2019-03-06T19:49:06","date_gmt":"2019-03-06T19:49:06","guid":{"rendered":"https:\/\/peakart.co.uk\/?post_type=product&#038;p=10005"},"modified":"2023-03-23T09:47:09","modified_gmt":"2023-03-23T09:47:09","slug":"graue-uhr","status":"publish","type":"product","link":"https:\/\/peakart.co.uk\/de\/produkt\/graue-uhr\/","title":{"rendered":"Gro\u00dfe graue Uhr mit r\u00f6mischen Zahlen"},"content":{"rendered":"<h2>Beeindrucken Sie Ihre G\u00e4ste mit dieser reizenden grauen Uhr<\/h2>\n<p>Viele Kunden von Peak Art haben eines gemeinsam. Sie versuchen, gro\u00dfe, leere Wandfl\u00e4chen mit etwas wirklich Einzigartigem zu f\u00fcllen. Anders als viele andere Unternehmen, die online gro\u00dfe Wanduhren verkaufen, bieten wir nicht einfach serienm\u00e4\u00dfig hergestellte Produkte an. Unsere Herangehensweise ist es sicherzustellen, dass jeder Kunde ein einzigartiges Kunstwerk erh\u00e4lt. Sie k\u00f6nnen zwar eines der vorhandenen Designs bestellen, uns aber auch ein paar Fotos schicken, falls Sie \u00c4nderungen w\u00fcnschen.<\/p>\n<p>Wir haben diese au\u00dfergew\u00f6hnliche Uhr entworfen und hergestellt, um die Bed\u00fcrfnisse eines spezifischen Kundens zu erf\u00fcllen. Sobald wir einige Fotos des Wohnzimmers erhielten, wurde klar, dass dunkle Zeitmesser mit Graut\u00f6nen wirklich gut passen w\u00fcrden. Wir schlugen vor, ein Ziffernblatt mit r\u00f6mischen Zahlen zu fertigen, das \u00e4hnliche Farben wie eine <a href=\"https:\/\/peakart.co.uk\/de\/produkt\/graue-wanduhr\/\">graue Wanduhr<\/a> haben w\u00fcrde, die wir kurz davor produziert hatten. Um zu gew\u00e4hrleisten, dass die Zeit leicht abzulesen ist, haben wir zwei Zeigeroptionen zur Auswahl zur Verf\u00fcgung gestellt: Silber und Gold.<\/p>\n<p>Unsere Kunden geben viel Inspiration f\u00fcr alle Uhrendesigns. Darum ermutigen wir alle, <a href=\"https:\/\/peakart.co.uk\/de\/kontakt\/\">in Kontakt zu treten<\/a> und in Zukunft mit uns zusammenzuarbeiten. Bitte folgen Sie uns auf <a href=\"https:\/\/www.facebook.com\/PeakArtClocks\/\">Facebook<\/a> und werden Sie Teil von Peak Arts Community.<\/p>\n","protected":false},"excerpt":{"rendered":"<p>Diese gro\u00dfe graue Uhr wird in jedem Wohnzimmer eine Besonderheit darstellen. Wir haben sie \u00e4hnlich zur Original-<a href=\"https:\/\/peakart.co.uk\/de\/produkt\/schwarze-skelett-wanduhr\/\">Skelett-Wanduhr in Schwarz<\/a> designt, aber statt einer einzigen Farbe weist sie unterschiedliche Graut\u00f6ne auf. Wie alle anderen Uhren mit r\u00f6mischen Zahlen k\u00f6nnen wir dieses Design in drei verschiedenen Gr\u00f6\u00dfen anbieten, die Sie aus dem Drop-down-Men\u00fc ausw\u00e4hlen k\u00f6nnen.<\/p>\n<p><strong>Designt und handgefertigt<\/strong> \u2013 Anna Siodelska, Vereinigtes K\u00f6nigreich<\/p>\n<p><strong>Farbe des Ziffernblatts<\/strong> \u2013 Graut\u00f6ne<\/p>\n<p><strong>Hintergrundfarbe<\/strong> \u2013 transparent\/Wand<\/p>\n","protected":false},"featured_media":32258,"comment_status":"closed","ping_status":"closed","template":"","meta":[],"product_brand":[],"product_cat":[80],"product_tag":[2673,83,90,87,2139,82,89,95],"class_list":{"0":"post-10005","1":"product","2":"type-product","3":"status-publish","4":"has-post-thumbnail","6":"product_cat-grosse-wanduhren-handgefertigt","7":"product_tag-callback-der-datenloschungs-funktion-im-index-d-ist-ungultig","8":"product_tag-grosse-dekorative-wanduhren","9":"product_tag-grosse-skelett-wanduhren-mit-roemischen-zahlzeichen","10":"product_tag-wanduhren-mit-roemischen-zahlzeichen","11":"product_tag-grose-wanduhren","12":"product_tag-grosse-kuenstlerische-wanduhren","13":"product_tag-schabige-schicke-wanduhren","14":"product_tag-skelett-wanduhren","16":"first","17":"instock","18":"sale","19":"taxable","20":"shipping-taxable","21":"purchasable","22":"product-type-variable"},"yoast_head":"<!-- This site is optimized with the Yoast SEO Premium plugin v27.2 (Yoast SEO v27.2) - https:\/\/yoast.com\/product\/yoast-seo-premium-wordpress\/ -->\n<title>Dunkelgraue Uhr mit gro\u00dfen r\u00f6mischen Zahlen aus Holz<\/title>\n<meta name=\"description\" content=\"Wunderbare handgefertigte Wanduhr mit r\u00f6mischen Zahlen. Das sch\u00f6ne Ziffernblatt ist in Graut\u00f6nen gestrichen, um ihm einzigartigen Charakter und Stil zu verleihen.\" \/>\n<meta name=\"robots\" content=\"index, follow, max-snippet:-1, max-image-preview:large, max-video-preview:-1\" \/>\n<link rel=\"canonical\" href=\"https:\/\/peakart.co.uk\/de\/produkt\/graue-uhr\/\" \/>\n<meta property=\"og:locale\" content=\"de_DE\" \/>\n<meta property=\"og:type\" content=\"article\" \/>\n<meta property=\"og:title\" content=\"Gro\u00dfe graue Uhr mit r\u00f6mischen Zahlen\" \/>\n<meta property=\"og:description\" content=\"Wunderbare handgefertigte Wanduhr mit r\u00f6mischen Zahlen. Das sch\u00f6ne Ziffernblatt ist in Graut\u00f6nen gestrichen, um ihm einzigartigen Charakter und Stil zu verleihen.\" \/>\n<meta property=\"og:url\" content=\"https:\/\/peakart.co.uk\/de\/produkt\/graue-uhr\/\" \/>\n<meta property=\"og:site_name\" content=\"Peak Art\" \/>\n<meta property=\"article:publisher\" content=\"https:\/\/www.facebook.com\/PeakArtClocks\/\" \/>\n<meta property=\"article:modified_time\" content=\"2023-03-23T09:47:09+00:00\" \/>\n<meta property=\"og:image\" content=\"https:\/\/peakart.co.uk\/wp-content\/uploads\/2019\/03\/Grey-Wall-Clock-with-silver-hands-zoom-1.jpg\" \/>\n\t<meta property=\"og:image:width\" content=\"1200\" \/>\n\t<meta property=\"og:image:height\" content=\"1048\" \/>\n\t<meta property=\"og:image:type\" content=\"image\/jpeg\" \/>\n<meta name=\"twitter:card\" content=\"summary_large_image\" \/>\n<meta name=\"twitter:label1\" content=\"Verf\u00fcgbarkeit\" \/>\n\t<meta name=\"twitter:data1\" content=\"Auf Lager\" \/>\n<script type=\"application\/ld+json\" class=\"yoast-schema-graph\">{\"@context\":\"https:\/\/schema.org\",\"@graph\":[{\"@type\":\"WebPage\",\"@id\":\"https:\/\/peakart.co.uk\/de\/produkt\/graue-uhr\/\",\"url\":\"https:\/\/peakart.co.uk\/de\/produkt\/graue-uhr\/\",\"name\":\"Dunkelgraue Uhr mit gro\u00dfen r\u00f6mischen Zahlen aus Holz\",\"isPartOf\":{\"@id\":\"https:\/\/peakart.co.uk\/de\/#website\"},\"primaryImageOfPage\":{\"@id\":\"https:\/\/peakart.co.uk\/de\/produkt\/graue-uhr\/#primaryimage\"},\"image\":{\"@id\":\"https:\/\/peakart.co.uk\/de\/produkt\/graue-uhr\/#primaryimage\"},\"thumbnailUrl\":\"https:\/\/peakart.co.uk\/wp-content\/uploads\/2019\/03\/Grey-Wall-Clock-with-silver-hands-zoom-1.jpg\",\"datePublished\":\"2019-03-06T19:49:06+00:00\",\"dateModified\":\"2023-03-23T09:47:09+00:00\",\"description\":\"Wunderbare handgefertigte Wanduhr mit r\u00f6mischen Zahlen. Das sch\u00f6ne Ziffernblatt ist in Graut\u00f6nen gestrichen, um ihm einzigartigen Charakter und Stil zu verleihen.\",\"breadcrumb\":{\"@id\":\"https:\/\/peakart.co.uk\/de\/produkt\/graue-uhr\/#breadcrumb\"},\"inLanguage\":\"de\",\"potentialAction\":[{\"@type\":\"ReadAction\",\"target\":[\"https:\/\/peakart.co.uk\/de\/produkt\/graue-uhr\/\"]}]},{\"@type\":\"ImageObject\",\"inLanguage\":\"de\",\"@id\":\"https:\/\/peakart.co.uk\/de\/produkt\/graue-uhr\/#primaryimage\",\"url\":\"https:\/\/peakart.co.uk\/wp-content\/uploads\/2019\/03\/Grey-Wall-Clock-with-silver-hands-zoom-1.jpg\",\"contentUrl\":\"https:\/\/peakart.co.uk\/wp-content\/uploads\/2019\/03\/Grey-Wall-Clock-with-silver-hands-zoom-1.jpg\",\"width\":1200,\"height\":1048},{\"@type\":\"BreadcrumbList\",\"@id\":\"https:\/\/peakart.co.uk\/de\/produkt\/graue-uhr\/#breadcrumb\",\"itemListElement\":[{\"@type\":\"ListItem\",\"position\":1,\"name\":\"Home\",\"item\":\"https:\/\/peakart.co.uk\/de\/\"},{\"@type\":\"ListItem\",\"position\":2,\"name\":\"Shop\",\"item\":\"https:\/\/peakart.co.uk\/de\/shop\/\"},{\"@type\":\"ListItem\",\"position\":3,\"name\":\"Gro\u00dfe graue Uhr mit r\u00f6mischen Zahlen\"}]},{\"@type\":\"WebSite\",\"@id\":\"https:\/\/peakart.co.uk\/de\/#website\",\"url\":\"https:\/\/peakart.co.uk\/de\/\",\"name\":\"Peak Art\",\"description\":\"\",\"publisher\":{\"@id\":\"https:\/\/peakart.co.uk\/de\/#organization\"},\"potentialAction\":[{\"@type\":\"SearchAction\",\"target\":{\"@type\":\"EntryPoint\",\"urlTemplate\":\"https:\/\/peakart.co.uk\/de\/?s={search_term_string}\"},\"query-input\":{\"@type\":\"PropertyValueSpecification\",\"valueRequired\":true,\"valueName\":\"search_term_string\"}}],\"inLanguage\":\"de\"},{\"@type\":\"Organization\",\"@id\":\"https:\/\/peakart.co.uk\/de\/#organization\",\"name\":\"Peak Art\",\"url\":\"https:\/\/peakart.co.uk\/de\/\",\"logo\":{\"@type\":\"ImageObject\",\"inLanguage\":\"de\",\"@id\":\"https:\/\/peakart.co.uk\/de\/#\/schema\/logo\/image\/\",\"url\":\"https:\/\/peakart.co.uk\/wp-content\/uploads\/2023\/07\/logo-8.jpg\",\"contentUrl\":\"https:\/\/peakart.co.uk\/wp-content\/uploads\/2023\/07\/logo-8.jpg\",\"width\":666,\"height\":259,\"caption\":\"Peak Art\"},\"image\":{\"@id\":\"https:\/\/peakart.co.uk\/de\/#\/schema\/logo\/image\/\"},\"sameAs\":[\"https:\/\/www.facebook.com\/PeakArtClocks\/\"],\"hasMerchantReturnPolicy\":{\"@type\":\"MerchantReturnPolicy\",\"merchantReturnLink\":\"https:\/\/peakart.co.uk\/refund_returns\/\"}}]}<\/script>\n<meta property=\"og:availability\" content=\"instock\" \/>\n<meta property=\"product:availability\" content=\"instock\" \/>\n<meta property=\"product:retailer_item_id\" content=\"PEAKART-84637\" \/>\n<meta property=\"product:condition\" content=\"new\" \/>\n<!-- \/ Yoast SEO Premium plugin. -->","yoast_head_json":{"title":"Dunkelgraue Uhr mit gro\u00dfen r\u00f6mischen Zahlen aus Holz","description":"Wunderbare handgefertigte Wanduhr mit r\u00f6mischen Zahlen. Das sch\u00f6ne Ziffernblatt ist in Graut\u00f6nen gestrichen, um ihm einzigartigen Charakter und Stil zu verleihen.","robots":{"index":"index","follow":"follow","max-snippet":"max-snippet:-1","max-image-preview":"max-image-preview:large","max-video-preview":"max-video-preview:-1"},"canonical":"https:\/\/peakart.co.uk\/de\/produkt\/graue-uhr\/","og_locale":"de_DE","og_type":"article","og_title":"Gro\u00dfe graue Uhr mit r\u00f6mischen Zahlen","og_description":"Wunderbare handgefertigte Wanduhr mit r\u00f6mischen Zahlen. Das sch\u00f6ne Ziffernblatt ist in Graut\u00f6nen gestrichen, um ihm einzigartigen Charakter und Stil zu verleihen.","og_url":"https:\/\/peakart.co.uk\/de\/produkt\/graue-uhr\/","og_site_name":"Peak Art","article_publisher":"https:\/\/www.facebook.com\/PeakArtClocks\/","article_modified_time":"2023-03-23T09:47:09+00:00","og_image":[{"width":1200,"height":1048,"url":"https:\/\/peakart.co.uk\/wp-content\/uploads\/2019\/03\/Grey-Wall-Clock-with-silver-hands-zoom-1.jpg","type":"image\/jpeg"}],"twitter_card":"summary_large_image","twitter_misc":{"Verf\u00fcgbarkeit":"Auf Lager"},"schema":{"@context":"https:\/\/schema.org","@graph":[{"@type":"WebPage","@id":"https:\/\/peakart.co.uk\/de\/produkt\/graue-uhr\/","url":"https:\/\/peakart.co.uk\/de\/produkt\/graue-uhr\/","name":"Dunkelgraue Uhr mit gro\u00dfen r\u00f6mischen Zahlen aus Holz","isPartOf":{"@id":"https:\/\/peakart.co.uk\/de\/#website"},"primaryImageOfPage":{"@id":"https:\/\/peakart.co.uk\/de\/produkt\/graue-uhr\/#primaryimage"},"image":{"@id":"https:\/\/peakart.co.uk\/de\/produkt\/graue-uhr\/#primaryimage"},"thumbnailUrl":"https:\/\/peakart.co.uk\/wp-content\/uploads\/2019\/03\/Grey-Wall-Clock-with-silver-hands-zoom-1.jpg","datePublished":"2019-03-06T19:49:06+00:00","dateModified":"2023-03-23T09:47:09+00:00","description":"Wunderbare handgefertigte Wanduhr mit r\u00f6mischen Zahlen. Das sch\u00f6ne Ziffernblatt ist in Graut\u00f6nen gestrichen, um ihm einzigartigen Charakter und Stil zu verleihen.","breadcrumb":{"@id":"https:\/\/peakart.co.uk\/de\/produkt\/graue-uhr\/#breadcrumb"},"inLanguage":"de","potentialAction":[{"@type":"ReadAction","target":["https:\/\/peakart.co.uk\/de\/produkt\/graue-uhr\/"]}]},{"@type":"ImageObject","inLanguage":"de","@id":"https:\/\/peakart.co.uk\/de\/produkt\/graue-uhr\/#primaryimage","url":"https:\/\/peakart.co.uk\/wp-content\/uploads\/2019\/03\/Grey-Wall-Clock-with-silver-hands-zoom-1.jpg","contentUrl":"https:\/\/peakart.co.uk\/wp-content\/uploads\/2019\/03\/Grey-Wall-Clock-with-silver-hands-zoom-1.jpg","width":1200,"height":1048},{"@type":"BreadcrumbList","@id":"https:\/\/peakart.co.uk\/de\/produkt\/graue-uhr\/#breadcrumb","itemListElement":[{"@type":"ListItem","position":1,"name":"Home","item":"https:\/\/peakart.co.uk\/de\/"},{"@type":"ListItem","position":2,"name":"Shop","item":"https:\/\/peakart.co.uk\/de\/shop\/"},{"@type":"ListItem","position":3,"name":"Gro\u00dfe graue Uhr mit r\u00f6mischen Zahlen"}]},{"@type":"WebSite","@id":"https:\/\/peakart.co.uk\/de\/#website","url":"https:\/\/peakart.co.uk\/de\/","name":"Peak Art","description":"","publisher":{"@id":"https:\/\/peakart.co.uk\/de\/#organization"},"potentialAction":[{"@type":"SearchAction","target":{"@type":"EntryPoint","urlTemplate":"https:\/\/peakart.co.uk\/de\/?s={search_term_string}"},"query-input":{"@type":"PropertyValueSpecification","valueRequired":true,"valueName":"search_term_string"}}],"inLanguage":"de"},{"@type":"Organization","@id":"https:\/\/peakart.co.uk\/de\/#organization","name":"Peak Art","url":"https:\/\/peakart.co.uk\/de\/","logo":{"@type":"ImageObject","inLanguage":"de","@id":"https:\/\/peakart.co.uk\/de\/#\/schema\/logo\/image\/","url":"https:\/\/peakart.co.uk\/wp-content\/uploads\/2023\/07\/logo-8.jpg","contentUrl":"https:\/\/peakart.co.uk\/wp-content\/uploads\/2023\/07\/logo-8.jpg","width":666,"height":259,"caption":"Peak Art"},"image":{"@id":"https:\/\/peakart.co.uk\/de\/#\/schema\/logo\/image\/"},"sameAs":["https:\/\/www.facebook.com\/PeakArtClocks\/"],"hasMerchantReturnPolicy":{"@type":"MerchantReturnPolicy","merchantReturnLink":"https:\/\/peakart.co.uk\/refund_returns\/"}}]},"og_availability":"instock","product_availability":"instock","product_retailer_item_id":"PEAKART-84637","product_condition":"new"},"_links":{"self":[{"href":"https:\/\/peakart.co.uk\/de\/wp-json\/wp\/v2\/product\/10005","targetHints":{"allow":["GET"]}}],"collection":[{"href":"https:\/\/peakart.co.uk\/de\/wp-json\/wp\/v2\/product"}],"about":[{"href":"https:\/\/peakart.co.uk\/de\/wp-json\/wp\/v2\/types\/product"}],"replies":[{"embeddable":true,"href":"https:\/\/peakart.co.uk\/de\/wp-json\/wp\/v2\/comments?post=10005"}],"wp:featuredmedia":[{"embeddable":true,"href":"https:\/\/peakart.co.uk\/de\/wp-json\/wp\/v2\/media\/32258"}],"wp:attachment":[{"href":"https:\/\/peakart.co.uk\/de\/wp-json\/wp\/v2\/media?parent=10005"}],"wp:term":[{"taxonomy":"product_brand","embeddable":true,"href":"https:\/\/peakart.co.uk\/de\/wp-json\/wp\/v2\/product_brand?post=10005"},{"taxonomy":"product_cat","embeddable":true,"href":"https:\/\/peakart.co.uk\/de\/wp-json\/wp\/v2\/product_cat?post=10005"},{"taxonomy":"product_tag","embeddable":true,"href":"https:\/\/peakart.co.uk\/de\/wp-json\/wp\/v2\/product_tag?post=10005"}],"curies":[{"name":"wp","href":"https:\/\/api.w.org\/{rel}","templated":true}]}}