{"id":6728,"date":"2017-10-09T15:31:01","date_gmt":"2017-10-09T14:31:01","guid":{"rendered":"http:\/\/peakart.co.uk\/agbs\/"},"modified":"2023-03-22T16:24:00","modified_gmt":"2023-03-22T16:24:00","slug":"agbs","status":"publish","type":"page","link":"https:\/\/peakart.co.uk\/de\/agbs\/","title":{"rendered":"AGBs"},"content":{"rendered":"<h2>Verkauf bei Peak Art<\/h2>\n<p>Mit der Annahme der Allgemeinen Gesch\u00e4ftbedingungne, stimmen die Kunden zu, alle unsere Richtlinien &amp; Verfahren zu lesen und unsere Lieferungs- und R\u00fcckgaberechte zu akzeptieren.<\/p>\n<p>Wir sind stets bem\u00fcht, den bestm\u00f6glichen Kundenservice anzubieten und wir helfen Ihnen gerne weiter, bitte wendne Sie sich an uns und wir melden uns innerhalb von 24 Stunden zur\u00fcck.<\/p>\n<p>Wenn Sie eine Bestellung aufgeben, ben\u00f6tigen wir Ihren Namen, Ihre E-Mail-Adresse, Ihre Lieferadresse und Ihre Telefonnummer. Ohne diese Informationen k\u00f6nnen wir Ihre Anfrage nicht bearbeiten oder Sie \u00fcber die Annahme Ihrer Bestellung informieren.<\/p>\n<h2>Sonnenlicht, Hitze und Feuchtigkeit<\/h2>\n<p>Bitte beachten Sie, dass das Holzprodukt mit der Zeit verblassen kann, wenn es f\u00fcr l\u00e4ngere Zeit dem Sonnenlicht ausgesetzt ist.<\/p>\n<p>Doppelte oder dreifach verglaste Fenster sind in der Lage, die Schadensrate durch UV-Licht zu verlangsamen, aber wir empfehlen, anf\u00e4llige Gegenst\u00e4nde vor direkter Sonneneinstrahlung zu sch\u00fctzen.<\/p>\n<p>Die Lebenserwartung des Uhrwerks w\u00fcrde reduziert werden, wenn sie die Uhr in der N\u00e4he von W\u00e4rmequellen platzieren oder wenn sie Feuchtigkeit ausgesetzt ist, vermeiden Sie es also die Uhr in der N\u00e4he der K\u00fcche oder in Ihrem Badezimmer zu platzieren.<\/p>\n<p>Alle Uhren sind so konzipiert, dass sie in einem Zimmer mit Raumtemperatur platziert werden sollten und sind nicht witterungsbest\u00e4ndig. Wenn sich die Temperatur oder Feuchtigkeit im Raum h\u00e4ufig \u00e4ndert, kann das Holz geschw\u00e4cht werden und es k\u00f6nnen sich Spalten bilden.<\/p>\n<h2>Produktpreise, Bilder und Beschreibung<\/h2>\n<p>Alle ver\u00f6ffentlichten Preise sind standardm\u00e4\u00dfig in <strong> GBP <\/strong>, aber wir <strong> arbeiten auch daran, <\/strong> Zahlungen in <strong> USD, EUR, AUD, CHF <\/strong> anzunehmen, abh\u00e4ngig von der Region. Der Wechselkurs wird automatisch berechnet und kann t\u00e4glich variieren. Bei einem Kauf von au\u00dferhalb Gro\u00dfbritanniens, ist der Kunde daf\u00fcr verantwortlich, m\u00f6gliche Importsteuern zu zahlen. Alle Preise verstehen sich zuz\u00fcglich der gesetzlichen Mehrwertsteuer und gelten zum Zeitpunkt des Eintrags der Informationen in unser System. Die Gesamtkosten Ihrer Bestellung sind der Preis der bestellten Produkte plus Versand.<\/p>\n<p>Jedes gekaufte Produkt wird vorbehaltlich seiner Produktbeschreibung verkauft. Wir werden mit angemessenen Sorgfalt darauf achten, dass alle Angaben, Beschreibungen und Preise der Produkte, die auf der Website erscheinen, zu dem Zeitpunkt korrekt sind, zu dem die relevanten Informationen in das System eingegeben wurden.<\/p>\n<p>Die online dargestellten Bilder dienen lediglich der Veranschaulichung. Jede Uhr hat durch die Anfertigung von Hand ihre eigenen Eigenschaften und das allgemeine Design, wie auf den Bildern angezeigt. Wir verkaufen handgemachte Produkte, keine zwei Produkte sind identisch. Die nat\u00fcrliche Verarbeitung dieser Produkte sorgt daf\u00fcr, dass sich ein Alterungsprozess zeigt und gibt den Produkten Charakter.<\/p>\n<h2>Verf\u00fcgbarkeit im Lager<\/h2>\n<p>Jede Uhr kann entweder &#8220;auf Lager&#8221; (5-10 Werktage, um sie zu versenden), &#8220;verf\u00fcgbar auf R\u00fcckstand&#8221; (abh\u00e4ngig von der aktuellen Arbeitsbelastung kann es 20-30 Werktage dauern, um die Uhr anzufertigen und zu versenden) oder &#8220;ausverkauft&#8221; sein. Bitte kontaktieren Sie uns um die gesch\u00e4tzte Versandzeit zu erfahren, bevor Sie Artikel bestellen, die nicht &#8220;auf Lager&#8221; sind.<\/p>\n<h2>Lieferung<\/h2>\n<p>Im Moment kann Peak Art in die folgenden L\u00e4nder liefern, unterteilt in 3 verschiedenen Regionen:<\/p>\n<div id=\"page\" class=\"hfeed site\">\n<p>Region 1 (UK &amp; Ireland)<\/p>\n<p>Region 2 (EMEA)<\/p>\n<p>Region 3 (AMERICAS + APAC)<\/p>\n<p>Das Gewicht h\u00e4ngt von der Gr\u00f6\u00dfe und dem Design der Uhren ab und liegt in folgenden Bereichen:<\/p>\n<\/div>\n<ul>\n<li>75 cm Uhren &#8211; 6-8 kg<\/li>\n<li>100 cm Uhren &#8211; 8-12 kg<\/li>\n<li>120 cm Uhren &#8211; 12-18 kg<\/li>\n<\/ul>\n<p>Skelett-Uhren sind am niedrigeren Ende dieser Bereiche, w\u00e4hrend die Uhren mit kompletten R\u00fcckseiten schwerer sind.<\/p>\n<p>Hinweis: <strong> Gelegentlich bieten wir Ihnen kostenlosen oder reduzierten Versand<\/strong> an.<\/p>\n<h2>R\u00fcckgaben &amp; Beschwerden &amp; Garantie<\/h2>\n<p>Wenn Sie mit Ihrer Uhr ungl\u00fccklich sind, werden R\u00fcckgaben akzeptiert, wenn Sie innerhalb von 5 Tage des Empfangs Ihrer Uhr mit uns in Verbindung treten. Die Uhr muss innerhalb von 30 Tagen in Originalverpackung bei uns eingegangen sein. Sie erhalten eine Erstattung abz\u00fcglich Versand und abz\u00fcglich einer 10% Bearbeitungsgeb\u00fchr f\u00fcr die Wiederaufbereitung, das Auspacken und die erneute Vermarktung.<\/p>\n<p><strong> Anmerkung <\/strong>: <span style=\"text-decoration: underline;\">Uhren mit personalisierter Gravur k\u00f6nnen nicht zur\u00fcckgegeben werden <\/span>.<\/p>\n<p>Wenn Ihr Mechanismus nicht funktioniert, senden wir Ihnen keine neue Uhr, sondern nur einen neuen Mechanismus.<\/p>\n<p>Bitte seien Sie vorsichtig, wenn Sie die Zeiger wie in den zur Verf\u00fcgung gestellten Anweisungen anbringen, da die 1-j\u00e4hrige Mechanismus-Garantie keine physischen Sch\u00e4den durch Missbrauch abdeckt. Wir m\u00fcssen den urspr\u00fcnglichen Mechanismus erhalten, um ihn zum Hersteller zur Inspektion zur\u00fcckzusenden. Wenn der Mechanismus fehlerhaft ist, werden wir Ihnen den Ersatz schicken und Ihnen alle angefallenen Geb\u00fchren zur\u00fcckerstatten,<\/p>\n<p>Unser ganzes Holz stammt von sorgf\u00e4ltig ausgew\u00e4hlten und hoch angesehenen Lieferanten, die unser Engagement f\u00fcr Qualit\u00e4t und Langlebigkeit teilen. Folglich wird jede unserer handgefertigten Uhren 3 Jahre lang von einer Produktgarantie f\u00fcr die strukturelle Integrit\u00e4t der Uhr gesch\u00fctzt. Diese Garantie schlie\u00dft Probleme aus, die sich aus normalem Verschlei\u00df, unsachgem\u00e4\u00dfer Behandlung oder versehentlicher Besch\u00e4digung ergeben.<\/p>\n<h2>Anzahlungen &amp; Stornierungen<\/h2>\n<p>Wenn Sie einen Artikel aus dem Lieferr\u00fcckstand bestellen, k\u00f6nnen wir uns auf eine Anzahlung anstelle des vollen Preises einigen. Sobald Ihr Auftrag fertig ist, erwarten wir, die volle Zahlung zu erhalten. Wenn Sie Ihre Meinung \u00e4ndern und nicht mehr mit dem Kauf fortfahren m\u00f6chten, behalten wir uns vor, bis zu 25% des endg\u00fcltigen Kaufpreises von Ihrer Einzahlung abzuziehen.<\/p>\n<p>Zum Beispiel k\u00f6nnen Sie einen Artikel anfordern, der bei \u00a3 500 aufgef\u00fchrt ist und eine Anzahlung von \u00a3 250 bezahlent und dann, sobald die Bestellung verarbeitet wird, uns bitten, sie zu stornieren. Wir w\u00fcrden 25% (\u00a3 125) von Ihrer Einzahlung abziehen und den Rest zur\u00fcckerstatten, um die Materialkosten, den Zeitaufwand und die Nachbearbeitung zu decken.<\/p>\n<p>Wenn Sie die Bestellung f\u00fcr Artikel, die auf Lager sind, stornieren, erhalten Sie eine volle R\u00fcckerstattung, solange wir sie noch nicht ausgeliefert haben. In diesem Fall schauen Sie sich bitte den Abschnitt <strong> R\u00fcckgabe <\/strong> an.<\/p>\n<h2>Datenschutzerkl\u00e4rung<\/h2>\n<p><strong> Informationsbeschaffung <\/strong><\/p>\n<p>Peak Art protokolliert Serverinformationen, um folgendes zu identifizieren: (1) Nutzungsniveaus bestimmter Bereiche unserer Website, (2) Herkunft der Besucher unserer Website und (3) Browser und Betriebssysteme von Website-Besuchern. Wir verkn\u00fcpfen keine IP-Adressen mit Personen. Auf diese Art werden Besucher-Sitzungen verfolgt, aber die Besucher bleiben anonym.<\/p>\n<p>Folgende Informationen k\u00f6nnen f\u00fcr diese Analyse gesammelt werden, einschlie\u00dflich, aber nicht beschr\u00e4nkt auf:<\/p>\n<ul>\n<li>Benutzer-Kunden-Hostname &#8211; Der Hostname (oder IP-Adresse, wenn DNS deaktiviert ist) des Benutzers\/Kundens, der den Zugriff anfordert.<\/li>\n<li>HTTP-Header, &#8220;user-agent&#8221; &#8211; Die Nutzer-Agent-Informationen enthalten den Typ des Browsers, dessen Version und das Betriebssystem, auf dem er l\u00e4uft.<\/li>\n<li>HTTP-Header, &#8220;referrer&#8221; &#8211; Der Referrer gibt die Seite an, von der der Kunde auf die aktuelle Seite zugreift.<\/li>\n<li>Systemdatum &#8211; Datum und Uhrzeit der Benutzer-\/Kundenanforderung.Vollst\u00e4ndige Anfrage &#8211; Die genaue Anforderung, die der Benutzer\/Kunde gemacht hat.<\/li>\n<li>Status &#8211; Der Statuscode, den der Server an den Benutzer\/Kunden zur\u00fcckgibt.<\/li>\n<li>Inhaltlsl\u00e4nge &#8211; Die Inhaltsl\u00e4nge in Bytes des Dokuments, das an den Benutzer\/Kunden gesendet wird.<\/li>\n<li>Methode &#8211; Die genutzte Anforderungsmethode<\/li>\n<li>Universal Resource Locator (URL) &#8211; Der Ort einer Ressource auf dem Server<\/li>\n<li>Abfrage der URL &#8211; Alles nach dem Fragezeichen in einer URL<\/li>\n<li>Protokoll &#8211; Das Transportprotokoll und die verwendete Version.<\/li>\n<li>Abgesehen von den freiwillig von den Besuchern bereitgestellte Informationen, erhebt Peak Art keine pers\u00f6nlichen Identifikationsinformationen (wie Name, E-Mail oder Adresse).<\/li>\n<\/ul>\n<p><strong> Freiwillig bereitgestellte Informationen <\/strong><\/p>\n<p>Bei der Nutzung der Peak Art Website k\u00f6nnen Sie uns \u00fcber Webformulare, E-Mails oder andere elektronische Informationen zur Verf\u00fcgung stellen. Alle personenbezogenen Daten, die Sie \u00fcbermitteln, werden nur f\u00fcr die angegebenen Zwecke verwendet. Anfragen f\u00fcr Informationen k\u00f6nnen aufgezeichnet werden, um uns zu helfen, unsere Website zu verbessern und besser auf \u00e4hnliche Anfragen zu antworten.<\/p>\n<p><strong> Verwendung von Informationen <\/strong><\/p>\n<p>Peak Art nutzt die oben beschriebenen Informationen, um Inhalte an Besucher anzupassen, einen breiten Zugang zu unserer Website zu gew\u00e4hrleisten, unabh\u00e4ngig von der Software, die Leistung der Website zu \u00fcberwachen und aggregierte statistische Berichte zu generieren. Wir verwenden gesammelte Daten auch, um sie in die Google Adwords Campaign zu integrieren, die ma\u00dfgeschneiderte Anzeigen f\u00fcr unsere Website-Besucher anzeigen kann. Zu keinem Zeitpunkt geben wir die Website-Nutzung durch einzelne IP-Adressen bekannt.<\/p>\n<p>Peak Art wird Ihre personenbezogenen Daten ohne Ihre Zustimmung nicht verkaufen, austauschen oder anderweitig verteilen, au\u00dfer in dem gesetzlich vorgeschriebenen Umfang. Jede Webseite, die Informationen anfordert, offenbart den Zweck dieser Information. Personen, die keine Informationen auf diese Weise eingereicht haben m\u00f6chten, sind nicht verpflichtet, sie zur Verf\u00fcgung zu stellen.<\/p>\n<p><strong>Datenschutz-Grundverordnung<\/strong><\/p>\n<p>Wenn Sie bei uns gekauft oder unseren Newsletter abonniert haben, ist es m\u00f6glich, dass auf unseren Systemen Angaben \u00fcber Sie gespeichert sind, die wir nutzen, um unsere Gesch\u00e4ftsbeziehung zu erleichtern. Gem\u00e4\u00df der neuen DSGVO-Regelung m\u00fcssen wir Sie \u00fcber die Informationen, die wir speichern, in Kenntnis setzen.<\/p>\n<p>Zu den Angaben, die wir speichern, geh\u00f6ren:<\/p>\n<ul>\n<li>Ihr Name und Ihre E-Mail-Adresse, falls Sie sich auf der Webseite eingetragen haben<\/li>\n<li>Ihre Anschrift und Telefonnummer, falls Sie bei uns eine Uhr gekauft haben und wir diese f\u00fcr die Lieferung ben\u00f6tigten<\/li>\n<\/ul>\n<p>Diese Informationen werden f\u00fcr s\u00e4mtliche kontenbezogenen Aufgaben in unserem Kontensystem gespeichert, darunter, aber nicht ausschlie\u00dflich, f\u00fcr die Erstellung von Rechnungen und Ausz\u00fcgen, und auf unserem System f\u00fcr alle verkaufsbezogenen Aufgaben, darunter, aber nicht ausschlie\u00dflich, f\u00fcr die Abgabe von Preisangeboten, Fragen zu bereits abgegebenen Angeboten oder weitere M\u00f6glichkeiten f\u00fcr Gesch\u00e4fte.<\/p>\n<p>Einige dieser Angaben werden an unsere Lieferdienste als Drittpartei weitergegeben, damit diese in unserem Auftrag Lieferungen an Sie durchf\u00fchren k\u00f6nnen. Wir werden keine dieser Daten an irgendjemand anderen als die oben genannten verkaufen oder weitergeben.<br \/>\nSie haben das Recht, die Informationen einzusehen, die wir \u00fcber Sie vorhalten, und zu verlangen, dass wir diese Informationen erg\u00e4nzen oder l\u00f6schen. Falls Sie die von uns abgespeicherten Daten einholen m\u00f6chten, kontaktieren Sie uns bitte per E-Mail.<\/p>\n","protected":false},"excerpt":{"rendered":"<p>Verkauf bei Peak Art Mit der Annahme der Allgemeinen Gesch\u00e4ftbedingungne, stimmen die Kunden zu, alle unsere Richtlinien &amp; Verfahren zu lesen und unsere Lieferungs- und R\u00fcckgaberechte zu akzeptieren. Wir sind stets bem\u00fcht, den bestm\u00f6glichen Kundenservice anzubieten und wir helfen Ihnen gerne weiter, bitte wendne Sie sich an uns und wir melden uns innerhalb von 24 [&hellip;]<\/p>\n","protected":false},"author":1,"featured_media":0,"parent":0,"menu_order":60,"comment_status":"closed","ping_status":"closed","template":"","meta":{"footnotes":""},"class_list":["post-6728","page","type-page","status-publish","hentry"],"yoast_head":"<!-- This site is optimized with the Yoast SEO Premium plugin v27.2 (Yoast SEO v27.2) - https:\/\/yoast.com\/product\/yoast-seo-premium-wordpress\/ -->\n<title>Allgemeine Gesch\u00e4ftsbedingungen von Peak Art | \u00dcbergro\u00dfe Uhren<\/title>\n<meta name=\"description\" content=\"Bitte lesen Sie unsere Allgemeinen Gesch\u00e4ftsbedingungen, bevor Sie irgendwelche unserer handgemachten, extra gro\u00dfen Uhren oder irgendwelche anderen Einzelteile von uns kaufen.\" \/>\n<meta name=\"robots\" content=\"index, follow, max-snippet:-1, max-image-preview:large, max-video-preview:-1\" \/>\n<link rel=\"canonical\" href=\"https:\/\/peakart.co.uk\/de\/agbs\/\" \/>\n<meta property=\"og:locale\" content=\"de_DE\" \/>\n<meta property=\"og:type\" content=\"article\" \/>\n<meta property=\"og:title\" content=\"AGBs\" \/>\n<meta property=\"og:description\" content=\"Bitte lesen Sie unsere Allgemeinen Gesch\u00e4ftsbedingungen, bevor Sie irgendwelche unserer handgemachten, extra gro\u00dfen Uhren oder irgendwelche anderen Einzelteile von uns kaufen.\" \/>\n<meta property=\"og:url\" content=\"https:\/\/peakart.co.uk\/de\/agbs\/\" \/>\n<meta property=\"og:site_name\" content=\"Peak Art\" \/>\n<meta property=\"article:publisher\" content=\"https:\/\/www.facebook.com\/PeakArtClocks\/\" \/>\n<meta property=\"article:modified_time\" content=\"2023-03-22T16:24:00+00:00\" \/>\n<meta name=\"twitter:card\" content=\"summary_large_image\" \/>\n<meta name=\"twitter:label1\" content=\"Gesch\u00e4tzte Lesezeit\" \/>\n\t<meta name=\"twitter:data1\" content=\"8\u00a0Minuten\" \/>\n<script type=\"application\/ld+json\" class=\"yoast-schema-graph\">{\"@context\":\"https:\/\/schema.org\",\"@graph\":[{\"@type\":\"WebPage\",\"@id\":\"https:\/\/peakart.co.uk\/de\/agbs\/\",\"url\":\"https:\/\/peakart.co.uk\/de\/agbs\/\",\"name\":\"Allgemeine Gesch\u00e4ftsbedingungen von Peak Art | \u00dcbergro\u00dfe Uhren\",\"isPartOf\":{\"@id\":\"https:\/\/peakart.co.uk\/de\/#website\"},\"datePublished\":\"2017-10-09T14:31:01+00:00\",\"dateModified\":\"2023-03-22T16:24:00+00:00\",\"description\":\"Bitte lesen Sie unsere Allgemeinen Gesch\u00e4ftsbedingungen, bevor Sie irgendwelche unserer handgemachten, extra gro\u00dfen Uhren oder irgendwelche anderen Einzelteile von uns kaufen.\",\"breadcrumb\":{\"@id\":\"https:\/\/peakart.co.uk\/de\/agbs\/#breadcrumb\"},\"inLanguage\":\"de\",\"potentialAction\":[{\"@type\":\"ReadAction\",\"target\":[\"https:\/\/peakart.co.uk\/de\/agbs\/\"]}]},{\"@type\":\"BreadcrumbList\",\"@id\":\"https:\/\/peakart.co.uk\/de\/agbs\/#breadcrumb\",\"itemListElement\":[{\"@type\":\"ListItem\",\"position\":1,\"name\":\"Home\",\"item\":\"https:\/\/peakart.co.uk\/de\/\"},{\"@type\":\"ListItem\",\"position\":2,\"name\":\"AGBs\"}]},{\"@type\":\"WebSite\",\"@id\":\"https:\/\/peakart.co.uk\/de\/#website\",\"url\":\"https:\/\/peakart.co.uk\/de\/\",\"name\":\"Peak Art\",\"description\":\"\",\"publisher\":{\"@id\":\"https:\/\/peakart.co.uk\/de\/#organization\"},\"potentialAction\":[{\"@type\":\"SearchAction\",\"target\":{\"@type\":\"EntryPoint\",\"urlTemplate\":\"https:\/\/peakart.co.uk\/de\/?s={search_term_string}\"},\"query-input\":{\"@type\":\"PropertyValueSpecification\",\"valueRequired\":true,\"valueName\":\"search_term_string\"}}],\"inLanguage\":\"de\"},{\"@type\":\"Organization\",\"@id\":\"https:\/\/peakart.co.uk\/de\/#organization\",\"name\":\"Peak Art\",\"url\":\"https:\/\/peakart.co.uk\/de\/\",\"logo\":{\"@type\":\"ImageObject\",\"inLanguage\":\"de\",\"@id\":\"https:\/\/peakart.co.uk\/de\/#\/schema\/logo\/image\/\",\"url\":\"https:\/\/peakart.co.uk\/wp-content\/uploads\/2023\/07\/logo-8.jpg\",\"contentUrl\":\"https:\/\/peakart.co.uk\/wp-content\/uploads\/2023\/07\/logo-8.jpg\",\"width\":666,\"height\":259,\"caption\":\"Peak Art\"},\"image\":{\"@id\":\"https:\/\/peakart.co.uk\/de\/#\/schema\/logo\/image\/\"},\"sameAs\":[\"https:\/\/www.facebook.com\/PeakArtClocks\/\"],\"hasMerchantReturnPolicy\":{\"@type\":\"MerchantReturnPolicy\",\"merchantReturnLink\":\"https:\/\/peakart.co.uk\/refund_returns\/\"}}]}<\/script>\n<!-- \/ Yoast SEO Premium plugin. -->","yoast_head_json":{"title":"Allgemeine Gesch\u00e4ftsbedingungen von Peak Art | \u00dcbergro\u00dfe Uhren","description":"Bitte lesen Sie unsere Allgemeinen Gesch\u00e4ftsbedingungen, bevor Sie irgendwelche unserer handgemachten, extra gro\u00dfen Uhren oder irgendwelche anderen Einzelteile von uns kaufen.","robots":{"index":"index","follow":"follow","max-snippet":"max-snippet:-1","max-image-preview":"max-image-preview:large","max-video-preview":"max-video-preview:-1"},"canonical":"https:\/\/peakart.co.uk\/de\/agbs\/","og_locale":"de_DE","og_type":"article","og_title":"AGBs","og_description":"Bitte lesen Sie unsere Allgemeinen Gesch\u00e4ftsbedingungen, bevor Sie irgendwelche unserer handgemachten, extra gro\u00dfen Uhren oder irgendwelche anderen Einzelteile von uns kaufen.","og_url":"https:\/\/peakart.co.uk\/de\/agbs\/","og_site_name":"Peak Art","article_publisher":"https:\/\/www.facebook.com\/PeakArtClocks\/","article_modified_time":"2023-03-22T16:24:00+00:00","twitter_card":"summary_large_image","twitter_misc":{"Gesch\u00e4tzte Lesezeit":"8\u00a0Minuten"},"schema":{"@context":"https:\/\/schema.org","@graph":[{"@type":"WebPage","@id":"https:\/\/peakart.co.uk\/de\/agbs\/","url":"https:\/\/peakart.co.uk\/de\/agbs\/","name":"Allgemeine Gesch\u00e4ftsbedingungen von Peak Art | \u00dcbergro\u00dfe Uhren","isPartOf":{"@id":"https:\/\/peakart.co.uk\/de\/#website"},"datePublished":"2017-10-09T14:31:01+00:00","dateModified":"2023-03-22T16:24:00+00:00","description":"Bitte lesen Sie unsere Allgemeinen Gesch\u00e4ftsbedingungen, bevor Sie irgendwelche unserer handgemachten, extra gro\u00dfen Uhren oder irgendwelche anderen Einzelteile von uns kaufen.","breadcrumb":{"@id":"https:\/\/peakart.co.uk\/de\/agbs\/#breadcrumb"},"inLanguage":"de","potentialAction":[{"@type":"ReadAction","target":["https:\/\/peakart.co.uk\/de\/agbs\/"]}]},{"@type":"BreadcrumbList","@id":"https:\/\/peakart.co.uk\/de\/agbs\/#breadcrumb","itemListElement":[{"@type":"ListItem","position":1,"name":"Home","item":"https:\/\/peakart.co.uk\/de\/"},{"@type":"ListItem","position":2,"name":"AGBs"}]},{"@type":"WebSite","@id":"https:\/\/peakart.co.uk\/de\/#website","url":"https:\/\/peakart.co.uk\/de\/","name":"Peak Art","description":"","publisher":{"@id":"https:\/\/peakart.co.uk\/de\/#organization"},"potentialAction":[{"@type":"SearchAction","target":{"@type":"EntryPoint","urlTemplate":"https:\/\/peakart.co.uk\/de\/?s={search_term_string}"},"query-input":{"@type":"PropertyValueSpecification","valueRequired":true,"valueName":"search_term_string"}}],"inLanguage":"de"},{"@type":"Organization","@id":"https:\/\/peakart.co.uk\/de\/#organization","name":"Peak Art","url":"https:\/\/peakart.co.uk\/de\/","logo":{"@type":"ImageObject","inLanguage":"de","@id":"https:\/\/peakart.co.uk\/de\/#\/schema\/logo\/image\/","url":"https:\/\/peakart.co.uk\/wp-content\/uploads\/2023\/07\/logo-8.jpg","contentUrl":"https:\/\/peakart.co.uk\/wp-content\/uploads\/2023\/07\/logo-8.jpg","width":666,"height":259,"caption":"Peak Art"},"image":{"@id":"https:\/\/peakart.co.uk\/de\/#\/schema\/logo\/image\/"},"sameAs":["https:\/\/www.facebook.com\/PeakArtClocks\/"],"hasMerchantReturnPolicy":{"@type":"MerchantReturnPolicy","merchantReturnLink":"https:\/\/peakart.co.uk\/refund_returns\/"}}]}},"_links":{"self":[{"href":"https:\/\/peakart.co.uk\/de\/wp-json\/wp\/v2\/pages\/6728","targetHints":{"allow":["GET"]}}],"collection":[{"href":"https:\/\/peakart.co.uk\/de\/wp-json\/wp\/v2\/pages"}],"about":[{"href":"https:\/\/peakart.co.uk\/de\/wp-json\/wp\/v2\/types\/page"}],"author":[{"embeddable":true,"href":"https:\/\/peakart.co.uk\/de\/wp-json\/wp\/v2\/users\/1"}],"replies":[{"embeddable":true,"href":"https:\/\/peakart.co.uk\/de\/wp-json\/wp\/v2\/comments?post=6728"}],"version-history":[{"count":14,"href":"https:\/\/peakart.co.uk\/de\/wp-json\/wp\/v2\/pages\/6728\/revisions"}],"predecessor-version":[{"id":28483,"href":"https:\/\/peakart.co.uk\/de\/wp-json\/wp\/v2\/pages\/6728\/revisions\/28483"}],"wp:attachment":[{"href":"https:\/\/peakart.co.uk\/de\/wp-json\/wp\/v2\/media?parent=6728"}],"curies":[{"name":"wp","href":"https:\/\/api.w.org\/{rel}","templated":true}]}}