{"id":6422,"date":"2017-10-01T08:58:17","date_gmt":"2017-10-01T07:58:17","guid":{"rendered":"http:\/\/peakart.co.uk\/cookie-richtlinie\/"},"modified":"2023-03-22T16:39:19","modified_gmt":"2023-03-22T16:39:19","slug":"cookie-richtlinie","status":"publish","type":"page","link":"https:\/\/peakart.co.uk\/de\/cookie-richtlinie\/","title":{"rendered":"Cookie-Richtlinie"},"content":{"rendered":"<p>Diese Webseite verwendet Cookies &#8211; kleine Textdateien, die in Ihrer Suchmaschine platziert werden, um der Seite zu helfen, ihre Benutzererfahrung zu verbessern. Normalerweise werden Cookies verwendet, um die Pr\u00e4ferenzen der Benutzer zu erfassen, Informationen f\u00fcr solche Dinge wie Warenk\u00f6rbe zu sammeln und Applikationen von Drittparteien wie z.B. Google Analytics anonyme Tracking-Daten bereitzustellen. In aller Regel werden Cookies Ihre Browsing-Erfahrung verbessern. Nichtsdestotrotz steht es Ihnen offen, Cookies auf dieser und anderen Seiten zu deaktivieren. Der wirksamste Weg, um dies vorzunehmen, ist die Deaktivierung der Cookies in Ihrem Browser. Wir empfehlen Ihnen, in der Hilfe-Rubrik Ihres Browsers nachzusehen oder einen Blick auf <a href=\"http:\/\/www.aboutcookies.org\">die \u00dcber-Cookies-Webseite<\/a> zu werfen, die Ihnen eine Anleitung f\u00fcr alle modernen Browser zur Verf\u00fcgung stellt.<\/p>\n","protected":false},"excerpt":{"rendered":"<p>Diese Webseite verwendet Cookies &#8211; kleine Textdateien, die in Ihrer Suchmaschine platziert werden, um der Seite zu helfen, ihre Benutzererfahrung zu verbessern. Normalerweise werden Cookies verwendet, um die Pr\u00e4ferenzen der Benutzer zu erfassen, Informationen f\u00fcr solche Dinge wie Warenk\u00f6rbe zu sammeln und Applikationen von Drittparteien wie z.B. Google Analytics anonyme Tracking-Daten bereitzustellen. In aller Regel [&hellip;]<\/p>\n","protected":false},"author":1,"featured_media":0,"parent":0,"menu_order":0,"comment_status":"closed","ping_status":"closed","template":"","meta":{"footnotes":""},"class_list":["post-6422","page","type-page","status-publish","hentry"],"yoast_head":"<!-- This site is optimized with the Yoast SEO Premium plugin v27.2 (Yoast SEO v27.2) - https:\/\/yoast.com\/product\/yoast-seo-premium-wordpress\/ -->\n<title>Cookie-Richtlinie - Peak Art<\/title>\n<meta name=\"description\" content=\"Diese Webseite verwendet Cookies - kleine Textdateien, die in Ihrer Suchmaschine platziert werden, um der Seite zu helfen, ihre Benutzererfahrung zu verbessern\" \/>\n<meta name=\"robots\" content=\"index, follow, max-snippet:-1, max-image-preview:large, max-video-preview:-1\" \/>\n<link rel=\"canonical\" href=\"https:\/\/peakart.co.uk\/de\/cookie-richtlinie\/\" \/>\n<meta property=\"og:locale\" content=\"de_DE\" \/>\n<meta property=\"og:type\" content=\"article\" \/>\n<meta property=\"og:title\" content=\"Cookie-Richtlinie\" \/>\n<meta property=\"og:description\" content=\"Diese Webseite verwendet Cookies - kleine Textdateien, die in Ihrer Suchmaschine platziert werden, um der Seite zu helfen, ihre Benutzererfahrung zu verbessern\" \/>\n<meta property=\"og:url\" content=\"https:\/\/peakart.co.uk\/de\/cookie-richtlinie\/\" \/>\n<meta property=\"og:site_name\" content=\"Peak Art\" \/>\n<meta property=\"article:publisher\" content=\"https:\/\/www.facebook.com\/PeakArtClocks\/\" \/>\n<meta property=\"article:modified_time\" content=\"2023-03-22T16:39:19+00:00\" \/>\n<meta name=\"twitter:card\" content=\"summary_large_image\" \/>\n<meta name=\"twitter:label1\" content=\"Gesch\u00e4tzte Lesezeit\" \/>\n\t<meta name=\"twitter:data1\" content=\"1\u00a0Minute\" \/>\n<script type=\"application\/ld+json\" class=\"yoast-schema-graph\">{\"@context\":\"https:\/\/schema.org\",\"@graph\":[{\"@type\":\"WebPage\",\"@id\":\"https:\/\/peakart.co.uk\/de\/cookie-richtlinie\/\",\"url\":\"https:\/\/peakart.co.uk\/de\/cookie-richtlinie\/\",\"name\":\"Cookie-Richtlinie - Peak Art\",\"isPartOf\":{\"@id\":\"https:\/\/peakart.co.uk\/de\/#website\"},\"datePublished\":\"2017-10-01T07:58:17+00:00\",\"dateModified\":\"2023-03-22T16:39:19+00:00\",\"description\":\"Diese Webseite verwendet Cookies - kleine Textdateien, die in Ihrer Suchmaschine platziert werden, um der Seite zu helfen, ihre Benutzererfahrung zu verbessern\",\"breadcrumb\":{\"@id\":\"https:\/\/peakart.co.uk\/de\/cookie-richtlinie\/#breadcrumb\"},\"inLanguage\":\"de\",\"potentialAction\":[{\"@type\":\"ReadAction\",\"target\":[\"https:\/\/peakart.co.uk\/de\/cookie-richtlinie\/\"]}]},{\"@type\":\"BreadcrumbList\",\"@id\":\"https:\/\/peakart.co.uk\/de\/cookie-richtlinie\/#breadcrumb\",\"itemListElement\":[{\"@type\":\"ListItem\",\"position\":1,\"name\":\"Home\",\"item\":\"https:\/\/peakart.co.uk\/de\/\"},{\"@type\":\"ListItem\",\"position\":2,\"name\":\"Cookie-Richtlinie\"}]},{\"@type\":\"WebSite\",\"@id\":\"https:\/\/peakart.co.uk\/de\/#website\",\"url\":\"https:\/\/peakart.co.uk\/de\/\",\"name\":\"Peak Art\",\"description\":\"\",\"publisher\":{\"@id\":\"https:\/\/peakart.co.uk\/de\/#organization\"},\"potentialAction\":[{\"@type\":\"SearchAction\",\"target\":{\"@type\":\"EntryPoint\",\"urlTemplate\":\"https:\/\/peakart.co.uk\/de\/?s={search_term_string}\"},\"query-input\":{\"@type\":\"PropertyValueSpecification\",\"valueRequired\":true,\"valueName\":\"search_term_string\"}}],\"inLanguage\":\"de\"},{\"@type\":\"Organization\",\"@id\":\"https:\/\/peakart.co.uk\/de\/#organization\",\"name\":\"Peak Art\",\"url\":\"https:\/\/peakart.co.uk\/de\/\",\"logo\":{\"@type\":\"ImageObject\",\"inLanguage\":\"de\",\"@id\":\"https:\/\/peakart.co.uk\/de\/#\/schema\/logo\/image\/\",\"url\":\"https:\/\/peakart.co.uk\/wp-content\/uploads\/2023\/07\/logo-8.jpg\",\"contentUrl\":\"https:\/\/peakart.co.uk\/wp-content\/uploads\/2023\/07\/logo-8.jpg\",\"width\":666,\"height\":259,\"caption\":\"Peak Art\"},\"image\":{\"@id\":\"https:\/\/peakart.co.uk\/de\/#\/schema\/logo\/image\/\"},\"sameAs\":[\"https:\/\/www.facebook.com\/PeakArtClocks\/\"],\"hasMerchantReturnPolicy\":{\"@type\":\"MerchantReturnPolicy\",\"merchantReturnLink\":\"https:\/\/peakart.co.uk\/refund_returns\/\"}}]}<\/script>\n<!-- \/ Yoast SEO Premium plugin. -->","yoast_head_json":{"title":"Cookie-Richtlinie - Peak Art","description":"Diese Webseite verwendet Cookies - kleine Textdateien, die in Ihrer Suchmaschine platziert werden, um der Seite zu helfen, ihre Benutzererfahrung zu verbessern","robots":{"index":"index","follow":"follow","max-snippet":"max-snippet:-1","max-image-preview":"max-image-preview:large","max-video-preview":"max-video-preview:-1"},"canonical":"https:\/\/peakart.co.uk\/de\/cookie-richtlinie\/","og_locale":"de_DE","og_type":"article","og_title":"Cookie-Richtlinie","og_description":"Diese Webseite verwendet Cookies - kleine Textdateien, die in Ihrer Suchmaschine platziert werden, um der Seite zu helfen, ihre Benutzererfahrung zu verbessern","og_url":"https:\/\/peakart.co.uk\/de\/cookie-richtlinie\/","og_site_name":"Peak Art","article_publisher":"https:\/\/www.facebook.com\/PeakArtClocks\/","article_modified_time":"2023-03-22T16:39:19+00:00","twitter_card":"summary_large_image","twitter_misc":{"Gesch\u00e4tzte Lesezeit":"1\u00a0Minute"},"schema":{"@context":"https:\/\/schema.org","@graph":[{"@type":"WebPage","@id":"https:\/\/peakart.co.uk\/de\/cookie-richtlinie\/","url":"https:\/\/peakart.co.uk\/de\/cookie-richtlinie\/","name":"Cookie-Richtlinie - Peak Art","isPartOf":{"@id":"https:\/\/peakart.co.uk\/de\/#website"},"datePublished":"2017-10-01T07:58:17+00:00","dateModified":"2023-03-22T16:39:19+00:00","description":"Diese Webseite verwendet Cookies - kleine Textdateien, die in Ihrer Suchmaschine platziert werden, um der Seite zu helfen, ihre Benutzererfahrung zu verbessern","breadcrumb":{"@id":"https:\/\/peakart.co.uk\/de\/cookie-richtlinie\/#breadcrumb"},"inLanguage":"de","potentialAction":[{"@type":"ReadAction","target":["https:\/\/peakart.co.uk\/de\/cookie-richtlinie\/"]}]},{"@type":"BreadcrumbList","@id":"https:\/\/peakart.co.uk\/de\/cookie-richtlinie\/#breadcrumb","itemListElement":[{"@type":"ListItem","position":1,"name":"Home","item":"https:\/\/peakart.co.uk\/de\/"},{"@type":"ListItem","position":2,"name":"Cookie-Richtlinie"}]},{"@type":"WebSite","@id":"https:\/\/peakart.co.uk\/de\/#website","url":"https:\/\/peakart.co.uk\/de\/","name":"Peak Art","description":"","publisher":{"@id":"https:\/\/peakart.co.uk\/de\/#organization"},"potentialAction":[{"@type":"SearchAction","target":{"@type":"EntryPoint","urlTemplate":"https:\/\/peakart.co.uk\/de\/?s={search_term_string}"},"query-input":{"@type":"PropertyValueSpecification","valueRequired":true,"valueName":"search_term_string"}}],"inLanguage":"de"},{"@type":"Organization","@id":"https:\/\/peakart.co.uk\/de\/#organization","name":"Peak Art","url":"https:\/\/peakart.co.uk\/de\/","logo":{"@type":"ImageObject","inLanguage":"de","@id":"https:\/\/peakart.co.uk\/de\/#\/schema\/logo\/image\/","url":"https:\/\/peakart.co.uk\/wp-content\/uploads\/2023\/07\/logo-8.jpg","contentUrl":"https:\/\/peakart.co.uk\/wp-content\/uploads\/2023\/07\/logo-8.jpg","width":666,"height":259,"caption":"Peak Art"},"image":{"@id":"https:\/\/peakart.co.uk\/de\/#\/schema\/logo\/image\/"},"sameAs":["https:\/\/www.facebook.com\/PeakArtClocks\/"],"hasMerchantReturnPolicy":{"@type":"MerchantReturnPolicy","merchantReturnLink":"https:\/\/peakart.co.uk\/refund_returns\/"}}]}},"_links":{"self":[{"href":"https:\/\/peakart.co.uk\/de\/wp-json\/wp\/v2\/pages\/6422","targetHints":{"allow":["GET"]}}],"collection":[{"href":"https:\/\/peakart.co.uk\/de\/wp-json\/wp\/v2\/pages"}],"about":[{"href":"https:\/\/peakart.co.uk\/de\/wp-json\/wp\/v2\/types\/page"}],"author":[{"embeddable":true,"href":"https:\/\/peakart.co.uk\/de\/wp-json\/wp\/v2\/users\/1"}],"replies":[{"embeddable":true,"href":"https:\/\/peakart.co.uk\/de\/wp-json\/wp\/v2\/comments?post=6422"}],"version-history":[{"count":1,"href":"https:\/\/peakart.co.uk\/de\/wp-json\/wp\/v2\/pages\/6422\/revisions"}],"predecessor-version":[{"id":9149,"href":"https:\/\/peakart.co.uk\/de\/wp-json\/wp\/v2\/pages\/6422\/revisions\/9149"}],"wp:attachment":[{"href":"https:\/\/peakart.co.uk\/de\/wp-json\/wp\/v2\/media?parent=6422"}],"curies":[{"name":"wp","href":"https:\/\/api.w.org\/{rel}","templated":true}]}}