{"id":6303,"date":"2017-09-30T22:47:05","date_gmt":"2017-09-30T21:47:05","guid":{"rendered":"http:\/\/peakart.co.uk\/uber\/"},"modified":"2023-03-22T16:17:07","modified_gmt":"2023-03-22T16:17:07","slug":"uber","status":"publish","type":"page","link":"https:\/\/peakart.co.uk\/de\/uber\/","title":{"rendered":"\u00dcber uns"},"content":{"rendered":"<div class=\"wpb-content-wrapper\"><p>[vc_row][vc_column][vc_separator border_width=&#8221;2&#8243;][\/vc_column][\/vc_row][vc_row content_placement=&#8221;top&#8221;][vc_column css_animation=&#8221;bounceInLeft&#8221; width=&#8221;1\/2&#8243;][vc_single_image image=&#8221;6941&#8243; img_size=&#8221;full&#8221;][\/vc_column][vc_column css_animation=&#8221;bounceInRight&#8221; width=&#8221;1\/2&#8243;][vc_column_text]<\/p>\n<h2 class=\"text-strong\">Peak Art Clocks ist ein kleines Familienunternehmen, das sich auf das Entwerfen und Herstellen von gro\u00dfen Wanduhren spezialisiert hat.<\/h2>\n<div class=\"business--aboutUs\">\n<p style=\"text-align: justify;\">Mein Name ist Anna und ich bin Lead Artist und Designer aller Uhren, die Sie auf der Webseite sehen k\u00f6nnen. Zusammen mit meinem Mann Wojtek haben wir im Winter 2014 Peak Art Clocks gegr\u00fcndet. Unser Firmensitz befindet sich im Dorf Dore bei Sheffield. Wir haben keinen traditionellen Laden und arbeiten nur als Online-Gesch\u00e4ft. Unser Hauptaugenmerk liegt auf dem &#8220;Wow&#8221;-Faktor jedes einzelnen St\u00fccks. Aufgrund der handgefertigten Natur der Arbeit k\u00f6nnen keine zwei Wanduhren von Peak Art jemals identisch sein.<\/p>\n<p style=\"text-align: justify;\">Der Hauptunterschied zwischen Peak Art und vielen anderen Unternehmen, die gro\u00dfe Wanduhren verkaufen, ist die Einzigartigkeit. Wir stellen unsere Produkte nicht einfach in gro\u00dfen Mengen her. Stattdessen k\u00f6nnen Sie die unverwechselbare Sch\u00f6nheit jedes einzelnen St\u00fcckes sch\u00e4tzen. Unser Markenzeichen, das <a href=\"https:\/\/peakart.co.uk\/de\/blog-post\/skelett-wanduhren-aus-holz\/\">Skelett-Wanduhr<\/a>\u00a0Design, ist wahrscheinlich die beliebteste Wahl. Man sieht, dass die Vorderseite aus einem einzigen gro\u00dfen St\u00fcck Holz geschnitten ist. Ein zus\u00e4tzlicher schmaler Rand auf der R\u00fcckseite sorgt f\u00fcr eine sch\u00f6ne dreidimensionale Optik. Es gibt sonst niemanden im Internet, zumindest nicht nach unserem Wissen, der diese Art von Design anbietet. Auf der anderen Seite werden Sie h\u00f6chstwahrscheinlich Tausende von Unternehmen finden, die billige Skelettuhren verkaufen.<\/p>\n<\/div>\n<p style=\"text-align: justify;\">Wir konkurrieren nicht \u00fcber den Preis oder versuchen, den Wettbewerb zu unterbieten, denn niemand sonst tut das, was wir tun. Unsere Mission ist es, mit funktionaler dekorativer Kunst die Trends im Innendesign weltweit zu beeinflussen. Unsere Kunden geben viele Anregungen f\u00fcr die neuen Designs. Wir k\u00f6nnen unsere Uhren in \u00fcber 40 verschiedene L\u00e4nder versenden. Egal, wo Sie sind, setzen Sie sich einfach mit uns in Verbindung.<\/p>\n<p>[\/vc_column_text][\/vc_column][\/vc_row]<\/p>\n<\/div>","protected":false},"excerpt":{"rendered":"<p>[vc_row][vc_column][vc_separator border_width=&#8221;2&#8243;][\/vc_column][\/vc_row][vc_row content_placement=&#8221;top&#8221;][vc_column css_animation=&#8221;bounceInLeft&#8221; width=&#8221;1\/2&#8243;][vc_single_image image=&#8221;6941&#8243; img_size=&#8221;full&#8221;][\/vc_column][vc_column css_animation=&#8221;bounceInRight&#8221; width=&#8221;1\/2&#8243;][vc_column_text] Peak Art Clocks ist ein kleines Familienunternehmen, das sich auf das Entwerfen und Herstellen von gro\u00dfen Wanduhren spezialisiert hat. Mein Name ist Anna und ich bin Lead Artist und Designer aller Uhren, die Sie auf der Webseite sehen k\u00f6nnen. Zusammen mit meinem Mann Wojtek haben wir [&hellip;]<\/p>\n","protected":false},"author":1,"featured_media":0,"parent":0,"menu_order":65,"comment_status":"closed","ping_status":"closed","template":"","meta":{"footnotes":""},"class_list":["post-6303","page","type-page","status-publish","hentry"],"yoast_head":"<!-- This site is optimized with the Yoast SEO Premium plugin v27.2 (Yoast SEO v27.2) - https:\/\/yoast.com\/product\/yoast-seo-premium-wordpress\/ -->\n<title>Peak Art Clocks - Kleines Familienunternehmen im Peak District<\/title>\n<meta name=\"description\" content=\"Der Hauptunterschied zwischen Peak Art Clocks und vielen anderen Unternehmen, die gro\u00dfe Wanduhren verkaufen, ist die Einzigartigkeit. Unsere Uhren bieten einen echten &quot;Wow&quot;-Faktor.\" \/>\n<meta name=\"robots\" content=\"index, follow, max-snippet:-1, max-image-preview:large, max-video-preview:-1\" \/>\n<link rel=\"canonical\" href=\"https:\/\/peakart.co.uk\/de\/uber\/\" \/>\n<meta property=\"og:locale\" content=\"de_DE\" \/>\n<meta property=\"og:type\" content=\"article\" \/>\n<meta property=\"og:title\" content=\"\u00dcber uns\" \/>\n<meta property=\"og:description\" content=\"Der Hauptunterschied zwischen Peak Art Clocks und vielen anderen Unternehmen, die gro\u00dfe Wanduhren verkaufen, ist die Einzigartigkeit. Unsere Uhren bieten einen echten &quot;Wow&quot;-Faktor.\" \/>\n<meta property=\"og:url\" content=\"https:\/\/peakart.co.uk\/de\/uber\/\" \/>\n<meta property=\"og:site_name\" content=\"Peak Art\" \/>\n<meta property=\"article:publisher\" content=\"https:\/\/www.facebook.com\/PeakArtClocks\/\" \/>\n<meta property=\"article:modified_time\" content=\"2023-03-22T16:17:07+00:00\" \/>\n<meta name=\"twitter:card\" content=\"summary_large_image\" \/>\n<meta name=\"twitter:label1\" content=\"Gesch\u00e4tzte Lesezeit\" \/>\n\t<meta name=\"twitter:data1\" content=\"2\u00a0Minuten\" \/>\n<script type=\"application\/ld+json\" class=\"yoast-schema-graph\">{\"@context\":\"https:\/\/schema.org\",\"@graph\":[{\"@type\":\"WebPage\",\"@id\":\"https:\/\/peakart.co.uk\/de\/uber\/\",\"url\":\"https:\/\/peakart.co.uk\/de\/uber\/\",\"name\":\"Peak Art Clocks - Kleines Familienunternehmen im Peak District\",\"isPartOf\":{\"@id\":\"https:\/\/peakart.co.uk\/de\/#website\"},\"datePublished\":\"2017-09-30T21:47:05+00:00\",\"dateModified\":\"2023-03-22T16:17:07+00:00\",\"description\":\"Der Hauptunterschied zwischen Peak Art Clocks und vielen anderen Unternehmen, die gro\u00dfe Wanduhren verkaufen, ist die Einzigartigkeit. Unsere Uhren bieten einen echten \\\"Wow\\\"-Faktor.\",\"breadcrumb\":{\"@id\":\"https:\/\/peakart.co.uk\/de\/uber\/#breadcrumb\"},\"inLanguage\":\"de\",\"potentialAction\":[{\"@type\":\"ReadAction\",\"target\":[\"https:\/\/peakart.co.uk\/de\/uber\/\"]}]},{\"@type\":\"BreadcrumbList\",\"@id\":\"https:\/\/peakart.co.uk\/de\/uber\/#breadcrumb\",\"itemListElement\":[{\"@type\":\"ListItem\",\"position\":1,\"name\":\"Home\",\"item\":\"https:\/\/peakart.co.uk\/de\/\"},{\"@type\":\"ListItem\",\"position\":2,\"name\":\"\u00dcber uns\"}]},{\"@type\":\"WebSite\",\"@id\":\"https:\/\/peakart.co.uk\/de\/#website\",\"url\":\"https:\/\/peakart.co.uk\/de\/\",\"name\":\"Peak Art\",\"description\":\"\",\"publisher\":{\"@id\":\"https:\/\/peakart.co.uk\/de\/#organization\"},\"potentialAction\":[{\"@type\":\"SearchAction\",\"target\":{\"@type\":\"EntryPoint\",\"urlTemplate\":\"https:\/\/peakart.co.uk\/de\/?s={search_term_string}\"},\"query-input\":{\"@type\":\"PropertyValueSpecification\",\"valueRequired\":true,\"valueName\":\"search_term_string\"}}],\"inLanguage\":\"de\"},{\"@type\":\"Organization\",\"@id\":\"https:\/\/peakart.co.uk\/de\/#organization\",\"name\":\"Peak Art\",\"url\":\"https:\/\/peakart.co.uk\/de\/\",\"logo\":{\"@type\":\"ImageObject\",\"inLanguage\":\"de\",\"@id\":\"https:\/\/peakart.co.uk\/de\/#\/schema\/logo\/image\/\",\"url\":\"https:\/\/peakart.co.uk\/wp-content\/uploads\/2023\/07\/logo-8.jpg\",\"contentUrl\":\"https:\/\/peakart.co.uk\/wp-content\/uploads\/2023\/07\/logo-8.jpg\",\"width\":666,\"height\":259,\"caption\":\"Peak Art\"},\"image\":{\"@id\":\"https:\/\/peakart.co.uk\/de\/#\/schema\/logo\/image\/\"},\"sameAs\":[\"https:\/\/www.facebook.com\/PeakArtClocks\/\"],\"hasMerchantReturnPolicy\":{\"@type\":\"MerchantReturnPolicy\",\"merchantReturnLink\":\"https:\/\/peakart.co.uk\/refund_returns\/\"}}]}<\/script>\n<!-- \/ Yoast SEO Premium plugin. -->","yoast_head_json":{"title":"Peak Art Clocks - Kleines Familienunternehmen im Peak District","description":"Der Hauptunterschied zwischen Peak Art Clocks und vielen anderen Unternehmen, die gro\u00dfe Wanduhren verkaufen, ist die Einzigartigkeit. Unsere Uhren bieten einen echten \"Wow\"-Faktor.","robots":{"index":"index","follow":"follow","max-snippet":"max-snippet:-1","max-image-preview":"max-image-preview:large","max-video-preview":"max-video-preview:-1"},"canonical":"https:\/\/peakart.co.uk\/de\/uber\/","og_locale":"de_DE","og_type":"article","og_title":"\u00dcber uns","og_description":"Der Hauptunterschied zwischen Peak Art Clocks und vielen anderen Unternehmen, die gro\u00dfe Wanduhren verkaufen, ist die Einzigartigkeit. Unsere Uhren bieten einen echten \"Wow\"-Faktor.","og_url":"https:\/\/peakart.co.uk\/de\/uber\/","og_site_name":"Peak Art","article_publisher":"https:\/\/www.facebook.com\/PeakArtClocks\/","article_modified_time":"2023-03-22T16:17:07+00:00","twitter_card":"summary_large_image","twitter_misc":{"Gesch\u00e4tzte Lesezeit":"2\u00a0Minuten"},"schema":{"@context":"https:\/\/schema.org","@graph":[{"@type":"WebPage","@id":"https:\/\/peakart.co.uk\/de\/uber\/","url":"https:\/\/peakart.co.uk\/de\/uber\/","name":"Peak Art Clocks - Kleines Familienunternehmen im Peak District","isPartOf":{"@id":"https:\/\/peakart.co.uk\/de\/#website"},"datePublished":"2017-09-30T21:47:05+00:00","dateModified":"2023-03-22T16:17:07+00:00","description":"Der Hauptunterschied zwischen Peak Art Clocks und vielen anderen Unternehmen, die gro\u00dfe Wanduhren verkaufen, ist die Einzigartigkeit. Unsere Uhren bieten einen echten \"Wow\"-Faktor.","breadcrumb":{"@id":"https:\/\/peakart.co.uk\/de\/uber\/#breadcrumb"},"inLanguage":"de","potentialAction":[{"@type":"ReadAction","target":["https:\/\/peakart.co.uk\/de\/uber\/"]}]},{"@type":"BreadcrumbList","@id":"https:\/\/peakart.co.uk\/de\/uber\/#breadcrumb","itemListElement":[{"@type":"ListItem","position":1,"name":"Home","item":"https:\/\/peakart.co.uk\/de\/"},{"@type":"ListItem","position":2,"name":"\u00dcber uns"}]},{"@type":"WebSite","@id":"https:\/\/peakart.co.uk\/de\/#website","url":"https:\/\/peakart.co.uk\/de\/","name":"Peak Art","description":"","publisher":{"@id":"https:\/\/peakart.co.uk\/de\/#organization"},"potentialAction":[{"@type":"SearchAction","target":{"@type":"EntryPoint","urlTemplate":"https:\/\/peakart.co.uk\/de\/?s={search_term_string}"},"query-input":{"@type":"PropertyValueSpecification","valueRequired":true,"valueName":"search_term_string"}}],"inLanguage":"de"},{"@type":"Organization","@id":"https:\/\/peakart.co.uk\/de\/#organization","name":"Peak Art","url":"https:\/\/peakart.co.uk\/de\/","logo":{"@type":"ImageObject","inLanguage":"de","@id":"https:\/\/peakart.co.uk\/de\/#\/schema\/logo\/image\/","url":"https:\/\/peakart.co.uk\/wp-content\/uploads\/2023\/07\/logo-8.jpg","contentUrl":"https:\/\/peakart.co.uk\/wp-content\/uploads\/2023\/07\/logo-8.jpg","width":666,"height":259,"caption":"Peak Art"},"image":{"@id":"https:\/\/peakart.co.uk\/de\/#\/schema\/logo\/image\/"},"sameAs":["https:\/\/www.facebook.com\/PeakArtClocks\/"],"hasMerchantReturnPolicy":{"@type":"MerchantReturnPolicy","merchantReturnLink":"https:\/\/peakart.co.uk\/refund_returns\/"}}]}},"_links":{"self":[{"href":"https:\/\/peakart.co.uk\/de\/wp-json\/wp\/v2\/pages\/6303","targetHints":{"allow":["GET"]}}],"collection":[{"href":"https:\/\/peakart.co.uk\/de\/wp-json\/wp\/v2\/pages"}],"about":[{"href":"https:\/\/peakart.co.uk\/de\/wp-json\/wp\/v2\/types\/page"}],"author":[{"embeddable":true,"href":"https:\/\/peakart.co.uk\/de\/wp-json\/wp\/v2\/users\/1"}],"replies":[{"embeddable":true,"href":"https:\/\/peakart.co.uk\/de\/wp-json\/wp\/v2\/comments?post=6303"}],"version-history":[{"count":15,"href":"https:\/\/peakart.co.uk\/de\/wp-json\/wp\/v2\/pages\/6303\/revisions"}],"predecessor-version":[{"id":9411,"href":"https:\/\/peakart.co.uk\/de\/wp-json\/wp\/v2\/pages\/6303\/revisions\/9411"}],"wp:attachment":[{"href":"https:\/\/peakart.co.uk\/de\/wp-json\/wp\/v2\/media?parent=6303"}],"curies":[{"name":"wp","href":"https:\/\/api.w.org\/{rel}","templated":true}]}}