{"id":6225,"date":"2017-09-30T14:50:34","date_gmt":"2017-09-30T13:50:34","guid":{"rendered":"http:\/\/peakart.co.uk\/gallerie\/"},"modified":"2025-01-23T18:44:54","modified_gmt":"2025-01-23T18:44:54","slug":"gallerie","status":"publish","type":"page","link":"https:\/\/peakart.co.uk\/de\/gallerie\/","title":{"rendered":"Galerie"},"content":{"rendered":"<div class=\"wpb-content-wrapper\"><p>[vc_row][vc_column css_animation=&#8221;appear&#8221;][vc_empty_space][\/vc_column][\/vc_row][vc_row][vc_column css_animation=&#8221;appear&#8221; width=&#8221;1\/2&#8243;][vc_column_text]<\/p>\n<h1 class=\"translation-preview-holder\">Gro\u00dfe Holzwanduhren, die nicht nur die Zeit anzeigen<\/h1>\n<p class=\"translation-preview-holder\" style=\"text-align: justify;\">Wir hoffen, Sie davon \u00fcberzeugen zu k\u00f6nnen, dass unsere einzigartigen Holzwanduhren nicht nur Ger\u00e4te zur Zeitanzeige sind. Sie k\u00f6nnen der Blickpunkt in Ihrem Zuhause, Restaurant, B\u00fcro oder Penthouse sein. W\u00e4hrend all die anderen Unternehmen einfach nur gro\u00dfe Uhren fabrizieren und sich dabei auf Kostensenkung konzentrieren, wollen wir Einzigartigkeit und Qualit\u00e4t bieten. Jeder dieser atemberaubenden Zeitmesser wird auf Bestellung hergestellt und kann von uns f\u00fcr Sie individuell angepasst werden. Bitte sehen Sie sich dieses kurze Video unten an und teilen Sie uns mit, was Sie denken.<\/p>\n<p>[\/vc_column_text][\/vc_column][vc_column css_animation=&#8221;appear&#8221; width=&#8221;1\/2&#8243;][vc_column_text]<\/p>\n<div class=\"youtube-responsive-container\"><iframe loading=\"lazy\" src=\"https:\/\/www.youtube.com\/embed\/pEcoAbn4xcE\" width=\"560\" height=\"315\" frameborder=\"0\" allowfullscreen=\"allowfullscreen\"><\/iframe><\/div>\n<p>[\/vc_column_text][\/vc_column][\/vc_row][vc_row][vc_column css_animation=&#8221;bounceInLeft&#8221; width=&#8221;1\/2&#8243;][vc_column_text css=&#8221;&#8221;]<img loading=\"lazy\" decoding=\"async\" class=\"alignnone size-large wp-image-33679\" src=\"https:\/\/peakart.co.uk\/wp-content\/uploads\/2024\/12\/bespoke-designer-clock-1024x768.jpg\" alt=\"bespoke designer clock\" width=\"900\" height=\"675\" srcset=\"https:\/\/peakart.co.uk\/wp-content\/uploads\/2024\/12\/bespoke-designer-clock-1024x768.jpg 1024w, https:\/\/peakart.co.uk\/wp-content\/uploads\/2024\/12\/bespoke-designer-clock-700x525.jpg 700w, https:\/\/peakart.co.uk\/wp-content\/uploads\/2024\/12\/bespoke-designer-clock-300x225.jpg 300w, https:\/\/peakart.co.uk\/wp-content\/uploads\/2024\/12\/bespoke-designer-clock-225x169.jpg 225w, https:\/\/peakart.co.uk\/wp-content\/uploads\/2024\/12\/bespoke-designer-clock-768x576.jpg 768w, https:\/\/peakart.co.uk\/wp-content\/uploads\/2024\/12\/bespoke-designer-clock.jpg 1200w\" sizes=\"auto, (max-width: 900px) 100vw, 900px\" \/>[\/vc_column_text][\/vc_column][vc_column css_animation=&#8221;bounceInRight&#8221; width=&#8221;1\/2&#8243;][vc_column_text]<\/p>\n<h2>Sch\u00f6ne Wanduhren in verschiedenen Arrangements<\/h2>\n<p style=\"text-align: justify;\">Unsere Sammlung sch\u00f6ner Wanduhren w\u00e4chst jeden Monat und umfasst Entw\u00fcrfe der Richtungen &#8220;sch\u00e4big-schick&#8221;, &#8220;rustikal&#8221;, &#8220;Industrial&#8221;, &#8220;zeitgem\u00e4\u00df&#8221; und weiterer. Wenn Sie die Galerie betrachten, k\u00f6nnen Sie diese in ein paar verschiedenen Inneneinrichtungen gezeigt sehen. Die Wanduhren von Peak Art sind weltweit einzigartig, und jede Uhr wird daf\u00fcr angefertigt, in Ihrem Haus, Ihrem Hotel, Restaurant oder am Arbeitsplatz zum zentralen Blickfang zu werden. Alle diese erstaunlichen Uhren sind unglaublich beeindruckend mit ihrem Durchmesser von 75 cm bis 120 cm und einem Gewicht von 8 kg bis 18 kg. Alle besitzen ein besonderes, von Hand aufgetragenes Finish und einen einmaligen Charakter.<\/p>\n<p>[\/vc_column_text][\/vc_column][\/vc_row][vc_row][vc_column css_animation=&#8221;appear&#8221; width=&#8221;1\/2&#8243;][vc_column_text]<\/p>\n<h2>Suchen Sie nach sch\u00f6nen Wanduhren, um Ihren Raum zu dekorieren?<\/h2>\n<p>Wir haben eine gro\u00dfe Auswahl handgefertigter Wanduhren, aus denen Sie ausw\u00e4hlen k\u00f6nnen. Bitte schauen Sie sich die Liste unten an, in der viele von ihnen gezeigt werden:<\/p>\n<ul>\n<li><a href=\"https:\/\/peakart.co.uk\/de\/produkt-schlagwort\/grosse-dekorative-wanduhren\/\">Gro\u00dfe dekorative Wanduhren<\/a><\/li>\n<li><a href=\"https:\/\/peakart.co.uk\/de\/produkt-schlagwort\/schabige-schicke-wanduhren\/\">Wanduhren in sch\u00e4big-schick<\/a><\/li>\n<li><a href=\"https:\/\/peakart.co.uk\/de\/produkt-schlagwort\/industrielle-wanduhren\/\">Gro\u00dfe Industrial-Wanduhren<\/a><\/li>\n<li><a href=\"https:\/\/peakart.co.uk\/de\/produkt-schlagwort\/wanduhren-mit-roemischen-zahlzeichen\/\">Gro\u00dfe Wanduhren mit r\u00f6mischen Zahlzeichen<\/a><\/li>\n<\/ul>\n<p style=\"text-align: justify;\">Jede unserer h\u00fcbschen Uhren wird f\u00fcr den gew\u00fcnschten &#8220;Wow!&#8221;-Effekt sorgen, ganz egal, f\u00fcr welche Sie sich entscheiden, so dass Sie nicht entt\u00e4uscht sein werden. Wir bieten drei verschiedene Gr\u00f6\u00dfen an, unter denen Sie w\u00e4hlen k\u00f6nnen, sowie \u00fcber 50 verschiedene Entw\u00fcrfe. Wenn Sie keinen Entwurf oder Farbschema finden k\u00f6nnen, das zu Ihren Bed\u00fcrfnissen passt, dann <a href=\"https:\/\/peakart.co.uk\/de\/kontakt\/\">setzen Sie sich bitte mit uns in Verbindung<\/a>. Viele dieser attraktiven St\u00fccke haben wir aufgrund der Inspiration von Kunden rund um die Welt entworfen. Wir ben\u00f6tigen Ihren Beitrag, um weitere Ideen f\u00fcr sch\u00f6ne Wanduhren zu bekommen. Bitte z\u00f6gern Sie nicht, uns mitzuteilen, was Sie brauchen.<\/p>\n<p>[\/vc_column_text][\/vc_column][vc_column css_animation=&#8221;appear&#8221; width=&#8221;1\/2&#8243;][vc_single_image image=&#8221;9096&#8243; img_size=&#8221;full&#8221;][\/vc_column][\/vc_row]<\/p>\n<\/div>","protected":false},"excerpt":{"rendered":"<p>[vc_row][vc_column css_animation=&#8221;appear&#8221;][vc_empty_space][\/vc_column][\/vc_row][vc_row][vc_column css_animation=&#8221;appear&#8221; width=&#8221;1\/2&#8243;][vc_column_text] Gro\u00dfe Holzwanduhren, die nicht nur die Zeit anzeigen Wir hoffen, Sie davon \u00fcberzeugen zu k\u00f6nnen, dass unsere einzigartigen Holzwanduhren nicht nur Ger\u00e4te zur Zeitanzeige sind. Sie k\u00f6nnen der Blickpunkt in Ihrem Zuhause, Restaurant, B\u00fcro oder Penthouse sein. W\u00e4hrend all die anderen Unternehmen einfach nur gro\u00dfe Uhren fabrizieren und sich dabei auf [&hellip;]<\/p>\n","protected":false},"author":1,"featured_media":0,"parent":0,"menu_order":1,"comment_status":"closed","ping_status":"closed","template":"","meta":{"footnotes":""},"class_list":["post-6225","page","type-page","status-publish","hentry"],"yoast_head":"<!-- This site is optimized with the Yoast SEO Premium plugin v27.2 (Yoast SEO v27.2) - https:\/\/yoast.com\/product\/yoast-seo-premium-wordpress\/ -->\n<title>Sch\u00f6ne Wanduhren in verschiedenen Inneneinrichtungen gezeigt<\/title>\n<meta name=\"description\" content=\"Unsere Galerie zeigt zahlreiche verschiedene sch\u00f6ne Wanduhren in unterschiedlichen Arrangements.\" \/>\n<meta name=\"robots\" content=\"index, follow, max-snippet:-1, max-image-preview:large, max-video-preview:-1\" \/>\n<link rel=\"canonical\" href=\"https:\/\/peakart.co.uk\/de\/gallerie\/\" \/>\n<meta property=\"og:locale\" content=\"de_DE\" \/>\n<meta property=\"og:type\" content=\"article\" \/>\n<meta property=\"og:title\" content=\"Galerie\" \/>\n<meta property=\"og:description\" content=\"Unsere Galerie zeigt zahlreiche verschiedene sch\u00f6ne Wanduhren in unterschiedlichen Arrangements.\" \/>\n<meta property=\"og:url\" content=\"https:\/\/peakart.co.uk\/de\/gallerie\/\" \/>\n<meta property=\"og:site_name\" content=\"Peak Art\" \/>\n<meta property=\"article:publisher\" content=\"https:\/\/www.facebook.com\/PeakArtClocks\/\" \/>\n<meta property=\"article:modified_time\" content=\"2025-01-23T18:44:54+00:00\" \/>\n<meta property=\"og:image\" content=\"https:\/\/peakart.co.uk\/wp-content\/uploads\/2024\/12\/bespoke-designer-clock.jpg\" \/>\n\t<meta property=\"og:image:width\" content=\"1200\" \/>\n\t<meta property=\"og:image:height\" content=\"900\" \/>\n\t<meta property=\"og:image:type\" content=\"image\/jpeg\" \/>\n<meta name=\"twitter:card\" content=\"summary_large_image\" \/>\n<meta name=\"twitter:label1\" content=\"Gesch\u00e4tzte Lesezeit\" \/>\n\t<meta name=\"twitter:data1\" content=\"2\u00a0Minuten\" \/>\n<script type=\"application\/ld+json\" class=\"yoast-schema-graph\">{\"@context\":\"https:\/\/schema.org\",\"@graph\":[{\"@type\":\"WebPage\",\"@id\":\"https:\/\/peakart.co.uk\/de\/gallerie\/\",\"url\":\"https:\/\/peakart.co.uk\/de\/gallerie\/\",\"name\":\"Sch\u00f6ne Wanduhren in verschiedenen Inneneinrichtungen gezeigt\",\"isPartOf\":{\"@id\":\"https:\/\/peakart.co.uk\/de\/#website\"},\"primaryImageOfPage\":{\"@id\":\"https:\/\/peakart.co.uk\/de\/gallerie\/#primaryimage\"},\"image\":{\"@id\":\"https:\/\/peakart.co.uk\/de\/gallerie\/#primaryimage\"},\"thumbnailUrl\":\"https:\/\/peakart.co.uk\/wp-content\/uploads\/2024\/12\/bespoke-designer-clock-1024x768.jpg\",\"datePublished\":\"2017-09-30T13:50:34+00:00\",\"dateModified\":\"2025-01-23T18:44:54+00:00\",\"description\":\"Unsere Galerie zeigt zahlreiche verschiedene sch\u00f6ne Wanduhren in unterschiedlichen Arrangements.\",\"breadcrumb\":{\"@id\":\"https:\/\/peakart.co.uk\/de\/gallerie\/#breadcrumb\"},\"inLanguage\":\"de\",\"potentialAction\":[{\"@type\":\"ReadAction\",\"target\":[\"https:\/\/peakart.co.uk\/de\/gallerie\/\"]}]},{\"@type\":\"ImageObject\",\"inLanguage\":\"de\",\"@id\":\"https:\/\/peakart.co.uk\/de\/gallerie\/#primaryimage\",\"url\":\"https:\/\/peakart.co.uk\/wp-content\/uploads\/2024\/12\/bespoke-designer-clock-1024x768.jpg\",\"contentUrl\":\"https:\/\/peakart.co.uk\/wp-content\/uploads\/2024\/12\/bespoke-designer-clock-1024x768.jpg\"},{\"@type\":\"BreadcrumbList\",\"@id\":\"https:\/\/peakart.co.uk\/de\/gallerie\/#breadcrumb\",\"itemListElement\":[{\"@type\":\"ListItem\",\"position\":1,\"name\":\"Home\",\"item\":\"https:\/\/peakart.co.uk\/de\/\"},{\"@type\":\"ListItem\",\"position\":2,\"name\":\"Galerie\"}]},{\"@type\":\"WebSite\",\"@id\":\"https:\/\/peakart.co.uk\/de\/#website\",\"url\":\"https:\/\/peakart.co.uk\/de\/\",\"name\":\"Peak Art\",\"description\":\"\",\"publisher\":{\"@id\":\"https:\/\/peakart.co.uk\/de\/#organization\"},\"potentialAction\":[{\"@type\":\"SearchAction\",\"target\":{\"@type\":\"EntryPoint\",\"urlTemplate\":\"https:\/\/peakart.co.uk\/de\/?s={search_term_string}\"},\"query-input\":{\"@type\":\"PropertyValueSpecification\",\"valueRequired\":true,\"valueName\":\"search_term_string\"}}],\"inLanguage\":\"de\"},{\"@type\":\"Organization\",\"@id\":\"https:\/\/peakart.co.uk\/de\/#organization\",\"name\":\"Peak Art\",\"url\":\"https:\/\/peakart.co.uk\/de\/\",\"logo\":{\"@type\":\"ImageObject\",\"inLanguage\":\"de\",\"@id\":\"https:\/\/peakart.co.uk\/de\/#\/schema\/logo\/image\/\",\"url\":\"https:\/\/peakart.co.uk\/wp-content\/uploads\/2023\/07\/logo-8.jpg\",\"contentUrl\":\"https:\/\/peakart.co.uk\/wp-content\/uploads\/2023\/07\/logo-8.jpg\",\"width\":666,\"height\":259,\"caption\":\"Peak Art\"},\"image\":{\"@id\":\"https:\/\/peakart.co.uk\/de\/#\/schema\/logo\/image\/\"},\"sameAs\":[\"https:\/\/www.facebook.com\/PeakArtClocks\/\"],\"hasMerchantReturnPolicy\":{\"@type\":\"MerchantReturnPolicy\",\"merchantReturnLink\":\"https:\/\/peakart.co.uk\/refund_returns\/\"}}]}<\/script>\n<!-- \/ Yoast SEO Premium plugin. -->","yoast_head_json":{"title":"Sch\u00f6ne Wanduhren in verschiedenen Inneneinrichtungen gezeigt","description":"Unsere Galerie zeigt zahlreiche verschiedene sch\u00f6ne Wanduhren in unterschiedlichen Arrangements.","robots":{"index":"index","follow":"follow","max-snippet":"max-snippet:-1","max-image-preview":"max-image-preview:large","max-video-preview":"max-video-preview:-1"},"canonical":"https:\/\/peakart.co.uk\/de\/gallerie\/","og_locale":"de_DE","og_type":"article","og_title":"Galerie","og_description":"Unsere Galerie zeigt zahlreiche verschiedene sch\u00f6ne Wanduhren in unterschiedlichen Arrangements.","og_url":"https:\/\/peakart.co.uk\/de\/gallerie\/","og_site_name":"Peak Art","article_publisher":"https:\/\/www.facebook.com\/PeakArtClocks\/","article_modified_time":"2025-01-23T18:44:54+00:00","og_image":[{"width":1200,"height":900,"url":"https:\/\/peakart.co.uk\/wp-content\/uploads\/2024\/12\/bespoke-designer-clock.jpg","type":"image\/jpeg"}],"twitter_card":"summary_large_image","twitter_misc":{"Gesch\u00e4tzte Lesezeit":"2\u00a0Minuten"},"schema":{"@context":"https:\/\/schema.org","@graph":[{"@type":"WebPage","@id":"https:\/\/peakart.co.uk\/de\/gallerie\/","url":"https:\/\/peakart.co.uk\/de\/gallerie\/","name":"Sch\u00f6ne Wanduhren in verschiedenen Inneneinrichtungen gezeigt","isPartOf":{"@id":"https:\/\/peakart.co.uk\/de\/#website"},"primaryImageOfPage":{"@id":"https:\/\/peakart.co.uk\/de\/gallerie\/#primaryimage"},"image":{"@id":"https:\/\/peakart.co.uk\/de\/gallerie\/#primaryimage"},"thumbnailUrl":"https:\/\/peakart.co.uk\/wp-content\/uploads\/2024\/12\/bespoke-designer-clock-1024x768.jpg","datePublished":"2017-09-30T13:50:34+00:00","dateModified":"2025-01-23T18:44:54+00:00","description":"Unsere Galerie zeigt zahlreiche verschiedene sch\u00f6ne Wanduhren in unterschiedlichen Arrangements.","breadcrumb":{"@id":"https:\/\/peakart.co.uk\/de\/gallerie\/#breadcrumb"},"inLanguage":"de","potentialAction":[{"@type":"ReadAction","target":["https:\/\/peakart.co.uk\/de\/gallerie\/"]}]},{"@type":"ImageObject","inLanguage":"de","@id":"https:\/\/peakart.co.uk\/de\/gallerie\/#primaryimage","url":"https:\/\/peakart.co.uk\/wp-content\/uploads\/2024\/12\/bespoke-designer-clock-1024x768.jpg","contentUrl":"https:\/\/peakart.co.uk\/wp-content\/uploads\/2024\/12\/bespoke-designer-clock-1024x768.jpg"},{"@type":"BreadcrumbList","@id":"https:\/\/peakart.co.uk\/de\/gallerie\/#breadcrumb","itemListElement":[{"@type":"ListItem","position":1,"name":"Home","item":"https:\/\/peakart.co.uk\/de\/"},{"@type":"ListItem","position":2,"name":"Galerie"}]},{"@type":"WebSite","@id":"https:\/\/peakart.co.uk\/de\/#website","url":"https:\/\/peakart.co.uk\/de\/","name":"Peak Art","description":"","publisher":{"@id":"https:\/\/peakart.co.uk\/de\/#organization"},"potentialAction":[{"@type":"SearchAction","target":{"@type":"EntryPoint","urlTemplate":"https:\/\/peakart.co.uk\/de\/?s={search_term_string}"},"query-input":{"@type":"PropertyValueSpecification","valueRequired":true,"valueName":"search_term_string"}}],"inLanguage":"de"},{"@type":"Organization","@id":"https:\/\/peakart.co.uk\/de\/#organization","name":"Peak Art","url":"https:\/\/peakart.co.uk\/de\/","logo":{"@type":"ImageObject","inLanguage":"de","@id":"https:\/\/peakart.co.uk\/de\/#\/schema\/logo\/image\/","url":"https:\/\/peakart.co.uk\/wp-content\/uploads\/2023\/07\/logo-8.jpg","contentUrl":"https:\/\/peakart.co.uk\/wp-content\/uploads\/2023\/07\/logo-8.jpg","width":666,"height":259,"caption":"Peak Art"},"image":{"@id":"https:\/\/peakart.co.uk\/de\/#\/schema\/logo\/image\/"},"sameAs":["https:\/\/www.facebook.com\/PeakArtClocks\/"],"hasMerchantReturnPolicy":{"@type":"MerchantReturnPolicy","merchantReturnLink":"https:\/\/peakart.co.uk\/refund_returns\/"}}]}},"_links":{"self":[{"href":"https:\/\/peakart.co.uk\/de\/wp-json\/wp\/v2\/pages\/6225","targetHints":{"allow":["GET"]}}],"collection":[{"href":"https:\/\/peakart.co.uk\/de\/wp-json\/wp\/v2\/pages"}],"about":[{"href":"https:\/\/peakart.co.uk\/de\/wp-json\/wp\/v2\/types\/page"}],"author":[{"embeddable":true,"href":"https:\/\/peakart.co.uk\/de\/wp-json\/wp\/v2\/users\/1"}],"replies":[{"embeddable":true,"href":"https:\/\/peakart.co.uk\/de\/wp-json\/wp\/v2\/comments?post=6225"}],"version-history":[{"count":17,"href":"https:\/\/peakart.co.uk\/de\/wp-json\/wp\/v2\/pages\/6225\/revisions"}],"predecessor-version":[{"id":33989,"href":"https:\/\/peakart.co.uk\/de\/wp-json\/wp\/v2\/pages\/6225\/revisions\/33989"}],"wp:attachment":[{"href":"https:\/\/peakart.co.uk\/de\/wp-json\/wp\/v2\/media?parent=6225"}],"curies":[{"name":"wp","href":"https:\/\/api.w.org\/{rel}","templated":true}]}}